{"id":4792,"date":"2025-02-07T15:13:25","date_gmt":"2025-02-07T14:13:25","guid":{"rendered":"https:\/\/www.tamtamsn.com\/location\/?post_type=product&#038;p=4792"},"modified":"2025-02-07T15:13:26","modified_gmt":"2025-02-07T14:13:26","slug":"micro-filaire-shure-sm94","status":"publish","type":"product","link":"https:\/\/www.tamtamsn.com\/location\/produit\/micro-filaire-shure-sm94\/","title":{"rendered":"Micro Filaire Shure SM94"},"content":{"rendered":"<ul>\n<li><b>Type de\u00a0<span class=\"tooltip_glossary one\">transducteur<\/span><span id=\"locale_fr\" class=\"tooltip\">\u00a0<\/span>:\u00a0<\/b>Statique<\/li>\n<li><b>Mod\u00e8le polaire:\u00a0<\/b>Cardio\u00efde<\/li>\n<li><b><span class=\"tooltip_glossary three\">R\u00e9ponse en Fr\u00e9quence<\/span>:\u00a0<\/b>40 Hz &#8211; 16 kHz<\/li>\n<li><b>Sensibilit\u00e9 (1 kHz):\u00a0<\/b>-49,0 dBV\/Pa \/ 3,5 mV\/Pa<\/li>\n<li><b>Bruit propre \u00e9quivalent:\u00a0<\/b>22 dB(A)<\/li>\n<li><b>Pression sonore::<\/b>\n<ul>\n<li>133 dB (Phantom)<\/li>\n<li>129 dB (Battery)<\/li>\n<\/ul>\n<\/li>\n<li><b>Poids:\u00a0<\/b>250 g<\/li>\n<li><b>Courbe de\u00a0<span class=\"tooltip_glossary three\">R\u00e9ponse en Fr\u00e9quence<\/span>:<\/b><\/li>\n<\/ul>\n","protected":false},"excerpt":{"rendered":"<p>Le SM94 peut aussi bien \u00eatre utilis\u00e9 sur sc\u00e8ne ou en studio d&rsquo;enregistrement. Il est parfait pour la prise de son de la plupart des instruments, comme l&rsquo;harmonica, les cymbales, les instruments \u00e0 vent en cuivre (type saxophone), mais \u00e9galement pour les amplificateurs de guitare. Utilis\u00e9 en combinaison avec sa bonnette anti-vent optionnel, le SM94 peut \u00eatre utilis\u00e9 par des chanteurs, chanteuses, ou orateurs qui souhaitent une reproduction neutre et fid\u00e8le de la voix avec un minimum de coloration.<\/p>\n","protected":false},"featured_media":4793,"template":"","meta":[],"product_brand":[1500],"product_cat":[557],"product_tag":[1457,1458],"class_list":{"0":"post-4792","1":"product","2":"type-product","3":"status-publish","4":"has-post-thumbnail","6":"product_brand-shure","7":"product_cat-micros","8":"product_tag-micro","9":"product_tag-shure","11":"first","12":"instock","13":"taxable","14":"shipping-taxable","15":"purchasable","16":"product-type-simple"},"yoast_head":"<!-- This site is optimized with the Yoast SEO Premium plugin v27.3 (Yoast SEO v27.3) - https:\/\/yoast.com\/product\/yoast-seo-premium-wordpress\/ -->\n<title>Location de Micro filaire TAMTAM Annemasse<\/title>\n<meta name=\"description\" content=\"Location de micro instruments entre Annemasse, Gen\u00e8ve, Annecy, Thonon, Evian. Location de Mat\u00e9riel de Sonorisation, Eclairage et Vid\u00e9o en Haute-Savoie.\" \/>\n<meta name=\"robots\" content=\"index, follow, max-snippet:-1, max-image-preview:large, max-video-preview:-1\" \/>\n<link rel=\"canonical\" href=\"https:\/\/www.tamtamsn.com\/location\/produit\/micro-filaire-shure-sm94\/\" \/>\n<meta property=\"og:locale\" content=\"fr_FR\" \/>\n<meta property=\"og:type\" content=\"article\" \/>\n<meta property=\"og:title\" content=\"Micro Filaire Shure SM94\" \/>\n<meta property=\"og:description\" content=\"Le SM94 peut aussi bien \u00eatre utilis\u00e9 sur sc\u00e8ne ou en studio d&#039;enregistrement. Il est parfait pour la prise de son de la plupart des instruments, comme l&#039;harmonica, les cymbales, les instruments \u00e0 vent en cuivre (type saxophone), mais \u00e9galement pour les amplificateurs de guitare. Utilis\u00e9 en combinaison avec sa bonnette anti-vent optionnel, le SM94 peut \u00eatre utilis\u00e9 par des chanteurs, chanteuses, ou orateurs qui souhaitent une reproduction neutre et fid\u00e8le de la voix avec un minimum de coloration.\" \/>\n<meta property=\"og:url\" content=\"https:\/\/www.tamtamsn.com\/location\/produit\/micro-filaire-shure-sm94\/\" \/>\n<meta property=\"og:site_name\" content=\"TAMTAM Annemasse - Espace Location\" \/>\n<meta property=\"article:publisher\" content=\"https:\/\/www.facebook.com\/tamtam74100\" \/>\n<meta property=\"article:modified_time\" content=\"2025-02-07T14:13:26+00:00\" \/>\n<meta property=\"og:image\" content=\"https:\/\/www.tamtamsn.com\/location\/wp-content\/uploads\/sites\/3\/2025\/02\/sm94-e1738936844447.jpg\" \/>\n\t<meta property=\"og:image:width\" content=\"724\" \/>\n\t<meta property=\"og:image:height\" content=\"355\" \/>\n\t<meta property=\"og:image:type\" content=\"image\/jpeg\" \/>\n<meta name=\"twitter:card\" content=\"summary_large_image\" \/>\n<meta name=\"twitter:label1\" content=\"Dur\u00e9e de lecture estim\u00e9e\" \/>\n\t<meta name=\"twitter:data1\" content=\"1 minute\" \/>\n<script type=\"application\/ld+json\" class=\"yoast-schema-graph\">{\"@context\":\"https:\\\/\\\/schema.org\",\"@graph\":[{\"@type\":[\"WebPage\",\"ItemPage\"],\"@id\":\"https:\\\/\\\/www.tamtamsn.com\\\/location\\\/produit\\\/micro-filaire-shure-sm94\\\/\",\"url\":\"https:\\\/\\\/www.tamtamsn.com\\\/location\\\/produit\\\/micro-filaire-shure-sm94\\\/\",\"name\":\"Location de Micro filaire TAMTAM Annemasse\",\"isPartOf\":{\"@id\":\"https:\\\/\\\/www.tamtamsn.com\\\/location\\\/#website\"},\"primaryImageOfPage\":{\"@id\":\"https:\\\/\\\/www.tamtamsn.com\\\/location\\\/produit\\\/micro-filaire-shure-sm94\\\/#primaryimage\"},\"image\":{\"@id\":\"https:\\\/\\\/www.tamtamsn.com\\\/location\\\/produit\\\/micro-filaire-shure-sm94\\\/#primaryimage\"},\"thumbnailUrl\":\"https:\\\/\\\/www.tamtamsn.com\\\/location\\\/wp-content\\\/uploads\\\/sites\\\/3\\\/2025\\\/02\\\/sm94-e1738936844447.jpg\",\"datePublished\":\"2025-02-07T14:13:25+00:00\",\"dateModified\":\"2025-02-07T14:13:26+00:00\",\"description\":\"Location de micro instruments entre Annemasse, Gen\u00e8ve, Annecy, Thonon, Evian. Location de Mat\u00e9riel de Sonorisation, Eclairage et Vid\u00e9o en Haute-Savoie.\",\"breadcrumb\":{\"@id\":\"https:\\\/\\\/www.tamtamsn.com\\\/location\\\/produit\\\/micro-filaire-shure-sm94\\\/#breadcrumb\"},\"inLanguage\":\"fr-FR\",\"potentialAction\":[{\"@type\":\"ReadAction\",\"target\":[\"https:\\\/\\\/www.tamtamsn.com\\\/location\\\/produit\\\/micro-filaire-shure-sm94\\\/\"]}]},{\"@type\":\"ImageObject\",\"inLanguage\":\"fr-FR\",\"@id\":\"https:\\\/\\\/www.tamtamsn.com\\\/location\\\/produit\\\/micro-filaire-shure-sm94\\\/#primaryimage\",\"url\":\"https:\\\/\\\/www.tamtamsn.com\\\/location\\\/wp-content\\\/uploads\\\/sites\\\/3\\\/2025\\\/02\\\/sm94-e1738936844447.jpg\",\"contentUrl\":\"https:\\\/\\\/www.tamtamsn.com\\\/location\\\/wp-content\\\/uploads\\\/sites\\\/3\\\/2025\\\/02\\\/sm94-e1738936844447.jpg\",\"width\":724,\"height\":355},{\"@type\":\"BreadcrumbList\",\"@id\":\"https:\\\/\\\/www.tamtamsn.com\\\/location\\\/produit\\\/micro-filaire-shure-sm94\\\/#breadcrumb\",\"itemListElement\":[{\"@type\":\"ListItem\",\"position\":1,\"name\":\"Catalogue de Location de Mat\u00e9riel de Sonorisation, Eclairage &amp; Vid\u00e9o en Haute-Savoie\",\"item\":\"https:\\\/\\\/www.tamtamsn.com\\\/location\\\/\"},{\"@type\":\"ListItem\",\"position\":2,\"name\":\"Notre Catalogue Location en ligne\",\"item\":\"https:\\\/\\\/www.tamtamsn.com\\\/location\\\/catalogue-en-ligne-location-sonorisation-eclairage-video\\\/\"},{\"@type\":\"ListItem\",\"position\":3,\"name\":\"Micro\",\"item\":\"https:\\\/\\\/www.tamtamsn.com\\\/location\\\/etiquette-produit\\\/micro\\\/\"},{\"@type\":\"ListItem\",\"position\":4,\"name\":\"Micro Filaire Shure SM94\"}]},{\"@type\":\"WebSite\",\"@id\":\"https:\\\/\\\/www.tamtamsn.com\\\/location\\\/#website\",\"url\":\"https:\\\/\\\/www.tamtamsn.com\\\/location\\\/\",\"name\":\"TAMTAM Annemasse - Espace Location\",\"description\":\"Location de mat\u00e9riel de Sonorisation, Eclairage et Vid\u00e9o \u00e0 Annemasse, Haute-Savoie et sur le Bassin Genevois\",\"publisher\":{\"@id\":\"https:\\\/\\\/www.tamtamsn.com\\\/location\\\/#organization\"},\"potentialAction\":[{\"@type\":\"SearchAction\",\"target\":{\"@type\":\"EntryPoint\",\"urlTemplate\":\"https:\\\/\\\/www.tamtamsn.com\\\/location\\\/?s={search_term_string}\"},\"query-input\":{\"@type\":\"PropertyValueSpecification\",\"valueRequired\":true,\"valueName\":\"search_term_string\"}}],\"inLanguage\":\"fr-FR\"},{\"@type\":\"Organization\",\"@id\":\"https:\\\/\\\/www.tamtamsn.com\\\/location\\\/#organization\",\"name\":\"TAMTAM\",\"url\":\"https:\\\/\\\/www.tamtamsn.com\\\/location\\\/\",\"logo\":{\"@type\":\"ImageObject\",\"inLanguage\":\"fr-FR\",\"@id\":\"https:\\\/\\\/www.tamtamsn.com\\\/location\\\/#\\\/schema\\\/logo\\\/image\\\/\",\"url\":\"\",\"contentUrl\":\"\",\"caption\":\"TAMTAM\"},\"image\":{\"@id\":\"https:\\\/\\\/www.tamtamsn.com\\\/location\\\/#\\\/schema\\\/logo\\\/image\\\/\"},\"sameAs\":[\"https:\\\/\\\/www.facebook.com\\\/tamtam74100\"]}]}<\/script>\n<!-- \/ Yoast SEO Premium plugin. -->","yoast_head_json":{"title":"Location de Micro filaire TAMTAM Annemasse","description":"Location de micro instruments entre Annemasse, Gen\u00e8ve, Annecy, Thonon, Evian. Location de Mat\u00e9riel de Sonorisation, Eclairage et Vid\u00e9o en Haute-Savoie.","robots":{"index":"index","follow":"follow","max-snippet":"max-snippet:-1","max-image-preview":"max-image-preview:large","max-video-preview":"max-video-preview:-1"},"canonical":"https:\/\/www.tamtamsn.com\/location\/produit\/micro-filaire-shure-sm94\/","og_locale":"fr_FR","og_type":"article","og_title":"Micro Filaire Shure SM94","og_description":"Le SM94 peut aussi bien \u00eatre utilis\u00e9 sur sc\u00e8ne ou en studio d'enregistrement. Il est parfait pour la prise de son de la plupart des instruments, comme l'harmonica, les cymbales, les instruments \u00e0 vent en cuivre (type saxophone), mais \u00e9galement pour les amplificateurs de guitare. Utilis\u00e9 en combinaison avec sa bonnette anti-vent optionnel, le SM94 peut \u00eatre utilis\u00e9 par des chanteurs, chanteuses, ou orateurs qui souhaitent une reproduction neutre et fid\u00e8le de la voix avec un minimum de coloration.","og_url":"https:\/\/www.tamtamsn.com\/location\/produit\/micro-filaire-shure-sm94\/","og_site_name":"TAMTAM Annemasse - Espace Location","article_publisher":"https:\/\/www.facebook.com\/tamtam74100","article_modified_time":"2025-02-07T14:13:26+00:00","og_image":[{"width":724,"height":355,"url":"https:\/\/www.tamtamsn.com\/location\/wp-content\/uploads\/sites\/3\/2025\/02\/sm94-e1738936844447.jpg","type":"image\/jpeg"}],"twitter_card":"summary_large_image","twitter_misc":{"Dur\u00e9e de lecture estim\u00e9e":"1 minute"},"schema":{"@context":"https:\/\/schema.org","@graph":[{"@type":["WebPage","ItemPage"],"@id":"https:\/\/www.tamtamsn.com\/location\/produit\/micro-filaire-shure-sm94\/","url":"https:\/\/www.tamtamsn.com\/location\/produit\/micro-filaire-shure-sm94\/","name":"Location de Micro filaire TAMTAM Annemasse","isPartOf":{"@id":"https:\/\/www.tamtamsn.com\/location\/#website"},"primaryImageOfPage":{"@id":"https:\/\/www.tamtamsn.com\/location\/produit\/micro-filaire-shure-sm94\/#primaryimage"},"image":{"@id":"https:\/\/www.tamtamsn.com\/location\/produit\/micro-filaire-shure-sm94\/#primaryimage"},"thumbnailUrl":"https:\/\/www.tamtamsn.com\/location\/wp-content\/uploads\/sites\/3\/2025\/02\/sm94-e1738936844447.jpg","datePublished":"2025-02-07T14:13:25+00:00","dateModified":"2025-02-07T14:13:26+00:00","description":"Location de micro instruments entre Annemasse, Gen\u00e8ve, Annecy, Thonon, Evian. Location de Mat\u00e9riel de Sonorisation, Eclairage et Vid\u00e9o en Haute-Savoie.","breadcrumb":{"@id":"https:\/\/www.tamtamsn.com\/location\/produit\/micro-filaire-shure-sm94\/#breadcrumb"},"inLanguage":"fr-FR","potentialAction":[{"@type":"ReadAction","target":["https:\/\/www.tamtamsn.com\/location\/produit\/micro-filaire-shure-sm94\/"]}]},{"@type":"ImageObject","inLanguage":"fr-FR","@id":"https:\/\/www.tamtamsn.com\/location\/produit\/micro-filaire-shure-sm94\/#primaryimage","url":"https:\/\/www.tamtamsn.com\/location\/wp-content\/uploads\/sites\/3\/2025\/02\/sm94-e1738936844447.jpg","contentUrl":"https:\/\/www.tamtamsn.com\/location\/wp-content\/uploads\/sites\/3\/2025\/02\/sm94-e1738936844447.jpg","width":724,"height":355},{"@type":"BreadcrumbList","@id":"https:\/\/www.tamtamsn.com\/location\/produit\/micro-filaire-shure-sm94\/#breadcrumb","itemListElement":[{"@type":"ListItem","position":1,"name":"Catalogue de Location de Mat\u00e9riel de Sonorisation, Eclairage &amp; Vid\u00e9o en Haute-Savoie","item":"https:\/\/www.tamtamsn.com\/location\/"},{"@type":"ListItem","position":2,"name":"Notre Catalogue Location en ligne","item":"https:\/\/www.tamtamsn.com\/location\/catalogue-en-ligne-location-sonorisation-eclairage-video\/"},{"@type":"ListItem","position":3,"name":"Micro","item":"https:\/\/www.tamtamsn.com\/location\/etiquette-produit\/micro\/"},{"@type":"ListItem","position":4,"name":"Micro Filaire Shure SM94"}]},{"@type":"WebSite","@id":"https:\/\/www.tamtamsn.com\/location\/#website","url":"https:\/\/www.tamtamsn.com\/location\/","name":"TAMTAM Annemasse - Espace Location","description":"Location de mat\u00e9riel de Sonorisation, Eclairage et Vid\u00e9o \u00e0 Annemasse, Haute-Savoie et sur le Bassin Genevois","publisher":{"@id":"https:\/\/www.tamtamsn.com\/location\/#organization"},"potentialAction":[{"@type":"SearchAction","target":{"@type":"EntryPoint","urlTemplate":"https:\/\/www.tamtamsn.com\/location\/?s={search_term_string}"},"query-input":{"@type":"PropertyValueSpecification","valueRequired":true,"valueName":"search_term_string"}}],"inLanguage":"fr-FR"},{"@type":"Organization","@id":"https:\/\/www.tamtamsn.com\/location\/#organization","name":"TAMTAM","url":"https:\/\/www.tamtamsn.com\/location\/","logo":{"@type":"ImageObject","inLanguage":"fr-FR","@id":"https:\/\/www.tamtamsn.com\/location\/#\/schema\/logo\/image\/","url":"","contentUrl":"","caption":"TAMTAM"},"image":{"@id":"https:\/\/www.tamtamsn.com\/location\/#\/schema\/logo\/image\/"},"sameAs":["https:\/\/www.facebook.com\/tamtam74100"]}]}},"jetpack_sharing_enabled":true,"_links":{"self":[{"href":"https:\/\/www.tamtamsn.com\/location\/wp-json\/wp\/v2\/product\/4792","targetHints":{"allow":["GET"]}}],"collection":[{"href":"https:\/\/www.tamtamsn.com\/location\/wp-json\/wp\/v2\/product"}],"about":[{"href":"https:\/\/www.tamtamsn.com\/location\/wp-json\/wp\/v2\/types\/product"}],"wp:featuredmedia":[{"embeddable":true,"href":"https:\/\/www.tamtamsn.com\/location\/wp-json\/wp\/v2\/media\/4793"}],"wp:attachment":[{"href":"https:\/\/www.tamtamsn.com\/location\/wp-json\/wp\/v2\/media?parent=4792"}],"wp:term":[{"taxonomy":"product_brand","embeddable":true,"href":"https:\/\/www.tamtamsn.com\/location\/wp-json\/wp\/v2\/product_brand?post=4792"},{"taxonomy":"product_cat","embeddable":true,"href":"https:\/\/www.tamtamsn.com\/location\/wp-json\/wp\/v2\/product_cat?post=4792"},{"taxonomy":"product_tag","embeddable":true,"href":"https:\/\/www.tamtamsn.com\/location\/wp-json\/wp\/v2\/product_tag?post=4792"}],"curies":[{"name":"wp","href":"https:\/\/api.w.org\/{rel}","templated":true}]}}