{"id":4371,"date":"2022-06-07T11:18:33","date_gmt":"2022-06-07T09:18:33","guid":{"rendered":"https:\/\/www.tamtamsn.com\/location\/?post_type=product&#038;p=4371"},"modified":"2025-02-08T14:48:05","modified_gmt":"2025-02-08T13:48:05","slug":"console-de-mixage-yamaha-mg10xu","status":"publish","type":"product","link":"https:\/\/www.tamtamsn.com\/location\/produit\/console-de-mixage-yamaha-mg10xu\/","title":{"rendered":"Console de mixage Yamaha MG10XU"},"content":{"rendered":"<p>Location d&rsquo;une petite Console de Mixage La Yamaha MG10XU est une console de mixage analogique 10 voies avec multi-effets SPX intgr, 4 voies micros avec pramplis classe A, EQ 3 bandes, pad attnuateur de 26dB et interface audio USB 2 entres\/2 sorties avec une rsolution allant jusqu&rsquo; 24 bit\/192kHz&#8230;<\/p>\n<p><em>La Console de mixage Yamaha MG10XU id\u00e9ale pour la sonorisation d&rsquo;une r\u00e9union, d&rsquo;un petit groupe mais \u00e9galement pour vos soir\u00e9es sans DJ.<\/em><\/p>\n<p><span style=\"text-decoration: underline;\"><strong>Caract\u00e9ristiques Techniques:<\/strong><\/span><\/p>\n<ul>\n<li>Console de Mixage avec Compresseur Int\u00e9gr\u00e9<\/li>\n<li>4 Entr\u00e9es Micros\/Ligne<\/li>\n<li class=\"fx-list__item list-item fx-list__item--circle\"><span class=\"fx-text fx-text--plus list-item__text\">3 entr\u00e9es st\u00e9r\u00e9o (jack) avec \u00e9galiseur 2 bandes<\/span><\/li>\n<li>Alimentation fant\u00f4me sur chacune des entr\u00e9es micro<\/li>\n<li>Inserts sur les Entr\u00e9es Micros<\/li>\n<li>Equaliseur 3 Bandes par Voie + Filtre Coupe Bas sur voies Micros<\/li>\n<li>Multieffets num\u00e9rique Issu de la Gamme SPX: Reverb, Delay, Chorus&#8230;<\/li>\n<li>1 D\u00e9parts Auxiliaires<\/li>\n<li>1 Retours Auxiliaires<\/li>\n<\/ul>\n<p>&nbsp;<\/p>\n<p style=\"text-align: center;\"><b>Retrouvez tout notre catalogue de <a href=\"https:\/\/www.tamtamsn.com\/location\/categorie-produit\/sonorisation\/\">location de Sonorisation en Haute-Savoie<\/a>.<\/b><\/p>\n<p>&nbsp;<\/p>\n<p style=\"text-align: center;\"><strong>Le Produit est \u00e9galement disponible \u00e0 la Vente:<\/strong><br \/>\nAchetez une <a href=\"https:\/\/www.tamtamsn.com\/produit\/console-yamaha-mg10xuf\/\">Console de mixage Yamaha MG10XU<\/a>cx dans votre magasin d&rsquo;Annemasse<\/p>\n<p style=\"text-align: center;\">\n","protected":false},"excerpt":{"rendered":"<ul>\n<li>Console de Mixage 10 voies avec Compresseur Int\u00e9gr\u00e9<\/li>\n<li>4 Entr\u00e9es Micros\/Ligne<\/li>\n<li>3 Entr\u00e9es Lines St\u00e9r\u00e9os<\/li>\n<\/ul>\n","protected":false},"featured_media":4372,"template":"","meta":[],"product_brand":[],"product_cat":[1503],"product_tag":[1171,1170],"class_list":{"0":"post-4371","1":"product","2":"type-product","3":"status-publish","4":"has-post-thumbnail","6":"product_cat-location-console-de-mixage","7":"product_tag-location-console","8":"product_tag-location-console-de-mixage","9":"pa_marque-yamaha","11":"first","12":"instock","13":"taxable","14":"shipping-taxable","15":"purchasable","16":"product-type-simple"},"yoast_head":"<!-- This site is optimized with the Yoast SEO Premium plugin v27.3 (Yoast SEO v27.3) - https:\/\/yoast.com\/product\/yoast-seo-premium-wordpress\/ -->\n<title>Location de Console de mixage Yamaha MG10XU - TAMTAM Annemasse<\/title>\n<meta name=\"description\" content=\"Location de Console de mixage pour votre \u00e9v\u00e9nement entre Annemasse et Annecy. Location de Mat\u00e9riel de Sonorisation, Eclairage et Vid\u00e9o en Haute-Savoie\" \/>\n<meta name=\"robots\" content=\"index, follow, max-snippet:-1, max-image-preview:large, max-video-preview:-1\" \/>\n<link rel=\"canonical\" href=\"https:\/\/www.tamtamsn.com\/location\/produit\/console-de-mixage-yamaha-mg10xu\/\" \/>\n<meta property=\"og:locale\" content=\"fr_FR\" \/>\n<meta property=\"og:type\" content=\"article\" \/>\n<meta property=\"og:title\" content=\"Console de mixage Yamaha MG10XU\" \/>\n<meta property=\"og:description\" content=\"Console de Mixage 10 voies avec Compresseur Int\u00e9gr\u00e9  4 Entr\u00e9es Micros\/Ligne  3 Entr\u00e9es Lines St\u00e9r\u00e9os\" \/>\n<meta property=\"og:url\" content=\"https:\/\/www.tamtamsn.com\/location\/produit\/console-de-mixage-yamaha-mg10xu\/\" \/>\n<meta property=\"og:site_name\" content=\"TAMTAM Annemasse - Espace Location\" \/>\n<meta property=\"article:publisher\" content=\"https:\/\/www.facebook.com\/tamtam74100\" \/>\n<meta property=\"article:modified_time\" content=\"2025-02-08T13:48:05+00:00\" \/>\n<meta property=\"og:image\" content=\"https:\/\/www.tamtamsn.com\/location\/wp-content\/uploads\/sites\/3\/2022\/06\/MG10XU-1.jpg\" \/>\n\t<meta property=\"og:image:width\" content=\"600\" \/>\n\t<meta property=\"og:image:height\" content=\"600\" \/>\n\t<meta property=\"og:image:type\" content=\"image\/jpeg\" \/>\n<meta name=\"twitter:card\" content=\"summary_large_image\" \/>\n<meta name=\"twitter:label1\" content=\"Dur\u00e9e de lecture estim\u00e9e\" \/>\n\t<meta name=\"twitter:data1\" content=\"1 minute\" \/>\n<script type=\"application\/ld+json\" class=\"yoast-schema-graph\">{\"@context\":\"https:\\\/\\\/schema.org\",\"@graph\":[{\"@type\":[\"WebPage\",\"ItemPage\"],\"@id\":\"https:\\\/\\\/www.tamtamsn.com\\\/location\\\/produit\\\/console-de-mixage-yamaha-mg10xu\\\/\",\"url\":\"https:\\\/\\\/www.tamtamsn.com\\\/location\\\/produit\\\/console-de-mixage-yamaha-mg10xu\\\/\",\"name\":\"Location de Console de mixage Yamaha MG10XU - TAMTAM Annemasse\",\"isPartOf\":{\"@id\":\"https:\\\/\\\/www.tamtamsn.com\\\/location\\\/#website\"},\"primaryImageOfPage\":{\"@id\":\"https:\\\/\\\/www.tamtamsn.com\\\/location\\\/produit\\\/console-de-mixage-yamaha-mg10xu\\\/#primaryimage\"},\"image\":{\"@id\":\"https:\\\/\\\/www.tamtamsn.com\\\/location\\\/produit\\\/console-de-mixage-yamaha-mg10xu\\\/#primaryimage\"},\"thumbnailUrl\":\"https:\\\/\\\/www.tamtamsn.com\\\/location\\\/wp-content\\\/uploads\\\/sites\\\/3\\\/2022\\\/06\\\/MG10XU-1.jpg\",\"datePublished\":\"2022-06-07T09:18:33+00:00\",\"dateModified\":\"2025-02-08T13:48:05+00:00\",\"description\":\"Location de Console de mixage pour votre \u00e9v\u00e9nement entre Annemasse et Annecy. Location de Mat\u00e9riel de Sonorisation, Eclairage et Vid\u00e9o en Haute-Savoie\",\"breadcrumb\":{\"@id\":\"https:\\\/\\\/www.tamtamsn.com\\\/location\\\/produit\\\/console-de-mixage-yamaha-mg10xu\\\/#breadcrumb\"},\"inLanguage\":\"fr-FR\",\"potentialAction\":[{\"@type\":\"ReadAction\",\"target\":[\"https:\\\/\\\/www.tamtamsn.com\\\/location\\\/produit\\\/console-de-mixage-yamaha-mg10xu\\\/\"]}]},{\"@type\":\"ImageObject\",\"inLanguage\":\"fr-FR\",\"@id\":\"https:\\\/\\\/www.tamtamsn.com\\\/location\\\/produit\\\/console-de-mixage-yamaha-mg10xu\\\/#primaryimage\",\"url\":\"https:\\\/\\\/www.tamtamsn.com\\\/location\\\/wp-content\\\/uploads\\\/sites\\\/3\\\/2022\\\/06\\\/MG10XU-1.jpg\",\"contentUrl\":\"https:\\\/\\\/www.tamtamsn.com\\\/location\\\/wp-content\\\/uploads\\\/sites\\\/3\\\/2022\\\/06\\\/MG10XU-1.jpg\",\"width\":600,\"height\":600,\"caption\":\"MG10XU\"},{\"@type\":\"BreadcrumbList\",\"@id\":\"https:\\\/\\\/www.tamtamsn.com\\\/location\\\/produit\\\/console-de-mixage-yamaha-mg10xu\\\/#breadcrumb\",\"itemListElement\":[{\"@type\":\"ListItem\",\"position\":1,\"name\":\"Catalogue de Location de Mat\u00e9riel de Sonorisation, Eclairage &amp; Vid\u00e9o en Haute-Savoie\",\"item\":\"https:\\\/\\\/www.tamtamsn.com\\\/location\\\/\"},{\"@type\":\"ListItem\",\"position\":2,\"name\":\"Notre Catalogue Location en ligne\",\"item\":\"https:\\\/\\\/www.tamtamsn.com\\\/location\\\/catalogue-en-ligne-location-sonorisation-eclairage-video\\\/\"},{\"@type\":\"ListItem\",\"position\":3,\"name\":\"Location Console\",\"item\":\"https:\\\/\\\/www.tamtamsn.com\\\/location\\\/etiquette-produit\\\/location-console\\\/\"},{\"@type\":\"ListItem\",\"position\":4,\"name\":\"Console de mixage Yamaha MG10XU\"}]},{\"@type\":\"WebSite\",\"@id\":\"https:\\\/\\\/www.tamtamsn.com\\\/location\\\/#website\",\"url\":\"https:\\\/\\\/www.tamtamsn.com\\\/location\\\/\",\"name\":\"TAMTAM Annemasse - Espace Location\",\"description\":\"Location de mat\u00e9riel de Sonorisation, Eclairage et Vid\u00e9o \u00e0 Annemasse, Haute-Savoie et sur le Bassin Genevois\",\"publisher\":{\"@id\":\"https:\\\/\\\/www.tamtamsn.com\\\/location\\\/#organization\"},\"potentialAction\":[{\"@type\":\"SearchAction\",\"target\":{\"@type\":\"EntryPoint\",\"urlTemplate\":\"https:\\\/\\\/www.tamtamsn.com\\\/location\\\/?s={search_term_string}\"},\"query-input\":{\"@type\":\"PropertyValueSpecification\",\"valueRequired\":true,\"valueName\":\"search_term_string\"}}],\"inLanguage\":\"fr-FR\"},{\"@type\":\"Organization\",\"@id\":\"https:\\\/\\\/www.tamtamsn.com\\\/location\\\/#organization\",\"name\":\"TAMTAM\",\"url\":\"https:\\\/\\\/www.tamtamsn.com\\\/location\\\/\",\"logo\":{\"@type\":\"ImageObject\",\"inLanguage\":\"fr-FR\",\"@id\":\"https:\\\/\\\/www.tamtamsn.com\\\/location\\\/#\\\/schema\\\/logo\\\/image\\\/\",\"url\":\"\",\"contentUrl\":\"\",\"caption\":\"TAMTAM\"},\"image\":{\"@id\":\"https:\\\/\\\/www.tamtamsn.com\\\/location\\\/#\\\/schema\\\/logo\\\/image\\\/\"},\"sameAs\":[\"https:\\\/\\\/www.facebook.com\\\/tamtam74100\"]}]}<\/script>\n<!-- \/ Yoast SEO Premium plugin. -->","yoast_head_json":{"title":"Location de Console de mixage Yamaha MG10XU - TAMTAM Annemasse","description":"Location de Console de mixage pour votre \u00e9v\u00e9nement entre Annemasse et Annecy. Location de Mat\u00e9riel de Sonorisation, Eclairage et Vid\u00e9o en Haute-Savoie","robots":{"index":"index","follow":"follow","max-snippet":"max-snippet:-1","max-image-preview":"max-image-preview:large","max-video-preview":"max-video-preview:-1"},"canonical":"https:\/\/www.tamtamsn.com\/location\/produit\/console-de-mixage-yamaha-mg10xu\/","og_locale":"fr_FR","og_type":"article","og_title":"Console de mixage Yamaha MG10XU","og_description":"Console de Mixage 10 voies avec Compresseur Int\u00e9gr\u00e9  4 Entr\u00e9es Micros\/Ligne  3 Entr\u00e9es Lines St\u00e9r\u00e9os","og_url":"https:\/\/www.tamtamsn.com\/location\/produit\/console-de-mixage-yamaha-mg10xu\/","og_site_name":"TAMTAM Annemasse - Espace Location","article_publisher":"https:\/\/www.facebook.com\/tamtam74100","article_modified_time":"2025-02-08T13:48:05+00:00","og_image":[{"width":600,"height":600,"url":"https:\/\/www.tamtamsn.com\/location\/wp-content\/uploads\/sites\/3\/2022\/06\/MG10XU-1.jpg","type":"image\/jpeg"}],"twitter_card":"summary_large_image","twitter_misc":{"Dur\u00e9e de lecture estim\u00e9e":"1 minute"},"schema":{"@context":"https:\/\/schema.org","@graph":[{"@type":["WebPage","ItemPage"],"@id":"https:\/\/www.tamtamsn.com\/location\/produit\/console-de-mixage-yamaha-mg10xu\/","url":"https:\/\/www.tamtamsn.com\/location\/produit\/console-de-mixage-yamaha-mg10xu\/","name":"Location de Console de mixage Yamaha MG10XU - TAMTAM Annemasse","isPartOf":{"@id":"https:\/\/www.tamtamsn.com\/location\/#website"},"primaryImageOfPage":{"@id":"https:\/\/www.tamtamsn.com\/location\/produit\/console-de-mixage-yamaha-mg10xu\/#primaryimage"},"image":{"@id":"https:\/\/www.tamtamsn.com\/location\/produit\/console-de-mixage-yamaha-mg10xu\/#primaryimage"},"thumbnailUrl":"https:\/\/www.tamtamsn.com\/location\/wp-content\/uploads\/sites\/3\/2022\/06\/MG10XU-1.jpg","datePublished":"2022-06-07T09:18:33+00:00","dateModified":"2025-02-08T13:48:05+00:00","description":"Location de Console de mixage pour votre \u00e9v\u00e9nement entre Annemasse et Annecy. Location de Mat\u00e9riel de Sonorisation, Eclairage et Vid\u00e9o en Haute-Savoie","breadcrumb":{"@id":"https:\/\/www.tamtamsn.com\/location\/produit\/console-de-mixage-yamaha-mg10xu\/#breadcrumb"},"inLanguage":"fr-FR","potentialAction":[{"@type":"ReadAction","target":["https:\/\/www.tamtamsn.com\/location\/produit\/console-de-mixage-yamaha-mg10xu\/"]}]},{"@type":"ImageObject","inLanguage":"fr-FR","@id":"https:\/\/www.tamtamsn.com\/location\/produit\/console-de-mixage-yamaha-mg10xu\/#primaryimage","url":"https:\/\/www.tamtamsn.com\/location\/wp-content\/uploads\/sites\/3\/2022\/06\/MG10XU-1.jpg","contentUrl":"https:\/\/www.tamtamsn.com\/location\/wp-content\/uploads\/sites\/3\/2022\/06\/MG10XU-1.jpg","width":600,"height":600,"caption":"MG10XU"},{"@type":"BreadcrumbList","@id":"https:\/\/www.tamtamsn.com\/location\/produit\/console-de-mixage-yamaha-mg10xu\/#breadcrumb","itemListElement":[{"@type":"ListItem","position":1,"name":"Catalogue de Location de Mat\u00e9riel de Sonorisation, Eclairage &amp; Vid\u00e9o en Haute-Savoie","item":"https:\/\/www.tamtamsn.com\/location\/"},{"@type":"ListItem","position":2,"name":"Notre Catalogue Location en ligne","item":"https:\/\/www.tamtamsn.com\/location\/catalogue-en-ligne-location-sonorisation-eclairage-video\/"},{"@type":"ListItem","position":3,"name":"Location Console","item":"https:\/\/www.tamtamsn.com\/location\/etiquette-produit\/location-console\/"},{"@type":"ListItem","position":4,"name":"Console de mixage Yamaha MG10XU"}]},{"@type":"WebSite","@id":"https:\/\/www.tamtamsn.com\/location\/#website","url":"https:\/\/www.tamtamsn.com\/location\/","name":"TAMTAM Annemasse - Espace Location","description":"Location de mat\u00e9riel de Sonorisation, Eclairage et Vid\u00e9o \u00e0 Annemasse, Haute-Savoie et sur le Bassin Genevois","publisher":{"@id":"https:\/\/www.tamtamsn.com\/location\/#organization"},"potentialAction":[{"@type":"SearchAction","target":{"@type":"EntryPoint","urlTemplate":"https:\/\/www.tamtamsn.com\/location\/?s={search_term_string}"},"query-input":{"@type":"PropertyValueSpecification","valueRequired":true,"valueName":"search_term_string"}}],"inLanguage":"fr-FR"},{"@type":"Organization","@id":"https:\/\/www.tamtamsn.com\/location\/#organization","name":"TAMTAM","url":"https:\/\/www.tamtamsn.com\/location\/","logo":{"@type":"ImageObject","inLanguage":"fr-FR","@id":"https:\/\/www.tamtamsn.com\/location\/#\/schema\/logo\/image\/","url":"","contentUrl":"","caption":"TAMTAM"},"image":{"@id":"https:\/\/www.tamtamsn.com\/location\/#\/schema\/logo\/image\/"},"sameAs":["https:\/\/www.facebook.com\/tamtam74100"]}]}},"jetpack_sharing_enabled":true,"_links":{"self":[{"href":"https:\/\/www.tamtamsn.com\/location\/wp-json\/wp\/v2\/product\/4371","targetHints":{"allow":["GET"]}}],"collection":[{"href":"https:\/\/www.tamtamsn.com\/location\/wp-json\/wp\/v2\/product"}],"about":[{"href":"https:\/\/www.tamtamsn.com\/location\/wp-json\/wp\/v2\/types\/product"}],"wp:featuredmedia":[{"embeddable":true,"href":"https:\/\/www.tamtamsn.com\/location\/wp-json\/wp\/v2\/media\/4372"}],"wp:attachment":[{"href":"https:\/\/www.tamtamsn.com\/location\/wp-json\/wp\/v2\/media?parent=4371"}],"wp:term":[{"taxonomy":"product_brand","embeddable":true,"href":"https:\/\/www.tamtamsn.com\/location\/wp-json\/wp\/v2\/product_brand?post=4371"},{"taxonomy":"product_cat","embeddable":true,"href":"https:\/\/www.tamtamsn.com\/location\/wp-json\/wp\/v2\/product_cat?post=4371"},{"taxonomy":"product_tag","embeddable":true,"href":"https:\/\/www.tamtamsn.com\/location\/wp-json\/wp\/v2\/product_tag?post=4371"}],"curies":[{"name":"wp","href":"https:\/\/api.w.org\/{rel}","templated":true}]}}