{"id":4358,"date":"2022-05-02T17:05:21","date_gmt":"2022-05-02T15:05:21","guid":{"rendered":"https:\/\/www.tamtamsn.com\/location\/?post_type=product&#038;p=4358"},"modified":"2025-04-08T11:36:58","modified_gmt":"2025-04-08T09:36:58","slug":"systeme-son-hk-audio-lucas-2k18","status":"publish","type":"product","link":"https:\/\/www.tamtamsn.com\/location\/produit\/systeme-son-hk-audio-lucas-2k18\/","title":{"rendered":"Syst\u00e8me son HK AUDIO Lucas 2K18"},"content":{"rendered":"<p>Location du Syst\u00e8me Son amplifi\u00e9\u00a0HK AUDIO Lucas 2K18, d&rsquo;une puissance de 670W, <em>compos\u00e9 d&rsquo;un Caisson de basse 18&Prime; et de 2 satellites + Tr\u00e9pieds.<\/em><\/p>\n<p><span style=\"text-decoration: underline;\"><strong>Caract\u00e9ristiques Techniques:<\/strong><\/span><\/p>\n<ul>\n<li><strong>Puissance:<\/strong>\u00a0670W RMS (Satellites + Caisson)<\/li>\n<li><b>Maximum SPL @ 1 m:<\/b> 129 dB SPL de cr\u00eate \u00e0 1 m<\/li>\n<li><strong>R\u00e9ponse en Fr\u00e9quence:<\/strong> 39 \u2013 18 000 Hz<\/li>\n<li><b>Dispersion:<\/b> 90\u00b0 H x 55\u00b0 V<\/li>\n<\/ul>\n<p>&nbsp;<\/p>\n<div class=\"foule_icone icone_text\" style=\"text-align: center;\"><img decoding=\"async\" data-attachment-id=\"3726\" data-permalink=\"https:\/\/www.tamtamsn.com\/location\/?attachment_id=3726\" data-orig-file=\"https:\/\/www.tamtamsn.com\/location\/wp-content\/uploads\/sites\/3\/2020\/05\/Foule_icone.png\" data-orig-size=\"383,187\" data-comments-opened=\"1\" data-image-meta=\"{&quot;aperture&quot;:&quot;0&quot;,&quot;credit&quot;:&quot;&quot;,&quot;camera&quot;:&quot;&quot;,&quot;caption&quot;:&quot;&quot;,&quot;created_timestamp&quot;:&quot;0&quot;,&quot;copyright&quot;:&quot;&quot;,&quot;focal_length&quot;:&quot;0&quot;,&quot;iso&quot;:&quot;0&quot;,&quot;shutter_speed&quot;:&quot;0&quot;,&quot;title&quot;:&quot;&quot;,&quot;orientation&quot;:&quot;0&quot;}\" data-image-title=\"Foule icone\" data-image-description=\"&lt;p&gt;Foule icone&lt;\/p&gt;\n\" data-image-caption=\"&lt;p&gt;Foule icone&lt;\/p&gt;\n\" data-medium-file=\"https:\/\/www.tamtamsn.com\/location\/wp-content\/uploads\/sites\/3\/2020\/05\/Foule_icone-300x146.png\" data-large-file=\"https:\/\/www.tamtamsn.com\/location\/wp-content\/uploads\/sites\/3\/2020\/05\/Foule_icone.png\" class=\"alignnone wp-image-3726\" src=\"https:\/\/www.tamtamsn.com\/location\/wp-content\/uploads\/sites\/3\/2020\/05\/Foule_icone.png\" alt=\"Nbr de Personnes\" width=\"270\" height=\"132\" srcset=\"https:\/\/www.tamtamsn.com\/location\/wp-content\/uploads\/sites\/3\/2020\/05\/Foule_icone.png 383w, https:\/\/www.tamtamsn.com\/location\/wp-content\/uploads\/sites\/3\/2020\/05\/Foule_icone-300x146.png 300w, https:\/\/www.tamtamsn.com\/location\/wp-content\/uploads\/sites\/3\/2020\/05\/Foule_icone-150x73.png 150w, https:\/\/www.tamtamsn.com\/location\/wp-content\/uploads\/sites\/3\/2020\/05\/Foule_icone-64x31.png 64w\" sizes=\"(max-width: 270px) 100vw, 270px\" \/><strong>Id\u00e9al pour vos \u00e9v\u00e9nements jusqu&rsquo;\u00e0 150 personnes.<\/strong><\/div>\n<p style=\"text-align: center;\">Produit Plug&amp;Play = Montage Facile, en 5 minutes<\/p>\n<p style=\"text-align: center;\"><b>Retrouvez tout notre catalogue de <a href=\"https:\/\/www.tamtamsn.com\/location\/categorie-produit\/sonorisation\/\">location de Sonorisation en Haute-Savoie<\/a>.<\/b><\/p>\n<p>&nbsp;<\/p>\n<p style=\"text-align: center;\"><strong>Le Produit est \u00e9galement disponible \u00e0 la Vente:<\/strong><br \/>\nAchetez une enceinte amplifi\u00e9e <a href=\"https:\/\/www.tamtamsn.com\/categorie-produit\/sonorisation\/\">HK AUDIO Lucas 2K15<\/a> dans votre magasin d&rsquo;Annemasse<\/p>\n","protected":false},"excerpt":{"rendered":"<ul>\n<li>Syst\u00e8me Son compos\u00e9 de 2 Satellites + 1 Caisson 18&Prime;<\/li>\n<li><b>Puissance:<\/b>\u00a0670 W<\/li>\n<li>Pour vos \u00e9v\u00e9nements jusqu\u2019\u00e0 150 personnes<\/li>\n<\/ul>\n","protected":false},"featured_media":4361,"template":"","meta":[],"product_brand":[],"product_cat":[551],"product_tag":[1108,1112,1157,1158,1218,1220,1221],"class_list":{"0":"post-4358","1":"product","2":"type-product","3":"status-publish","4":"has-post-thumbnail","6":"product_cat-enceinte","7":"product_tag-location-enceinte","8":"product_tag-location-enceinte-amplifiee","9":"product_tag-location-pack-enceintes","10":"product_tag-location-pack-enceintes-caissons","11":"product_tag-location-systeme-son","12":"product_tag-location-systeme-son-hk-audio","13":"product_tag-location-systeme-son-lucas","14":"pa_marque-hk-audio","16":"first","17":"instock","18":"taxable","19":"shipping-taxable","20":"purchasable","21":"product-type-simple"},"yoast_head":"<!-- This site is optimized with the Yoast SEO Premium plugin v27.3 (Yoast SEO v27.3) - https:\/\/yoast.com\/product\/yoast-seo-premium-wordpress\/ -->\n<title>Location Syst\u00e8me son HK AUDIO Lucas 2K18 - TAMTAM Annemasse - Espace Location<\/title>\n<meta name=\"description\" content=\"Location Syst\u00e8me son HK AUDIO Lucas 2K18 pour votre \u00e9v\u00e9nement entre Annemasse, Thonon, Evian. Location de Mat\u00e9riel de Sonorisation, Eclairage et Vid\u00e9o en Haute-Savoie.\" \/>\n<meta name=\"robots\" content=\"index, follow, max-snippet:-1, max-image-preview:large, max-video-preview:-1\" \/>\n<link rel=\"canonical\" href=\"https:\/\/www.tamtamsn.com\/location\/produit\/systeme-son-hk-audio-lucas-2k18\/\" \/>\n<meta property=\"og:locale\" content=\"fr_FR\" \/>\n<meta property=\"og:type\" content=\"article\" \/>\n<meta property=\"og:title\" content=\"Syst\u00e8me son HK AUDIO Lucas 2K18\" \/>\n<meta property=\"og:description\" content=\"Syst\u00e8me Son compos\u00e9 de 2 Satellites + 1 Caisson 18&quot;  Puissance:\u00a0670 W  Pour vos \u00e9v\u00e9nements jusqu\u2019\u00e0 150 personnes\" \/>\n<meta property=\"og:url\" content=\"https:\/\/www.tamtamsn.com\/location\/produit\/systeme-son-hk-audio-lucas-2k18\/\" \/>\n<meta property=\"og:site_name\" content=\"TAMTAM Annemasse - Espace Location\" \/>\n<meta property=\"article:publisher\" content=\"https:\/\/www.facebook.com\/tamtam74100\" \/>\n<meta property=\"article:modified_time\" content=\"2025-04-08T09:36:58+00:00\" \/>\n<meta property=\"og:image\" content=\"https:\/\/www.tamtamsn.com\/location\/wp-content\/uploads\/sites\/3\/2022\/05\/SHL-LUCAS-2K18PACK-PACK.png\" \/>\n\t<meta property=\"og:image:width\" content=\"1200\" \/>\n\t<meta property=\"og:image:height\" content=\"1119\" \/>\n\t<meta property=\"og:image:type\" content=\"image\/png\" \/>\n<meta name=\"twitter:card\" content=\"summary_large_image\" \/>\n<meta name=\"twitter:label1\" content=\"Dur\u00e9e de lecture estim\u00e9e\" \/>\n\t<meta name=\"twitter:data1\" content=\"1 minute\" \/>\n<script type=\"application\/ld+json\" class=\"yoast-schema-graph\">{\"@context\":\"https:\\\/\\\/schema.org\",\"@graph\":[{\"@type\":[\"WebPage\",\"ItemPage\"],\"@id\":\"https:\\\/\\\/www.tamtamsn.com\\\/location\\\/produit\\\/systeme-son-hk-audio-lucas-2k18\\\/\",\"url\":\"https:\\\/\\\/www.tamtamsn.com\\\/location\\\/produit\\\/systeme-son-hk-audio-lucas-2k18\\\/\",\"name\":\"Location Syst\u00e8me son HK AUDIO Lucas 2K18 - TAMTAM Annemasse - Espace Location\",\"isPartOf\":{\"@id\":\"https:\\\/\\\/www.tamtamsn.com\\\/location\\\/#website\"},\"primaryImageOfPage\":{\"@id\":\"https:\\\/\\\/www.tamtamsn.com\\\/location\\\/produit\\\/systeme-son-hk-audio-lucas-2k18\\\/#primaryimage\"},\"image\":{\"@id\":\"https:\\\/\\\/www.tamtamsn.com\\\/location\\\/produit\\\/systeme-son-hk-audio-lucas-2k18\\\/#primaryimage\"},\"thumbnailUrl\":\"https:\\\/\\\/www.tamtamsn.com\\\/location\\\/wp-content\\\/uploads\\\/sites\\\/3\\\/2022\\\/05\\\/SHL-LUCAS-2K18PACK-PACK.png\",\"datePublished\":\"2022-05-02T15:05:21+00:00\",\"dateModified\":\"2025-04-08T09:36:58+00:00\",\"description\":\"Location Syst\u00e8me son HK AUDIO Lucas 2K18 pour votre \u00e9v\u00e9nement entre Annemasse, Thonon, Evian. Location de Mat\u00e9riel de Sonorisation, Eclairage et Vid\u00e9o en Haute-Savoie.\",\"breadcrumb\":{\"@id\":\"https:\\\/\\\/www.tamtamsn.com\\\/location\\\/produit\\\/systeme-son-hk-audio-lucas-2k18\\\/#breadcrumb\"},\"inLanguage\":\"fr-FR\",\"potentialAction\":[{\"@type\":\"ReadAction\",\"target\":[\"https:\\\/\\\/www.tamtamsn.com\\\/location\\\/produit\\\/systeme-son-hk-audio-lucas-2k18\\\/\"]}]},{\"@type\":\"ImageObject\",\"inLanguage\":\"fr-FR\",\"@id\":\"https:\\\/\\\/www.tamtamsn.com\\\/location\\\/produit\\\/systeme-son-hk-audio-lucas-2k18\\\/#primaryimage\",\"url\":\"https:\\\/\\\/www.tamtamsn.com\\\/location\\\/wp-content\\\/uploads\\\/sites\\\/3\\\/2022\\\/05\\\/SHL-LUCAS-2K18PACK-PACK.png\",\"contentUrl\":\"https:\\\/\\\/www.tamtamsn.com\\\/location\\\/wp-content\\\/uploads\\\/sites\\\/3\\\/2022\\\/05\\\/SHL-LUCAS-2K18PACK-PACK.png\",\"width\":1200,\"height\":1119},{\"@type\":\"BreadcrumbList\",\"@id\":\"https:\\\/\\\/www.tamtamsn.com\\\/location\\\/produit\\\/systeme-son-hk-audio-lucas-2k18\\\/#breadcrumb\",\"itemListElement\":[{\"@type\":\"ListItem\",\"position\":1,\"name\":\"Catalogue de Location de Mat\u00e9riel de Sonorisation, Eclairage &amp; Vid\u00e9o en Haute-Savoie\",\"item\":\"https:\\\/\\\/www.tamtamsn.com\\\/location\\\/\"},{\"@type\":\"ListItem\",\"position\":2,\"name\":\"Notre Catalogue Location en ligne\",\"item\":\"https:\\\/\\\/www.tamtamsn.com\\\/location\\\/catalogue-en-ligne-location-sonorisation-eclairage-video\\\/\"},{\"@type\":\"ListItem\",\"position\":3,\"name\":\"Location enceinte\",\"item\":\"https:\\\/\\\/www.tamtamsn.com\\\/location\\\/etiquette-produit\\\/location-enceinte\\\/\"},{\"@type\":\"ListItem\",\"position\":4,\"name\":\"Syst\u00e8me son HK AUDIO Lucas 2K18\"}]},{\"@type\":\"WebSite\",\"@id\":\"https:\\\/\\\/www.tamtamsn.com\\\/location\\\/#website\",\"url\":\"https:\\\/\\\/www.tamtamsn.com\\\/location\\\/\",\"name\":\"TAMTAM Annemasse - Espace Location\",\"description\":\"Location de mat\u00e9riel de Sonorisation, Eclairage et Vid\u00e9o \u00e0 Annemasse, Haute-Savoie et sur le Bassin Genevois\",\"publisher\":{\"@id\":\"https:\\\/\\\/www.tamtamsn.com\\\/location\\\/#organization\"},\"potentialAction\":[{\"@type\":\"SearchAction\",\"target\":{\"@type\":\"EntryPoint\",\"urlTemplate\":\"https:\\\/\\\/www.tamtamsn.com\\\/location\\\/?s={search_term_string}\"},\"query-input\":{\"@type\":\"PropertyValueSpecification\",\"valueRequired\":true,\"valueName\":\"search_term_string\"}}],\"inLanguage\":\"fr-FR\"},{\"@type\":\"Organization\",\"@id\":\"https:\\\/\\\/www.tamtamsn.com\\\/location\\\/#organization\",\"name\":\"TAMTAM\",\"url\":\"https:\\\/\\\/www.tamtamsn.com\\\/location\\\/\",\"logo\":{\"@type\":\"ImageObject\",\"inLanguage\":\"fr-FR\",\"@id\":\"https:\\\/\\\/www.tamtamsn.com\\\/location\\\/#\\\/schema\\\/logo\\\/image\\\/\",\"url\":\"\",\"contentUrl\":\"\",\"caption\":\"TAMTAM\"},\"image\":{\"@id\":\"https:\\\/\\\/www.tamtamsn.com\\\/location\\\/#\\\/schema\\\/logo\\\/image\\\/\"},\"sameAs\":[\"https:\\\/\\\/www.facebook.com\\\/tamtam74100\"]}]}<\/script>\n<!-- \/ Yoast SEO Premium plugin. -->","yoast_head_json":{"title":"Location Syst\u00e8me son HK AUDIO Lucas 2K18 - TAMTAM Annemasse - Espace Location","description":"Location Syst\u00e8me son HK AUDIO Lucas 2K18 pour votre \u00e9v\u00e9nement entre Annemasse, Thonon, Evian. Location de Mat\u00e9riel de Sonorisation, Eclairage et Vid\u00e9o en Haute-Savoie.","robots":{"index":"index","follow":"follow","max-snippet":"max-snippet:-1","max-image-preview":"max-image-preview:large","max-video-preview":"max-video-preview:-1"},"canonical":"https:\/\/www.tamtamsn.com\/location\/produit\/systeme-son-hk-audio-lucas-2k18\/","og_locale":"fr_FR","og_type":"article","og_title":"Syst\u00e8me son HK AUDIO Lucas 2K18","og_description":"Syst\u00e8me Son compos\u00e9 de 2 Satellites + 1 Caisson 18\"  Puissance:\u00a0670 W  Pour vos \u00e9v\u00e9nements jusqu\u2019\u00e0 150 personnes","og_url":"https:\/\/www.tamtamsn.com\/location\/produit\/systeme-son-hk-audio-lucas-2k18\/","og_site_name":"TAMTAM Annemasse - Espace Location","article_publisher":"https:\/\/www.facebook.com\/tamtam74100","article_modified_time":"2025-04-08T09:36:58+00:00","og_image":[{"width":1200,"height":1119,"url":"https:\/\/www.tamtamsn.com\/location\/wp-content\/uploads\/sites\/3\/2022\/05\/SHL-LUCAS-2K18PACK-PACK.png","type":"image\/png"}],"twitter_card":"summary_large_image","twitter_misc":{"Dur\u00e9e de lecture estim\u00e9e":"1 minute"},"schema":{"@context":"https:\/\/schema.org","@graph":[{"@type":["WebPage","ItemPage"],"@id":"https:\/\/www.tamtamsn.com\/location\/produit\/systeme-son-hk-audio-lucas-2k18\/","url":"https:\/\/www.tamtamsn.com\/location\/produit\/systeme-son-hk-audio-lucas-2k18\/","name":"Location Syst\u00e8me son HK AUDIO Lucas 2K18 - TAMTAM Annemasse - Espace Location","isPartOf":{"@id":"https:\/\/www.tamtamsn.com\/location\/#website"},"primaryImageOfPage":{"@id":"https:\/\/www.tamtamsn.com\/location\/produit\/systeme-son-hk-audio-lucas-2k18\/#primaryimage"},"image":{"@id":"https:\/\/www.tamtamsn.com\/location\/produit\/systeme-son-hk-audio-lucas-2k18\/#primaryimage"},"thumbnailUrl":"https:\/\/www.tamtamsn.com\/location\/wp-content\/uploads\/sites\/3\/2022\/05\/SHL-LUCAS-2K18PACK-PACK.png","datePublished":"2022-05-02T15:05:21+00:00","dateModified":"2025-04-08T09:36:58+00:00","description":"Location Syst\u00e8me son HK AUDIO Lucas 2K18 pour votre \u00e9v\u00e9nement entre Annemasse, Thonon, Evian. Location de Mat\u00e9riel de Sonorisation, Eclairage et Vid\u00e9o en Haute-Savoie.","breadcrumb":{"@id":"https:\/\/www.tamtamsn.com\/location\/produit\/systeme-son-hk-audio-lucas-2k18\/#breadcrumb"},"inLanguage":"fr-FR","potentialAction":[{"@type":"ReadAction","target":["https:\/\/www.tamtamsn.com\/location\/produit\/systeme-son-hk-audio-lucas-2k18\/"]}]},{"@type":"ImageObject","inLanguage":"fr-FR","@id":"https:\/\/www.tamtamsn.com\/location\/produit\/systeme-son-hk-audio-lucas-2k18\/#primaryimage","url":"https:\/\/www.tamtamsn.com\/location\/wp-content\/uploads\/sites\/3\/2022\/05\/SHL-LUCAS-2K18PACK-PACK.png","contentUrl":"https:\/\/www.tamtamsn.com\/location\/wp-content\/uploads\/sites\/3\/2022\/05\/SHL-LUCAS-2K18PACK-PACK.png","width":1200,"height":1119},{"@type":"BreadcrumbList","@id":"https:\/\/www.tamtamsn.com\/location\/produit\/systeme-son-hk-audio-lucas-2k18\/#breadcrumb","itemListElement":[{"@type":"ListItem","position":1,"name":"Catalogue de Location de Mat\u00e9riel de Sonorisation, Eclairage &amp; Vid\u00e9o en Haute-Savoie","item":"https:\/\/www.tamtamsn.com\/location\/"},{"@type":"ListItem","position":2,"name":"Notre Catalogue Location en ligne","item":"https:\/\/www.tamtamsn.com\/location\/catalogue-en-ligne-location-sonorisation-eclairage-video\/"},{"@type":"ListItem","position":3,"name":"Location enceinte","item":"https:\/\/www.tamtamsn.com\/location\/etiquette-produit\/location-enceinte\/"},{"@type":"ListItem","position":4,"name":"Syst\u00e8me son HK AUDIO Lucas 2K18"}]},{"@type":"WebSite","@id":"https:\/\/www.tamtamsn.com\/location\/#website","url":"https:\/\/www.tamtamsn.com\/location\/","name":"TAMTAM Annemasse - Espace Location","description":"Location de mat\u00e9riel de Sonorisation, Eclairage et Vid\u00e9o \u00e0 Annemasse, Haute-Savoie et sur le Bassin Genevois","publisher":{"@id":"https:\/\/www.tamtamsn.com\/location\/#organization"},"potentialAction":[{"@type":"SearchAction","target":{"@type":"EntryPoint","urlTemplate":"https:\/\/www.tamtamsn.com\/location\/?s={search_term_string}"},"query-input":{"@type":"PropertyValueSpecification","valueRequired":true,"valueName":"search_term_string"}}],"inLanguage":"fr-FR"},{"@type":"Organization","@id":"https:\/\/www.tamtamsn.com\/location\/#organization","name":"TAMTAM","url":"https:\/\/www.tamtamsn.com\/location\/","logo":{"@type":"ImageObject","inLanguage":"fr-FR","@id":"https:\/\/www.tamtamsn.com\/location\/#\/schema\/logo\/image\/","url":"","contentUrl":"","caption":"TAMTAM"},"image":{"@id":"https:\/\/www.tamtamsn.com\/location\/#\/schema\/logo\/image\/"},"sameAs":["https:\/\/www.facebook.com\/tamtam74100"]}]}},"jetpack_sharing_enabled":true,"_links":{"self":[{"href":"https:\/\/www.tamtamsn.com\/location\/wp-json\/wp\/v2\/product\/4358","targetHints":{"allow":["GET"]}}],"collection":[{"href":"https:\/\/www.tamtamsn.com\/location\/wp-json\/wp\/v2\/product"}],"about":[{"href":"https:\/\/www.tamtamsn.com\/location\/wp-json\/wp\/v2\/types\/product"}],"wp:featuredmedia":[{"embeddable":true,"href":"https:\/\/www.tamtamsn.com\/location\/wp-json\/wp\/v2\/media\/4361"}],"wp:attachment":[{"href":"https:\/\/www.tamtamsn.com\/location\/wp-json\/wp\/v2\/media?parent=4358"}],"wp:term":[{"taxonomy":"product_brand","embeddable":true,"href":"https:\/\/www.tamtamsn.com\/location\/wp-json\/wp\/v2\/product_brand?post=4358"},{"taxonomy":"product_cat","embeddable":true,"href":"https:\/\/www.tamtamsn.com\/location\/wp-json\/wp\/v2\/product_cat?post=4358"},{"taxonomy":"product_tag","embeddable":true,"href":"https:\/\/www.tamtamsn.com\/location\/wp-json\/wp\/v2\/product_tag?post=4358"}],"curies":[{"name":"wp","href":"https:\/\/api.w.org\/{rel}","templated":true}]}}