{"id":4285,"date":"2021-11-26T09:41:26","date_gmt":"2021-11-26T08:41:26","guid":{"rendered":"https:\/\/www.tamtamsn.com\/location\/?post_type=product&#038;p=4285"},"modified":"2025-02-08T14:56:38","modified_gmt":"2025-02-08T13:56:38","slug":"console-de-mixage-numerique-allen-heath-qu-24","status":"publish","type":"product","link":"https:\/\/www.tamtamsn.com\/location\/produit\/console-de-mixage-numerique-allen-heath-qu-24\/","title":{"rendered":"Console de mixage Num\u00e9rique ALLEN &#038; HEATH QU-24"},"content":{"rendered":"<p><strong><strong>Console de mixage Num\u00e9rique ALLEN &amp; HEATH QU-24<br \/>\n<\/strong><\/strong>Les Qu sont \u00e9quip\u00e9es de pr\u00e9amplis professionnels AnalogiQ \u00e0 contr\u00f4le num\u00e9rique, associ\u00e9s au DSP pour une pr\u00e9cision de gain et une transparence audio optimale. Le signal analogique est capt\u00e9 et transform\u00e9 par des convertisseurs analogiques et num\u00e9riques 24-bits de haute qualit\u00e9 et \u00e0 tr\u00e8s faible latence, induisant une vraie transparence et une distorsion minimale, tout en conservant ce son chaud et musical caract\u00e9ristique d&rsquo;Allen &amp; Heath.<\/p>\n<p><em><strong>Caract\u00e9ristiques :<\/strong><\/em><\/p>\n<ul>\n<li>Faders Motoris\u00e9s<\/li>\n<li class=\"fx-list__item product-text__list-item fx-list__item--circle\"><span class=\"fx-text fx-text--plus\">\u00c9cran tactile: 800 x 480 pixels<\/span><\/li>\n<li class=\"fx-list__item product-text__list-item fx-list__item--circle\"><span class=\"fx-text fx-text--plus\">24x entr\u00e9es mono (XLR ou TRS)<\/span><\/li>\n<li class=\"fx-list__item product-text__list-item fx-list__item--circle\"><span class=\"fx-text fx-text--plus\">3x entr\u00e9es st\u00e9r\u00e9o (jack)<\/span><\/li>\n<li>12x sorties de mixage (LR, Mono Mix 1-4, 1-3 mixage st\u00e9r\u00e9o)<\/li>\n<li class=\"fx-list__item product-text__list-item fx-list__item--circle\"><span class=\"fx-text fx-text--plus\">4x moteurs d&rsquo;effets<\/span><\/li>\n<li>Interface audio pour ordinateur Mac ou Windows<\/li>\n<li class=\"fx-list__item product-text__list-item fx-list__item--circle\"><span class=\"fx-text fx-text--plus\">Enregistrement \/ lecture via USB<\/span><\/li>\n<li class=\"fx-list__item product-text__list-item fx-list__item--circle\"><span class=\"fx-text fx-text--plus\">Port audio \u00e0 distance dSNAKE<\/span><\/li>\n<li class=\"fx-list__item product-text__list-item fx-list__item--circle\"><span class=\"fx-text fx-text--plus\">Compatible avec syst\u00e8me de mixage personnel syst\u00e8me ME<\/span><\/li>\n<li class=\"fx-list__item product-text__list-item fx-list__item--circle\"><span class=\"fx-text fx-text--plus\">Pr\u00e9r\u00e9glages pour micros Audio-Technica, Sennheiser et Shure<\/span><\/li>\n<li class=\"fx-list__item product-text__list-item fx-list__item--circle\"><span class=\"fx-text fx-text--plus\">DAW: contr\u00f4le MIDI<\/span><\/li>\n<li class=\"fx-list__item product-text__list-item fx-list__item--circle\"><span class=\"fx-text fx-text--plus\">Dimensions: 632 x 471 x 171 mm<\/span><\/li>\n<li class=\"fx-list__item product-text__list-item fx-list__item--circle\"><span class=\"fx-text fx-text--plus\">Poids: 14 kg<\/span><\/li>\n<\/ul>\n","protected":false},"excerpt":{"rendered":"<p><strong>Pr\u00e9sentation :<\/strong><\/p>\n<p>La console Qu-24 combine un design innovant et des fonctions exceptionnelles pour un m\u00e9langeur num\u00e9rique compact. Equipe de toutes les fonctionnalit\u00e9s que l&rsquo;on attend d&rsquo;une console num\u00e9rique haut-de-gamme, au m\u00eame titre que les syst\u00e8mes iLive et GLD dont elle s&rsquo;inspire, la Qu-24 a le pouvoir et le pedigree de fournir des performances audio de premi\u00e8re classe. Que vous passiez de l&rsquo;analogique ou que vous mettiez \u00e0 jour votre console num\u00e9rique, il est temps de d\u00e9couvrir le nouvel environnement num\u00e9rique avec Qu-24.<\/p>\n","protected":false},"featured_media":4756,"template":"","meta":[],"product_brand":[],"product_cat":[1503],"product_tag":[1499],"class_list":{"0":"post-4285","1":"product","2":"type-product","3":"status-publish","4":"has-post-thumbnail","6":"product_cat-location-console-de-mixage","7":"product_tag-allen-heath-qu24","9":"first","10":"instock","11":"taxable","12":"shipping-taxable","13":"purchasable","14":"product-type-simple"},"yoast_head":"<!-- This site is optimized with the Yoast SEO Premium plugin v27.3 (Yoast SEO v27.3) - https:\/\/yoast.com\/product\/yoast-seo-premium-wordpress\/ -->\n<title>Location de table de mixage TAMTAM Annemasse<\/title>\n<meta name=\"description\" content=\"Location de table de mixage entre Annemasse, Gen\u00e8ve, Bonneville, Annecy, Thonon, Evian. Location de Mat\u00e9riel de Sonorisation, Eclairage et Vid\u00e9o en Haute-Savoie.\" \/>\n<meta name=\"robots\" content=\"index, follow, max-snippet:-1, max-image-preview:large, max-video-preview:-1\" \/>\n<link rel=\"canonical\" href=\"https:\/\/www.tamtamsn.com\/location\/produit\/console-de-mixage-numerique-allen-heath-qu-24\/\" \/>\n<meta property=\"og:locale\" content=\"fr_FR\" \/>\n<meta property=\"og:type\" content=\"article\" \/>\n<meta property=\"og:title\" content=\"Console de mixage Num\u00e9rique ALLEN &amp; HEATH QU-24\" \/>\n<meta property=\"og:description\" content=\"Pr\u00e9sentation :  La console Qu-24 combine un design innovant et des fonctions exceptionnelles pour un m\u00e9langeur num\u00e9rique compact. Equipe de toutes les fonctionnalit\u00e9s que l&#039;on attend d&#039;une console num\u00e9rique haut-de-gamme, au m\u00eame titre que les syst\u00e8mes iLive et GLD dont elle s&#039;inspire, la Qu-24 a le pouvoir et le pedigree de fournir des performances audio de premi\u00e8re classe. Que vous passiez de l&#039;analogique ou que vous mettiez \u00e0 jour votre console num\u00e9rique, il est temps de d\u00e9couvrir le nouvel environnement num\u00e9rique avec Qu-24.\" \/>\n<meta property=\"og:url\" content=\"https:\/\/www.tamtamsn.com\/location\/produit\/console-de-mixage-numerique-allen-heath-qu-24\/\" \/>\n<meta property=\"og:site_name\" content=\"TAMTAM Annemasse - Espace Location\" \/>\n<meta property=\"article:publisher\" content=\"https:\/\/www.facebook.com\/tamtam74100\" \/>\n<meta property=\"article:modified_time\" content=\"2025-02-08T13:56:38+00:00\" \/>\n<meta property=\"og:image\" content=\"https:\/\/www.tamtamsn.com\/location\/wp-content\/uploads\/sites\/3\/2021\/11\/Qu-24-Top-768x630-1-e1739021020109.jpg\" \/>\n\t<meta property=\"og:image:width\" content=\"768\" \/>\n\t<meta property=\"og:image:height\" content=\"576\" \/>\n\t<meta property=\"og:image:type\" content=\"image\/jpeg\" \/>\n<meta name=\"twitter:card\" content=\"summary_large_image\" \/>\n<meta name=\"twitter:label1\" content=\"Dur\u00e9e de lecture estim\u00e9e\" \/>\n\t<meta name=\"twitter:data1\" content=\"1 minute\" \/>\n<script type=\"application\/ld+json\" class=\"yoast-schema-graph\">{\"@context\":\"https:\\\/\\\/schema.org\",\"@graph\":[{\"@type\":[\"WebPage\",\"ItemPage\"],\"@id\":\"https:\\\/\\\/www.tamtamsn.com\\\/location\\\/produit\\\/console-de-mixage-numerique-allen-heath-qu-24\\\/\",\"url\":\"https:\\\/\\\/www.tamtamsn.com\\\/location\\\/produit\\\/console-de-mixage-numerique-allen-heath-qu-24\\\/\",\"name\":\"Location de table de mixage TAMTAM Annemasse\",\"isPartOf\":{\"@id\":\"https:\\\/\\\/www.tamtamsn.com\\\/location\\\/#website\"},\"primaryImageOfPage\":{\"@id\":\"https:\\\/\\\/www.tamtamsn.com\\\/location\\\/produit\\\/console-de-mixage-numerique-allen-heath-qu-24\\\/#primaryimage\"},\"image\":{\"@id\":\"https:\\\/\\\/www.tamtamsn.com\\\/location\\\/produit\\\/console-de-mixage-numerique-allen-heath-qu-24\\\/#primaryimage\"},\"thumbnailUrl\":\"https:\\\/\\\/www.tamtamsn.com\\\/location\\\/wp-content\\\/uploads\\\/sites\\\/3\\\/2021\\\/11\\\/Qu-24-Top-768x630-1-e1739021020109.jpg\",\"datePublished\":\"2021-11-26T08:41:26+00:00\",\"dateModified\":\"2025-02-08T13:56:38+00:00\",\"description\":\"Location de table de mixage entre Annemasse, Gen\u00e8ve, Bonneville, Annecy, Thonon, Evian. Location de Mat\u00e9riel de Sonorisation, Eclairage et Vid\u00e9o en Haute-Savoie.\",\"breadcrumb\":{\"@id\":\"https:\\\/\\\/www.tamtamsn.com\\\/location\\\/produit\\\/console-de-mixage-numerique-allen-heath-qu-24\\\/#breadcrumb\"},\"inLanguage\":\"fr-FR\",\"potentialAction\":[{\"@type\":\"ReadAction\",\"target\":[\"https:\\\/\\\/www.tamtamsn.com\\\/location\\\/produit\\\/console-de-mixage-numerique-allen-heath-qu-24\\\/\"]}]},{\"@type\":\"ImageObject\",\"inLanguage\":\"fr-FR\",\"@id\":\"https:\\\/\\\/www.tamtamsn.com\\\/location\\\/produit\\\/console-de-mixage-numerique-allen-heath-qu-24\\\/#primaryimage\",\"url\":\"https:\\\/\\\/www.tamtamsn.com\\\/location\\\/wp-content\\\/uploads\\\/sites\\\/3\\\/2021\\\/11\\\/Qu-24-Top-768x630-1-e1739021020109.jpg\",\"contentUrl\":\"https:\\\/\\\/www.tamtamsn.com\\\/location\\\/wp-content\\\/uploads\\\/sites\\\/3\\\/2021\\\/11\\\/Qu-24-Top-768x630-1-e1739021020109.jpg\",\"width\":768,\"height\":576},{\"@type\":\"BreadcrumbList\",\"@id\":\"https:\\\/\\\/www.tamtamsn.com\\\/location\\\/produit\\\/console-de-mixage-numerique-allen-heath-qu-24\\\/#breadcrumb\",\"itemListElement\":[{\"@type\":\"ListItem\",\"position\":1,\"name\":\"Catalogue de Location de Mat\u00e9riel de Sonorisation, Eclairage &amp; Vid\u00e9o en Haute-Savoie\",\"item\":\"https:\\\/\\\/www.tamtamsn.com\\\/location\\\/\"},{\"@type\":\"ListItem\",\"position\":2,\"name\":\"Notre Catalogue Location en ligne\",\"item\":\"https:\\\/\\\/www.tamtamsn.com\\\/location\\\/catalogue-en-ligne-location-sonorisation-eclairage-video\\\/\"},{\"@type\":\"ListItem\",\"position\":3,\"name\":\"ALLEN &amp; HEATH QU24\",\"item\":\"https:\\\/\\\/www.tamtamsn.com\\\/location\\\/etiquette-produit\\\/allen-heath-qu24\\\/\"},{\"@type\":\"ListItem\",\"position\":4,\"name\":\"Console de mixage Num\u00e9rique ALLEN &#038; HEATH QU-24\"}]},{\"@type\":\"WebSite\",\"@id\":\"https:\\\/\\\/www.tamtamsn.com\\\/location\\\/#website\",\"url\":\"https:\\\/\\\/www.tamtamsn.com\\\/location\\\/\",\"name\":\"TAMTAM Annemasse - Espace Location\",\"description\":\"Location de mat\u00e9riel de Sonorisation, Eclairage et Vid\u00e9o \u00e0 Annemasse, Haute-Savoie et sur le Bassin Genevois\",\"publisher\":{\"@id\":\"https:\\\/\\\/www.tamtamsn.com\\\/location\\\/#organization\"},\"potentialAction\":[{\"@type\":\"SearchAction\",\"target\":{\"@type\":\"EntryPoint\",\"urlTemplate\":\"https:\\\/\\\/www.tamtamsn.com\\\/location\\\/?s={search_term_string}\"},\"query-input\":{\"@type\":\"PropertyValueSpecification\",\"valueRequired\":true,\"valueName\":\"search_term_string\"}}],\"inLanguage\":\"fr-FR\"},{\"@type\":\"Organization\",\"@id\":\"https:\\\/\\\/www.tamtamsn.com\\\/location\\\/#organization\",\"name\":\"TAMTAM\",\"url\":\"https:\\\/\\\/www.tamtamsn.com\\\/location\\\/\",\"logo\":{\"@type\":\"ImageObject\",\"inLanguage\":\"fr-FR\",\"@id\":\"https:\\\/\\\/www.tamtamsn.com\\\/location\\\/#\\\/schema\\\/logo\\\/image\\\/\",\"url\":\"\",\"contentUrl\":\"\",\"caption\":\"TAMTAM\"},\"image\":{\"@id\":\"https:\\\/\\\/www.tamtamsn.com\\\/location\\\/#\\\/schema\\\/logo\\\/image\\\/\"},\"sameAs\":[\"https:\\\/\\\/www.facebook.com\\\/tamtam74100\"]}]}<\/script>\n<!-- \/ Yoast SEO Premium plugin. -->","yoast_head_json":{"title":"Location de table de mixage TAMTAM Annemasse","description":"Location de table de mixage entre Annemasse, Gen\u00e8ve, Bonneville, Annecy, Thonon, Evian. Location de Mat\u00e9riel de Sonorisation, Eclairage et Vid\u00e9o en Haute-Savoie.","robots":{"index":"index","follow":"follow","max-snippet":"max-snippet:-1","max-image-preview":"max-image-preview:large","max-video-preview":"max-video-preview:-1"},"canonical":"https:\/\/www.tamtamsn.com\/location\/produit\/console-de-mixage-numerique-allen-heath-qu-24\/","og_locale":"fr_FR","og_type":"article","og_title":"Console de mixage Num\u00e9rique ALLEN & HEATH QU-24","og_description":"Pr\u00e9sentation :  La console Qu-24 combine un design innovant et des fonctions exceptionnelles pour un m\u00e9langeur num\u00e9rique compact. Equipe de toutes les fonctionnalit\u00e9s que l'on attend d'une console num\u00e9rique haut-de-gamme, au m\u00eame titre que les syst\u00e8mes iLive et GLD dont elle s'inspire, la Qu-24 a le pouvoir et le pedigree de fournir des performances audio de premi\u00e8re classe. Que vous passiez de l'analogique ou que vous mettiez \u00e0 jour votre console num\u00e9rique, il est temps de d\u00e9couvrir le nouvel environnement num\u00e9rique avec Qu-24.","og_url":"https:\/\/www.tamtamsn.com\/location\/produit\/console-de-mixage-numerique-allen-heath-qu-24\/","og_site_name":"TAMTAM Annemasse - Espace Location","article_publisher":"https:\/\/www.facebook.com\/tamtam74100","article_modified_time":"2025-02-08T13:56:38+00:00","og_image":[{"width":768,"height":576,"url":"https:\/\/www.tamtamsn.com\/location\/wp-content\/uploads\/sites\/3\/2021\/11\/Qu-24-Top-768x630-1-e1739021020109.jpg","type":"image\/jpeg"}],"twitter_card":"summary_large_image","twitter_misc":{"Dur\u00e9e de lecture estim\u00e9e":"1 minute"},"schema":{"@context":"https:\/\/schema.org","@graph":[{"@type":["WebPage","ItemPage"],"@id":"https:\/\/www.tamtamsn.com\/location\/produit\/console-de-mixage-numerique-allen-heath-qu-24\/","url":"https:\/\/www.tamtamsn.com\/location\/produit\/console-de-mixage-numerique-allen-heath-qu-24\/","name":"Location de table de mixage TAMTAM Annemasse","isPartOf":{"@id":"https:\/\/www.tamtamsn.com\/location\/#website"},"primaryImageOfPage":{"@id":"https:\/\/www.tamtamsn.com\/location\/produit\/console-de-mixage-numerique-allen-heath-qu-24\/#primaryimage"},"image":{"@id":"https:\/\/www.tamtamsn.com\/location\/produit\/console-de-mixage-numerique-allen-heath-qu-24\/#primaryimage"},"thumbnailUrl":"https:\/\/www.tamtamsn.com\/location\/wp-content\/uploads\/sites\/3\/2021\/11\/Qu-24-Top-768x630-1-e1739021020109.jpg","datePublished":"2021-11-26T08:41:26+00:00","dateModified":"2025-02-08T13:56:38+00:00","description":"Location de table de mixage entre Annemasse, Gen\u00e8ve, Bonneville, Annecy, Thonon, Evian. Location de Mat\u00e9riel de Sonorisation, Eclairage et Vid\u00e9o en Haute-Savoie.","breadcrumb":{"@id":"https:\/\/www.tamtamsn.com\/location\/produit\/console-de-mixage-numerique-allen-heath-qu-24\/#breadcrumb"},"inLanguage":"fr-FR","potentialAction":[{"@type":"ReadAction","target":["https:\/\/www.tamtamsn.com\/location\/produit\/console-de-mixage-numerique-allen-heath-qu-24\/"]}]},{"@type":"ImageObject","inLanguage":"fr-FR","@id":"https:\/\/www.tamtamsn.com\/location\/produit\/console-de-mixage-numerique-allen-heath-qu-24\/#primaryimage","url":"https:\/\/www.tamtamsn.com\/location\/wp-content\/uploads\/sites\/3\/2021\/11\/Qu-24-Top-768x630-1-e1739021020109.jpg","contentUrl":"https:\/\/www.tamtamsn.com\/location\/wp-content\/uploads\/sites\/3\/2021\/11\/Qu-24-Top-768x630-1-e1739021020109.jpg","width":768,"height":576},{"@type":"BreadcrumbList","@id":"https:\/\/www.tamtamsn.com\/location\/produit\/console-de-mixage-numerique-allen-heath-qu-24\/#breadcrumb","itemListElement":[{"@type":"ListItem","position":1,"name":"Catalogue de Location de Mat\u00e9riel de Sonorisation, Eclairage &amp; Vid\u00e9o en Haute-Savoie","item":"https:\/\/www.tamtamsn.com\/location\/"},{"@type":"ListItem","position":2,"name":"Notre Catalogue Location en ligne","item":"https:\/\/www.tamtamsn.com\/location\/catalogue-en-ligne-location-sonorisation-eclairage-video\/"},{"@type":"ListItem","position":3,"name":"ALLEN &amp; HEATH QU24","item":"https:\/\/www.tamtamsn.com\/location\/etiquette-produit\/allen-heath-qu24\/"},{"@type":"ListItem","position":4,"name":"Console de mixage Num\u00e9rique ALLEN &#038; HEATH QU-24"}]},{"@type":"WebSite","@id":"https:\/\/www.tamtamsn.com\/location\/#website","url":"https:\/\/www.tamtamsn.com\/location\/","name":"TAMTAM Annemasse - Espace Location","description":"Location de mat\u00e9riel de Sonorisation, Eclairage et Vid\u00e9o \u00e0 Annemasse, Haute-Savoie et sur le Bassin Genevois","publisher":{"@id":"https:\/\/www.tamtamsn.com\/location\/#organization"},"potentialAction":[{"@type":"SearchAction","target":{"@type":"EntryPoint","urlTemplate":"https:\/\/www.tamtamsn.com\/location\/?s={search_term_string}"},"query-input":{"@type":"PropertyValueSpecification","valueRequired":true,"valueName":"search_term_string"}}],"inLanguage":"fr-FR"},{"@type":"Organization","@id":"https:\/\/www.tamtamsn.com\/location\/#organization","name":"TAMTAM","url":"https:\/\/www.tamtamsn.com\/location\/","logo":{"@type":"ImageObject","inLanguage":"fr-FR","@id":"https:\/\/www.tamtamsn.com\/location\/#\/schema\/logo\/image\/","url":"","contentUrl":"","caption":"TAMTAM"},"image":{"@id":"https:\/\/www.tamtamsn.com\/location\/#\/schema\/logo\/image\/"},"sameAs":["https:\/\/www.facebook.com\/tamtam74100"]}]}},"jetpack_sharing_enabled":true,"_links":{"self":[{"href":"https:\/\/www.tamtamsn.com\/location\/wp-json\/wp\/v2\/product\/4285","targetHints":{"allow":["GET"]}}],"collection":[{"href":"https:\/\/www.tamtamsn.com\/location\/wp-json\/wp\/v2\/product"}],"about":[{"href":"https:\/\/www.tamtamsn.com\/location\/wp-json\/wp\/v2\/types\/product"}],"wp:featuredmedia":[{"embeddable":true,"href":"https:\/\/www.tamtamsn.com\/location\/wp-json\/wp\/v2\/media\/4756"}],"wp:attachment":[{"href":"https:\/\/www.tamtamsn.com\/location\/wp-json\/wp\/v2\/media?parent=4285"}],"wp:term":[{"taxonomy":"product_brand","embeddable":true,"href":"https:\/\/www.tamtamsn.com\/location\/wp-json\/wp\/v2\/product_brand?post=4285"},{"taxonomy":"product_cat","embeddable":true,"href":"https:\/\/www.tamtamsn.com\/location\/wp-json\/wp\/v2\/product_cat?post=4285"},{"taxonomy":"product_tag","embeddable":true,"href":"https:\/\/www.tamtamsn.com\/location\/wp-json\/wp\/v2\/product_tag?post=4285"}],"curies":[{"name":"wp","href":"https:\/\/api.w.org\/{rel}","templated":true}]}}