{"id":4269,"date":"2025-02-02T16:27:35","date_gmt":"2025-02-02T15:27:35","guid":{"rendered":"https:\/\/www.tamtamsn.com\/location\/?post_type=product&#038;p=4269"},"modified":"2025-02-03T19:11:56","modified_gmt":"2025-02-03T18:11:56","slug":"a-fumee-lourde-pro-martin-glaciator-xstream","status":"publish","type":"product","link":"https:\/\/www.tamtamsn.com\/location\/produit\/a-fumee-lourde-pro-martin-glaciator-xstream\/","title":{"rendered":"Machine \u00e0 Fum\u00e9e lourde Pro Martin GLACIATOR XSTREAM"},"content":{"rendered":"<p>Le JEM\u2122 Glaciator X-Stream cr\u00e9e un effet de brouillard total au sol \u00e0 partir d&rsquo;une unit\u00e9 autonome (pas besoin de CO2 ou de glace s\u00e8che). Il ne n\u00e9cessite qu&rsquo;une source d&rsquo;alimentation et les fluides \u00e0 brouillard \u00e9pais JEM\u2122 simples mais efficaces disponibles en trois densit\u00e9s pour diff\u00e9rents effets de brouillard faible.<\/p>\n<p>Le Glaciator X-Stream abrite un compresseur remarquablement puissant, permettant des niveaux de sortie de brouillard colossaux. Et gr\u00e2ce \u00e0 sa valve d&rsquo;expansion avanc\u00e9e \u00e0 commande \u00e9lectronique, il a un temps de cong\u00e9lation rapide et une r\u00e9cup\u00e9ration rapide lors du d\u00e9clenchement. Cela signifie que le Glaciator X-Stream a une sortie d&rsquo;effet continue, presque infinie, avec une facilit\u00e9 de refroidissement. La conception de son ch\u00e2ssis, avec deux ventilateurs \u00e0 grande vitesse et une ventilation \u00e0 flux intelligent, permet \u00e9galement au Glaciator X-Stream de fonctionner dans des environnements \u00e0 temp\u00e9ratures ambiantes \u00e9lev\u00e9es, jusqu&rsquo;\u00e0 40 \u00b0C (104 \u00b0F). Dot\u00e9 d&rsquo;un syst\u00e8me d&rsquo;\u00e9conomie d&rsquo;\u00e9nergie lorsqu&rsquo;il est passif, le Glaciator X-Stream est consciencieusement efficace en termes d&rsquo;\u00e9nergie et de son, et ses ventilateurs de refroidissement ont un fonctionnement silencieux lorsqu&rsquo;ils sont inactifs, ce qui profite aux applications th\u00e9\u00e2trales et en studio.<\/p>\n<p>Le JEM\u2122 Glaciator X-Stream est la r\u00e9f\u00e9rence en mati\u00e8re de production de brouillard faible pour une utilisation dans les applications de tourn\u00e9e et d&rsquo;installation de spectacles en direct telles que le th\u00e9\u00e2tre, les discoth\u00e8ques, la t\u00e9l\u00e9vision, le studio, la production cin\u00e9matographique et les spectacles en direct.<\/p>\n<p>tarif de location hors consommable.<\/p>\n","protected":false},"excerpt":{"rendered":"<ul>\n<li>Contr\u00f4le DMX<\/li>\n<li>Contr\u00f4le de la densit\u00e9 : faible, moyenne ou \u00e9lev\u00e9e<\/li>\n<li>Diff\u00e9rentes options de fluides pour diff\u00e9rents effets<\/li>\n<\/ul>\n","protected":false},"featured_media":4726,"template":"","meta":[],"product_brand":[],"product_cat":[560],"product_tag":[1300,1297,1296],"class_list":{"0":"post-4269","1":"product","2":"type-product","3":"status-publish","4":"has-post-thumbnail","6":"product_cat-machine-a-effets","7":"product_tag-grosse-machine-a-fumee","8":"product_tag-machine-a-effet","9":"product_tag-machine-a-fumee","10":"pa_marque-chauvet","12":"first","13":"instock","14":"taxable","15":"shipping-taxable","16":"purchasable","17":"product-type-simple"},"yoast_head":"<!-- This site is optimized with the Yoast SEO Premium plugin v27.3 (Yoast SEO v27.3) - https:\/\/yoast.com\/product\/yoast-seo-premium-wordpress\/ -->\n<title>Location de machine \u00e0 fum\u00e9e lourde martin glaciator xstream<\/title>\n<meta name=\"description\" content=\"Location de machine \u00e0 fum\u00e9e lourde pour votre \u00e9v\u00e9nement entre Annemasse, Bonneville, Annecy. Location de Mat\u00e9riel de Sonorisation, Eclairage et Vid\u00e9o en Haute-Savoie.\" \/>\n<meta name=\"robots\" content=\"index, follow, max-snippet:-1, max-image-preview:large, max-video-preview:-1\" \/>\n<link rel=\"canonical\" href=\"https:\/\/www.tamtamsn.com\/location\/produit\/a-fumee-lourde-pro-martin-glaciator-xstream\/\" \/>\n<meta property=\"og:locale\" content=\"fr_FR\" \/>\n<meta property=\"og:type\" content=\"article\" \/>\n<meta property=\"og:title\" content=\"Machine \u00e0 Fum\u00e9e lourde Pro Martin GLACIATOR XSTREAM\" \/>\n<meta property=\"og:description\" content=\"Contr\u00f4le DMX  Contr\u00f4le de la densit\u00e9 : faible, moyenne ou \u00e9lev\u00e9e  Diff\u00e9rentes options de fluides pour diff\u00e9rents effets\" \/>\n<meta property=\"og:url\" content=\"https:\/\/www.tamtamsn.com\/location\/produit\/a-fumee-lourde-pro-martin-glaciator-xstream\/\" \/>\n<meta property=\"og:site_name\" content=\"TAMTAM Annemasse - Espace Location\" \/>\n<meta property=\"article:publisher\" content=\"https:\/\/www.facebook.com\/tamtam74100\" \/>\n<meta property=\"article:modified_time\" content=\"2025-02-03T18:11:56+00:00\" \/>\n<meta property=\"og:image\" content=\"https:\/\/www.tamtamsn.com\/location\/wp-content\/uploads\/sites\/3\/2021\/11\/glaciatorx-stream_large.jpg\" \/>\n\t<meta property=\"og:image:width\" content=\"480\" \/>\n\t<meta property=\"og:image:height\" content=\"480\" \/>\n\t<meta property=\"og:image:type\" content=\"image\/jpeg\" \/>\n<meta name=\"twitter:card\" content=\"summary_large_image\" \/>\n<meta name=\"twitter:label1\" content=\"Dur\u00e9e de lecture estim\u00e9e\" \/>\n\t<meta name=\"twitter:data1\" content=\"2 minutes\" \/>\n<script type=\"application\/ld+json\" class=\"yoast-schema-graph\">{\"@context\":\"https:\\\/\\\/schema.org\",\"@graph\":[{\"@type\":[\"WebPage\",\"ItemPage\"],\"@id\":\"https:\\\/\\\/www.tamtamsn.com\\\/location\\\/produit\\\/a-fumee-lourde-pro-martin-glaciator-xstream\\\/\",\"url\":\"https:\\\/\\\/www.tamtamsn.com\\\/location\\\/produit\\\/a-fumee-lourde-pro-martin-glaciator-xstream\\\/\",\"name\":\"Location de machine \u00e0 fum\u00e9e lourde martin glaciator xstream\",\"isPartOf\":{\"@id\":\"https:\\\/\\\/www.tamtamsn.com\\\/location\\\/#website\"},\"primaryImageOfPage\":{\"@id\":\"https:\\\/\\\/www.tamtamsn.com\\\/location\\\/produit\\\/a-fumee-lourde-pro-martin-glaciator-xstream\\\/#primaryimage\"},\"image\":{\"@id\":\"https:\\\/\\\/www.tamtamsn.com\\\/location\\\/produit\\\/a-fumee-lourde-pro-martin-glaciator-xstream\\\/#primaryimage\"},\"thumbnailUrl\":\"https:\\\/\\\/www.tamtamsn.com\\\/location\\\/wp-content\\\/uploads\\\/sites\\\/3\\\/2021\\\/11\\\/glaciatorx-stream_large.jpg\",\"datePublished\":\"2025-02-02T15:27:35+00:00\",\"dateModified\":\"2025-02-03T18:11:56+00:00\",\"description\":\"Location de machine \u00e0 fum\u00e9e lourde pour votre \u00e9v\u00e9nement entre Annemasse, Bonneville, Annecy. Location de Mat\u00e9riel de Sonorisation, Eclairage et Vid\u00e9o en Haute-Savoie.\",\"breadcrumb\":{\"@id\":\"https:\\\/\\\/www.tamtamsn.com\\\/location\\\/produit\\\/a-fumee-lourde-pro-martin-glaciator-xstream\\\/#breadcrumb\"},\"inLanguage\":\"fr-FR\",\"potentialAction\":[{\"@type\":\"ReadAction\",\"target\":[\"https:\\\/\\\/www.tamtamsn.com\\\/location\\\/produit\\\/a-fumee-lourde-pro-martin-glaciator-xstream\\\/\"]}]},{\"@type\":\"ImageObject\",\"inLanguage\":\"fr-FR\",\"@id\":\"https:\\\/\\\/www.tamtamsn.com\\\/location\\\/produit\\\/a-fumee-lourde-pro-martin-glaciator-xstream\\\/#primaryimage\",\"url\":\"https:\\\/\\\/www.tamtamsn.com\\\/location\\\/wp-content\\\/uploads\\\/sites\\\/3\\\/2021\\\/11\\\/glaciatorx-stream_large.jpg\",\"contentUrl\":\"https:\\\/\\\/www.tamtamsn.com\\\/location\\\/wp-content\\\/uploads\\\/sites\\\/3\\\/2021\\\/11\\\/glaciatorx-stream_large.jpg\",\"width\":480,\"height\":480,\"caption\":\"Martin glaciator x-stream\"},{\"@type\":\"BreadcrumbList\",\"@id\":\"https:\\\/\\\/www.tamtamsn.com\\\/location\\\/produit\\\/a-fumee-lourde-pro-martin-glaciator-xstream\\\/#breadcrumb\",\"itemListElement\":[{\"@type\":\"ListItem\",\"position\":1,\"name\":\"Catalogue de Location de Mat\u00e9riel de Sonorisation, Eclairage &amp; Vid\u00e9o en Haute-Savoie\",\"item\":\"https:\\\/\\\/www.tamtamsn.com\\\/location\\\/\"},{\"@type\":\"ListItem\",\"position\":2,\"name\":\"Notre Catalogue Location en ligne\",\"item\":\"https:\\\/\\\/www.tamtamsn.com\\\/location\\\/catalogue-en-ligne-location-sonorisation-eclairage-video\\\/\"},{\"@type\":\"ListItem\",\"position\":3,\"name\":\"Grosse Machine \u00e0 Fum\u00e9e\",\"item\":\"https:\\\/\\\/www.tamtamsn.com\\\/location\\\/etiquette-produit\\\/grosse-machine-a-fumee\\\/\"},{\"@type\":\"ListItem\",\"position\":4,\"name\":\"Machine \u00e0 Fum\u00e9e lourde Pro Martin GLACIATOR XSTREAM\"}]},{\"@type\":\"WebSite\",\"@id\":\"https:\\\/\\\/www.tamtamsn.com\\\/location\\\/#website\",\"url\":\"https:\\\/\\\/www.tamtamsn.com\\\/location\\\/\",\"name\":\"TAMTAM Annemasse - Espace Location\",\"description\":\"Location de mat\u00e9riel de Sonorisation, Eclairage et Vid\u00e9o \u00e0 Annemasse, Haute-Savoie et sur le Bassin Genevois\",\"publisher\":{\"@id\":\"https:\\\/\\\/www.tamtamsn.com\\\/location\\\/#organization\"},\"potentialAction\":[{\"@type\":\"SearchAction\",\"target\":{\"@type\":\"EntryPoint\",\"urlTemplate\":\"https:\\\/\\\/www.tamtamsn.com\\\/location\\\/?s={search_term_string}\"},\"query-input\":{\"@type\":\"PropertyValueSpecification\",\"valueRequired\":true,\"valueName\":\"search_term_string\"}}],\"inLanguage\":\"fr-FR\"},{\"@type\":\"Organization\",\"@id\":\"https:\\\/\\\/www.tamtamsn.com\\\/location\\\/#organization\",\"name\":\"TAMTAM\",\"url\":\"https:\\\/\\\/www.tamtamsn.com\\\/location\\\/\",\"logo\":{\"@type\":\"ImageObject\",\"inLanguage\":\"fr-FR\",\"@id\":\"https:\\\/\\\/www.tamtamsn.com\\\/location\\\/#\\\/schema\\\/logo\\\/image\\\/\",\"url\":\"\",\"contentUrl\":\"\",\"caption\":\"TAMTAM\"},\"image\":{\"@id\":\"https:\\\/\\\/www.tamtamsn.com\\\/location\\\/#\\\/schema\\\/logo\\\/image\\\/\"},\"sameAs\":[\"https:\\\/\\\/www.facebook.com\\\/tamtam74100\"]}]}<\/script>\n<!-- \/ Yoast SEO Premium plugin. -->","yoast_head_json":{"title":"Location de machine \u00e0 fum\u00e9e lourde martin glaciator xstream","description":"Location de machine \u00e0 fum\u00e9e lourde pour votre \u00e9v\u00e9nement entre Annemasse, Bonneville, Annecy. Location de Mat\u00e9riel de Sonorisation, Eclairage et Vid\u00e9o en Haute-Savoie.","robots":{"index":"index","follow":"follow","max-snippet":"max-snippet:-1","max-image-preview":"max-image-preview:large","max-video-preview":"max-video-preview:-1"},"canonical":"https:\/\/www.tamtamsn.com\/location\/produit\/a-fumee-lourde-pro-martin-glaciator-xstream\/","og_locale":"fr_FR","og_type":"article","og_title":"Machine \u00e0 Fum\u00e9e lourde Pro Martin GLACIATOR XSTREAM","og_description":"Contr\u00f4le DMX  Contr\u00f4le de la densit\u00e9 : faible, moyenne ou \u00e9lev\u00e9e  Diff\u00e9rentes options de fluides pour diff\u00e9rents effets","og_url":"https:\/\/www.tamtamsn.com\/location\/produit\/a-fumee-lourde-pro-martin-glaciator-xstream\/","og_site_name":"TAMTAM Annemasse - Espace Location","article_publisher":"https:\/\/www.facebook.com\/tamtam74100","article_modified_time":"2025-02-03T18:11:56+00:00","og_image":[{"width":480,"height":480,"url":"https:\/\/www.tamtamsn.com\/location\/wp-content\/uploads\/sites\/3\/2021\/11\/glaciatorx-stream_large.jpg","type":"image\/jpeg"}],"twitter_card":"summary_large_image","twitter_misc":{"Dur\u00e9e de lecture estim\u00e9e":"2 minutes"},"schema":{"@context":"https:\/\/schema.org","@graph":[{"@type":["WebPage","ItemPage"],"@id":"https:\/\/www.tamtamsn.com\/location\/produit\/a-fumee-lourde-pro-martin-glaciator-xstream\/","url":"https:\/\/www.tamtamsn.com\/location\/produit\/a-fumee-lourde-pro-martin-glaciator-xstream\/","name":"Location de machine \u00e0 fum\u00e9e lourde martin glaciator xstream","isPartOf":{"@id":"https:\/\/www.tamtamsn.com\/location\/#website"},"primaryImageOfPage":{"@id":"https:\/\/www.tamtamsn.com\/location\/produit\/a-fumee-lourde-pro-martin-glaciator-xstream\/#primaryimage"},"image":{"@id":"https:\/\/www.tamtamsn.com\/location\/produit\/a-fumee-lourde-pro-martin-glaciator-xstream\/#primaryimage"},"thumbnailUrl":"https:\/\/www.tamtamsn.com\/location\/wp-content\/uploads\/sites\/3\/2021\/11\/glaciatorx-stream_large.jpg","datePublished":"2025-02-02T15:27:35+00:00","dateModified":"2025-02-03T18:11:56+00:00","description":"Location de machine \u00e0 fum\u00e9e lourde pour votre \u00e9v\u00e9nement entre Annemasse, Bonneville, Annecy. Location de Mat\u00e9riel de Sonorisation, Eclairage et Vid\u00e9o en Haute-Savoie.","breadcrumb":{"@id":"https:\/\/www.tamtamsn.com\/location\/produit\/a-fumee-lourde-pro-martin-glaciator-xstream\/#breadcrumb"},"inLanguage":"fr-FR","potentialAction":[{"@type":"ReadAction","target":["https:\/\/www.tamtamsn.com\/location\/produit\/a-fumee-lourde-pro-martin-glaciator-xstream\/"]}]},{"@type":"ImageObject","inLanguage":"fr-FR","@id":"https:\/\/www.tamtamsn.com\/location\/produit\/a-fumee-lourde-pro-martin-glaciator-xstream\/#primaryimage","url":"https:\/\/www.tamtamsn.com\/location\/wp-content\/uploads\/sites\/3\/2021\/11\/glaciatorx-stream_large.jpg","contentUrl":"https:\/\/www.tamtamsn.com\/location\/wp-content\/uploads\/sites\/3\/2021\/11\/glaciatorx-stream_large.jpg","width":480,"height":480,"caption":"Martin glaciator x-stream"},{"@type":"BreadcrumbList","@id":"https:\/\/www.tamtamsn.com\/location\/produit\/a-fumee-lourde-pro-martin-glaciator-xstream\/#breadcrumb","itemListElement":[{"@type":"ListItem","position":1,"name":"Catalogue de Location de Mat\u00e9riel de Sonorisation, Eclairage &amp; Vid\u00e9o en Haute-Savoie","item":"https:\/\/www.tamtamsn.com\/location\/"},{"@type":"ListItem","position":2,"name":"Notre Catalogue Location en ligne","item":"https:\/\/www.tamtamsn.com\/location\/catalogue-en-ligne-location-sonorisation-eclairage-video\/"},{"@type":"ListItem","position":3,"name":"Grosse Machine \u00e0 Fum\u00e9e","item":"https:\/\/www.tamtamsn.com\/location\/etiquette-produit\/grosse-machine-a-fumee\/"},{"@type":"ListItem","position":4,"name":"Machine \u00e0 Fum\u00e9e lourde Pro Martin GLACIATOR XSTREAM"}]},{"@type":"WebSite","@id":"https:\/\/www.tamtamsn.com\/location\/#website","url":"https:\/\/www.tamtamsn.com\/location\/","name":"TAMTAM Annemasse - Espace Location","description":"Location de mat\u00e9riel de Sonorisation, Eclairage et Vid\u00e9o \u00e0 Annemasse, Haute-Savoie et sur le Bassin Genevois","publisher":{"@id":"https:\/\/www.tamtamsn.com\/location\/#organization"},"potentialAction":[{"@type":"SearchAction","target":{"@type":"EntryPoint","urlTemplate":"https:\/\/www.tamtamsn.com\/location\/?s={search_term_string}"},"query-input":{"@type":"PropertyValueSpecification","valueRequired":true,"valueName":"search_term_string"}}],"inLanguage":"fr-FR"},{"@type":"Organization","@id":"https:\/\/www.tamtamsn.com\/location\/#organization","name":"TAMTAM","url":"https:\/\/www.tamtamsn.com\/location\/","logo":{"@type":"ImageObject","inLanguage":"fr-FR","@id":"https:\/\/www.tamtamsn.com\/location\/#\/schema\/logo\/image\/","url":"","contentUrl":"","caption":"TAMTAM"},"image":{"@id":"https:\/\/www.tamtamsn.com\/location\/#\/schema\/logo\/image\/"},"sameAs":["https:\/\/www.facebook.com\/tamtam74100"]}]}},"jetpack_sharing_enabled":true,"_links":{"self":[{"href":"https:\/\/www.tamtamsn.com\/location\/wp-json\/wp\/v2\/product\/4269","targetHints":{"allow":["GET"]}}],"collection":[{"href":"https:\/\/www.tamtamsn.com\/location\/wp-json\/wp\/v2\/product"}],"about":[{"href":"https:\/\/www.tamtamsn.com\/location\/wp-json\/wp\/v2\/types\/product"}],"wp:featuredmedia":[{"embeddable":true,"href":"https:\/\/www.tamtamsn.com\/location\/wp-json\/wp\/v2\/media\/4726"}],"wp:attachment":[{"href":"https:\/\/www.tamtamsn.com\/location\/wp-json\/wp\/v2\/media?parent=4269"}],"wp:term":[{"taxonomy":"product_brand","embeddable":true,"href":"https:\/\/www.tamtamsn.com\/location\/wp-json\/wp\/v2\/product_brand?post=4269"},{"taxonomy":"product_cat","embeddable":true,"href":"https:\/\/www.tamtamsn.com\/location\/wp-json\/wp\/v2\/product_cat?post=4269"},{"taxonomy":"product_tag","embeddable":true,"href":"https:\/\/www.tamtamsn.com\/location\/wp-json\/wp\/v2\/product_tag?post=4269"}],"curies":[{"name":"wp","href":"https:\/\/api.w.org\/{rel}","templated":true}]}}