{"id":4242,"date":"2021-10-21T17:45:07","date_gmt":"2021-10-21T15:45:07","guid":{"rendered":"https:\/\/www.tamtamsn.com\/location\/?post_type=product&#038;p=4242"},"modified":"2025-08-13T15:37:43","modified_gmt":"2025-08-13T13:37:43","slug":"guirlande-guinguette-exterieur-15m-chauvet-festoon-2","status":"publish","type":"product","link":"https:\/\/www.tamtamsn.com\/location\/produit\/guirlande-guinguette-exterieur-15m-chauvet-festoon-2\/","title":{"rendered":"Guirlande Guinguette Int\u00e9rieur &#038; Ext\u00e9rieur 15m CHAUVET Festoon 2"},"content":{"rendered":"<p>La Guirlande guinguette LED CHAUVET Festoon 2 RGB, propos\u00e9e en location, est un syst\u00e8me d\u2019\u00e9clairage d\u00e9coratif qui reproduit l\u2019\u00e9clairage d\u2019\u00e9v\u00e9nement vintage.<br \/>\n<em>Cette guirlande, de 15m, est totalement \u00e9tanche, IP54, et donc utilisable en int\u00e9rieur comme en ext\u00e9rieur.<\/em><\/p>\n<p>La Guirlande guinguette LED CHAUVET Festoon 2 RGB est compl\u00e8tement pixel-mappable et permet donc de r\u00e9aliser l&rsquo;ambiance de votre choix <em>(Couleurs, Effets Arc-en-ciel, Flash, etc&#8230;)<\/em>.<br \/>\n<em>La guirlande LED inclus des programmes automatis\u00e9s mais peut \u00e9galement \u00eatre contr\u00f4l\u00e9e en DMX.<\/em><\/p>\n<p><iframe loading=\"lazy\" title=\"YouTube video player\" src=\"https:\/\/www.youtube.com\/embed\/XlrwCFKc0SA\" width=\"560\" height=\"315\" frameborder=\"0\" allowfullscreen=\"allowfullscreen\"><\/iframe><\/p>\n<p><span style=\"text-decoration: underline;\"><strong>Caract\u00e9ristiques Techniques:<\/strong><\/span><\/p>\n<ul>\n<li>Guirlande de 15m<\/li>\n<li>20x Ampoules LED RGB de 2w<\/li>\n<li>Angle de couverture: 360\u00b0<\/li>\n<li>Fr\u00e9quence stroboscopique: 0 \u00e0 10 Hz<\/li>\n<li>Indice IP: IP54<\/li>\n<li>Rallonge de 5m incluse<\/li>\n<li>Canaux DMX: 3, 9, Pixel ou Pixel+<\/li>\n<\/ul>\n<p>&nbsp;<\/p>\n<p style=\"text-align: center;\"><b>Retrouvez tout notre catalogue de <a href=\"https:\/\/www.tamtamsn.com\/location\/categorie-produit\/eclairage\/\">location d&rsquo;Eclairage en Haute-Savoie.<\/a><\/b><\/p>\n<p>&nbsp;<\/p>\n<p style=\"text-align: center;\"><strong>Le Produit est \u00e9galement disponible \u00e0 la Vente:<\/strong><br \/>\nAchetez une\u00a0<a href=\"https:\/\/www.tamtamsn.com\/categorie-produit\/eclairage\/projecteur-led\/\">Guirlande CHAUVET Festoon 2<\/a> dans votre magasin d&rsquo;Annemasse<\/p>\n","protected":false},"excerpt":{"rendered":"<ul>\n<li>Guirlande guinguette 15m de 20 ampoules<\/li>\n<li><em>Utilisable en int\u00e9rieur comme en ext\u00e9rieur<\/em><\/li>\n<li>Effet au choix <em>(Couleurs unis, Effets Arc-en-ciel, Flash, etc&#8230;)<\/em><\/li>\n<\/ul>\n","protected":false},"featured_media":4254,"template":"","meta":[],"product_brand":[],"product_cat":[553,1517,1514],"product_tag":[1461,1463,1462],"class_list":{"0":"post-4242","1":"product","2":"type-product","3":"status-publish","4":"has-post-thumbnail","6":"product_cat-eclairage-light-oeuvre","7":"product_cat-effet-animation","8":"product_cat-projecteur-colorisation","9":"product_tag-location-guirlande","10":"product_tag-location-guirlande-guinguette","11":"product_tag-location-guirlande-led","12":"pa_marque-chauvet","14":"first","15":"instock","16":"taxable","17":"shipping-taxable","18":"purchasable","19":"product-type-simple"},"yoast_head":"<!-- This site is optimized with the Yoast SEO Premium plugin v27.4 (Yoast SEO v27.6) - https:\/\/yoast.com\/product\/yoast-seo-premium-wordpress\/ -->\n<title>Location de Guirlande Guinguette 15m Festoon 2 - TAMTAM Annemasse<\/title>\n<meta name=\"description\" content=\"Location de Guirlande Guinguette Int\u00e9rieur &amp; Ext\u00e9rieur 15m CHAUVET Festoon 2 pour votre \u00e9v\u00e9nement entre Annemasse, Gen\u00e8ve, Bonneville, Annecy. Location de Mat\u00e9riel d&#039;Eclairage en Haute-Savoie.\" \/>\n<meta name=\"robots\" content=\"index, follow, max-snippet:-1, max-image-preview:large, max-video-preview:-1\" \/>\n<link rel=\"canonical\" href=\"https:\/\/www.tamtamsn.com\/location\/produit\/guirlande-guinguette-exterieur-15m-chauvet-festoon-2\/\" \/>\n<meta property=\"og:locale\" content=\"fr_FR\" \/>\n<meta property=\"og:type\" content=\"article\" \/>\n<meta property=\"og:title\" content=\"Guirlande Guinguette Int\u00e9rieur &amp; Ext\u00e9rieur 15m CHAUVET Festoon 2\" \/>\n<meta property=\"og:description\" content=\"Guirlande guinguette 15m de 20 ampoules  Utilisable en int\u00e9rieur comme en ext\u00e9rieur  Effet au choix (Couleurs unis, Effets Arc-en-ciel, Flash, etc...)\" \/>\n<meta property=\"og:url\" content=\"https:\/\/www.tamtamsn.com\/location\/produit\/guirlande-guinguette-exterieur-15m-chauvet-festoon-2\/\" \/>\n<meta property=\"og:site_name\" content=\"TAMTAM Annemasse - Espace Location\" \/>\n<meta property=\"article:publisher\" content=\"https:\/\/www.facebook.com\/tamtam74100\" \/>\n<meta property=\"article:modified_time\" content=\"2025-08-13T13:37:43+00:00\" \/>\n<meta property=\"og:image\" content=\"https:\/\/www.tamtamsn.com\/location\/wp-content\/uploads\/sites\/3\/2021\/10\/CHAUVET-Festoon-2-1.jpeg\" \/>\n\t<meta property=\"og:image:width\" content=\"2048\" \/>\n\t<meta property=\"og:image:height\" content=\"1152\" \/>\n\t<meta property=\"og:image:type\" content=\"image\/jpeg\" \/>\n<meta name=\"twitter:card\" content=\"summary_large_image\" \/>\n<meta name=\"twitter:label1\" content=\"Dur\u00e9e de lecture estim\u00e9e\" \/>\n\t<meta name=\"twitter:data1\" content=\"1 minute\" \/>\n<script type=\"application\/ld+json\" class=\"yoast-schema-graph\">{\"@context\":\"https:\\\/\\\/schema.org\",\"@graph\":[{\"@type\":[\"WebPage\",\"ItemPage\"],\"@id\":\"https:\\\/\\\/www.tamtamsn.com\\\/location\\\/produit\\\/guirlande-guinguette-exterieur-15m-chauvet-festoon-2\\\/\",\"url\":\"https:\\\/\\\/www.tamtamsn.com\\\/location\\\/produit\\\/guirlande-guinguette-exterieur-15m-chauvet-festoon-2\\\/\",\"name\":\"Location de Guirlande Guinguette 15m Festoon 2 - TAMTAM Annemasse\",\"isPartOf\":{\"@id\":\"https:\\\/\\\/www.tamtamsn.com\\\/location\\\/#website\"},\"primaryImageOfPage\":{\"@id\":\"https:\\\/\\\/www.tamtamsn.com\\\/location\\\/produit\\\/guirlande-guinguette-exterieur-15m-chauvet-festoon-2\\\/#primaryimage\"},\"image\":{\"@id\":\"https:\\\/\\\/www.tamtamsn.com\\\/location\\\/produit\\\/guirlande-guinguette-exterieur-15m-chauvet-festoon-2\\\/#primaryimage\"},\"thumbnailUrl\":\"https:\\\/\\\/www.tamtamsn.com\\\/location\\\/wp-content\\\/uploads\\\/sites\\\/3\\\/2021\\\/10\\\/CHAUVET-Festoon-2-1.jpeg\",\"datePublished\":\"2021-10-21T15:45:07+00:00\",\"dateModified\":\"2025-08-13T13:37:43+00:00\",\"description\":\"Location de Guirlande Guinguette Int\u00e9rieur & Ext\u00e9rieur 15m CHAUVET Festoon 2 pour votre \u00e9v\u00e9nement entre Annemasse, Gen\u00e8ve, Bonneville, Annecy. Location de Mat\u00e9riel d'Eclairage en Haute-Savoie.\",\"breadcrumb\":{\"@id\":\"https:\\\/\\\/www.tamtamsn.com\\\/location\\\/produit\\\/guirlande-guinguette-exterieur-15m-chauvet-festoon-2\\\/#breadcrumb\"},\"inLanguage\":\"fr-FR\",\"potentialAction\":[{\"@type\":\"ReadAction\",\"target\":[\"https:\\\/\\\/www.tamtamsn.com\\\/location\\\/produit\\\/guirlande-guinguette-exterieur-15m-chauvet-festoon-2\\\/\"]}]},{\"@type\":\"ImageObject\",\"inLanguage\":\"fr-FR\",\"@id\":\"https:\\\/\\\/www.tamtamsn.com\\\/location\\\/produit\\\/guirlande-guinguette-exterieur-15m-chauvet-festoon-2\\\/#primaryimage\",\"url\":\"https:\\\/\\\/www.tamtamsn.com\\\/location\\\/wp-content\\\/uploads\\\/sites\\\/3\\\/2021\\\/10\\\/CHAUVET-Festoon-2-1.jpeg\",\"contentUrl\":\"https:\\\/\\\/www.tamtamsn.com\\\/location\\\/wp-content\\\/uploads\\\/sites\\\/3\\\/2021\\\/10\\\/CHAUVET-Festoon-2-1.jpeg\",\"width\":2048,\"height\":1152,\"caption\":\"Location Guirlande Guinguette Ext\u00e9rieur 15m RVB CHAUVET Festoon 2 \u00e0 Annemasse, en Haute-Savoie.\"},{\"@type\":\"BreadcrumbList\",\"@id\":\"https:\\\/\\\/www.tamtamsn.com\\\/location\\\/produit\\\/guirlande-guinguette-exterieur-15m-chauvet-festoon-2\\\/#breadcrumb\",\"itemListElement\":[{\"@type\":\"ListItem\",\"position\":1,\"name\":\"Catalogue de Location de Mat\u00e9riel de Sonorisation, Eclairage &amp; Vid\u00e9o en Haute-Savoie\",\"item\":\"https:\\\/\\\/www.tamtamsn.com\\\/location\\\/\"},{\"@type\":\"ListItem\",\"position\":2,\"name\":\"Notre Catalogue Location en ligne\",\"item\":\"https:\\\/\\\/www.tamtamsn.com\\\/location\\\/catalogue-en-ligne-location-sonorisation-eclairage-video\\\/\"},{\"@type\":\"ListItem\",\"position\":3,\"name\":\"location guirlande\",\"item\":\"https:\\\/\\\/www.tamtamsn.com\\\/location\\\/etiquette-produit\\\/location-guirlande\\\/\"},{\"@type\":\"ListItem\",\"position\":4,\"name\":\"Guirlande Guinguette Int\u00e9rieur &#038; Ext\u00e9rieur 15m CHAUVET Festoon 2\"}]},{\"@type\":\"WebSite\",\"@id\":\"https:\\\/\\\/www.tamtamsn.com\\\/location\\\/#website\",\"url\":\"https:\\\/\\\/www.tamtamsn.com\\\/location\\\/\",\"name\":\"TAMTAM Annemasse - Espace Location\",\"description\":\"Location de mat\u00e9riel de Sonorisation, Eclairage et Vid\u00e9o \u00e0 Annemasse, Haute-Savoie et sur le Bassin Genevois\",\"publisher\":{\"@id\":\"https:\\\/\\\/www.tamtamsn.com\\\/location\\\/#organization\"},\"potentialAction\":[{\"@type\":\"SearchAction\",\"target\":{\"@type\":\"EntryPoint\",\"urlTemplate\":\"https:\\\/\\\/www.tamtamsn.com\\\/location\\\/?s={search_term_string}\"},\"query-input\":{\"@type\":\"PropertyValueSpecification\",\"valueRequired\":true,\"valueName\":\"search_term_string\"}}],\"inLanguage\":\"fr-FR\"},{\"@type\":\"Organization\",\"@id\":\"https:\\\/\\\/www.tamtamsn.com\\\/location\\\/#organization\",\"name\":\"TAMTAM\",\"url\":\"https:\\\/\\\/www.tamtamsn.com\\\/location\\\/\",\"logo\":{\"@type\":\"ImageObject\",\"inLanguage\":\"fr-FR\",\"@id\":\"https:\\\/\\\/www.tamtamsn.com\\\/location\\\/#\\\/schema\\\/logo\\\/image\\\/\",\"url\":\"\",\"contentUrl\":\"\",\"caption\":\"TAMTAM\"},\"image\":{\"@id\":\"https:\\\/\\\/www.tamtamsn.com\\\/location\\\/#\\\/schema\\\/logo\\\/image\\\/\"},\"sameAs\":[\"https:\\\/\\\/www.facebook.com\\\/tamtam74100\"]}]}<\/script>\n<!-- \/ Yoast SEO Premium plugin. -->","yoast_head_json":{"title":"Location de Guirlande Guinguette 15m Festoon 2 - TAMTAM Annemasse","description":"Location de Guirlande Guinguette Int\u00e9rieur & Ext\u00e9rieur 15m CHAUVET Festoon 2 pour votre \u00e9v\u00e9nement entre Annemasse, Gen\u00e8ve, Bonneville, Annecy. Location de Mat\u00e9riel d'Eclairage en Haute-Savoie.","robots":{"index":"index","follow":"follow","max-snippet":"max-snippet:-1","max-image-preview":"max-image-preview:large","max-video-preview":"max-video-preview:-1"},"canonical":"https:\/\/www.tamtamsn.com\/location\/produit\/guirlande-guinguette-exterieur-15m-chauvet-festoon-2\/","og_locale":"fr_FR","og_type":"article","og_title":"Guirlande Guinguette Int\u00e9rieur & Ext\u00e9rieur 15m CHAUVET Festoon 2","og_description":"Guirlande guinguette 15m de 20 ampoules  Utilisable en int\u00e9rieur comme en ext\u00e9rieur  Effet au choix (Couleurs unis, Effets Arc-en-ciel, Flash, etc...)","og_url":"https:\/\/www.tamtamsn.com\/location\/produit\/guirlande-guinguette-exterieur-15m-chauvet-festoon-2\/","og_site_name":"TAMTAM Annemasse - Espace Location","article_publisher":"https:\/\/www.facebook.com\/tamtam74100","article_modified_time":"2025-08-13T13:37:43+00:00","og_image":[{"width":2048,"height":1152,"url":"https:\/\/www.tamtamsn.com\/location\/wp-content\/uploads\/sites\/3\/2021\/10\/CHAUVET-Festoon-2-1.jpeg","type":"image\/jpeg"}],"twitter_card":"summary_large_image","twitter_misc":{"Dur\u00e9e de lecture estim\u00e9e":"1 minute"},"schema":{"@context":"https:\/\/schema.org","@graph":[{"@type":["WebPage","ItemPage"],"@id":"https:\/\/www.tamtamsn.com\/location\/produit\/guirlande-guinguette-exterieur-15m-chauvet-festoon-2\/","url":"https:\/\/www.tamtamsn.com\/location\/produit\/guirlande-guinguette-exterieur-15m-chauvet-festoon-2\/","name":"Location de Guirlande Guinguette 15m Festoon 2 - TAMTAM Annemasse","isPartOf":{"@id":"https:\/\/www.tamtamsn.com\/location\/#website"},"primaryImageOfPage":{"@id":"https:\/\/www.tamtamsn.com\/location\/produit\/guirlande-guinguette-exterieur-15m-chauvet-festoon-2\/#primaryimage"},"image":{"@id":"https:\/\/www.tamtamsn.com\/location\/produit\/guirlande-guinguette-exterieur-15m-chauvet-festoon-2\/#primaryimage"},"thumbnailUrl":"https:\/\/www.tamtamsn.com\/location\/wp-content\/uploads\/sites\/3\/2021\/10\/CHAUVET-Festoon-2-1.jpeg","datePublished":"2021-10-21T15:45:07+00:00","dateModified":"2025-08-13T13:37:43+00:00","description":"Location de Guirlande Guinguette Int\u00e9rieur & Ext\u00e9rieur 15m CHAUVET Festoon 2 pour votre \u00e9v\u00e9nement entre Annemasse, Gen\u00e8ve, Bonneville, Annecy. Location de Mat\u00e9riel d'Eclairage en Haute-Savoie.","breadcrumb":{"@id":"https:\/\/www.tamtamsn.com\/location\/produit\/guirlande-guinguette-exterieur-15m-chauvet-festoon-2\/#breadcrumb"},"inLanguage":"fr-FR","potentialAction":[{"@type":"ReadAction","target":["https:\/\/www.tamtamsn.com\/location\/produit\/guirlande-guinguette-exterieur-15m-chauvet-festoon-2\/"]}]},{"@type":"ImageObject","inLanguage":"fr-FR","@id":"https:\/\/www.tamtamsn.com\/location\/produit\/guirlande-guinguette-exterieur-15m-chauvet-festoon-2\/#primaryimage","url":"https:\/\/www.tamtamsn.com\/location\/wp-content\/uploads\/sites\/3\/2021\/10\/CHAUVET-Festoon-2-1.jpeg","contentUrl":"https:\/\/www.tamtamsn.com\/location\/wp-content\/uploads\/sites\/3\/2021\/10\/CHAUVET-Festoon-2-1.jpeg","width":2048,"height":1152,"caption":"Location Guirlande Guinguette Ext\u00e9rieur 15m RVB CHAUVET Festoon 2 \u00e0 Annemasse, en Haute-Savoie."},{"@type":"BreadcrumbList","@id":"https:\/\/www.tamtamsn.com\/location\/produit\/guirlande-guinguette-exterieur-15m-chauvet-festoon-2\/#breadcrumb","itemListElement":[{"@type":"ListItem","position":1,"name":"Catalogue de Location de Mat\u00e9riel de Sonorisation, Eclairage &amp; Vid\u00e9o en Haute-Savoie","item":"https:\/\/www.tamtamsn.com\/location\/"},{"@type":"ListItem","position":2,"name":"Notre Catalogue Location en ligne","item":"https:\/\/www.tamtamsn.com\/location\/catalogue-en-ligne-location-sonorisation-eclairage-video\/"},{"@type":"ListItem","position":3,"name":"location guirlande","item":"https:\/\/www.tamtamsn.com\/location\/etiquette-produit\/location-guirlande\/"},{"@type":"ListItem","position":4,"name":"Guirlande Guinguette Int\u00e9rieur &#038; Ext\u00e9rieur 15m CHAUVET Festoon 2"}]},{"@type":"WebSite","@id":"https:\/\/www.tamtamsn.com\/location\/#website","url":"https:\/\/www.tamtamsn.com\/location\/","name":"TAMTAM Annemasse - Espace Location","description":"Location de mat\u00e9riel de Sonorisation, Eclairage et Vid\u00e9o \u00e0 Annemasse, Haute-Savoie et sur le Bassin Genevois","publisher":{"@id":"https:\/\/www.tamtamsn.com\/location\/#organization"},"potentialAction":[{"@type":"SearchAction","target":{"@type":"EntryPoint","urlTemplate":"https:\/\/www.tamtamsn.com\/location\/?s={search_term_string}"},"query-input":{"@type":"PropertyValueSpecification","valueRequired":true,"valueName":"search_term_string"}}],"inLanguage":"fr-FR"},{"@type":"Organization","@id":"https:\/\/www.tamtamsn.com\/location\/#organization","name":"TAMTAM","url":"https:\/\/www.tamtamsn.com\/location\/","logo":{"@type":"ImageObject","inLanguage":"fr-FR","@id":"https:\/\/www.tamtamsn.com\/location\/#\/schema\/logo\/image\/","url":"","contentUrl":"","caption":"TAMTAM"},"image":{"@id":"https:\/\/www.tamtamsn.com\/location\/#\/schema\/logo\/image\/"},"sameAs":["https:\/\/www.facebook.com\/tamtam74100"]}]}},"jetpack_sharing_enabled":true,"_links":{"self":[{"href":"https:\/\/www.tamtamsn.com\/location\/wp-json\/wp\/v2\/product\/4242","targetHints":{"allow":["GET"]}}],"collection":[{"href":"https:\/\/www.tamtamsn.com\/location\/wp-json\/wp\/v2\/product"}],"about":[{"href":"https:\/\/www.tamtamsn.com\/location\/wp-json\/wp\/v2\/types\/product"}],"wp:featuredmedia":[{"embeddable":true,"href":"https:\/\/www.tamtamsn.com\/location\/wp-json\/wp\/v2\/media\/4254"}],"wp:attachment":[{"href":"https:\/\/www.tamtamsn.com\/location\/wp-json\/wp\/v2\/media?parent=4242"}],"wp:term":[{"taxonomy":"product_brand","embeddable":true,"href":"https:\/\/www.tamtamsn.com\/location\/wp-json\/wp\/v2\/product_brand?post=4242"},{"taxonomy":"product_cat","embeddable":true,"href":"https:\/\/www.tamtamsn.com\/location\/wp-json\/wp\/v2\/product_cat?post=4242"},{"taxonomy":"product_tag","embeddable":true,"href":"https:\/\/www.tamtamsn.com\/location\/wp-json\/wp\/v2\/product_tag?post=4242"}],"curies":[{"name":"wp","href":"https:\/\/api.w.org\/{rel}","templated":true}]}}