{"id":4155,"date":"2021-05-13T14:19:40","date_gmt":"2021-05-13T12:19:40","guid":{"rendered":"https:\/\/www.tamtamsn.com\/location\/?post_type=product&#038;p=4155"},"modified":"2025-02-03T17:48:56","modified_gmt":"2025-02-03T16:48:56","slug":"location-du-pack-move","status":"publish","type":"product","link":"https:\/\/www.tamtamsn.com\/location\/produit\/location-du-pack-move\/","title":{"rendered":"Pack Move"},"content":{"rendered":"<p>La Location du Pack Move inclus un <a href=\"https:\/\/www.tamtamsn.com\/location\/produit\/pack-chauvet-gigbar-move\/\">Gigbar Move ILS<\/a>et une <a href=\"https:\/\/www.tamtamsn.com\/location\/produit\/machine-a-fumee-petit-modele\/\">Machine \u00e0 Fum\u00e9e<\/a>.<br \/>\n<em>Le Pack Move est pens\u00e9 pour \u00eatre utilis\u00e9 par tous : vous branchez et vous dansez.<\/em><\/p>\n<p><iframe loading=\"lazy\" title=\"YouTube video player\" src=\"https:\/\/www.youtube.com\/embed\/Lf8UF7d58Cg\" width=\"560\" height=\"315\" frameborder=\"0\" allowfullscreen=\"allowfullscreen\"><\/iframe><\/p>\n<p>Premi\u00e8rement, le Pack Move poss\u00e8de &lsquo;une tr\u00e8s bonne puissance, ce qui rend les Jeux de Lumi\u00e8re remarquables.<\/p>\n<p>Alors parfaitement mis en valeur gr\u00e2ce \u00e0 la fum\u00e9e qui permet aux couleurs de ressortir pleinement, vous serez irr\u00e9sistiblement attir\u00e9s sur la piste de danse.<\/p>\n<p>Deuxi\u00e8mement il est parfait pour vos soir\u00e9es, f\u00eates, anniversaires ou autres car les diff\u00e9rents effets de la barre sont adapt\u00e9s \u00e0 tous les styles de musique.<\/p>\n<p>Enfin la Location du Pack Move pr\u00e9sente un atout majeur car sa mise en place est tr\u00e8s simple et ne n\u00e9cessite aucune qualification particuli\u00e8re gr\u00e2ce \u00e0 sa fonction musicale.<\/p>\n<p>En conclusion le Pack Move de part ses multiples possibilit\u00e9s est parfait pour tous les types de soir\u00e9es.<\/p>\n<p><span style=\"text-decoration: underline;\"><strong>Caract\u00e9ristiques Techniques:<\/strong><\/span><\/p>\n<ul>\n<li><strong>11 effets lumi\u00e8re diff\u00e9rents sur 1 seule barre<\/strong><\/li>\n<li>La Machine \u00e0 Fum\u00e9e de 700w trace les faisceaux lumineux pour un rendu comme en discoth\u00e8que<\/li>\n<li><strong>Fonctionne au rythme de la musique<\/strong><\/li>\n<li>Produit Plug&amp;Play = Montage en 2 minutes<\/li>\n<li>Possibilit\u00e9 d&rsquo;utiliser sa t\u00e9l\u00e9commande<\/li>\n<li>Livr\u00e9 avec son pied<\/li>\n<\/ul>\n<p>&nbsp;<\/p>\n<div class=\"foule_icone icone_text\" style=\"text-align: center;\"><img decoding=\"async\" data-attachment-id=\"3726\" data-permalink=\"https:\/\/www.tamtamsn.com\/location\/?attachment_id=3726\" data-orig-file=\"https:\/\/www.tamtamsn.com\/location\/wp-content\/uploads\/sites\/3\/2020\/05\/Foule_icone.png\" data-orig-size=\"383,187\" data-comments-opened=\"1\" data-image-meta=\"{&quot;aperture&quot;:&quot;0&quot;,&quot;credit&quot;:&quot;&quot;,&quot;camera&quot;:&quot;&quot;,&quot;caption&quot;:&quot;&quot;,&quot;created_timestamp&quot;:&quot;0&quot;,&quot;copyright&quot;:&quot;&quot;,&quot;focal_length&quot;:&quot;0&quot;,&quot;iso&quot;:&quot;0&quot;,&quot;shutter_speed&quot;:&quot;0&quot;,&quot;title&quot;:&quot;&quot;,&quot;orientation&quot;:&quot;0&quot;}\" data-image-title=\"Foule icone\" data-image-description=\"&lt;p&gt;Foule icone&lt;\/p&gt;\n\" data-image-caption=\"&lt;p&gt;Foule icone&lt;\/p&gt;\n\" data-large-file=\"https:\/\/www.tamtamsn.com\/location\/wp-content\/uploads\/sites\/3\/2020\/05\/Foule_icone.png\" class=\"alignnone wp-image-3726\" src=\"https:\/\/www.tamtamsn.com\/location\/wp-content\/uploads\/sites\/3\/2020\/05\/Foule_icone.png\" alt=\"Nbr de Personnes\" width=\"270\" height=\"132\" srcset=\"https:\/\/www.tamtamsn.com\/location\/wp-content\/uploads\/sites\/3\/2020\/05\/Foule_icone.png 383w, https:\/\/www.tamtamsn.com\/location\/wp-content\/uploads\/sites\/3\/2020\/05\/Foule_icone-300x146.png 300w, https:\/\/www.tamtamsn.com\/location\/wp-content\/uploads\/sites\/3\/2020\/05\/Foule_icone-150x73.png 150w, https:\/\/www.tamtamsn.com\/location\/wp-content\/uploads\/sites\/3\/2020\/05\/Foule_icone-64x31.png 64w\" sizes=\"(max-width: 270px) 100vw, 270px\" \/><strong>Id\u00e9al pour vos soir\u00e9es dansantes jusqu&rsquo;\u00e0 100 personnes.<\/strong><\/div>\n<p style=\"text-align: center;\"><em>Produit Plug&amp;Play = Montage en 2 minutes<\/em><\/p>\n<p style=\"text-align: center;\"><b>Retrouvez tout notre catalogue de <a href=\"https:\/\/www.tamtamsn.com\/location\/categorie-produit\/tous-nos-packs\/nos-packs-lumiere\/\">location de pack d&rsquo;Eclairage en Haute-Savoie<\/a>.<\/b><\/p>\n","protected":false},"excerpt":{"rendered":"<ul>\n<li>1 Gigbar Move ILS et 1 Machine \u00e0 Fum\u00e9e<\/li>\n<li>Produit Plug&amp;Play = Montage en 2 minutes<\/li>\n<li>Id\u00e9al jusqu\u2019\u00e0 80 personnes<\/li>\n<\/ul>\n","protected":false},"featured_media":4159,"template":"","meta":[],"product_brand":[],"product_cat":[559,556],"product_tag":[1023,1018,1020,1297,1296],"class_list":{"0":"post-4155","1":"product","2":"type-product","3":"status-publish","4":"has-post-thumbnail","6":"product_cat-nos-packs-lumiere","7":"product_cat-tous-nos-packs","8":"product_tag-location-effet-disco","9":"product_tag-location-jeux-de-lumiere","10":"product_tag-location-par-led","11":"product_tag-machine-a-effet","12":"product_tag-machine-a-fumee","13":"pa_marque-chauvet","15":"first","16":"instock","17":"taxable","18":"shipping-taxable","19":"purchasable","20":"product-type-simple"},"yoast_head":"<!-- This site is optimized with the Yoast SEO Premium plugin v27.4 (Yoast SEO v27.6) - https:\/\/yoast.com\/product\/yoast-seo-premium-wordpress\/ -->\n<title>Location du Pack Move - pour vos F\u00eates Tamtam Annemasse haute Savoie<\/title>\n<meta name=\"description\" content=\"Location de Pack Move pour F\u00eates secteur Annemasse, Gen\u00e8ve, Bonneville, Annecy, Thonon, Evian. Location Sonorisation, Eclairage et Vid\u00e9o en Haute-Savoie\" \/>\n<meta name=\"robots\" content=\"index, follow, max-snippet:-1, max-image-preview:large, max-video-preview:-1\" \/>\n<link rel=\"canonical\" href=\"https:\/\/www.tamtamsn.com\/location\/produit\/location-du-pack-move\/\" \/>\n<meta property=\"og:locale\" content=\"fr_FR\" \/>\n<meta property=\"og:type\" content=\"article\" \/>\n<meta property=\"og:title\" content=\"Pack Move\" \/>\n<meta property=\"og:description\" content=\"1 Gigbar Move ILS et 1 Machine \u00e0 Fum\u00e9e  Produit Plug&amp;Play = Montage en 2 minutes  Id\u00e9al jusqu\u2019\u00e0 80 personnes\" \/>\n<meta property=\"og:url\" content=\"https:\/\/www.tamtamsn.com\/location\/produit\/location-du-pack-move\/\" \/>\n<meta property=\"og:site_name\" content=\"TAMTAM Annemasse - Espace Location\" \/>\n<meta property=\"article:publisher\" content=\"https:\/\/www.facebook.com\/tamtam74100\" \/>\n<meta property=\"article:modified_time\" content=\"2025-02-03T16:48:56+00:00\" \/>\n<meta property=\"og:image\" content=\"https:\/\/www.tamtamsn.com\/location\/wp-content\/uploads\/sites\/3\/2021\/05\/Location-CHAUVET-Gigbar-Move-mf.png\" \/>\n\t<meta property=\"og:image:width\" content=\"1000\" \/>\n\t<meta property=\"og:image:height\" content=\"1000\" \/>\n\t<meta property=\"og:image:type\" content=\"image\/png\" \/>\n<meta name=\"twitter:card\" content=\"summary_large_image\" \/>\n<meta name=\"twitter:label1\" content=\"Dur\u00e9e de lecture estim\u00e9e\" \/>\n\t<meta name=\"twitter:data1\" content=\"2 minutes\" \/>\n<script type=\"application\/ld+json\" class=\"yoast-schema-graph\">{\"@context\":\"https:\\\/\\\/schema.org\",\"@graph\":[{\"@type\":[\"WebPage\",\"ItemPage\"],\"@id\":\"https:\\\/\\\/www.tamtamsn.com\\\/location\\\/produit\\\/location-du-pack-move\\\/\",\"url\":\"https:\\\/\\\/www.tamtamsn.com\\\/location\\\/produit\\\/location-du-pack-move\\\/\",\"name\":\"Location du Pack Move - pour vos F\u00eates Tamtam Annemasse haute Savoie\",\"isPartOf\":{\"@id\":\"https:\\\/\\\/www.tamtamsn.com\\\/location\\\/#website\"},\"primaryImageOfPage\":{\"@id\":\"https:\\\/\\\/www.tamtamsn.com\\\/location\\\/produit\\\/location-du-pack-move\\\/#primaryimage\"},\"image\":{\"@id\":\"https:\\\/\\\/www.tamtamsn.com\\\/location\\\/produit\\\/location-du-pack-move\\\/#primaryimage\"},\"thumbnailUrl\":\"https:\\\/\\\/www.tamtamsn.com\\\/location\\\/wp-content\\\/uploads\\\/sites\\\/3\\\/2021\\\/05\\\/Location-CHAUVET-Gigbar-Move-mf.png\",\"datePublished\":\"2021-05-13T12:19:40+00:00\",\"dateModified\":\"2025-02-03T16:48:56+00:00\",\"description\":\"Location de Pack Move pour F\u00eates secteur Annemasse, Gen\u00e8ve, Bonneville, Annecy, Thonon, Evian. Location Sonorisation, Eclairage et Vid\u00e9o en Haute-Savoie\",\"breadcrumb\":{\"@id\":\"https:\\\/\\\/www.tamtamsn.com\\\/location\\\/produit\\\/location-du-pack-move\\\/#breadcrumb\"},\"inLanguage\":\"fr-FR\",\"potentialAction\":[{\"@type\":\"ReadAction\",\"target\":[\"https:\\\/\\\/www.tamtamsn.com\\\/location\\\/produit\\\/location-du-pack-move\\\/\"]}]},{\"@type\":\"ImageObject\",\"inLanguage\":\"fr-FR\",\"@id\":\"https:\\\/\\\/www.tamtamsn.com\\\/location\\\/produit\\\/location-du-pack-move\\\/#primaryimage\",\"url\":\"https:\\\/\\\/www.tamtamsn.com\\\/location\\\/wp-content\\\/uploads\\\/sites\\\/3\\\/2021\\\/05\\\/Location-CHAUVET-Gigbar-Move-mf.png\",\"contentUrl\":\"https:\\\/\\\/www.tamtamsn.com\\\/location\\\/wp-content\\\/uploads\\\/sites\\\/3\\\/2021\\\/05\\\/Location-CHAUVET-Gigbar-Move-mf.png\",\"width\":1000,\"height\":1000,\"caption\":\"Location Pack Move Chauvet GigBar Move et Machine \u00e0 Fum\u00e9e \u00e0 Annemasse, en Haute-Savoie.\"},{\"@type\":\"BreadcrumbList\",\"@id\":\"https:\\\/\\\/www.tamtamsn.com\\\/location\\\/produit\\\/location-du-pack-move\\\/#breadcrumb\",\"itemListElement\":[{\"@type\":\"ListItem\",\"position\":1,\"name\":\"Catalogue de Location de Mat\u00e9riel de Sonorisation, Eclairage &amp; Vid\u00e9o en Haute-Savoie\",\"item\":\"https:\\\/\\\/www.tamtamsn.com\\\/location\\\/\"},{\"@type\":\"ListItem\",\"position\":2,\"name\":\"Notre Catalogue Location en ligne\",\"item\":\"https:\\\/\\\/www.tamtamsn.com\\\/location\\\/catalogue-en-ligne-location-sonorisation-eclairage-video\\\/\"},{\"@type\":\"ListItem\",\"position\":3,\"name\":\"Location Effet disco\",\"item\":\"https:\\\/\\\/www.tamtamsn.com\\\/location\\\/etiquette-produit\\\/location-effet-disco\\\/\"},{\"@type\":\"ListItem\",\"position\":4,\"name\":\"Pack Move\"}]},{\"@type\":\"WebSite\",\"@id\":\"https:\\\/\\\/www.tamtamsn.com\\\/location\\\/#website\",\"url\":\"https:\\\/\\\/www.tamtamsn.com\\\/location\\\/\",\"name\":\"TAMTAM Annemasse - Espace Location\",\"description\":\"Location de mat\u00e9riel de Sonorisation, Eclairage et Vid\u00e9o \u00e0 Annemasse, Haute-Savoie et sur le Bassin Genevois\",\"publisher\":{\"@id\":\"https:\\\/\\\/www.tamtamsn.com\\\/location\\\/#organization\"},\"potentialAction\":[{\"@type\":\"SearchAction\",\"target\":{\"@type\":\"EntryPoint\",\"urlTemplate\":\"https:\\\/\\\/www.tamtamsn.com\\\/location\\\/?s={search_term_string}\"},\"query-input\":{\"@type\":\"PropertyValueSpecification\",\"valueRequired\":true,\"valueName\":\"search_term_string\"}}],\"inLanguage\":\"fr-FR\"},{\"@type\":\"Organization\",\"@id\":\"https:\\\/\\\/www.tamtamsn.com\\\/location\\\/#organization\",\"name\":\"TAMTAM\",\"url\":\"https:\\\/\\\/www.tamtamsn.com\\\/location\\\/\",\"logo\":{\"@type\":\"ImageObject\",\"inLanguage\":\"fr-FR\",\"@id\":\"https:\\\/\\\/www.tamtamsn.com\\\/location\\\/#\\\/schema\\\/logo\\\/image\\\/\",\"url\":\"\",\"contentUrl\":\"\",\"caption\":\"TAMTAM\"},\"image\":{\"@id\":\"https:\\\/\\\/www.tamtamsn.com\\\/location\\\/#\\\/schema\\\/logo\\\/image\\\/\"},\"sameAs\":[\"https:\\\/\\\/www.facebook.com\\\/tamtam74100\"]}]}<\/script>\n<!-- \/ Yoast SEO Premium plugin. -->","yoast_head_json":{"title":"Location du Pack Move - pour vos F\u00eates Tamtam Annemasse haute Savoie","description":"Location de Pack Move pour F\u00eates secteur Annemasse, Gen\u00e8ve, Bonneville, Annecy, Thonon, Evian. Location Sonorisation, Eclairage et Vid\u00e9o en Haute-Savoie","robots":{"index":"index","follow":"follow","max-snippet":"max-snippet:-1","max-image-preview":"max-image-preview:large","max-video-preview":"max-video-preview:-1"},"canonical":"https:\/\/www.tamtamsn.com\/location\/produit\/location-du-pack-move\/","og_locale":"fr_FR","og_type":"article","og_title":"Pack Move","og_description":"1 Gigbar Move ILS et 1 Machine \u00e0 Fum\u00e9e  Produit Plug&amp;Play = Montage en 2 minutes  Id\u00e9al jusqu\u2019\u00e0 80 personnes","og_url":"https:\/\/www.tamtamsn.com\/location\/produit\/location-du-pack-move\/","og_site_name":"TAMTAM Annemasse - Espace Location","article_publisher":"https:\/\/www.facebook.com\/tamtam74100","article_modified_time":"2025-02-03T16:48:56+00:00","og_image":[{"width":1000,"height":1000,"url":"https:\/\/www.tamtamsn.com\/location\/wp-content\/uploads\/sites\/3\/2021\/05\/Location-CHAUVET-Gigbar-Move-mf.png","type":"image\/png"}],"twitter_card":"summary_large_image","twitter_misc":{"Dur\u00e9e de lecture estim\u00e9e":"2 minutes"},"schema":{"@context":"https:\/\/schema.org","@graph":[{"@type":["WebPage","ItemPage"],"@id":"https:\/\/www.tamtamsn.com\/location\/produit\/location-du-pack-move\/","url":"https:\/\/www.tamtamsn.com\/location\/produit\/location-du-pack-move\/","name":"Location du Pack Move - pour vos F\u00eates Tamtam Annemasse haute Savoie","isPartOf":{"@id":"https:\/\/www.tamtamsn.com\/location\/#website"},"primaryImageOfPage":{"@id":"https:\/\/www.tamtamsn.com\/location\/produit\/location-du-pack-move\/#primaryimage"},"image":{"@id":"https:\/\/www.tamtamsn.com\/location\/produit\/location-du-pack-move\/#primaryimage"},"thumbnailUrl":"https:\/\/www.tamtamsn.com\/location\/wp-content\/uploads\/sites\/3\/2021\/05\/Location-CHAUVET-Gigbar-Move-mf.png","datePublished":"2021-05-13T12:19:40+00:00","dateModified":"2025-02-03T16:48:56+00:00","description":"Location de Pack Move pour F\u00eates secteur Annemasse, Gen\u00e8ve, Bonneville, Annecy, Thonon, Evian. Location Sonorisation, Eclairage et Vid\u00e9o en Haute-Savoie","breadcrumb":{"@id":"https:\/\/www.tamtamsn.com\/location\/produit\/location-du-pack-move\/#breadcrumb"},"inLanguage":"fr-FR","potentialAction":[{"@type":"ReadAction","target":["https:\/\/www.tamtamsn.com\/location\/produit\/location-du-pack-move\/"]}]},{"@type":"ImageObject","inLanguage":"fr-FR","@id":"https:\/\/www.tamtamsn.com\/location\/produit\/location-du-pack-move\/#primaryimage","url":"https:\/\/www.tamtamsn.com\/location\/wp-content\/uploads\/sites\/3\/2021\/05\/Location-CHAUVET-Gigbar-Move-mf.png","contentUrl":"https:\/\/www.tamtamsn.com\/location\/wp-content\/uploads\/sites\/3\/2021\/05\/Location-CHAUVET-Gigbar-Move-mf.png","width":1000,"height":1000,"caption":"Location Pack Move Chauvet GigBar Move et Machine \u00e0 Fum\u00e9e \u00e0 Annemasse, en Haute-Savoie."},{"@type":"BreadcrumbList","@id":"https:\/\/www.tamtamsn.com\/location\/produit\/location-du-pack-move\/#breadcrumb","itemListElement":[{"@type":"ListItem","position":1,"name":"Catalogue de Location de Mat\u00e9riel de Sonorisation, Eclairage &amp; Vid\u00e9o en Haute-Savoie","item":"https:\/\/www.tamtamsn.com\/location\/"},{"@type":"ListItem","position":2,"name":"Notre Catalogue Location en ligne","item":"https:\/\/www.tamtamsn.com\/location\/catalogue-en-ligne-location-sonorisation-eclairage-video\/"},{"@type":"ListItem","position":3,"name":"Location Effet disco","item":"https:\/\/www.tamtamsn.com\/location\/etiquette-produit\/location-effet-disco\/"},{"@type":"ListItem","position":4,"name":"Pack Move"}]},{"@type":"WebSite","@id":"https:\/\/www.tamtamsn.com\/location\/#website","url":"https:\/\/www.tamtamsn.com\/location\/","name":"TAMTAM Annemasse - Espace Location","description":"Location de mat\u00e9riel de Sonorisation, Eclairage et Vid\u00e9o \u00e0 Annemasse, Haute-Savoie et sur le Bassin Genevois","publisher":{"@id":"https:\/\/www.tamtamsn.com\/location\/#organization"},"potentialAction":[{"@type":"SearchAction","target":{"@type":"EntryPoint","urlTemplate":"https:\/\/www.tamtamsn.com\/location\/?s={search_term_string}"},"query-input":{"@type":"PropertyValueSpecification","valueRequired":true,"valueName":"search_term_string"}}],"inLanguage":"fr-FR"},{"@type":"Organization","@id":"https:\/\/www.tamtamsn.com\/location\/#organization","name":"TAMTAM","url":"https:\/\/www.tamtamsn.com\/location\/","logo":{"@type":"ImageObject","inLanguage":"fr-FR","@id":"https:\/\/www.tamtamsn.com\/location\/#\/schema\/logo\/image\/","url":"","contentUrl":"","caption":"TAMTAM"},"image":{"@id":"https:\/\/www.tamtamsn.com\/location\/#\/schema\/logo\/image\/"},"sameAs":["https:\/\/www.facebook.com\/tamtam74100"]}]}},"jetpack_sharing_enabled":true,"_links":{"self":[{"href":"https:\/\/www.tamtamsn.com\/location\/wp-json\/wp\/v2\/product\/4155","targetHints":{"allow":["GET"]}}],"collection":[{"href":"https:\/\/www.tamtamsn.com\/location\/wp-json\/wp\/v2\/product"}],"about":[{"href":"https:\/\/www.tamtamsn.com\/location\/wp-json\/wp\/v2\/types\/product"}],"wp:featuredmedia":[{"embeddable":true,"href":"https:\/\/www.tamtamsn.com\/location\/wp-json\/wp\/v2\/media\/4159"}],"wp:attachment":[{"href":"https:\/\/www.tamtamsn.com\/location\/wp-json\/wp\/v2\/media?parent=4155"}],"wp:term":[{"taxonomy":"product_brand","embeddable":true,"href":"https:\/\/www.tamtamsn.com\/location\/wp-json\/wp\/v2\/product_brand?post=4155"},{"taxonomy":"product_cat","embeddable":true,"href":"https:\/\/www.tamtamsn.com\/location\/wp-json\/wp\/v2\/product_cat?post=4155"},{"taxonomy":"product_tag","embeddable":true,"href":"https:\/\/www.tamtamsn.com\/location\/wp-json\/wp\/v2\/product_tag?post=4155"}],"curies":[{"name":"wp","href":"https:\/\/api.w.org\/{rel}","templated":true}]}}