{"id":4145,"date":"2021-04-09T11:11:59","date_gmt":"2021-04-09T09:11:59","guid":{"rendered":"https:\/\/www.tamtamsn.com\/location\/?post_type=product&#038;p=4145"},"modified":"2025-02-08T14:48:24","modified_gmt":"2025-02-08T13:48:24","slug":"pass-karaoke-2j-48h","status":"publish","type":"product","link":"https:\/\/www.tamtamsn.com\/location\/produit\/pass-karaoke-2j-48h\/","title":{"rendered":"Pass Karaok\u00e9 1 mois"},"content":{"rendered":"<p>Avec le Pass\u00a0Karaok\u00e9 Soir\u00e9e\u00a0<a href=\"https:\/\/www.karafun.fr\/?aff=978\" target=\"_blank\" rel=\"noopener\">KaraFun<\/a>\u00a0, profitez de la plus grosse base de donn\u00e9e Internationale<br \/>\n<em>(+ de 41 000 titres)<\/em>, en qualit\u00e9 studio, pendant 48H\/2J.<\/p>\n<p><a href=\"https:\/\/www.karafun.fr\/?aff=978\" target=\"_blank\" rel=\"noopener\"><img decoding=\"async\" class=\"alignnone\" src=\"https:\/\/cdnaws.recis.io\/i\/img\/00\/d8\/d5\/9d_ff726a_sq48.jpg\" sizes=\"(max-width:40em) 48px, 100px\" srcset=\"https:\/\/cdnaws.recis.io\/i\/img\/00\/d9\/f3\/b2_d06ad5_sq200.jpg 2x,https:\/\/cdnaws.recis.io\/i\/img\/00\/da\/28\/77_e1f119_sq100.jpg 100w, https:\/\/cdnaws.recis.io\/i\/img\/00\/d8\/d5\/9d_ff726a_sq48.jpg 48w\" alt=\"Top 80's\" width=\"15%\" height=\"auto;\" \/><img decoding=\"async\" src=\"https:\/\/cdnaws.recis.io\/i\/img\/00\/93\/46\/9b_50afe6_sq48.jpg\" sizes=\"(max-width:40em) 48px, 100px\" srcset=\"https:\/\/cdnaws.recis.io\/i\/img\/00\/93\/46\/a0_74dc53_sq200.jpg 2x,https:\/\/cdnaws.recis.io\/i\/img\/00\/93\/47\/51_712173_sq100.jpg 100w, https:\/\/cdnaws.recis.io\/i\/img\/00\/93\/46\/9b_50afe6_sq48.jpg 48w\" alt=\"Ann\u00e9es 2000 en France\" width=\"15%\" height=\"auto;\" \/><img decoding=\"async\" src=\"https:\/\/cdnaws.recis.io\/i\/img\/00\/74\/b5\/dc_cdb6ca_sq48.jpg\" sizes=\"(max-width:40em) 48px, 100px\" srcset=\"https:\/\/cdnaws.recis.io\/i\/img\/00\/74\/b5\/de_2628f3_sq200.jpg 2x,https:\/\/cdnaws.recis.io\/i\/img\/00\/74\/b5\/fe_798f47_sq100.jpg 100w, https:\/\/cdnaws.recis.io\/i\/img\/00\/74\/b5\/dc_cdb6ca_sq48.jpg 48w\" alt=\"Best Of\" width=\"15%\" height=\"auto;\" \/><img decoding=\"async\" src=\"https:\/\/cdnaws.recis.io\/i\/img\/00\/6d\/2c\/74_a4357c_sq48.jpg\" sizes=\"(max-width:40em) 48px, 100px\" srcset=\"https:\/\/cdnaws.recis.io\/i\/img\/00\/6d\/2e\/38_b1f20a_sq200.jpg 2x,https:\/\/cdnaws.recis.io\/i\/img\/00\/6a\/7c\/93_902bec_sq100.jpg 100w, https:\/\/cdnaws.recis.io\/i\/img\/00\/6d\/2c\/74_a4357c_sq48.jpg 48w\" alt=\"Made in France\" width=\"15%\" height=\"auto;\" \/><img decoding=\"async\" src=\"https:\/\/cdnaws.recis.io\/i\/img\/00\/69\/21\/38_8303a1_sq48.jpg\" sizes=\"(max-width:40em) 48px, 100px\" srcset=\"https:\/\/cdnaws.recis.io\/i\/img\/00\/6d\/2d\/fa_883719_sq200.jpg 2x,https:\/\/cdnaws.recis.io\/i\/img\/00\/69\/22\/e9_b8285a_sq100.jpg 100w, https:\/\/cdnaws.recis.io\/i\/img\/00\/69\/21\/38_8303a1_sq48.jpg 48w\" alt=\"Karaoke Classics\" width=\"15%\" height=\"auto;\" \/><img decoding=\"async\" src=\"https:\/\/cdnaws.recis.io\/i\/img\/00\/7d\/fe\/60_fb094e_sq48.jpg\" sizes=\"(max-width:40em) 48px, 100px\" srcset=\"https:\/\/cdnaws.recis.io\/i\/img\/00\/7d\/fe\/68_a66c93_sq200.jpg 2x,https:\/\/cdnaws.recis.io\/i\/img\/00\/7d\/fe\/64_47eee8_sq100.jpg 100w, https:\/\/cdnaws.recis.io\/i\/img\/00\/7d\/fe\/60_fb094e_sq48.jpg 48w\" alt=\"Top Mondial\" width=\"15%\" height=\"auto;\" \/><\/a><\/p>\n<p><strong>Comment \u00e7a marche:<\/strong><\/p>\n<ol>\n<li>Installez \u00a0<a href=\"https:\/\/www.karafun.fr\/?aff=978\" target=\"_blank\" rel=\"noopener\"><img decoding=\"async\" data-attachment-id=\"4137\" data-permalink=\"https:\/\/www.tamtamsn.com\/location\/?attachment_id=4137\" data-orig-file=\"https:\/\/www.tamtamsn.com\/location\/wp-content\/uploads\/sites\/3\/2021\/04\/KARAFUN-milliers-de-titres-classes-par-themes.jpg\" data-orig-size=\"500,259\" data-comments-opened=\"0\" data-image-meta=\"{&quot;aperture&quot;:&quot;0&quot;,&quot;credit&quot;:&quot;&quot;,&quot;camera&quot;:&quot;&quot;,&quot;caption&quot;:&quot;&quot;,&quot;created_timestamp&quot;:&quot;0&quot;,&quot;copyright&quot;:&quot;&quot;,&quot;focal_length&quot;:&quot;0&quot;,&quot;iso&quot;:&quot;0&quot;,&quot;shutter_speed&quot;:&quot;0&quot;,&quot;title&quot;:&quot;&quot;,&quot;orientation&quot;:&quot;0&quot;}\" data-image-title=\"Logiciel KARAFUN\" data-image-description=\"&lt;p&gt;Avec KARAFUN, profitez de milliers de titres Karaok\u00e9, class\u00e9s par th\u00e8mes&lt;\/p&gt;\n\" data-image-caption=\"&lt;p&gt;Avec KARAFUN, profitez de milliers de titres Karaok\u00e9.&lt;\/p&gt;\n\" data-medium-file=\"https:\/\/www.tamtamsn.com\/location\/wp-content\/uploads\/sites\/3\/2021\/04\/KARAFUN-milliers-de-titres-classes-par-themes-300x155.jpg\" data-large-file=\"https:\/\/www.tamtamsn.com\/location\/wp-content\/uploads\/sites\/3\/2021\/04\/KARAFUN-milliers-de-titres-classes-par-themes.jpg\" class=\"alignnone wp-image-4137\" title=\"Cliquez pour acc\u00e9der \u00e0 KARAFUN.\" src=\"https:\/\/www.tamtamsn.com\/location\/wp-content\/uploads\/sites\/3\/2021\/04\/KARAFUN-milliers-de-titres-classes-par-themes-300x155.jpg\" alt=\"le Logiciel KARAFUN\" width=\"154\" height=\"80\" srcset=\"https:\/\/www.tamtamsn.com\/location\/wp-content\/uploads\/sites\/3\/2021\/04\/KARAFUN-milliers-de-titres-classes-par-themes-300x155.jpg 300w, https:\/\/www.tamtamsn.com\/location\/wp-content\/uploads\/sites\/3\/2021\/04\/KARAFUN-milliers-de-titres-classes-par-themes-150x78.jpg 150w, https:\/\/www.tamtamsn.com\/location\/wp-content\/uploads\/sites\/3\/2021\/04\/KARAFUN-milliers-de-titres-classes-par-themes-64x33.jpg 64w, https:\/\/www.tamtamsn.com\/location\/wp-content\/uploads\/sites\/3\/2021\/04\/KARAFUN-milliers-de-titres-classes-par-themes.jpg 500w\" sizes=\"(max-width: 154px) 100vw, 154px\" \/><\/a>sur votre PC\/MAC ou votre Smartphone\/Tablette <img decoding=\"async\" src=\"https:\/\/cdnaws.recis.io\/i\/img\/00\/a4\/ee\/f6_ddd862_fo.png\" srcset=\"https:\/\/cdnaws.recis.io\/i\/img\/00\/a4\/ee\/f6_ddd862_fo.png 450w, https:\/\/cdnaws.recis.io\/i\/img\/00\/a4\/ef\/26_3e7fb7_t.png 771w\" alt=\"Applications pour ordinateur, tablette, mobile\" width=\"771\" height=\"285\" \/><\/li>\n<li>Commandez le Pass Soir\u00e9e, pour seulement 7,99\u20ac. (il n&rsquo;y \u00e0 pas plus court)<\/li>\n<li>Profitez de la plus grosse base de donn\u00e9e Internationale (+ de 41 000 titres), en qualit\u00e9 studio, pendant 1 moi<\/li>\n<li>Amusez-vous &amp; Chantez entre Amis ou Famille!!!<\/li>\n<\/ol>\n<p>&nbsp;<\/p>\n<div class=\"foule_icone icone_text\" style=\"text-align: center;\"><img decoding=\"async\" data-attachment-id=\"3726\" data-permalink=\"https:\/\/www.tamtamsn.com\/location\/?attachment_id=3726\" data-orig-file=\"https:\/\/www.tamtamsn.com\/location\/wp-content\/uploads\/sites\/3\/2020\/05\/Foule_icone.png\" data-orig-size=\"383,187\" data-comments-opened=\"1\" data-image-meta=\"{&quot;aperture&quot;:&quot;0&quot;,&quot;credit&quot;:&quot;&quot;,&quot;camera&quot;:&quot;&quot;,&quot;caption&quot;:&quot;&quot;,&quot;created_timestamp&quot;:&quot;0&quot;,&quot;copyright&quot;:&quot;&quot;,&quot;focal_length&quot;:&quot;0&quot;,&quot;iso&quot;:&quot;0&quot;,&quot;shutter_speed&quot;:&quot;0&quot;,&quot;title&quot;:&quot;&quot;,&quot;orientation&quot;:&quot;0&quot;}\" data-image-title=\"Foule icone\" data-image-description=\"&lt;p&gt;Foule icone&lt;\/p&gt;\n\" data-image-caption=\"&lt;p&gt;Foule icone&lt;\/p&gt;\n\" data-medium-file=\"https:\/\/www.tamtamsn.com\/location\/wp-content\/uploads\/sites\/3\/2020\/05\/Foule_icone-300x146.png\" data-large-file=\"https:\/\/www.tamtamsn.com\/location\/wp-content\/uploads\/sites\/3\/2020\/05\/Foule_icone.png\" class=\"alignnone wp-image-3726\" src=\"https:\/\/www.tamtamsn.com\/location\/wp-content\/uploads\/sites\/3\/2020\/05\/Foule_icone.png\" alt=\"Nbr de Personnes\" width=\"270\" height=\"132\" srcset=\"https:\/\/www.tamtamsn.com\/location\/wp-content\/uploads\/sites\/3\/2020\/05\/Foule_icone.png 383w, https:\/\/www.tamtamsn.com\/location\/wp-content\/uploads\/sites\/3\/2020\/05\/Foule_icone-300x146.png 300w, https:\/\/www.tamtamsn.com\/location\/wp-content\/uploads\/sites\/3\/2020\/05\/Foule_icone-150x73.png 150w, https:\/\/www.tamtamsn.com\/location\/wp-content\/uploads\/sites\/3\/2020\/05\/Foule_icone-64x31.png 64w\" sizes=\"(max-width: 270px) 100vw, 270px\" \/><strong>Id\u00e9al pour vos \u00e9v\u00e9nements de 2 \u00e0 150 personnes.<\/strong><\/div>\n<p>&nbsp;<\/p>\n<p style=\"text-align: center;\"><b>Retrouvez tout notre catalogue de <a href=\"https:\/\/www.tamtamsn.com\/location\/categorie-produit\/sonorisation\/\">location de Sonorisation en Haute-Savoie<\/a>.<\/b><\/p>\n","protected":false},"excerpt":{"rendered":"<p>Avec le Pass Karaok\u00e9 Soir\u00e9e KARAFUN, profitez de la plus grosse base de donn\u00e9e Internationale (+ de 41 000 titres), en qualit\u00e9 studio, pendant 1 moi.<\/p>\n","protected":false},"featured_media":4141,"template":"","meta":[],"product_brand":[],"product_cat":[15],"product_tag":[1454,1452],"class_list":{"0":"post-4145","1":"product","2":"type-product","3":"status-publish","4":"has-post-thumbnail","6":"product_cat-karaoke","7":"product_tag-karaoke","8":"product_tag-location-karaoke","9":"pa_marque-karafun","11":"first","12":"instock","13":"taxable","14":"shipping-taxable","15":"product-type-external"},"yoast_head":"<!-- This site is optimized with the Yoast SEO Premium plugin v27.3 (Yoast SEO v27.3) - https:\/\/yoast.com\/product\/yoast-seo-premium-wordpress\/ -->\n<title>Location de Pass Karaok\u00e9 1 mois - TAMTAM Annemasse<\/title>\n<meta name=\"description\" content=\"Location de Pass Karaok\u00e9 1 mois pour votre \u00e9v\u00e9nement entre Annemasse, Gen\u00e8ve, Bonneville, Annecy, Thonon, Evian. Location de Mat\u00e9riel de Sonorisation, Eclairage et Vid\u00e9o en Haute-Savoie.\" \/>\n<meta name=\"robots\" content=\"index, follow, max-snippet:-1, max-image-preview:large, max-video-preview:-1\" \/>\n<link rel=\"canonical\" href=\"https:\/\/www.tamtamsn.com\/location\/produit\/pass-karaoke-2j-48h\/\" \/>\n<meta property=\"og:locale\" content=\"fr_FR\" \/>\n<meta property=\"og:type\" content=\"article\" \/>\n<meta property=\"og:title\" content=\"Pass Karaok\u00e9 1 mois\" \/>\n<meta property=\"og:description\" content=\"Avec le Pass Karaok\u00e9 Soir\u00e9e KARAFUN, profitez de la plus grosse base de donn\u00e9e Internationale (+ de 41 000 titres), en qualit\u00e9 studio, pendant 1 moi.\" \/>\n<meta property=\"og:url\" content=\"https:\/\/www.tamtamsn.com\/location\/produit\/pass-karaoke-2j-48h\/\" \/>\n<meta property=\"og:site_name\" content=\"TAMTAM Annemasse - Espace Location\" \/>\n<meta property=\"article:publisher\" content=\"https:\/\/www.facebook.com\/tamtam74100\" \/>\n<meta property=\"article:modified_time\" content=\"2025-02-08T13:48:24+00:00\" \/>\n<meta property=\"og:image\" content=\"https:\/\/www.tamtamsn.com\/location\/wp-content\/uploads\/sites\/3\/2021\/04\/KaraFun-Chanteur-Karaoke-Carre.jpg\" \/>\n\t<meta property=\"og:image:width\" content=\"759\" \/>\n\t<meta property=\"og:image:height\" content=\"759\" \/>\n\t<meta property=\"og:image:type\" content=\"image\/jpeg\" \/>\n<meta name=\"twitter:card\" content=\"summary_large_image\" \/>\n<meta name=\"twitter:label1\" content=\"Dur\u00e9e de lecture estim\u00e9e\" \/>\n\t<meta name=\"twitter:data1\" content=\"3 minutes\" \/>\n<script type=\"application\/ld+json\" class=\"yoast-schema-graph\">{\"@context\":\"https:\\\/\\\/schema.org\",\"@graph\":[{\"@type\":[\"WebPage\",\"ItemPage\"],\"@id\":\"https:\\\/\\\/www.tamtamsn.com\\\/location\\\/produit\\\/pass-karaoke-2j-48h\\\/\",\"url\":\"https:\\\/\\\/www.tamtamsn.com\\\/location\\\/produit\\\/pass-karaoke-2j-48h\\\/\",\"name\":\"Location de Pass Karaok\u00e9 1 mois - TAMTAM Annemasse\",\"isPartOf\":{\"@id\":\"https:\\\/\\\/www.tamtamsn.com\\\/location\\\/#website\"},\"primaryImageOfPage\":{\"@id\":\"https:\\\/\\\/www.tamtamsn.com\\\/location\\\/produit\\\/pass-karaoke-2j-48h\\\/#primaryimage\"},\"image\":{\"@id\":\"https:\\\/\\\/www.tamtamsn.com\\\/location\\\/produit\\\/pass-karaoke-2j-48h\\\/#primaryimage\"},\"thumbnailUrl\":\"https:\\\/\\\/www.tamtamsn.com\\\/location\\\/wp-content\\\/uploads\\\/sites\\\/3\\\/2021\\\/04\\\/KaraFun-Chanteur-Karaoke-Carre.jpg\",\"datePublished\":\"2021-04-09T09:11:59+00:00\",\"dateModified\":\"2025-02-08T13:48:24+00:00\",\"description\":\"Location de Pass Karaok\u00e9 1 mois pour votre \u00e9v\u00e9nement entre Annemasse, Gen\u00e8ve, Bonneville, Annecy, Thonon, Evian. Location de Mat\u00e9riel de Sonorisation, Eclairage et Vid\u00e9o en Haute-Savoie.\",\"breadcrumb\":{\"@id\":\"https:\\\/\\\/www.tamtamsn.com\\\/location\\\/produit\\\/pass-karaoke-2j-48h\\\/#breadcrumb\"},\"inLanguage\":\"fr-FR\",\"potentialAction\":[{\"@type\":\"ReadAction\",\"target\":[\"https:\\\/\\\/www.tamtamsn.com\\\/location\\\/produit\\\/pass-karaoke-2j-48h\\\/\"]}]},{\"@type\":\"ImageObject\",\"inLanguage\":\"fr-FR\",\"@id\":\"https:\\\/\\\/www.tamtamsn.com\\\/location\\\/produit\\\/pass-karaoke-2j-48h\\\/#primaryimage\",\"url\":\"https:\\\/\\\/www.tamtamsn.com\\\/location\\\/wp-content\\\/uploads\\\/sites\\\/3\\\/2021\\\/04\\\/KaraFun-Chanteur-Karaoke-Carre.jpg\",\"contentUrl\":\"https:\\\/\\\/www.tamtamsn.com\\\/location\\\/wp-content\\\/uploads\\\/sites\\\/3\\\/2021\\\/04\\\/KaraFun-Chanteur-Karaoke-Carre.jpg\",\"width\":759,\"height\":759,\"caption\":\"Cr\u00e9ez votre soir\u00e9e Karaok\u00e9 avec nos locations de Pack Karaok\u00e9 \u00e0 Annemasse, en Haute-Savoie.\"},{\"@type\":\"BreadcrumbList\",\"@id\":\"https:\\\/\\\/www.tamtamsn.com\\\/location\\\/produit\\\/pass-karaoke-2j-48h\\\/#breadcrumb\",\"itemListElement\":[{\"@type\":\"ListItem\",\"position\":1,\"name\":\"Catalogue de Location de Mat\u00e9riel de Sonorisation, Eclairage &amp; Vid\u00e9o en Haute-Savoie\",\"item\":\"https:\\\/\\\/www.tamtamsn.com\\\/location\\\/\"},{\"@type\":\"ListItem\",\"position\":2,\"name\":\"Notre Catalogue Location en ligne\",\"item\":\"https:\\\/\\\/www.tamtamsn.com\\\/location\\\/catalogue-en-ligne-location-sonorisation-eclairage-video\\\/\"},{\"@type\":\"ListItem\",\"position\":3,\"name\":\"Karaok\u00e9\",\"item\":\"https:\\\/\\\/www.tamtamsn.com\\\/location\\\/etiquette-produit\\\/karaoke\\\/\"},{\"@type\":\"ListItem\",\"position\":4,\"name\":\"Pass Karaok\u00e9 1 mois\"}]},{\"@type\":\"WebSite\",\"@id\":\"https:\\\/\\\/www.tamtamsn.com\\\/location\\\/#website\",\"url\":\"https:\\\/\\\/www.tamtamsn.com\\\/location\\\/\",\"name\":\"TAMTAM Annemasse - Espace Location\",\"description\":\"Location de mat\u00e9riel de Sonorisation, Eclairage et Vid\u00e9o \u00e0 Annemasse, Haute-Savoie et sur le Bassin Genevois\",\"publisher\":{\"@id\":\"https:\\\/\\\/www.tamtamsn.com\\\/location\\\/#organization\"},\"potentialAction\":[{\"@type\":\"SearchAction\",\"target\":{\"@type\":\"EntryPoint\",\"urlTemplate\":\"https:\\\/\\\/www.tamtamsn.com\\\/location\\\/?s={search_term_string}\"},\"query-input\":{\"@type\":\"PropertyValueSpecification\",\"valueRequired\":true,\"valueName\":\"search_term_string\"}}],\"inLanguage\":\"fr-FR\"},{\"@type\":\"Organization\",\"@id\":\"https:\\\/\\\/www.tamtamsn.com\\\/location\\\/#organization\",\"name\":\"TAMTAM\",\"url\":\"https:\\\/\\\/www.tamtamsn.com\\\/location\\\/\",\"logo\":{\"@type\":\"ImageObject\",\"inLanguage\":\"fr-FR\",\"@id\":\"https:\\\/\\\/www.tamtamsn.com\\\/location\\\/#\\\/schema\\\/logo\\\/image\\\/\",\"url\":\"\",\"contentUrl\":\"\",\"caption\":\"TAMTAM\"},\"image\":{\"@id\":\"https:\\\/\\\/www.tamtamsn.com\\\/location\\\/#\\\/schema\\\/logo\\\/image\\\/\"},\"sameAs\":[\"https:\\\/\\\/www.facebook.com\\\/tamtam74100\"]}]}<\/script>\n<!-- \/ Yoast SEO Premium plugin. -->","yoast_head_json":{"title":"Location de Pass Karaok\u00e9 1 mois - TAMTAM Annemasse","description":"Location de Pass Karaok\u00e9 1 mois pour votre \u00e9v\u00e9nement entre Annemasse, Gen\u00e8ve, Bonneville, Annecy, Thonon, Evian. Location de Mat\u00e9riel de Sonorisation, Eclairage et Vid\u00e9o en Haute-Savoie.","robots":{"index":"index","follow":"follow","max-snippet":"max-snippet:-1","max-image-preview":"max-image-preview:large","max-video-preview":"max-video-preview:-1"},"canonical":"https:\/\/www.tamtamsn.com\/location\/produit\/pass-karaoke-2j-48h\/","og_locale":"fr_FR","og_type":"article","og_title":"Pass Karaok\u00e9 1 mois","og_description":"Avec le Pass Karaok\u00e9 Soir\u00e9e KARAFUN, profitez de la plus grosse base de donn\u00e9e Internationale (+ de 41 000 titres), en qualit\u00e9 studio, pendant 1 moi.","og_url":"https:\/\/www.tamtamsn.com\/location\/produit\/pass-karaoke-2j-48h\/","og_site_name":"TAMTAM Annemasse - Espace Location","article_publisher":"https:\/\/www.facebook.com\/tamtam74100","article_modified_time":"2025-02-08T13:48:24+00:00","og_image":[{"width":759,"height":759,"url":"https:\/\/www.tamtamsn.com\/location\/wp-content\/uploads\/sites\/3\/2021\/04\/KaraFun-Chanteur-Karaoke-Carre.jpg","type":"image\/jpeg"}],"twitter_card":"summary_large_image","twitter_misc":{"Dur\u00e9e de lecture estim\u00e9e":"3 minutes"},"schema":{"@context":"https:\/\/schema.org","@graph":[{"@type":["WebPage","ItemPage"],"@id":"https:\/\/www.tamtamsn.com\/location\/produit\/pass-karaoke-2j-48h\/","url":"https:\/\/www.tamtamsn.com\/location\/produit\/pass-karaoke-2j-48h\/","name":"Location de Pass Karaok\u00e9 1 mois - TAMTAM Annemasse","isPartOf":{"@id":"https:\/\/www.tamtamsn.com\/location\/#website"},"primaryImageOfPage":{"@id":"https:\/\/www.tamtamsn.com\/location\/produit\/pass-karaoke-2j-48h\/#primaryimage"},"image":{"@id":"https:\/\/www.tamtamsn.com\/location\/produit\/pass-karaoke-2j-48h\/#primaryimage"},"thumbnailUrl":"https:\/\/www.tamtamsn.com\/location\/wp-content\/uploads\/sites\/3\/2021\/04\/KaraFun-Chanteur-Karaoke-Carre.jpg","datePublished":"2021-04-09T09:11:59+00:00","dateModified":"2025-02-08T13:48:24+00:00","description":"Location de Pass Karaok\u00e9 1 mois pour votre \u00e9v\u00e9nement entre Annemasse, Gen\u00e8ve, Bonneville, Annecy, Thonon, Evian. Location de Mat\u00e9riel de Sonorisation, Eclairage et Vid\u00e9o en Haute-Savoie.","breadcrumb":{"@id":"https:\/\/www.tamtamsn.com\/location\/produit\/pass-karaoke-2j-48h\/#breadcrumb"},"inLanguage":"fr-FR","potentialAction":[{"@type":"ReadAction","target":["https:\/\/www.tamtamsn.com\/location\/produit\/pass-karaoke-2j-48h\/"]}]},{"@type":"ImageObject","inLanguage":"fr-FR","@id":"https:\/\/www.tamtamsn.com\/location\/produit\/pass-karaoke-2j-48h\/#primaryimage","url":"https:\/\/www.tamtamsn.com\/location\/wp-content\/uploads\/sites\/3\/2021\/04\/KaraFun-Chanteur-Karaoke-Carre.jpg","contentUrl":"https:\/\/www.tamtamsn.com\/location\/wp-content\/uploads\/sites\/3\/2021\/04\/KaraFun-Chanteur-Karaoke-Carre.jpg","width":759,"height":759,"caption":"Cr\u00e9ez votre soir\u00e9e Karaok\u00e9 avec nos locations de Pack Karaok\u00e9 \u00e0 Annemasse, en Haute-Savoie."},{"@type":"BreadcrumbList","@id":"https:\/\/www.tamtamsn.com\/location\/produit\/pass-karaoke-2j-48h\/#breadcrumb","itemListElement":[{"@type":"ListItem","position":1,"name":"Catalogue de Location de Mat\u00e9riel de Sonorisation, Eclairage &amp; Vid\u00e9o en Haute-Savoie","item":"https:\/\/www.tamtamsn.com\/location\/"},{"@type":"ListItem","position":2,"name":"Notre Catalogue Location en ligne","item":"https:\/\/www.tamtamsn.com\/location\/catalogue-en-ligne-location-sonorisation-eclairage-video\/"},{"@type":"ListItem","position":3,"name":"Karaok\u00e9","item":"https:\/\/www.tamtamsn.com\/location\/etiquette-produit\/karaoke\/"},{"@type":"ListItem","position":4,"name":"Pass Karaok\u00e9 1 mois"}]},{"@type":"WebSite","@id":"https:\/\/www.tamtamsn.com\/location\/#website","url":"https:\/\/www.tamtamsn.com\/location\/","name":"TAMTAM Annemasse - Espace Location","description":"Location de mat\u00e9riel de Sonorisation, Eclairage et Vid\u00e9o \u00e0 Annemasse, Haute-Savoie et sur le Bassin Genevois","publisher":{"@id":"https:\/\/www.tamtamsn.com\/location\/#organization"},"potentialAction":[{"@type":"SearchAction","target":{"@type":"EntryPoint","urlTemplate":"https:\/\/www.tamtamsn.com\/location\/?s={search_term_string}"},"query-input":{"@type":"PropertyValueSpecification","valueRequired":true,"valueName":"search_term_string"}}],"inLanguage":"fr-FR"},{"@type":"Organization","@id":"https:\/\/www.tamtamsn.com\/location\/#organization","name":"TAMTAM","url":"https:\/\/www.tamtamsn.com\/location\/","logo":{"@type":"ImageObject","inLanguage":"fr-FR","@id":"https:\/\/www.tamtamsn.com\/location\/#\/schema\/logo\/image\/","url":"","contentUrl":"","caption":"TAMTAM"},"image":{"@id":"https:\/\/www.tamtamsn.com\/location\/#\/schema\/logo\/image\/"},"sameAs":["https:\/\/www.facebook.com\/tamtam74100"]}]}},"jetpack_sharing_enabled":true,"_links":{"self":[{"href":"https:\/\/www.tamtamsn.com\/location\/wp-json\/wp\/v2\/product\/4145","targetHints":{"allow":["GET"]}}],"collection":[{"href":"https:\/\/www.tamtamsn.com\/location\/wp-json\/wp\/v2\/product"}],"about":[{"href":"https:\/\/www.tamtamsn.com\/location\/wp-json\/wp\/v2\/types\/product"}],"wp:featuredmedia":[{"embeddable":true,"href":"https:\/\/www.tamtamsn.com\/location\/wp-json\/wp\/v2\/media\/4141"}],"wp:attachment":[{"href":"https:\/\/www.tamtamsn.com\/location\/wp-json\/wp\/v2\/media?parent=4145"}],"wp:term":[{"taxonomy":"product_brand","embeddable":true,"href":"https:\/\/www.tamtamsn.com\/location\/wp-json\/wp\/v2\/product_brand?post=4145"},{"taxonomy":"product_cat","embeddable":true,"href":"https:\/\/www.tamtamsn.com\/location\/wp-json\/wp\/v2\/product_cat?post=4145"},{"taxonomy":"product_tag","embeddable":true,"href":"https:\/\/www.tamtamsn.com\/location\/wp-json\/wp\/v2\/product_tag?post=4145"}],"curies":[{"name":"wp","href":"https:\/\/api.w.org\/{rel}","templated":true}]}}