{"id":3928,"date":"2020-07-02T15:42:38","date_gmt":"2020-07-02T13:42:38","guid":{"rendered":"https:\/\/www.tamtamsn.com\/location\/?post_type=product&#038;p=3928"},"modified":"2023-04-18T18:19:17","modified_gmt":"2023-04-18T16:19:17","slug":"machine-a-mousse-350-500-universal-effect","status":"publish","type":"product","link":"https:\/\/www.tamtamsn.com\/location\/produit\/machine-a-mousse-350-500-universal-effect\/","title":{"rendered":"Machine \u00e0 Mousse 350 &#038; 500 Universal Effect"},"content":{"rendered":"<p><strong>Location de Machine \u00e0 Mousse Universal Effect\u00a0de type \u00ab\u00a0Cascade\u00a0\u00bb de diam\u00e8tre 350 ou 500.<br \/>\n<\/strong><em>Les Machines \u00e0 Mousse de diam\u00e8tre 350 et 500\u00a0sont des g\u00e9n\u00e9rateurs de mousse \u00e0 grand d\u00e9bit.<br \/>\nEfficace et facile \u00e0 mettre en \u0153uvre, ces machines vous s\u00e9duiront pour cr\u00e9er des d\u00e9cors ou faire des animations \u00ab\u00a0Mousse Party\u00a0\u00bb g\u00e9antes.<\/em><\/p>\n<p><iframe loading=\"lazy\" src=\"https:\/\/www.youtube.com\/embed\/4B9vqhNvf-s?start=53\" width=\"560\" height=\"480\" frameborder=\"0\" allowfullscreen=\"allowfullscreen\"><span data-mce-type=\"bookmark\" style=\"display: inline-block; width: 0px; overflow: hidden; line-height: 0;\" class=\"mce_SELRES_start\">\ufeff<\/span><\/iframe><\/p>\n<p>&nbsp;<\/p>\n<p><span style=\"text-decoration: underline;\"><strong>Caract\u00e9ristiques Techniques de la 350<\/strong><\/span><\/p>\n<ul>\n<li><strong>D\u00e9bit Moyen :<\/strong> 70m3\/min <em>(2m de Mousse dans 100m2 en moins de 3 minutes!!!)<\/em><\/li>\n<li><strong>Consommation moyenne de liquide :<\/strong> 1,2L\/min soit 72L\/h<\/li>\n<li><strong>Consommation moyenne de liquide + Eau :<\/strong> 60L\/min<\/li>\n<li><strong>R\u00e9servoir:<\/strong> 1000L\u00a0<em>(20min NON-STOP)<\/em><\/li>\n<\/ul>\n<p><span style=\"text-decoration: underline;\"><strong>Caract\u00e9ristiques Techniques de la 500<\/strong><\/span><\/p>\n<ul>\n<li><strong>D\u00e9bit Moyen :<\/strong> 180m3\/min <em>(2m de Mousse dans 225m2 en 2,5 minutes!!!)<\/em><\/li>\n<li><strong>Consommation moyenne de liquide :<\/strong> 2,4L\/min soit 144L\/h<\/li>\n<li><strong>Consommation moyenne de liquide + Eau :<\/strong> 120L\/min<\/li>\n<li><strong>R\u00e9servoir:<\/strong> 1000L\u00a0<em>(10min NON-STOP)<\/em><\/li>\n<\/ul>\n<p>&nbsp;<\/p>\n<p><strong>Inclus dans le pack:<\/strong><\/p>\n<ul>\n<li>Machine \u00e0 mousse<\/li>\n<li>R\u00e9servoir 1000L<\/li>\n<li>Pompe<\/li>\n<li>Tuyauterie<\/li>\n<li>Rallonge 16A Etanche 10m<\/li>\n<\/ul>\n<p>&nbsp;<\/p>\n<p style=\"text-align: center;\"><span style=\"text-decoration: underline;\"><strong>Seuls les bidons consomm\u00e9s seront factur\u00e9s, au retour de la location<\/strong><\/span><\/p>\n<p style=\"text-align: center;\"><b>Retrouvez tout notre catalogue de <a href=\"https:\/\/www.tamtamsn.com\/location\/categorie-produit\/machine-a-effets\/\">location de Machines \u00e0 Effets en Haute-Savoie<\/a>.<\/b><\/p>\n<p>&nbsp;<\/p>\n<p style=\"text-align: center;\"><strong>Le Produit est \u00e9galement disponible \u00e0 la Vente:<\/strong><br \/>\nAchetez une\u00a0<a href=\"https:\/\/www.tamtamsn.com\/categorie-produit\/eclairage\/machine-a-effets-fumee-brouillard-mousse-neige\/\">Machine \u00e0 Mousse<\/a>\u00a0dans votre magasin d&rsquo;Annemasse<\/p>\n","protected":false},"excerpt":{"rendered":"<ul>\n<li>Machine \u00e0 mousse +\u00a0R\u00e9servoir 1000L + Tuyauterie<\/li>\n<li>Jusqu&rsquo;\u00e0\u00a02m de Mousse dans 225m2 en 2,5 minutes!<\/li>\n<li><strong>D\u00e9bit Moyen 350 :\u00a0<\/strong>70m3\/min<\/li>\n<\/ul>\n","protected":false},"featured_media":3977,"template":"","meta":[],"product_brand":[],"product_cat":[560],"product_tag":[1307,1358,1359,1412,1489],"class_list":{"0":"post-3928","1":"product","2":"type-product","3":"status-publish","4":"has-post-thumbnail","6":"product_cat-machine-a-effets","7":"product_tag-location-machine-a-effets","8":"product_tag-location-machine-a-mousse","9":"product_tag-location-machine-a-mousse-cascade","10":"product_tag-location-machine-a-mousse-grand-debit","11":"product_tag-universal-effect","12":"pa_marque-universal-effect","14":"first","15":"instock","16":"taxable","17":"shipping-taxable","18":"purchasable","19":"product-type-variable","20":"has-default-attributes"},"yoast_head":"<!-- This site is optimized with the Yoast SEO Premium plugin v27.3 (Yoast SEO v27.3) - https:\/\/yoast.com\/product\/yoast-seo-premium-wordpress\/ -->\n<title>Location de Machine \u00e0 Mousse Grand D\u00e9bit - TAMTAM Annemasse - Espace Location<\/title>\n<meta name=\"description\" content=\"Location de Machine \u00e0 Mousse 350 &amp; 500 Universal Effect pour votre \u00e9v\u00e9nement entre Annemasse, Gen\u00e8ve, Annecy, Chamonix. Location de Mat\u00e9riel de Sonorisation, Eclairage et Effets Speciaux en Haute-Savoie.\" \/>\n<meta name=\"robots\" content=\"index, follow, max-snippet:-1, max-image-preview:large, max-video-preview:-1\" \/>\n<link rel=\"canonical\" href=\"https:\/\/www.tamtamsn.com\/location\/produit\/machine-a-mousse-350-500-universal-effect\/\" \/>\n<meta property=\"og:locale\" content=\"fr_FR\" \/>\n<meta property=\"og:type\" content=\"article\" \/>\n<meta property=\"og:title\" content=\"Machine \u00e0 Mousse 350 &amp; 500 Universal Effect\" \/>\n<meta property=\"og:description\" content=\"Machine \u00e0 mousse +\u00a0R\u00e9servoir 1000L + Tuyauterie  Jusqu&#039;\u00e0\u00a02m de Mousse dans 225m2 en 2,5 minutes!  D\u00e9bit Moyen 350 :\u00a070m3\/min\" \/>\n<meta property=\"og:url\" content=\"https:\/\/www.tamtamsn.com\/location\/produit\/machine-a-mousse-350-500-universal-effect\/\" \/>\n<meta property=\"og:site_name\" content=\"TAMTAM Annemasse - Espace Location\" \/>\n<meta property=\"article:publisher\" content=\"https:\/\/www.facebook.com\/tamtam74100\" \/>\n<meta property=\"article:modified_time\" content=\"2023-04-18T16:19:17+00:00\" \/>\n<meta property=\"og:image\" content=\"https:\/\/www.tamtamsn.com\/location\/wp-content\/uploads\/sites\/3\/2020\/07\/Location-Machine-\u00e0-Mousse-Grand-d\u00e9bit-350-500-Haute-Savoie-0.jpg\" \/>\n\t<meta property=\"og:image:width\" content=\"1027\" \/>\n\t<meta property=\"og:image:height\" content=\"1027\" \/>\n\t<meta property=\"og:image:type\" content=\"image\/jpeg\" \/>\n<meta name=\"twitter:card\" content=\"summary_large_image\" \/>\n<meta name=\"twitter:label1\" content=\"Dur\u00e9e de lecture estim\u00e9e\" \/>\n\t<meta name=\"twitter:data1\" content=\"1 minute\" \/>\n<script type=\"application\/ld+json\" class=\"yoast-schema-graph\">{\"@context\":\"https:\\\/\\\/schema.org\",\"@graph\":[{\"@type\":[\"WebPage\",\"ItemPage\"],\"@id\":\"https:\\\/\\\/www.tamtamsn.com\\\/location\\\/produit\\\/machine-a-mousse-350-500-universal-effect\\\/\",\"url\":\"https:\\\/\\\/www.tamtamsn.com\\\/location\\\/produit\\\/machine-a-mousse-350-500-universal-effect\\\/\",\"name\":\"Location de Machine \u00e0 Mousse Grand D\u00e9bit - TAMTAM Annemasse - Espace Location\",\"isPartOf\":{\"@id\":\"https:\\\/\\\/www.tamtamsn.com\\\/location\\\/#website\"},\"primaryImageOfPage\":{\"@id\":\"https:\\\/\\\/www.tamtamsn.com\\\/location\\\/produit\\\/machine-a-mousse-350-500-universal-effect\\\/#primaryimage\"},\"image\":{\"@id\":\"https:\\\/\\\/www.tamtamsn.com\\\/location\\\/produit\\\/machine-a-mousse-350-500-universal-effect\\\/#primaryimage\"},\"thumbnailUrl\":\"https:\\\/\\\/www.tamtamsn.com\\\/location\\\/wp-content\\\/uploads\\\/sites\\\/3\\\/2020\\\/07\\\/Location-Machine-\u00e0-Mousse-Grand-d\u00e9bit-350-500-Haute-Savoie-0.jpg\",\"datePublished\":\"2020-07-02T13:42:38+00:00\",\"dateModified\":\"2023-04-18T16:19:17+00:00\",\"description\":\"Location de Machine \u00e0 Mousse 350 & 500 Universal Effect pour votre \u00e9v\u00e9nement entre Annemasse, Gen\u00e8ve, Annecy, Chamonix. Location de Mat\u00e9riel de Sonorisation, Eclairage et Effets Speciaux en Haute-Savoie.\",\"breadcrumb\":{\"@id\":\"https:\\\/\\\/www.tamtamsn.com\\\/location\\\/produit\\\/machine-a-mousse-350-500-universal-effect\\\/#breadcrumb\"},\"inLanguage\":\"fr-FR\",\"potentialAction\":[{\"@type\":\"ReadAction\",\"target\":[\"https:\\\/\\\/www.tamtamsn.com\\\/location\\\/produit\\\/machine-a-mousse-350-500-universal-effect\\\/\"]}]},{\"@type\":\"ImageObject\",\"inLanguage\":\"fr-FR\",\"@id\":\"https:\\\/\\\/www.tamtamsn.com\\\/location\\\/produit\\\/machine-a-mousse-350-500-universal-effect\\\/#primaryimage\",\"url\":\"https:\\\/\\\/www.tamtamsn.com\\\/location\\\/wp-content\\\/uploads\\\/sites\\\/3\\\/2020\\\/07\\\/Location-Machine-\u00e0-Mousse-Grand-d\u00e9bit-350-500-Haute-Savoie-0.jpg\",\"contentUrl\":\"https:\\\/\\\/www.tamtamsn.com\\\/location\\\/wp-content\\\/uploads\\\/sites\\\/3\\\/2020\\\/07\\\/Location-Machine-\u00e0-Mousse-Grand-d\u00e9bit-350-500-Haute-Savoie-0.jpg\",\"width\":1027,\"height\":1027,\"caption\":\"Location Machine \u00e0 Mousse Grand d\u00e9bit 350 & 500 en Haute-Savoie\"},{\"@type\":\"BreadcrumbList\",\"@id\":\"https:\\\/\\\/www.tamtamsn.com\\\/location\\\/produit\\\/machine-a-mousse-350-500-universal-effect\\\/#breadcrumb\",\"itemListElement\":[{\"@type\":\"ListItem\",\"position\":1,\"name\":\"Catalogue de Location de Mat\u00e9riel de Sonorisation, Eclairage &amp; Vid\u00e9o en Haute-Savoie\",\"item\":\"https:\\\/\\\/www.tamtamsn.com\\\/location\\\/\"},{\"@type\":\"ListItem\",\"position\":2,\"name\":\"Notre Catalogue Location en ligne\",\"item\":\"https:\\\/\\\/www.tamtamsn.com\\\/location\\\/catalogue-en-ligne-location-sonorisation-eclairage-video\\\/\"},{\"@type\":\"ListItem\",\"position\":3,\"name\":\"Location Machine \u00e0 Effets\",\"item\":\"https:\\\/\\\/www.tamtamsn.com\\\/location\\\/etiquette-produit\\\/location-machine-a-effets\\\/\"},{\"@type\":\"ListItem\",\"position\":4,\"name\":\"Machine \u00e0 Mousse 350 &#038; 500 Universal Effect\"}]},{\"@type\":\"WebSite\",\"@id\":\"https:\\\/\\\/www.tamtamsn.com\\\/location\\\/#website\",\"url\":\"https:\\\/\\\/www.tamtamsn.com\\\/location\\\/\",\"name\":\"TAMTAM Annemasse - Espace Location\",\"description\":\"Location de mat\u00e9riel de Sonorisation, Eclairage et Vid\u00e9o \u00e0 Annemasse, Haute-Savoie et sur le Bassin Genevois\",\"publisher\":{\"@id\":\"https:\\\/\\\/www.tamtamsn.com\\\/location\\\/#organization\"},\"potentialAction\":[{\"@type\":\"SearchAction\",\"target\":{\"@type\":\"EntryPoint\",\"urlTemplate\":\"https:\\\/\\\/www.tamtamsn.com\\\/location\\\/?s={search_term_string}\"},\"query-input\":{\"@type\":\"PropertyValueSpecification\",\"valueRequired\":true,\"valueName\":\"search_term_string\"}}],\"inLanguage\":\"fr-FR\"},{\"@type\":\"Organization\",\"@id\":\"https:\\\/\\\/www.tamtamsn.com\\\/location\\\/#organization\",\"name\":\"TAMTAM\",\"url\":\"https:\\\/\\\/www.tamtamsn.com\\\/location\\\/\",\"logo\":{\"@type\":\"ImageObject\",\"inLanguage\":\"fr-FR\",\"@id\":\"https:\\\/\\\/www.tamtamsn.com\\\/location\\\/#\\\/schema\\\/logo\\\/image\\\/\",\"url\":\"\",\"contentUrl\":\"\",\"caption\":\"TAMTAM\"},\"image\":{\"@id\":\"https:\\\/\\\/www.tamtamsn.com\\\/location\\\/#\\\/schema\\\/logo\\\/image\\\/\"},\"sameAs\":[\"https:\\\/\\\/www.facebook.com\\\/tamtam74100\"]}]}<\/script>\n<!-- \/ Yoast SEO Premium plugin. -->","yoast_head_json":{"title":"Location de Machine \u00e0 Mousse Grand D\u00e9bit - TAMTAM Annemasse - Espace Location","description":"Location de Machine \u00e0 Mousse 350 & 500 Universal Effect pour votre \u00e9v\u00e9nement entre Annemasse, Gen\u00e8ve, Annecy, Chamonix. Location de Mat\u00e9riel de Sonorisation, Eclairage et Effets Speciaux en Haute-Savoie.","robots":{"index":"index","follow":"follow","max-snippet":"max-snippet:-1","max-image-preview":"max-image-preview:large","max-video-preview":"max-video-preview:-1"},"canonical":"https:\/\/www.tamtamsn.com\/location\/produit\/machine-a-mousse-350-500-universal-effect\/","og_locale":"fr_FR","og_type":"article","og_title":"Machine \u00e0 Mousse 350 & 500 Universal Effect","og_description":"Machine \u00e0 mousse +\u00a0R\u00e9servoir 1000L + Tuyauterie  Jusqu'\u00e0\u00a02m de Mousse dans 225m2 en 2,5 minutes!  D\u00e9bit Moyen 350 :\u00a070m3\/min","og_url":"https:\/\/www.tamtamsn.com\/location\/produit\/machine-a-mousse-350-500-universal-effect\/","og_site_name":"TAMTAM Annemasse - Espace Location","article_publisher":"https:\/\/www.facebook.com\/tamtam74100","article_modified_time":"2023-04-18T16:19:17+00:00","og_image":[{"width":1027,"height":1027,"url":"https:\/\/www.tamtamsn.com\/location\/wp-content\/uploads\/sites\/3\/2020\/07\/Location-Machine-\u00e0-Mousse-Grand-d\u00e9bit-350-500-Haute-Savoie-0.jpg","type":"image\/jpeg"}],"twitter_card":"summary_large_image","twitter_misc":{"Dur\u00e9e de lecture estim\u00e9e":"1 minute"},"schema":{"@context":"https:\/\/schema.org","@graph":[{"@type":["WebPage","ItemPage"],"@id":"https:\/\/www.tamtamsn.com\/location\/produit\/machine-a-mousse-350-500-universal-effect\/","url":"https:\/\/www.tamtamsn.com\/location\/produit\/machine-a-mousse-350-500-universal-effect\/","name":"Location de Machine \u00e0 Mousse Grand D\u00e9bit - TAMTAM Annemasse - Espace Location","isPartOf":{"@id":"https:\/\/www.tamtamsn.com\/location\/#website"},"primaryImageOfPage":{"@id":"https:\/\/www.tamtamsn.com\/location\/produit\/machine-a-mousse-350-500-universal-effect\/#primaryimage"},"image":{"@id":"https:\/\/www.tamtamsn.com\/location\/produit\/machine-a-mousse-350-500-universal-effect\/#primaryimage"},"thumbnailUrl":"https:\/\/www.tamtamsn.com\/location\/wp-content\/uploads\/sites\/3\/2020\/07\/Location-Machine-\u00e0-Mousse-Grand-d\u00e9bit-350-500-Haute-Savoie-0.jpg","datePublished":"2020-07-02T13:42:38+00:00","dateModified":"2023-04-18T16:19:17+00:00","description":"Location de Machine \u00e0 Mousse 350 & 500 Universal Effect pour votre \u00e9v\u00e9nement entre Annemasse, Gen\u00e8ve, Annecy, Chamonix. Location de Mat\u00e9riel de Sonorisation, Eclairage et Effets Speciaux en Haute-Savoie.","breadcrumb":{"@id":"https:\/\/www.tamtamsn.com\/location\/produit\/machine-a-mousse-350-500-universal-effect\/#breadcrumb"},"inLanguage":"fr-FR","potentialAction":[{"@type":"ReadAction","target":["https:\/\/www.tamtamsn.com\/location\/produit\/machine-a-mousse-350-500-universal-effect\/"]}]},{"@type":"ImageObject","inLanguage":"fr-FR","@id":"https:\/\/www.tamtamsn.com\/location\/produit\/machine-a-mousse-350-500-universal-effect\/#primaryimage","url":"https:\/\/www.tamtamsn.com\/location\/wp-content\/uploads\/sites\/3\/2020\/07\/Location-Machine-\u00e0-Mousse-Grand-d\u00e9bit-350-500-Haute-Savoie-0.jpg","contentUrl":"https:\/\/www.tamtamsn.com\/location\/wp-content\/uploads\/sites\/3\/2020\/07\/Location-Machine-\u00e0-Mousse-Grand-d\u00e9bit-350-500-Haute-Savoie-0.jpg","width":1027,"height":1027,"caption":"Location Machine \u00e0 Mousse Grand d\u00e9bit 350 & 500 en Haute-Savoie"},{"@type":"BreadcrumbList","@id":"https:\/\/www.tamtamsn.com\/location\/produit\/machine-a-mousse-350-500-universal-effect\/#breadcrumb","itemListElement":[{"@type":"ListItem","position":1,"name":"Catalogue de Location de Mat\u00e9riel de Sonorisation, Eclairage &amp; Vid\u00e9o en Haute-Savoie","item":"https:\/\/www.tamtamsn.com\/location\/"},{"@type":"ListItem","position":2,"name":"Notre Catalogue Location en ligne","item":"https:\/\/www.tamtamsn.com\/location\/catalogue-en-ligne-location-sonorisation-eclairage-video\/"},{"@type":"ListItem","position":3,"name":"Location Machine \u00e0 Effets","item":"https:\/\/www.tamtamsn.com\/location\/etiquette-produit\/location-machine-a-effets\/"},{"@type":"ListItem","position":4,"name":"Machine \u00e0 Mousse 350 &#038; 500 Universal Effect"}]},{"@type":"WebSite","@id":"https:\/\/www.tamtamsn.com\/location\/#website","url":"https:\/\/www.tamtamsn.com\/location\/","name":"TAMTAM Annemasse - Espace Location","description":"Location de mat\u00e9riel de Sonorisation, Eclairage et Vid\u00e9o \u00e0 Annemasse, Haute-Savoie et sur le Bassin Genevois","publisher":{"@id":"https:\/\/www.tamtamsn.com\/location\/#organization"},"potentialAction":[{"@type":"SearchAction","target":{"@type":"EntryPoint","urlTemplate":"https:\/\/www.tamtamsn.com\/location\/?s={search_term_string}"},"query-input":{"@type":"PropertyValueSpecification","valueRequired":true,"valueName":"search_term_string"}}],"inLanguage":"fr-FR"},{"@type":"Organization","@id":"https:\/\/www.tamtamsn.com\/location\/#organization","name":"TAMTAM","url":"https:\/\/www.tamtamsn.com\/location\/","logo":{"@type":"ImageObject","inLanguage":"fr-FR","@id":"https:\/\/www.tamtamsn.com\/location\/#\/schema\/logo\/image\/","url":"","contentUrl":"","caption":"TAMTAM"},"image":{"@id":"https:\/\/www.tamtamsn.com\/location\/#\/schema\/logo\/image\/"},"sameAs":["https:\/\/www.facebook.com\/tamtam74100"]}]}},"jetpack_sharing_enabled":true,"_links":{"self":[{"href":"https:\/\/www.tamtamsn.com\/location\/wp-json\/wp\/v2\/product\/3928","targetHints":{"allow":["GET"]}}],"collection":[{"href":"https:\/\/www.tamtamsn.com\/location\/wp-json\/wp\/v2\/product"}],"about":[{"href":"https:\/\/www.tamtamsn.com\/location\/wp-json\/wp\/v2\/types\/product"}],"wp:featuredmedia":[{"embeddable":true,"href":"https:\/\/www.tamtamsn.com\/location\/wp-json\/wp\/v2\/media\/3977"}],"wp:attachment":[{"href":"https:\/\/www.tamtamsn.com\/location\/wp-json\/wp\/v2\/media?parent=3928"}],"wp:term":[{"taxonomy":"product_brand","embeddable":true,"href":"https:\/\/www.tamtamsn.com\/location\/wp-json\/wp\/v2\/product_brand?post=3928"},{"taxonomy":"product_cat","embeddable":true,"href":"https:\/\/www.tamtamsn.com\/location\/wp-json\/wp\/v2\/product_cat?post=3928"},{"taxonomy":"product_tag","embeddable":true,"href":"https:\/\/www.tamtamsn.com\/location\/wp-json\/wp\/v2\/product_tag?post=3928"}],"curies":[{"name":"wp","href":"https:\/\/api.w.org\/{rel}","templated":true}]}}