{"id":3921,"date":"2020-06-22T14:52:30","date_gmt":"2020-06-22T12:52:30","guid":{"rendered":"https:\/\/www.tamtamsn.com\/location\/?post_type=product&#038;p=3921"},"modified":"2022-06-08T16:24:33","modified_gmt":"2022-06-08T14:24:33","slug":"pack-systeme-son-hk-audio-lucas-2k15-console-de-mixage","status":"publish","type":"product","link":"https:\/\/www.tamtamsn.com\/location\/produit\/pack-systeme-son-hk-audio-lucas-2k15-console-de-mixage\/","title":{"rendered":"Pack Syst\u00e8me son HK AUDIO Lucas 2K15 + Console de Mixage"},"content":{"rendered":"<p>La Location du Location du Pack Syst\u00e8me son HK AUDIO Lucas 2K15 + Console de Mixage, inclus:<\/p>\n<ul>\n<li>1x <a href=\"https:\/\/www.tamtamsn.com\/location\/produit\/systeme-son-hk-audio-lucas-2k15\/\">Syst\u00e8me son HK AUDIO Lucas 2K15<\/a> <em>(1\u00a0Caisson de basse 15&Prime; + 2 satellites)<br \/>\nSyst\u00e8me de amplifi\u00e9 de 670W RMS<\/em><\/li>\n<li>2x Pied d&rsquo;Enceinte<\/li>\n<li>1x Console de Mixage 5 voies de type <a href=\"https:\/\/www.tamtamsn.com\/location\/produit\/console-mixage-yamaha-mg82cx\/\">YAMAHA MG82cx ou ALESIS Multimix 8<\/a><\/li>\n<li>Lot de c\u00e2bles d&rsquo;alimentation, rallonges, multiprises et c\u00e2bles XLR<\/li>\n<\/ul>\n<p><span style=\"text-decoration: underline;\"><strong>Caract\u00e9ristiques Techniques:<\/strong><\/span><\/p>\n<ul>\n<li><strong>Puissance:<\/strong>\u00a0670W RMS (Satellites + Caisson)<\/li>\n<li><b>Maximum SPL @ 1 m:<\/b> 129 dB SPL de cr\u00eate \u00e0 1 m<\/li>\n<li><strong>R\u00e9ponse en Fr\u00e9quence:<\/strong> 55 \u2013 18 000 Hz<\/li>\n<li><b>Dispersion:<\/b> 90\u00b0 H x 55\u00b0 V<\/li>\n<\/ul>\n<p>&nbsp;<\/p>\n<div class=\"foule_icone icone_text\" style=\"text-align: center;\"><img decoding=\"async\" data-attachment-id=\"3726\" data-permalink=\"https:\/\/www.tamtamsn.com\/location\/?attachment_id=3726\" data-orig-file=\"https:\/\/www.tamtamsn.com\/location\/wp-content\/uploads\/sites\/3\/2020\/05\/Foule_icone.png\" data-orig-size=\"383,187\" data-comments-opened=\"1\" data-image-meta=\"{&quot;aperture&quot;:&quot;0&quot;,&quot;credit&quot;:&quot;&quot;,&quot;camera&quot;:&quot;&quot;,&quot;caption&quot;:&quot;&quot;,&quot;created_timestamp&quot;:&quot;0&quot;,&quot;copyright&quot;:&quot;&quot;,&quot;focal_length&quot;:&quot;0&quot;,&quot;iso&quot;:&quot;0&quot;,&quot;shutter_speed&quot;:&quot;0&quot;,&quot;title&quot;:&quot;&quot;,&quot;orientation&quot;:&quot;0&quot;}\" data-image-title=\"Foule icone\" data-image-description=\"&lt;p&gt;Foule icone&lt;\/p&gt;\n\" data-image-caption=\"&lt;p&gt;Foule icone&lt;\/p&gt;\n\" data-large-file=\"https:\/\/www.tamtamsn.com\/location\/wp-content\/uploads\/sites\/3\/2020\/05\/Foule_icone.png\" class=\"alignnone wp-image-3726\" src=\"https:\/\/www.tamtamsn.com\/location\/wp-content\/uploads\/sites\/3\/2020\/05\/Foule_icone.png\" alt=\"Nbr de Personnes\" width=\"270\" height=\"132\" srcset=\"https:\/\/www.tamtamsn.com\/location\/wp-content\/uploads\/sites\/3\/2020\/05\/Foule_icone.png 383w, https:\/\/www.tamtamsn.com\/location\/wp-content\/uploads\/sites\/3\/2020\/05\/Foule_icone-300x146.png 300w, https:\/\/www.tamtamsn.com\/location\/wp-content\/uploads\/sites\/3\/2020\/05\/Foule_icone-150x73.png 150w, https:\/\/www.tamtamsn.com\/location\/wp-content\/uploads\/sites\/3\/2020\/05\/Foule_icone-64x31.png 64w\" sizes=\"(max-width: 270px) 100vw, 270px\" \/><strong>Id\u00e9al pour vos \u00e9v\u00e9nements jusqu&rsquo;\u00e0 120 personnes.<\/strong><\/div>\n<p style=\"text-align: center;\">Produit Plug&amp;Play = Montage Facile, en 5 minutes<\/p>\n<p style=\"text-align: center;\"><b>Retrouvez tout notre catalogue de <a href=\"https:\/\/www.tamtamsn.com\/location\/categorie-produit\/tous-nos-packs\/nos-packs-son\/\">location de Pack de Sonorisation en Haute-Savoie.<\/a><\/b><b><\/b><\/p>\n","protected":false},"excerpt":{"rendered":"<ul>\n<li>Syst\u00e8me Son Lucas 2K15 compos\u00e9 de 2 Satellites + 1 Caisson 15&Prime;<\/li>\n<li>1x Console de mixage 5 voies<\/li>\n<li>Pour vos \u00e9v\u00e9nements jusqu\u2019\u00e0 120 personnes<\/li>\n<\/ul>\n","protected":false},"featured_media":3922,"template":"","meta":[],"product_brand":[],"product_cat":[558],"product_tag":[1108,1112,1157,1172,1158,1173,1218,1220,1221],"class_list":{"0":"post-3921","1":"product","2":"type-product","3":"status-publish","4":"has-post-thumbnail","6":"product_cat-nos-packs-son","7":"product_tag-location-enceinte","8":"product_tag-location-enceinte-amplifiee","9":"product_tag-location-pack-enceintes","10":"product_tag-location-pack-enceintes-console","11":"product_tag-location-pack-enceintes-caissons","12":"product_tag-location-pack-son-enceintes-console","13":"product_tag-location-systeme-son","14":"product_tag-location-systeme-son-hk-audio","15":"product_tag-location-systeme-son-lucas","16":"pa_marque-multi-marques","18":"first","19":"instock","20":"taxable","21":"shipping-taxable","22":"purchasable","23":"product-type-simple"},"yoast_head":"<!-- This site is optimized with the Yoast SEO Premium plugin v27.4 (Yoast SEO v27.6) - https:\/\/yoast.com\/product\/yoast-seo-premium-wordpress\/ -->\n<title>Location Pack Syst\u00e8me son HK AUDIO Lucas 2K15 + Console de Mixage - TAMTAM Annemasse - Espace Location<\/title>\n<meta name=\"description\" content=\"Location Pack Syst\u00e8me son HK AUDIO Lucas 2K15 + Console de Mixage pour votre \u00e9v\u00e9nement entre Annemasse, Thonon, Evian. Location de Mat\u00e9riel de Sonorisation, Eclairage et Vid\u00e9o en Haute-Savoie.\" \/>\n<meta name=\"robots\" content=\"index, follow, max-snippet:-1, max-image-preview:large, max-video-preview:-1\" \/>\n<link rel=\"canonical\" href=\"https:\/\/www.tamtamsn.com\/location\/produit\/pack-systeme-son-hk-audio-lucas-2k15-console-de-mixage\/\" \/>\n<meta property=\"og:locale\" content=\"fr_FR\" \/>\n<meta property=\"og:type\" content=\"article\" \/>\n<meta property=\"og:title\" content=\"Pack Syst\u00e8me son HK AUDIO Lucas 2K15 + Console de Mixage\" \/>\n<meta property=\"og:description\" content=\"Syst\u00e8me Son Lucas 2K15 compos\u00e9 de 2 Satellites + 1 Caisson 15&quot;  1x Console de mixage 5 voies  Pour vos \u00e9v\u00e9nements jusqu\u2019\u00e0 120 personnes\" \/>\n<meta property=\"og:url\" content=\"https:\/\/www.tamtamsn.com\/location\/produit\/pack-systeme-son-hk-audio-lucas-2k15-console-de-mixage\/\" \/>\n<meta property=\"og:site_name\" content=\"TAMTAM Annemasse - Espace Location\" \/>\n<meta property=\"article:publisher\" content=\"https:\/\/www.facebook.com\/tamtam74100\" \/>\n<meta property=\"article:modified_time\" content=\"2022-06-08T14:24:33+00:00\" \/>\n<meta property=\"og:image\" content=\"https:\/\/www.tamtamsn.com\/location\/wp-content\/uploads\/sites\/3\/2020\/06\/Pack-Location-Systeme-Son-HK-AUDIO-Lucas-2K15-Mixage.jpg\" \/>\n\t<meta property=\"og:image:width\" content=\"1000\" \/>\n\t<meta property=\"og:image:height\" content=\"1000\" \/>\n\t<meta property=\"og:image:type\" content=\"image\/jpeg\" \/>\n<meta name=\"twitter:card\" content=\"summary_large_image\" \/>\n<meta name=\"twitter:label1\" content=\"Dur\u00e9e de lecture estim\u00e9e\" \/>\n\t<meta name=\"twitter:data1\" content=\"1 minute\" \/>\n<script type=\"application\/ld+json\" class=\"yoast-schema-graph\">{\"@context\":\"https:\\\/\\\/schema.org\",\"@graph\":[{\"@type\":[\"WebPage\",\"ItemPage\"],\"@id\":\"https:\\\/\\\/www.tamtamsn.com\\\/location\\\/produit\\\/pack-systeme-son-hk-audio-lucas-2k15-console-de-mixage\\\/\",\"url\":\"https:\\\/\\\/www.tamtamsn.com\\\/location\\\/produit\\\/pack-systeme-son-hk-audio-lucas-2k15-console-de-mixage\\\/\",\"name\":\"Location Pack Syst\u00e8me son HK AUDIO Lucas 2K15 + Console de Mixage - TAMTAM Annemasse - Espace Location\",\"isPartOf\":{\"@id\":\"https:\\\/\\\/www.tamtamsn.com\\\/location\\\/#website\"},\"primaryImageOfPage\":{\"@id\":\"https:\\\/\\\/www.tamtamsn.com\\\/location\\\/produit\\\/pack-systeme-son-hk-audio-lucas-2k15-console-de-mixage\\\/#primaryimage\"},\"image\":{\"@id\":\"https:\\\/\\\/www.tamtamsn.com\\\/location\\\/produit\\\/pack-systeme-son-hk-audio-lucas-2k15-console-de-mixage\\\/#primaryimage\"},\"thumbnailUrl\":\"https:\\\/\\\/www.tamtamsn.com\\\/location\\\/wp-content\\\/uploads\\\/sites\\\/3\\\/2020\\\/06\\\/Pack-Location-Systeme-Son-HK-AUDIO-Lucas-2K15-Mixage.jpg\",\"datePublished\":\"2020-06-22T12:52:30+00:00\",\"dateModified\":\"2022-06-08T14:24:33+00:00\",\"description\":\"Location Pack Syst\u00e8me son HK AUDIO Lucas 2K15 + Console de Mixage pour votre \u00e9v\u00e9nement entre Annemasse, Thonon, Evian. Location de Mat\u00e9riel de Sonorisation, Eclairage et Vid\u00e9o en Haute-Savoie.\",\"breadcrumb\":{\"@id\":\"https:\\\/\\\/www.tamtamsn.com\\\/location\\\/produit\\\/pack-systeme-son-hk-audio-lucas-2k15-console-de-mixage\\\/#breadcrumb\"},\"inLanguage\":\"fr-FR\",\"potentialAction\":[{\"@type\":\"ReadAction\",\"target\":[\"https:\\\/\\\/www.tamtamsn.com\\\/location\\\/produit\\\/pack-systeme-son-hk-audio-lucas-2k15-console-de-mixage\\\/\"]}]},{\"@type\":\"ImageObject\",\"inLanguage\":\"fr-FR\",\"@id\":\"https:\\\/\\\/www.tamtamsn.com\\\/location\\\/produit\\\/pack-systeme-son-hk-audio-lucas-2k15-console-de-mixage\\\/#primaryimage\",\"url\":\"https:\\\/\\\/www.tamtamsn.com\\\/location\\\/wp-content\\\/uploads\\\/sites\\\/3\\\/2020\\\/06\\\/Pack-Location-Systeme-Son-HK-AUDIO-Lucas-2K15-Mixage.jpg\",\"contentUrl\":\"https:\\\/\\\/www.tamtamsn.com\\\/location\\\/wp-content\\\/uploads\\\/sites\\\/3\\\/2020\\\/06\\\/Pack-Location-Systeme-Son-HK-AUDIO-Lucas-2K15-Mixage.jpg\",\"width\":1000,\"height\":1000,\"caption\":\"Pack Location Systeme Son HK AUDIO Lucas 2K15 + Console de Mixage en Haute-Savoie.\"},{\"@type\":\"BreadcrumbList\",\"@id\":\"https:\\\/\\\/www.tamtamsn.com\\\/location\\\/produit\\\/pack-systeme-son-hk-audio-lucas-2k15-console-de-mixage\\\/#breadcrumb\",\"itemListElement\":[{\"@type\":\"ListItem\",\"position\":1,\"name\":\"Catalogue de Location de Mat\u00e9riel de Sonorisation, Eclairage &amp; Vid\u00e9o en Haute-Savoie\",\"item\":\"https:\\\/\\\/www.tamtamsn.com\\\/location\\\/\"},{\"@type\":\"ListItem\",\"position\":2,\"name\":\"Notre Catalogue Location en ligne\",\"item\":\"https:\\\/\\\/www.tamtamsn.com\\\/location\\\/catalogue-en-ligne-location-sonorisation-eclairage-video\\\/\"},{\"@type\":\"ListItem\",\"position\":3,\"name\":\"Location enceinte\",\"item\":\"https:\\\/\\\/www.tamtamsn.com\\\/location\\\/etiquette-produit\\\/location-enceinte\\\/\"},{\"@type\":\"ListItem\",\"position\":4,\"name\":\"Pack Syst\u00e8me son HK AUDIO Lucas 2K15 + Console de Mixage\"}]},{\"@type\":\"WebSite\",\"@id\":\"https:\\\/\\\/www.tamtamsn.com\\\/location\\\/#website\",\"url\":\"https:\\\/\\\/www.tamtamsn.com\\\/location\\\/\",\"name\":\"TAMTAM Annemasse - Espace Location\",\"description\":\"Location de mat\u00e9riel de Sonorisation, Eclairage et Vid\u00e9o \u00e0 Annemasse, Haute-Savoie et sur le Bassin Genevois\",\"publisher\":{\"@id\":\"https:\\\/\\\/www.tamtamsn.com\\\/location\\\/#organization\"},\"potentialAction\":[{\"@type\":\"SearchAction\",\"target\":{\"@type\":\"EntryPoint\",\"urlTemplate\":\"https:\\\/\\\/www.tamtamsn.com\\\/location\\\/?s={search_term_string}\"},\"query-input\":{\"@type\":\"PropertyValueSpecification\",\"valueRequired\":true,\"valueName\":\"search_term_string\"}}],\"inLanguage\":\"fr-FR\"},{\"@type\":\"Organization\",\"@id\":\"https:\\\/\\\/www.tamtamsn.com\\\/location\\\/#organization\",\"name\":\"TAMTAM\",\"url\":\"https:\\\/\\\/www.tamtamsn.com\\\/location\\\/\",\"logo\":{\"@type\":\"ImageObject\",\"inLanguage\":\"fr-FR\",\"@id\":\"https:\\\/\\\/www.tamtamsn.com\\\/location\\\/#\\\/schema\\\/logo\\\/image\\\/\",\"url\":\"\",\"contentUrl\":\"\",\"caption\":\"TAMTAM\"},\"image\":{\"@id\":\"https:\\\/\\\/www.tamtamsn.com\\\/location\\\/#\\\/schema\\\/logo\\\/image\\\/\"},\"sameAs\":[\"https:\\\/\\\/www.facebook.com\\\/tamtam74100\"]}]}<\/script>\n<!-- \/ Yoast SEO Premium plugin. -->","yoast_head_json":{"title":"Location Pack Syst\u00e8me son HK AUDIO Lucas 2K15 + Console de Mixage - TAMTAM Annemasse - Espace Location","description":"Location Pack Syst\u00e8me son HK AUDIO Lucas 2K15 + Console de Mixage pour votre \u00e9v\u00e9nement entre Annemasse, Thonon, Evian. Location de Mat\u00e9riel de Sonorisation, Eclairage et Vid\u00e9o en Haute-Savoie.","robots":{"index":"index","follow":"follow","max-snippet":"max-snippet:-1","max-image-preview":"max-image-preview:large","max-video-preview":"max-video-preview:-1"},"canonical":"https:\/\/www.tamtamsn.com\/location\/produit\/pack-systeme-son-hk-audio-lucas-2k15-console-de-mixage\/","og_locale":"fr_FR","og_type":"article","og_title":"Pack Syst\u00e8me son HK AUDIO Lucas 2K15 + Console de Mixage","og_description":"Syst\u00e8me Son Lucas 2K15 compos\u00e9 de 2 Satellites + 1 Caisson 15\"  1x Console de mixage 5 voies  Pour vos \u00e9v\u00e9nements jusqu\u2019\u00e0 120 personnes","og_url":"https:\/\/www.tamtamsn.com\/location\/produit\/pack-systeme-son-hk-audio-lucas-2k15-console-de-mixage\/","og_site_name":"TAMTAM Annemasse - Espace Location","article_publisher":"https:\/\/www.facebook.com\/tamtam74100","article_modified_time":"2022-06-08T14:24:33+00:00","og_image":[{"width":1000,"height":1000,"url":"https:\/\/www.tamtamsn.com\/location\/wp-content\/uploads\/sites\/3\/2020\/06\/Pack-Location-Systeme-Son-HK-AUDIO-Lucas-2K15-Mixage.jpg","type":"image\/jpeg"}],"twitter_card":"summary_large_image","twitter_misc":{"Dur\u00e9e de lecture estim\u00e9e":"1 minute"},"schema":{"@context":"https:\/\/schema.org","@graph":[{"@type":["WebPage","ItemPage"],"@id":"https:\/\/www.tamtamsn.com\/location\/produit\/pack-systeme-son-hk-audio-lucas-2k15-console-de-mixage\/","url":"https:\/\/www.tamtamsn.com\/location\/produit\/pack-systeme-son-hk-audio-lucas-2k15-console-de-mixage\/","name":"Location Pack Syst\u00e8me son HK AUDIO Lucas 2K15 + Console de Mixage - TAMTAM Annemasse - Espace Location","isPartOf":{"@id":"https:\/\/www.tamtamsn.com\/location\/#website"},"primaryImageOfPage":{"@id":"https:\/\/www.tamtamsn.com\/location\/produit\/pack-systeme-son-hk-audio-lucas-2k15-console-de-mixage\/#primaryimage"},"image":{"@id":"https:\/\/www.tamtamsn.com\/location\/produit\/pack-systeme-son-hk-audio-lucas-2k15-console-de-mixage\/#primaryimage"},"thumbnailUrl":"https:\/\/www.tamtamsn.com\/location\/wp-content\/uploads\/sites\/3\/2020\/06\/Pack-Location-Systeme-Son-HK-AUDIO-Lucas-2K15-Mixage.jpg","datePublished":"2020-06-22T12:52:30+00:00","dateModified":"2022-06-08T14:24:33+00:00","description":"Location Pack Syst\u00e8me son HK AUDIO Lucas 2K15 + Console de Mixage pour votre \u00e9v\u00e9nement entre Annemasse, Thonon, Evian. Location de Mat\u00e9riel de Sonorisation, Eclairage et Vid\u00e9o en Haute-Savoie.","breadcrumb":{"@id":"https:\/\/www.tamtamsn.com\/location\/produit\/pack-systeme-son-hk-audio-lucas-2k15-console-de-mixage\/#breadcrumb"},"inLanguage":"fr-FR","potentialAction":[{"@type":"ReadAction","target":["https:\/\/www.tamtamsn.com\/location\/produit\/pack-systeme-son-hk-audio-lucas-2k15-console-de-mixage\/"]}]},{"@type":"ImageObject","inLanguage":"fr-FR","@id":"https:\/\/www.tamtamsn.com\/location\/produit\/pack-systeme-son-hk-audio-lucas-2k15-console-de-mixage\/#primaryimage","url":"https:\/\/www.tamtamsn.com\/location\/wp-content\/uploads\/sites\/3\/2020\/06\/Pack-Location-Systeme-Son-HK-AUDIO-Lucas-2K15-Mixage.jpg","contentUrl":"https:\/\/www.tamtamsn.com\/location\/wp-content\/uploads\/sites\/3\/2020\/06\/Pack-Location-Systeme-Son-HK-AUDIO-Lucas-2K15-Mixage.jpg","width":1000,"height":1000,"caption":"Pack Location Systeme Son HK AUDIO Lucas 2K15 + Console de Mixage en Haute-Savoie."},{"@type":"BreadcrumbList","@id":"https:\/\/www.tamtamsn.com\/location\/produit\/pack-systeme-son-hk-audio-lucas-2k15-console-de-mixage\/#breadcrumb","itemListElement":[{"@type":"ListItem","position":1,"name":"Catalogue de Location de Mat\u00e9riel de Sonorisation, Eclairage &amp; Vid\u00e9o en Haute-Savoie","item":"https:\/\/www.tamtamsn.com\/location\/"},{"@type":"ListItem","position":2,"name":"Notre Catalogue Location en ligne","item":"https:\/\/www.tamtamsn.com\/location\/catalogue-en-ligne-location-sonorisation-eclairage-video\/"},{"@type":"ListItem","position":3,"name":"Location enceinte","item":"https:\/\/www.tamtamsn.com\/location\/etiquette-produit\/location-enceinte\/"},{"@type":"ListItem","position":4,"name":"Pack Syst\u00e8me son HK AUDIO Lucas 2K15 + Console de Mixage"}]},{"@type":"WebSite","@id":"https:\/\/www.tamtamsn.com\/location\/#website","url":"https:\/\/www.tamtamsn.com\/location\/","name":"TAMTAM Annemasse - Espace Location","description":"Location de mat\u00e9riel de Sonorisation, Eclairage et Vid\u00e9o \u00e0 Annemasse, Haute-Savoie et sur le Bassin Genevois","publisher":{"@id":"https:\/\/www.tamtamsn.com\/location\/#organization"},"potentialAction":[{"@type":"SearchAction","target":{"@type":"EntryPoint","urlTemplate":"https:\/\/www.tamtamsn.com\/location\/?s={search_term_string}"},"query-input":{"@type":"PropertyValueSpecification","valueRequired":true,"valueName":"search_term_string"}}],"inLanguage":"fr-FR"},{"@type":"Organization","@id":"https:\/\/www.tamtamsn.com\/location\/#organization","name":"TAMTAM","url":"https:\/\/www.tamtamsn.com\/location\/","logo":{"@type":"ImageObject","inLanguage":"fr-FR","@id":"https:\/\/www.tamtamsn.com\/location\/#\/schema\/logo\/image\/","url":"","contentUrl":"","caption":"TAMTAM"},"image":{"@id":"https:\/\/www.tamtamsn.com\/location\/#\/schema\/logo\/image\/"},"sameAs":["https:\/\/www.facebook.com\/tamtam74100"]}]}},"jetpack_sharing_enabled":true,"_links":{"self":[{"href":"https:\/\/www.tamtamsn.com\/location\/wp-json\/wp\/v2\/product\/3921","targetHints":{"allow":["GET"]}}],"collection":[{"href":"https:\/\/www.tamtamsn.com\/location\/wp-json\/wp\/v2\/product"}],"about":[{"href":"https:\/\/www.tamtamsn.com\/location\/wp-json\/wp\/v2\/types\/product"}],"wp:featuredmedia":[{"embeddable":true,"href":"https:\/\/www.tamtamsn.com\/location\/wp-json\/wp\/v2\/media\/3922"}],"wp:attachment":[{"href":"https:\/\/www.tamtamsn.com\/location\/wp-json\/wp\/v2\/media?parent=3921"}],"wp:term":[{"taxonomy":"product_brand","embeddable":true,"href":"https:\/\/www.tamtamsn.com\/location\/wp-json\/wp\/v2\/product_brand?post=3921"},{"taxonomy":"product_cat","embeddable":true,"href":"https:\/\/www.tamtamsn.com\/location\/wp-json\/wp\/v2\/product_cat?post=3921"},{"taxonomy":"product_tag","embeddable":true,"href":"https:\/\/www.tamtamsn.com\/location\/wp-json\/wp\/v2\/product_tag?post=3921"}],"curies":[{"name":"wp","href":"https:\/\/api.w.org\/{rel}","templated":true}]}}