{"id":3835,"date":"2020-06-08T18:22:56","date_gmt":"2020-06-08T16:22:56","guid":{"rendered":"https:\/\/www.tamtamsn.com\/location\/?post_type=product&#038;p=3835"},"modified":"2022-06-07T12:52:04","modified_gmt":"2022-06-07T10:52:04","slug":"pied-eclairage-a-treuil-80kg","status":"publish","type":"product","link":"https:\/\/www.tamtamsn.com\/location\/produit\/pied-eclairage-a-treuil-80kg\/","title":{"rendered":"Pied d\u2019\u00e9clairage \u00e0 treuil 80KG"},"content":{"rendered":"<p>Location Pied d\u2019\u00e9clairage \u00e0 treuil pour construire un pont de lumi\u00e8re avec des <a href=\"https:\/\/www.tamtamsn.com\/location\/?s=barre+de+structure\">barres de structure<\/a>.<\/p>\n<p><span style=\"text-decoration: underline;\"><strong>Caract\u00e9ristiques Techniques:<\/strong><\/span><\/p>\n<ul>\n<li>Hauteur pied: 2m \u00e0 4m<\/li>\n<li>Charge maxi: 80kg<\/li>\n<\/ul>\n<p>&nbsp;<\/p>\n<p style=\"text-align: center;\"><b>Retrouvez tout notre catalogue de <a href=\"https:\/\/www.tamtamsn.com\/location\/categorie-produit\/structure-scene\/\">location de Structures &amp; Equipements Sc\u00e9nique en Haute-Savoie<\/a>.<\/b><\/p>\n<p style=\"text-align: center;\"><strong>Le Produit est \u00e9galement disponible \u00e0 la Vente:<\/strong><br \/>\nAchetez un\u00a0<a href=\"https:\/\/www.tamtamsn.com\/categorie-produit\/eclairage\/\">Pied de lumi\u00e8re<\/a>\u00a0dans votre magasin d&rsquo;Annemasse<\/p>\n","protected":false},"excerpt":{"rendered":"<ul>\n<li>Hauteur pied: 2m \u00e0 4m<\/li>\n<li>Charge maxi: 80kg<\/li>\n<\/ul>\n","protected":false},"featured_media":3836,"template":"","meta":[],"product_brand":[],"product_cat":[554],"product_tag":[1039,1037,1040],"class_list":{"0":"post-3835","1":"product","2":"type-product","3":"status-publish","4":"has-post-thumbnail","6":"product_cat-structure-scene","7":"product_tag-location-pied-a-treuil","8":"product_tag-location-pied-de-lumiere","9":"product_tag-location-pied-pour-projecteur","10":"pa_marque-produit-multi-marques","12":"first","13":"instock","14":"taxable","15":"shipping-taxable","16":"purchasable","17":"product-type-simple"},"yoast_head":"<!-- This site is optimized with the Yoast SEO Premium plugin v27.3 (Yoast SEO v27.3) - https:\/\/yoast.com\/product\/yoast-seo-premium-wordpress\/ -->\n<title>Location de Pied d\u2019\u00e9clairage \u00e0 treuil 80KG - TAMTAM Annemasse<\/title>\n<meta name=\"description\" content=\"Location de Pied d\u2019\u00e9clairage \u00e0 treuil 80KG pour votre \u00e9v\u00e9nement entre Annemasse, Thonon, Evian. Location de Mat\u00e9riel de Sonorisation, Eclairage et Vid\u00e9o en Haute-Savoie.\" \/>\n<meta name=\"robots\" content=\"index, follow, max-snippet:-1, max-image-preview:large, max-video-preview:-1\" \/>\n<link rel=\"canonical\" href=\"https:\/\/www.tamtamsn.com\/location\/produit\/pied-eclairage-a-treuil-80kg\/\" \/>\n<meta property=\"og:locale\" content=\"fr_FR\" \/>\n<meta property=\"og:type\" content=\"article\" \/>\n<meta property=\"og:title\" content=\"Pied d\u2019\u00e9clairage \u00e0 treuil 80KG\" \/>\n<meta property=\"og:description\" content=\"Hauteur pied: 2m \u00e0 4m  Charge maxi: 80kg\" \/>\n<meta property=\"og:url\" content=\"https:\/\/www.tamtamsn.com\/location\/produit\/pied-eclairage-a-treuil-80kg\/\" \/>\n<meta property=\"og:site_name\" content=\"TAMTAM Annemasse - Espace Location\" \/>\n<meta property=\"article:publisher\" content=\"https:\/\/www.facebook.com\/tamtam74100\" \/>\n<meta property=\"article:modified_time\" content=\"2022-06-07T10:52:04+00:00\" \/>\n<meta property=\"og:image\" content=\"https:\/\/www.tamtamsn.com\/location\/wp-content\/uploads\/sites\/3\/2020\/06\/Location-pied-\u00e0-Treuil-MOBILTRUSS-MTS410-1.jpg\" \/>\n\t<meta property=\"og:image:width\" content=\"900\" \/>\n\t<meta property=\"og:image:height\" content=\"900\" \/>\n\t<meta property=\"og:image:type\" content=\"image\/jpeg\" \/>\n<meta name=\"twitter:card\" content=\"summary_large_image\" \/>\n<meta name=\"twitter:label1\" content=\"Dur\u00e9e de lecture estim\u00e9e\" \/>\n\t<meta name=\"twitter:data1\" content=\"1 minute\" \/>\n<script type=\"application\/ld+json\" class=\"yoast-schema-graph\">{\"@context\":\"https:\\\/\\\/schema.org\",\"@graph\":[{\"@type\":[\"WebPage\",\"ItemPage\"],\"@id\":\"https:\\\/\\\/www.tamtamsn.com\\\/location\\\/produit\\\/pied-eclairage-a-treuil-80kg\\\/\",\"url\":\"https:\\\/\\\/www.tamtamsn.com\\\/location\\\/produit\\\/pied-eclairage-a-treuil-80kg\\\/\",\"name\":\"Location de Pied d\u2019\u00e9clairage \u00e0 treuil 80KG - TAMTAM Annemasse\",\"isPartOf\":{\"@id\":\"https:\\\/\\\/www.tamtamsn.com\\\/location\\\/#website\"},\"primaryImageOfPage\":{\"@id\":\"https:\\\/\\\/www.tamtamsn.com\\\/location\\\/produit\\\/pied-eclairage-a-treuil-80kg\\\/#primaryimage\"},\"image\":{\"@id\":\"https:\\\/\\\/www.tamtamsn.com\\\/location\\\/produit\\\/pied-eclairage-a-treuil-80kg\\\/#primaryimage\"},\"thumbnailUrl\":\"https:\\\/\\\/www.tamtamsn.com\\\/location\\\/wp-content\\\/uploads\\\/sites\\\/3\\\/2020\\\/06\\\/Location-pied-\u00e0-Treuil-MOBILTRUSS-MTS410-1.jpg\",\"datePublished\":\"2020-06-08T16:22:56+00:00\",\"dateModified\":\"2022-06-07T10:52:04+00:00\",\"description\":\"Location de Pied d\u2019\u00e9clairage \u00e0 treuil 80KG pour votre \u00e9v\u00e9nement entre Annemasse, Thonon, Evian. Location de Mat\u00e9riel de Sonorisation, Eclairage et Vid\u00e9o en Haute-Savoie.\",\"breadcrumb\":{\"@id\":\"https:\\\/\\\/www.tamtamsn.com\\\/location\\\/produit\\\/pied-eclairage-a-treuil-80kg\\\/#breadcrumb\"},\"inLanguage\":\"fr-FR\",\"potentialAction\":[{\"@type\":\"ReadAction\",\"target\":[\"https:\\\/\\\/www.tamtamsn.com\\\/location\\\/produit\\\/pied-eclairage-a-treuil-80kg\\\/\"]}]},{\"@type\":\"ImageObject\",\"inLanguage\":\"fr-FR\",\"@id\":\"https:\\\/\\\/www.tamtamsn.com\\\/location\\\/produit\\\/pied-eclairage-a-treuil-80kg\\\/#primaryimage\",\"url\":\"https:\\\/\\\/www.tamtamsn.com\\\/location\\\/wp-content\\\/uploads\\\/sites\\\/3\\\/2020\\\/06\\\/Location-pied-\u00e0-Treuil-MOBILTRUSS-MTS410-1.jpg\",\"contentUrl\":\"https:\\\/\\\/www.tamtamsn.com\\\/location\\\/wp-content\\\/uploads\\\/sites\\\/3\\\/2020\\\/06\\\/Location-pied-\u00e0-Treuil-MOBILTRUSS-MTS410-1.jpg\",\"width\":900,\"height\":900,\"caption\":\"Location pied \u00e0 Treuil MOBILTRUSS MTS410 en Haute-Savoie.\"},{\"@type\":\"BreadcrumbList\",\"@id\":\"https:\\\/\\\/www.tamtamsn.com\\\/location\\\/produit\\\/pied-eclairage-a-treuil-80kg\\\/#breadcrumb\",\"itemListElement\":[{\"@type\":\"ListItem\",\"position\":1,\"name\":\"Catalogue de Location de Mat\u00e9riel de Sonorisation, Eclairage &amp; Vid\u00e9o en Haute-Savoie\",\"item\":\"https:\\\/\\\/www.tamtamsn.com\\\/location\\\/\"},{\"@type\":\"ListItem\",\"position\":2,\"name\":\"Notre Catalogue Location en ligne\",\"item\":\"https:\\\/\\\/www.tamtamsn.com\\\/location\\\/catalogue-en-ligne-location-sonorisation-eclairage-video\\\/\"},{\"@type\":\"ListItem\",\"position\":3,\"name\":\"Location pied \u00e0 treuil\",\"item\":\"https:\\\/\\\/www.tamtamsn.com\\\/location\\\/etiquette-produit\\\/location-pied-a-treuil\\\/\"},{\"@type\":\"ListItem\",\"position\":4,\"name\":\"Pied d\u2019\u00e9clairage \u00e0 treuil 80KG\"}]},{\"@type\":\"WebSite\",\"@id\":\"https:\\\/\\\/www.tamtamsn.com\\\/location\\\/#website\",\"url\":\"https:\\\/\\\/www.tamtamsn.com\\\/location\\\/\",\"name\":\"TAMTAM Annemasse - Espace Location\",\"description\":\"Location de mat\u00e9riel de Sonorisation, Eclairage et Vid\u00e9o \u00e0 Annemasse, Haute-Savoie et sur le Bassin Genevois\",\"publisher\":{\"@id\":\"https:\\\/\\\/www.tamtamsn.com\\\/location\\\/#organization\"},\"potentialAction\":[{\"@type\":\"SearchAction\",\"target\":{\"@type\":\"EntryPoint\",\"urlTemplate\":\"https:\\\/\\\/www.tamtamsn.com\\\/location\\\/?s={search_term_string}\"},\"query-input\":{\"@type\":\"PropertyValueSpecification\",\"valueRequired\":true,\"valueName\":\"search_term_string\"}}],\"inLanguage\":\"fr-FR\"},{\"@type\":\"Organization\",\"@id\":\"https:\\\/\\\/www.tamtamsn.com\\\/location\\\/#organization\",\"name\":\"TAMTAM\",\"url\":\"https:\\\/\\\/www.tamtamsn.com\\\/location\\\/\",\"logo\":{\"@type\":\"ImageObject\",\"inLanguage\":\"fr-FR\",\"@id\":\"https:\\\/\\\/www.tamtamsn.com\\\/location\\\/#\\\/schema\\\/logo\\\/image\\\/\",\"url\":\"\",\"contentUrl\":\"\",\"caption\":\"TAMTAM\"},\"image\":{\"@id\":\"https:\\\/\\\/www.tamtamsn.com\\\/location\\\/#\\\/schema\\\/logo\\\/image\\\/\"},\"sameAs\":[\"https:\\\/\\\/www.facebook.com\\\/tamtam74100\"]}]}<\/script>\n<!-- \/ Yoast SEO Premium plugin. -->","yoast_head_json":{"title":"Location de Pied d\u2019\u00e9clairage \u00e0 treuil 80KG - TAMTAM Annemasse","description":"Location de Pied d\u2019\u00e9clairage \u00e0 treuil 80KG pour votre \u00e9v\u00e9nement entre Annemasse, Thonon, Evian. Location de Mat\u00e9riel de Sonorisation, Eclairage et Vid\u00e9o en Haute-Savoie.","robots":{"index":"index","follow":"follow","max-snippet":"max-snippet:-1","max-image-preview":"max-image-preview:large","max-video-preview":"max-video-preview:-1"},"canonical":"https:\/\/www.tamtamsn.com\/location\/produit\/pied-eclairage-a-treuil-80kg\/","og_locale":"fr_FR","og_type":"article","og_title":"Pied d\u2019\u00e9clairage \u00e0 treuil 80KG","og_description":"Hauteur pied: 2m \u00e0 4m  Charge maxi: 80kg","og_url":"https:\/\/www.tamtamsn.com\/location\/produit\/pied-eclairage-a-treuil-80kg\/","og_site_name":"TAMTAM Annemasse - Espace Location","article_publisher":"https:\/\/www.facebook.com\/tamtam74100","article_modified_time":"2022-06-07T10:52:04+00:00","og_image":[{"width":900,"height":900,"url":"https:\/\/www.tamtamsn.com\/location\/wp-content\/uploads\/sites\/3\/2020\/06\/Location-pied-\u00e0-Treuil-MOBILTRUSS-MTS410-1.jpg","type":"image\/jpeg"}],"twitter_card":"summary_large_image","twitter_misc":{"Dur\u00e9e de lecture estim\u00e9e":"1 minute"},"schema":{"@context":"https:\/\/schema.org","@graph":[{"@type":["WebPage","ItemPage"],"@id":"https:\/\/www.tamtamsn.com\/location\/produit\/pied-eclairage-a-treuil-80kg\/","url":"https:\/\/www.tamtamsn.com\/location\/produit\/pied-eclairage-a-treuil-80kg\/","name":"Location de Pied d\u2019\u00e9clairage \u00e0 treuil 80KG - TAMTAM Annemasse","isPartOf":{"@id":"https:\/\/www.tamtamsn.com\/location\/#website"},"primaryImageOfPage":{"@id":"https:\/\/www.tamtamsn.com\/location\/produit\/pied-eclairage-a-treuil-80kg\/#primaryimage"},"image":{"@id":"https:\/\/www.tamtamsn.com\/location\/produit\/pied-eclairage-a-treuil-80kg\/#primaryimage"},"thumbnailUrl":"https:\/\/www.tamtamsn.com\/location\/wp-content\/uploads\/sites\/3\/2020\/06\/Location-pied-\u00e0-Treuil-MOBILTRUSS-MTS410-1.jpg","datePublished":"2020-06-08T16:22:56+00:00","dateModified":"2022-06-07T10:52:04+00:00","description":"Location de Pied d\u2019\u00e9clairage \u00e0 treuil 80KG pour votre \u00e9v\u00e9nement entre Annemasse, Thonon, Evian. Location de Mat\u00e9riel de Sonorisation, Eclairage et Vid\u00e9o en Haute-Savoie.","breadcrumb":{"@id":"https:\/\/www.tamtamsn.com\/location\/produit\/pied-eclairage-a-treuil-80kg\/#breadcrumb"},"inLanguage":"fr-FR","potentialAction":[{"@type":"ReadAction","target":["https:\/\/www.tamtamsn.com\/location\/produit\/pied-eclairage-a-treuil-80kg\/"]}]},{"@type":"ImageObject","inLanguage":"fr-FR","@id":"https:\/\/www.tamtamsn.com\/location\/produit\/pied-eclairage-a-treuil-80kg\/#primaryimage","url":"https:\/\/www.tamtamsn.com\/location\/wp-content\/uploads\/sites\/3\/2020\/06\/Location-pied-\u00e0-Treuil-MOBILTRUSS-MTS410-1.jpg","contentUrl":"https:\/\/www.tamtamsn.com\/location\/wp-content\/uploads\/sites\/3\/2020\/06\/Location-pied-\u00e0-Treuil-MOBILTRUSS-MTS410-1.jpg","width":900,"height":900,"caption":"Location pied \u00e0 Treuil MOBILTRUSS MTS410 en Haute-Savoie."},{"@type":"BreadcrumbList","@id":"https:\/\/www.tamtamsn.com\/location\/produit\/pied-eclairage-a-treuil-80kg\/#breadcrumb","itemListElement":[{"@type":"ListItem","position":1,"name":"Catalogue de Location de Mat\u00e9riel de Sonorisation, Eclairage &amp; Vid\u00e9o en Haute-Savoie","item":"https:\/\/www.tamtamsn.com\/location\/"},{"@type":"ListItem","position":2,"name":"Notre Catalogue Location en ligne","item":"https:\/\/www.tamtamsn.com\/location\/catalogue-en-ligne-location-sonorisation-eclairage-video\/"},{"@type":"ListItem","position":3,"name":"Location pied \u00e0 treuil","item":"https:\/\/www.tamtamsn.com\/location\/etiquette-produit\/location-pied-a-treuil\/"},{"@type":"ListItem","position":4,"name":"Pied d\u2019\u00e9clairage \u00e0 treuil 80KG"}]},{"@type":"WebSite","@id":"https:\/\/www.tamtamsn.com\/location\/#website","url":"https:\/\/www.tamtamsn.com\/location\/","name":"TAMTAM Annemasse - Espace Location","description":"Location de mat\u00e9riel de Sonorisation, Eclairage et Vid\u00e9o \u00e0 Annemasse, Haute-Savoie et sur le Bassin Genevois","publisher":{"@id":"https:\/\/www.tamtamsn.com\/location\/#organization"},"potentialAction":[{"@type":"SearchAction","target":{"@type":"EntryPoint","urlTemplate":"https:\/\/www.tamtamsn.com\/location\/?s={search_term_string}"},"query-input":{"@type":"PropertyValueSpecification","valueRequired":true,"valueName":"search_term_string"}}],"inLanguage":"fr-FR"},{"@type":"Organization","@id":"https:\/\/www.tamtamsn.com\/location\/#organization","name":"TAMTAM","url":"https:\/\/www.tamtamsn.com\/location\/","logo":{"@type":"ImageObject","inLanguage":"fr-FR","@id":"https:\/\/www.tamtamsn.com\/location\/#\/schema\/logo\/image\/","url":"","contentUrl":"","caption":"TAMTAM"},"image":{"@id":"https:\/\/www.tamtamsn.com\/location\/#\/schema\/logo\/image\/"},"sameAs":["https:\/\/www.facebook.com\/tamtam74100"]}]}},"jetpack_sharing_enabled":true,"_links":{"self":[{"href":"https:\/\/www.tamtamsn.com\/location\/wp-json\/wp\/v2\/product\/3835","targetHints":{"allow":["GET"]}}],"collection":[{"href":"https:\/\/www.tamtamsn.com\/location\/wp-json\/wp\/v2\/product"}],"about":[{"href":"https:\/\/www.tamtamsn.com\/location\/wp-json\/wp\/v2\/types\/product"}],"wp:featuredmedia":[{"embeddable":true,"href":"https:\/\/www.tamtamsn.com\/location\/wp-json\/wp\/v2\/media\/3836"}],"wp:attachment":[{"href":"https:\/\/www.tamtamsn.com\/location\/wp-json\/wp\/v2\/media?parent=3835"}],"wp:term":[{"taxonomy":"product_brand","embeddable":true,"href":"https:\/\/www.tamtamsn.com\/location\/wp-json\/wp\/v2\/product_brand?post=3835"},{"taxonomy":"product_cat","embeddable":true,"href":"https:\/\/www.tamtamsn.com\/location\/wp-json\/wp\/v2\/product_cat?post=3835"},{"taxonomy":"product_tag","embeddable":true,"href":"https:\/\/www.tamtamsn.com\/location\/wp-json\/wp\/v2\/product_tag?post=3835"}],"curies":[{"name":"wp","href":"https:\/\/api.w.org\/{rel}","templated":true}]}}