{"id":3799,"date":"2020-06-02T14:20:50","date_gmt":"2020-06-02T12:20:50","guid":{"rendered":"https:\/\/www.tamtamsn.com\/location\/?post_type=product&#038;p=3799"},"modified":"2022-06-08T15:14:57","modified_gmt":"2022-06-08T13:14:57","slug":"pack-enceinte-rcf-932a-console-mixage","status":"publish","type":"product","link":"https:\/\/www.tamtamsn.com\/location\/produit\/pack-enceinte-rcf-932a-console-mixage\/","title":{"rendered":"Pack Enceintes RCF 932 A + Console de Mixage"},"content":{"rendered":"<p>La location du Pack Enceinte active RCF 932 A, un syst\u00e8me complet de 2x 1000w + Console de Mixage, inclus:<\/p>\n<ul>\n<li>2x\u00a0<a href=\"https:\/\/www.tamtamsn.com\/location\/produit\/enceinte-amplifiee-rcf-932-a\/\">Enceinte RCF 932A<\/a><br \/>\n<em>Enceinte amplifi\u00e9e de 2x 1000W<\/em><\/li>\n<li>2x Pied d&rsquo;Enceinte K&amp;M<\/li>\n<li>1x Console de Mixage 6 voies de type <a href=\"https:\/\/www.tamtamsn.com\/location\/produit\/console-mixage-yamaha-mg82cx\/\">YAMAHA Mg10XU ou ALESIS Multimix 8<\/a><\/li>\n<li>Lot de c\u00e2bles d&rsquo;alimentation, rallonges, multiprises et c\u00e2bles XLR<\/li>\n<\/ul>\n<p><span style=\"text-decoration: underline;\"><strong>Caract\u00e9ristiques Techniques:<\/strong><\/span><\/p>\n<ul>\n<li><strong>Puissance:<\/strong> 1000 W RMS<\/li>\n<li><b>Maximum SPL @ 1 m:<\/b> 132 dB SPL de cr\u00eate \u00e0 1 m<\/li>\n<li><strong>R\u00e9ponse en Fr\u00e9quence:<\/strong> 50 \u2013 20 000 Hz<\/li>\n<li><b>Dispersion:<\/b> 100\u00b0x60\u00b0<\/li>\n<li>Limiteur \u00e9lectronique imperceptible \u00e0 progression continue, protections contre les surchauffes et les surcharges<\/li>\n<li>1x Entr\u00e9e Line sur XLR et Jack TRS<\/li>\n<li>2 poign\u00e9es lat\u00e9rales et une poign\u00e9e sup\u00e9rieure ergonomique pour un meilleur transport et un maniement facilit\u00e9<\/li>\n<\/ul>\n<p>&nbsp;<\/p>\n<div class=\"foule_icone icone_text\" style=\"text-align: center;\"><img decoding=\"async\" data-attachment-id=\"3726\" data-permalink=\"https:\/\/www.tamtamsn.com\/location\/?attachment_id=3726\" data-orig-file=\"https:\/\/www.tamtamsn.com\/location\/wp-content\/uploads\/sites\/3\/2020\/05\/Foule_icone.png\" data-orig-size=\"383,187\" data-comments-opened=\"1\" data-image-meta=\"{&quot;aperture&quot;:&quot;0&quot;,&quot;credit&quot;:&quot;&quot;,&quot;camera&quot;:&quot;&quot;,&quot;caption&quot;:&quot;&quot;,&quot;created_timestamp&quot;:&quot;0&quot;,&quot;copyright&quot;:&quot;&quot;,&quot;focal_length&quot;:&quot;0&quot;,&quot;iso&quot;:&quot;0&quot;,&quot;shutter_speed&quot;:&quot;0&quot;,&quot;title&quot;:&quot;&quot;,&quot;orientation&quot;:&quot;0&quot;}\" data-image-title=\"Foule icone\" data-image-description=\"&lt;p&gt;Foule icone&lt;\/p&gt;\n\" data-image-caption=\"&lt;p&gt;Foule icone&lt;\/p&gt;\n\" data-medium-file=\"https:\/\/www.tamtamsn.com\/location\/wp-content\/uploads\/sites\/3\/2020\/05\/Foule_icone-300x146.png\" data-large-file=\"https:\/\/www.tamtamsn.com\/location\/wp-content\/uploads\/sites\/3\/2020\/05\/Foule_icone.png\" class=\"alignnone wp-image-3726\" src=\"https:\/\/www.tamtamsn.com\/location\/wp-content\/uploads\/sites\/3\/2020\/05\/Foule_icone.png\" alt=\"Nbr de Personnes\" width=\"270\" height=\"132\" srcset=\"https:\/\/www.tamtamsn.com\/location\/wp-content\/uploads\/sites\/3\/2020\/05\/Foule_icone.png 383w, https:\/\/www.tamtamsn.com\/location\/wp-content\/uploads\/sites\/3\/2020\/05\/Foule_icone-300x146.png 300w, https:\/\/www.tamtamsn.com\/location\/wp-content\/uploads\/sites\/3\/2020\/05\/Foule_icone-150x73.png 150w, https:\/\/www.tamtamsn.com\/location\/wp-content\/uploads\/sites\/3\/2020\/05\/Foule_icone-64x31.png 64w\" sizes=\"(max-width: 270px) 100vw, 270px\" \/><strong>Id\u00e9al pour vos \u00e9v\u00e9nements jusqu&rsquo;\u00e0 150 personnes.<\/strong><\/div>\n<p style=\"text-align: center;\"><b>Retrouvez tout notre catalogue de <a href=\"https:\/\/www.tamtamsn.com\/location\/categorie-produit\/tous-nos-packs\/nos-packs-son\/\">location de Pack de Sonorisation en Haute-Savoie.<\/a><\/b><\/p>\n","protected":false},"excerpt":{"rendered":"<ul>\n<li>2x Enceintes RCF 932 A<\/li>\n<li>1x Console de mixage 6 voies<\/li>\n<li>Pour vos \u00e9v\u00e9nements jusqu&rsquo;\u00e0 200 personnes<\/li>\n<\/ul>\n","protected":false},"featured_media":4394,"template":"","meta":[],"product_brand":[],"product_cat":[558],"product_tag":[1108,1112,1167,1157,1172,1173],"class_list":{"0":"post-3799","1":"product","2":"type-product","3":"status-publish","4":"has-post-thumbnail","6":"product_cat-nos-packs-son","7":"product_tag-location-enceinte","8":"product_tag-location-enceinte-amplifiee","9":"product_tag-location-enceinte-rcf","10":"product_tag-location-pack-enceintes","11":"product_tag-location-pack-enceintes-console","12":"product_tag-location-pack-son-enceintes-console","13":"pa_marque-multi-marques","15":"first","16":"instock","17":"taxable","18":"shipping-taxable","19":"purchasable","20":"product-type-simple"},"yoast_head":"<!-- This site is optimized with the Yoast SEO Premium plugin v27.3 (Yoast SEO v27.3) - https:\/\/yoast.com\/product\/yoast-seo-premium-wordpress\/ -->\n<title>Location Pack RCF ART 312A + Console - TAMTAM Annemasse - Espace Location<\/title>\n<meta name=\"description\" content=\"Location Pack RCF ART 312A + Console pour votre \u00e9v\u00e9nement entre Annemasse, Gen\u00e8ve, Annecy. Location de Mat\u00e9riel de Sonorisation, Eclairage et Vid\u00e9o en Haute-Savoie.\" \/>\n<meta name=\"robots\" content=\"index, follow, max-snippet:-1, max-image-preview:large, max-video-preview:-1\" \/>\n<link rel=\"canonical\" href=\"https:\/\/www.tamtamsn.com\/location\/produit\/pack-enceinte-rcf-932a-console-mixage\/\" \/>\n<meta property=\"og:locale\" content=\"fr_FR\" \/>\n<meta property=\"og:type\" content=\"article\" \/>\n<meta property=\"og:title\" content=\"Pack Enceintes RCF 932 A + Console de Mixage\" \/>\n<meta property=\"og:description\" content=\"2x Enceintes RCF 932 A  1x Console de mixage 6 voies  Pour vos \u00e9v\u00e9nements jusqu&#039;\u00e0 200 personnes\" \/>\n<meta property=\"og:url\" content=\"https:\/\/www.tamtamsn.com\/location\/produit\/pack-enceinte-rcf-932a-console-mixage\/\" \/>\n<meta property=\"og:site_name\" content=\"TAMTAM Annemasse - Espace Location\" \/>\n<meta property=\"article:publisher\" content=\"https:\/\/www.facebook.com\/tamtam74100\" \/>\n<meta property=\"article:modified_time\" content=\"2022-06-08T13:14:57+00:00\" \/>\n<meta property=\"og:image\" content=\"https:\/\/www.tamtamsn.com\/location\/wp-content\/uploads\/sites\/3\/2020\/06\/PACK.jpg\" \/>\n\t<meta property=\"og:image:width\" content=\"1080\" \/>\n\t<meta property=\"og:image:height\" content=\"1080\" \/>\n\t<meta property=\"og:image:type\" content=\"image\/jpeg\" \/>\n<meta name=\"twitter:card\" content=\"summary_large_image\" \/>\n<meta name=\"twitter:label1\" content=\"Dur\u00e9e de lecture estim\u00e9e\" \/>\n\t<meta name=\"twitter:data1\" content=\"1 minute\" \/>\n<script type=\"application\/ld+json\" class=\"yoast-schema-graph\">{\"@context\":\"https:\\\/\\\/schema.org\",\"@graph\":[{\"@type\":[\"WebPage\",\"ItemPage\"],\"@id\":\"https:\\\/\\\/www.tamtamsn.com\\\/location\\\/produit\\\/pack-enceinte-rcf-932a-console-mixage\\\/\",\"url\":\"https:\\\/\\\/www.tamtamsn.com\\\/location\\\/produit\\\/pack-enceinte-rcf-932a-console-mixage\\\/\",\"name\":\"Location Pack RCF ART 312A + Console - TAMTAM Annemasse - Espace Location\",\"isPartOf\":{\"@id\":\"https:\\\/\\\/www.tamtamsn.com\\\/location\\\/#website\"},\"primaryImageOfPage\":{\"@id\":\"https:\\\/\\\/www.tamtamsn.com\\\/location\\\/produit\\\/pack-enceinte-rcf-932a-console-mixage\\\/#primaryimage\"},\"image\":{\"@id\":\"https:\\\/\\\/www.tamtamsn.com\\\/location\\\/produit\\\/pack-enceinte-rcf-932a-console-mixage\\\/#primaryimage\"},\"thumbnailUrl\":\"https:\\\/\\\/www.tamtamsn.com\\\/location\\\/wp-content\\\/uploads\\\/sites\\\/3\\\/2020\\\/06\\\/PACK.jpg\",\"datePublished\":\"2020-06-02T12:20:50+00:00\",\"dateModified\":\"2022-06-08T13:14:57+00:00\",\"description\":\"Location Pack RCF ART 312A + Console pour votre \u00e9v\u00e9nement entre Annemasse, Gen\u00e8ve, Annecy. Location de Mat\u00e9riel de Sonorisation, Eclairage et Vid\u00e9o en Haute-Savoie.\",\"breadcrumb\":{\"@id\":\"https:\\\/\\\/www.tamtamsn.com\\\/location\\\/produit\\\/pack-enceinte-rcf-932a-console-mixage\\\/#breadcrumb\"},\"inLanguage\":\"fr-FR\",\"potentialAction\":[{\"@type\":\"ReadAction\",\"target\":[\"https:\\\/\\\/www.tamtamsn.com\\\/location\\\/produit\\\/pack-enceinte-rcf-932a-console-mixage\\\/\"]}]},{\"@type\":\"ImageObject\",\"inLanguage\":\"fr-FR\",\"@id\":\"https:\\\/\\\/www.tamtamsn.com\\\/location\\\/produit\\\/pack-enceinte-rcf-932a-console-mixage\\\/#primaryimage\",\"url\":\"https:\\\/\\\/www.tamtamsn.com\\\/location\\\/wp-content\\\/uploads\\\/sites\\\/3\\\/2020\\\/06\\\/PACK.jpg\",\"contentUrl\":\"https:\\\/\\\/www.tamtamsn.com\\\/location\\\/wp-content\\\/uploads\\\/sites\\\/3\\\/2020\\\/06\\\/PACK.jpg\",\"width\":1080,\"height\":1080,\"caption\":\"PACK 932 A ET MG10XU\"},{\"@type\":\"BreadcrumbList\",\"@id\":\"https:\\\/\\\/www.tamtamsn.com\\\/location\\\/produit\\\/pack-enceinte-rcf-932a-console-mixage\\\/#breadcrumb\",\"itemListElement\":[{\"@type\":\"ListItem\",\"position\":1,\"name\":\"Catalogue de Location de Mat\u00e9riel de Sonorisation, Eclairage &amp; Vid\u00e9o en Haute-Savoie\",\"item\":\"https:\\\/\\\/www.tamtamsn.com\\\/location\\\/\"},{\"@type\":\"ListItem\",\"position\":2,\"name\":\"Notre Catalogue Location en ligne\",\"item\":\"https:\\\/\\\/www.tamtamsn.com\\\/location\\\/catalogue-en-ligne-location-sonorisation-eclairage-video\\\/\"},{\"@type\":\"ListItem\",\"position\":3,\"name\":\"Location enceinte\",\"item\":\"https:\\\/\\\/www.tamtamsn.com\\\/location\\\/etiquette-produit\\\/location-enceinte\\\/\"},{\"@type\":\"ListItem\",\"position\":4,\"name\":\"Pack Enceintes RCF 932 A + Console de Mixage\"}]},{\"@type\":\"WebSite\",\"@id\":\"https:\\\/\\\/www.tamtamsn.com\\\/location\\\/#website\",\"url\":\"https:\\\/\\\/www.tamtamsn.com\\\/location\\\/\",\"name\":\"TAMTAM Annemasse - Espace Location\",\"description\":\"Location de mat\u00e9riel de Sonorisation, Eclairage et Vid\u00e9o \u00e0 Annemasse, Haute-Savoie et sur le Bassin Genevois\",\"publisher\":{\"@id\":\"https:\\\/\\\/www.tamtamsn.com\\\/location\\\/#organization\"},\"potentialAction\":[{\"@type\":\"SearchAction\",\"target\":{\"@type\":\"EntryPoint\",\"urlTemplate\":\"https:\\\/\\\/www.tamtamsn.com\\\/location\\\/?s={search_term_string}\"},\"query-input\":{\"@type\":\"PropertyValueSpecification\",\"valueRequired\":true,\"valueName\":\"search_term_string\"}}],\"inLanguage\":\"fr-FR\"},{\"@type\":\"Organization\",\"@id\":\"https:\\\/\\\/www.tamtamsn.com\\\/location\\\/#organization\",\"name\":\"TAMTAM\",\"url\":\"https:\\\/\\\/www.tamtamsn.com\\\/location\\\/\",\"logo\":{\"@type\":\"ImageObject\",\"inLanguage\":\"fr-FR\",\"@id\":\"https:\\\/\\\/www.tamtamsn.com\\\/location\\\/#\\\/schema\\\/logo\\\/image\\\/\",\"url\":\"\",\"contentUrl\":\"\",\"caption\":\"TAMTAM\"},\"image\":{\"@id\":\"https:\\\/\\\/www.tamtamsn.com\\\/location\\\/#\\\/schema\\\/logo\\\/image\\\/\"},\"sameAs\":[\"https:\\\/\\\/www.facebook.com\\\/tamtam74100\"]}]}<\/script>\n<!-- \/ Yoast SEO Premium plugin. -->","yoast_head_json":{"title":"Location Pack RCF ART 312A + Console - TAMTAM Annemasse - Espace Location","description":"Location Pack RCF ART 312A + Console pour votre \u00e9v\u00e9nement entre Annemasse, Gen\u00e8ve, Annecy. Location de Mat\u00e9riel de Sonorisation, Eclairage et Vid\u00e9o en Haute-Savoie.","robots":{"index":"index","follow":"follow","max-snippet":"max-snippet:-1","max-image-preview":"max-image-preview:large","max-video-preview":"max-video-preview:-1"},"canonical":"https:\/\/www.tamtamsn.com\/location\/produit\/pack-enceinte-rcf-932a-console-mixage\/","og_locale":"fr_FR","og_type":"article","og_title":"Pack Enceintes RCF 932 A + Console de Mixage","og_description":"2x Enceintes RCF 932 A  1x Console de mixage 6 voies  Pour vos \u00e9v\u00e9nements jusqu'\u00e0 200 personnes","og_url":"https:\/\/www.tamtamsn.com\/location\/produit\/pack-enceinte-rcf-932a-console-mixage\/","og_site_name":"TAMTAM Annemasse - Espace Location","article_publisher":"https:\/\/www.facebook.com\/tamtam74100","article_modified_time":"2022-06-08T13:14:57+00:00","og_image":[{"width":1080,"height":1080,"url":"https:\/\/www.tamtamsn.com\/location\/wp-content\/uploads\/sites\/3\/2020\/06\/PACK.jpg","type":"image\/jpeg"}],"twitter_card":"summary_large_image","twitter_misc":{"Dur\u00e9e de lecture estim\u00e9e":"1 minute"},"schema":{"@context":"https:\/\/schema.org","@graph":[{"@type":["WebPage","ItemPage"],"@id":"https:\/\/www.tamtamsn.com\/location\/produit\/pack-enceinte-rcf-932a-console-mixage\/","url":"https:\/\/www.tamtamsn.com\/location\/produit\/pack-enceinte-rcf-932a-console-mixage\/","name":"Location Pack RCF ART 312A + Console - TAMTAM Annemasse - Espace Location","isPartOf":{"@id":"https:\/\/www.tamtamsn.com\/location\/#website"},"primaryImageOfPage":{"@id":"https:\/\/www.tamtamsn.com\/location\/produit\/pack-enceinte-rcf-932a-console-mixage\/#primaryimage"},"image":{"@id":"https:\/\/www.tamtamsn.com\/location\/produit\/pack-enceinte-rcf-932a-console-mixage\/#primaryimage"},"thumbnailUrl":"https:\/\/www.tamtamsn.com\/location\/wp-content\/uploads\/sites\/3\/2020\/06\/PACK.jpg","datePublished":"2020-06-02T12:20:50+00:00","dateModified":"2022-06-08T13:14:57+00:00","description":"Location Pack RCF ART 312A + Console pour votre \u00e9v\u00e9nement entre Annemasse, Gen\u00e8ve, Annecy. Location de Mat\u00e9riel de Sonorisation, Eclairage et Vid\u00e9o en Haute-Savoie.","breadcrumb":{"@id":"https:\/\/www.tamtamsn.com\/location\/produit\/pack-enceinte-rcf-932a-console-mixage\/#breadcrumb"},"inLanguage":"fr-FR","potentialAction":[{"@type":"ReadAction","target":["https:\/\/www.tamtamsn.com\/location\/produit\/pack-enceinte-rcf-932a-console-mixage\/"]}]},{"@type":"ImageObject","inLanguage":"fr-FR","@id":"https:\/\/www.tamtamsn.com\/location\/produit\/pack-enceinte-rcf-932a-console-mixage\/#primaryimage","url":"https:\/\/www.tamtamsn.com\/location\/wp-content\/uploads\/sites\/3\/2020\/06\/PACK.jpg","contentUrl":"https:\/\/www.tamtamsn.com\/location\/wp-content\/uploads\/sites\/3\/2020\/06\/PACK.jpg","width":1080,"height":1080,"caption":"PACK 932 A ET MG10XU"},{"@type":"BreadcrumbList","@id":"https:\/\/www.tamtamsn.com\/location\/produit\/pack-enceinte-rcf-932a-console-mixage\/#breadcrumb","itemListElement":[{"@type":"ListItem","position":1,"name":"Catalogue de Location de Mat\u00e9riel de Sonorisation, Eclairage &amp; Vid\u00e9o en Haute-Savoie","item":"https:\/\/www.tamtamsn.com\/location\/"},{"@type":"ListItem","position":2,"name":"Notre Catalogue Location en ligne","item":"https:\/\/www.tamtamsn.com\/location\/catalogue-en-ligne-location-sonorisation-eclairage-video\/"},{"@type":"ListItem","position":3,"name":"Location enceinte","item":"https:\/\/www.tamtamsn.com\/location\/etiquette-produit\/location-enceinte\/"},{"@type":"ListItem","position":4,"name":"Pack Enceintes RCF 932 A + Console de Mixage"}]},{"@type":"WebSite","@id":"https:\/\/www.tamtamsn.com\/location\/#website","url":"https:\/\/www.tamtamsn.com\/location\/","name":"TAMTAM Annemasse - Espace Location","description":"Location de mat\u00e9riel de Sonorisation, Eclairage et Vid\u00e9o \u00e0 Annemasse, Haute-Savoie et sur le Bassin Genevois","publisher":{"@id":"https:\/\/www.tamtamsn.com\/location\/#organization"},"potentialAction":[{"@type":"SearchAction","target":{"@type":"EntryPoint","urlTemplate":"https:\/\/www.tamtamsn.com\/location\/?s={search_term_string}"},"query-input":{"@type":"PropertyValueSpecification","valueRequired":true,"valueName":"search_term_string"}}],"inLanguage":"fr-FR"},{"@type":"Organization","@id":"https:\/\/www.tamtamsn.com\/location\/#organization","name":"TAMTAM","url":"https:\/\/www.tamtamsn.com\/location\/","logo":{"@type":"ImageObject","inLanguage":"fr-FR","@id":"https:\/\/www.tamtamsn.com\/location\/#\/schema\/logo\/image\/","url":"","contentUrl":"","caption":"TAMTAM"},"image":{"@id":"https:\/\/www.tamtamsn.com\/location\/#\/schema\/logo\/image\/"},"sameAs":["https:\/\/www.facebook.com\/tamtam74100"]}]}},"jetpack_sharing_enabled":true,"_links":{"self":[{"href":"https:\/\/www.tamtamsn.com\/location\/wp-json\/wp\/v2\/product\/3799","targetHints":{"allow":["GET"]}}],"collection":[{"href":"https:\/\/www.tamtamsn.com\/location\/wp-json\/wp\/v2\/product"}],"about":[{"href":"https:\/\/www.tamtamsn.com\/location\/wp-json\/wp\/v2\/types\/product"}],"wp:featuredmedia":[{"embeddable":true,"href":"https:\/\/www.tamtamsn.com\/location\/wp-json\/wp\/v2\/media\/4394"}],"wp:attachment":[{"href":"https:\/\/www.tamtamsn.com\/location\/wp-json\/wp\/v2\/media?parent=3799"}],"wp:term":[{"taxonomy":"product_brand","embeddable":true,"href":"https:\/\/www.tamtamsn.com\/location\/wp-json\/wp\/v2\/product_brand?post=3799"},{"taxonomy":"product_cat","embeddable":true,"href":"https:\/\/www.tamtamsn.com\/location\/wp-json\/wp\/v2\/product_cat?post=3799"},{"taxonomy":"product_tag","embeddable":true,"href":"https:\/\/www.tamtamsn.com\/location\/wp-json\/wp\/v2\/product_tag?post=3799"}],"curies":[{"name":"wp","href":"https:\/\/api.w.org\/{rel}","templated":true}]}}