{"id":3783,"date":"2020-05-26T00:43:24","date_gmt":"2020-05-25T22:43:24","guid":{"rendered":"https:\/\/www.tamtamsn.com\/location\/?post_type=product&#038;p=3783"},"modified":"2025-02-28T12:25:33","modified_gmt":"2025-02-28T11:25:33","slug":"micro-instrument-shure-ksm137","status":"publish","type":"product","link":"https:\/\/www.tamtamsn.com\/location\/produit\/micro-instrument-shure-ksm137\/","title":{"rendered":"Micro filaire instrument Shure KSM137"},"content":{"rendered":"<p>&#8211; Accessoires inclus : bonnette, mallette de transport, pince micro<\/p>\n<p>&#8211; Att\u00e9nuateur : 25 dB<\/p>\n<p>&#8211; Bruit propre : 14 dB<\/p>\n<p>&#8211; Capsule : statique<\/p>\n<p>&#8211; Cat\u00e9gorie : micro filaire<\/p>\n<p>&#8211; Connectique : XLR<\/p>\n<p>&#8211; Dimensions (mm) : \u00d8 20 x 122<\/p>\n<p>&#8211; Directivit\u00e9 : cardio\u00efde<\/p>\n<p>&#8211; Imp\u00e9dance nominale : 150 \u03a9<\/p>\n<p>&#8211; Poids (kg) : 100 g<\/p>\n<p>&#8211; R\u00e9ponse en fr\u00e9quence : 20 Hz &#8211; 20 kHz<\/p>\n<p>&#8211; SPL max : 164 dB<\/p>\n<p>&#8211; Sensibilit\u00e9 : -37 dBV\/Pa (14,1 mV)<\/p>\n<p>&#8211; Att\u00e9nuateur : 0, -15 dB, -25 dB<\/p>\n<p>&#8211; Coupe-bas : 0, -18 dB\/oct \u00e0 80 Hz, -6 dB\/oct \u00e0 115 Hz<\/p>\n<p>&#8211; Grande robustesse : utilisation sur sc\u00e8ne ou en studio<\/p>\n","protected":false},"excerpt":{"rendered":"<h2 class=\"active\"><a>Pr\u00e9sentation:<\/a><\/h2>\n<h2 class=\"active\">Le KSM137\/SL est un microphone statique \u00e0 polarisation permanente poss\u00e9dant une directivit\u00e9 cardio\u00efde. Une forte pression SPL admissible ainsi qu&rsquo;un niveau de bruit propre tr\u00e8s faible lui permet d&rsquo;\u00eatre utilis\u00e9 sur des instruments acoustiques comme sur des instruments amplifi\u00e9s. Sa grande robustesse le rend apte \u00e0 un usage dans les conditions difficiles de la sc\u00e8ne.<\/h2>\n","protected":false},"featured_media":4808,"template":"","meta":[],"product_brand":[1500],"product_cat":[557],"product_tag":[1508],"class_list":{"0":"post-3783","1":"product","2":"type-product","3":"status-publish","4":"has-post-thumbnail","6":"product_brand-shure","7":"product_cat-micros","8":"product_tag-location-micro","10":"first","11":"instock","12":"taxable","13":"shipping-taxable","14":"purchasable","15":"product-type-simple"},"yoast_head":"<!-- This site is optimized with the Yoast SEO Premium plugin v27.3 (Yoast SEO v27.3) - https:\/\/yoast.com\/product\/yoast-seo-premium-wordpress\/ -->\n<title>Location de micros sc\u00e8nique en Haute Savoie, Suisse<\/title>\n<meta name=\"description\" content=\"Location de micros pour votre \u00e9v\u00e9nement entre Annemasse, Evian et Gen\u00e8ve. Location de Mat\u00e9riel de Sonorisation, Eclairage et Vid\u00e9o en Haute-Savoie\" \/>\n<meta name=\"robots\" content=\"index, follow, max-snippet:-1, max-image-preview:large, max-video-preview:-1\" \/>\n<link rel=\"canonical\" href=\"https:\/\/www.tamtamsn.com\/location\/produit\/micro-instrument-shure-ksm137\/\" \/>\n<meta property=\"og:locale\" content=\"fr_FR\" \/>\n<meta property=\"og:type\" content=\"article\" \/>\n<meta property=\"og:title\" content=\"Micro filaire instrument Shure KSM137\" \/>\n<meta property=\"og:description\" content=\"Pr\u00e9sentation: Le KSM137\/SL est un microphone statique \u00e0 polarisation permanente poss\u00e9dant une directivit\u00e9 cardio\u00efde. Une forte pression SPL admissible ainsi qu&#039;un niveau de bruit propre tr\u00e8s faible lui permet d&#039;\u00eatre utilis\u00e9 sur des instruments acoustiques comme sur des instruments amplifi\u00e9s. Sa grande robustesse le rend apte \u00e0 un usage dans les conditions difficiles de la sc\u00e8ne.\" \/>\n<meta property=\"og:url\" content=\"https:\/\/www.tamtamsn.com\/location\/produit\/micro-instrument-shure-ksm137\/\" \/>\n<meta property=\"og:site_name\" content=\"TAMTAM Annemasse - Espace Location\" \/>\n<meta property=\"article:publisher\" content=\"https:\/\/www.facebook.com\/tamtam74100\" \/>\n<meta property=\"article:modified_time\" content=\"2025-02-28T11:25:33+00:00\" \/>\n<meta property=\"og:image\" content=\"https:\/\/www.tamtamsn.com\/location\/wp-content\/uploads\/sites\/3\/2020\/05\/50529-50529-media_photo-rsh-ksm137-sl.png\" \/>\n\t<meta property=\"og:image:width\" content=\"200\" \/>\n\t<meta property=\"og:image:height\" content=\"200\" \/>\n\t<meta property=\"og:image:type\" content=\"image\/png\" \/>\n<meta name=\"twitter:card\" content=\"summary_large_image\" \/>\n<meta name=\"twitter:label1\" content=\"Dur\u00e9e de lecture estim\u00e9e\" \/>\n\t<meta name=\"twitter:data1\" content=\"1 minute\" \/>\n<script type=\"application\/ld+json\" class=\"yoast-schema-graph\">{\"@context\":\"https:\\\/\\\/schema.org\",\"@graph\":[{\"@type\":[\"WebPage\",\"ItemPage\"],\"@id\":\"https:\\\/\\\/www.tamtamsn.com\\\/location\\\/produit\\\/micro-instrument-shure-ksm137\\\/\",\"url\":\"https:\\\/\\\/www.tamtamsn.com\\\/location\\\/produit\\\/micro-instrument-shure-ksm137\\\/\",\"name\":\"Location de micros sc\u00e8nique en Haute Savoie, Suisse\",\"isPartOf\":{\"@id\":\"https:\\\/\\\/www.tamtamsn.com\\\/location\\\/#website\"},\"primaryImageOfPage\":{\"@id\":\"https:\\\/\\\/www.tamtamsn.com\\\/location\\\/produit\\\/micro-instrument-shure-ksm137\\\/#primaryimage\"},\"image\":{\"@id\":\"https:\\\/\\\/www.tamtamsn.com\\\/location\\\/produit\\\/micro-instrument-shure-ksm137\\\/#primaryimage\"},\"thumbnailUrl\":\"https:\\\/\\\/www.tamtamsn.com\\\/location\\\/wp-content\\\/uploads\\\/sites\\\/3\\\/2020\\\/05\\\/50529-50529-media_photo-rsh-ksm137-sl.png\",\"datePublished\":\"2020-05-25T22:43:24+00:00\",\"dateModified\":\"2025-02-28T11:25:33+00:00\",\"description\":\"Location de micros pour votre \u00e9v\u00e9nement entre Annemasse, Evian et Gen\u00e8ve. Location de Mat\u00e9riel de Sonorisation, Eclairage et Vid\u00e9o en Haute-Savoie\",\"breadcrumb\":{\"@id\":\"https:\\\/\\\/www.tamtamsn.com\\\/location\\\/produit\\\/micro-instrument-shure-ksm137\\\/#breadcrumb\"},\"inLanguage\":\"fr-FR\",\"potentialAction\":[{\"@type\":\"ReadAction\",\"target\":[\"https:\\\/\\\/www.tamtamsn.com\\\/location\\\/produit\\\/micro-instrument-shure-ksm137\\\/\"]}]},{\"@type\":\"ImageObject\",\"inLanguage\":\"fr-FR\",\"@id\":\"https:\\\/\\\/www.tamtamsn.com\\\/location\\\/produit\\\/micro-instrument-shure-ksm137\\\/#primaryimage\",\"url\":\"https:\\\/\\\/www.tamtamsn.com\\\/location\\\/wp-content\\\/uploads\\\/sites\\\/3\\\/2020\\\/05\\\/50529-50529-media_photo-rsh-ksm137-sl.png\",\"contentUrl\":\"https:\\\/\\\/www.tamtamsn.com\\\/location\\\/wp-content\\\/uploads\\\/sites\\\/3\\\/2020\\\/05\\\/50529-50529-media_photo-rsh-ksm137-sl.png\",\"width\":200,\"height\":200},{\"@type\":\"BreadcrumbList\",\"@id\":\"https:\\\/\\\/www.tamtamsn.com\\\/location\\\/produit\\\/micro-instrument-shure-ksm137\\\/#breadcrumb\",\"itemListElement\":[{\"@type\":\"ListItem\",\"position\":1,\"name\":\"Catalogue de Location de Mat\u00e9riel de Sonorisation, Eclairage &amp; Vid\u00e9o en Haute-Savoie\",\"item\":\"https:\\\/\\\/www.tamtamsn.com\\\/location\\\/\"},{\"@type\":\"ListItem\",\"position\":2,\"name\":\"Notre Catalogue Location en ligne\",\"item\":\"https:\\\/\\\/www.tamtamsn.com\\\/location\\\/catalogue-en-ligne-location-sonorisation-eclairage-video\\\/\"},{\"@type\":\"ListItem\",\"position\":3,\"name\":\"location micro\",\"item\":\"https:\\\/\\\/www.tamtamsn.com\\\/location\\\/etiquette-produit\\\/location-micro\\\/\"},{\"@type\":\"ListItem\",\"position\":4,\"name\":\"Micro filaire instrument Shure KSM137\"}]},{\"@type\":\"WebSite\",\"@id\":\"https:\\\/\\\/www.tamtamsn.com\\\/location\\\/#website\",\"url\":\"https:\\\/\\\/www.tamtamsn.com\\\/location\\\/\",\"name\":\"TAMTAM Annemasse - Espace Location\",\"description\":\"Location de mat\u00e9riel de Sonorisation, Eclairage et Vid\u00e9o \u00e0 Annemasse, Haute-Savoie et sur le Bassin Genevois\",\"publisher\":{\"@id\":\"https:\\\/\\\/www.tamtamsn.com\\\/location\\\/#organization\"},\"potentialAction\":[{\"@type\":\"SearchAction\",\"target\":{\"@type\":\"EntryPoint\",\"urlTemplate\":\"https:\\\/\\\/www.tamtamsn.com\\\/location\\\/?s={search_term_string}\"},\"query-input\":{\"@type\":\"PropertyValueSpecification\",\"valueRequired\":true,\"valueName\":\"search_term_string\"}}],\"inLanguage\":\"fr-FR\"},{\"@type\":\"Organization\",\"@id\":\"https:\\\/\\\/www.tamtamsn.com\\\/location\\\/#organization\",\"name\":\"TAMTAM\",\"url\":\"https:\\\/\\\/www.tamtamsn.com\\\/location\\\/\",\"logo\":{\"@type\":\"ImageObject\",\"inLanguage\":\"fr-FR\",\"@id\":\"https:\\\/\\\/www.tamtamsn.com\\\/location\\\/#\\\/schema\\\/logo\\\/image\\\/\",\"url\":\"\",\"contentUrl\":\"\",\"caption\":\"TAMTAM\"},\"image\":{\"@id\":\"https:\\\/\\\/www.tamtamsn.com\\\/location\\\/#\\\/schema\\\/logo\\\/image\\\/\"},\"sameAs\":[\"https:\\\/\\\/www.facebook.com\\\/tamtam74100\"]}]}<\/script>\n<!-- \/ Yoast SEO Premium plugin. -->","yoast_head_json":{"title":"Location de micros sc\u00e8nique en Haute Savoie, Suisse","description":"Location de micros pour votre \u00e9v\u00e9nement entre Annemasse, Evian et Gen\u00e8ve. Location de Mat\u00e9riel de Sonorisation, Eclairage et Vid\u00e9o en Haute-Savoie","robots":{"index":"index","follow":"follow","max-snippet":"max-snippet:-1","max-image-preview":"max-image-preview:large","max-video-preview":"max-video-preview:-1"},"canonical":"https:\/\/www.tamtamsn.com\/location\/produit\/micro-instrument-shure-ksm137\/","og_locale":"fr_FR","og_type":"article","og_title":"Micro filaire instrument Shure KSM137","og_description":"Pr\u00e9sentation: Le KSM137\/SL est un microphone statique \u00e0 polarisation permanente poss\u00e9dant une directivit\u00e9 cardio\u00efde. Une forte pression SPL admissible ainsi qu'un niveau de bruit propre tr\u00e8s faible lui permet d'\u00eatre utilis\u00e9 sur des instruments acoustiques comme sur des instruments amplifi\u00e9s. Sa grande robustesse le rend apte \u00e0 un usage dans les conditions difficiles de la sc\u00e8ne.","og_url":"https:\/\/www.tamtamsn.com\/location\/produit\/micro-instrument-shure-ksm137\/","og_site_name":"TAMTAM Annemasse - Espace Location","article_publisher":"https:\/\/www.facebook.com\/tamtam74100","article_modified_time":"2025-02-28T11:25:33+00:00","og_image":[{"width":200,"height":200,"url":"https:\/\/www.tamtamsn.com\/location\/wp-content\/uploads\/sites\/3\/2020\/05\/50529-50529-media_photo-rsh-ksm137-sl.png","type":"image\/png"}],"twitter_card":"summary_large_image","twitter_misc":{"Dur\u00e9e de lecture estim\u00e9e":"1 minute"},"schema":{"@context":"https:\/\/schema.org","@graph":[{"@type":["WebPage","ItemPage"],"@id":"https:\/\/www.tamtamsn.com\/location\/produit\/micro-instrument-shure-ksm137\/","url":"https:\/\/www.tamtamsn.com\/location\/produit\/micro-instrument-shure-ksm137\/","name":"Location de micros sc\u00e8nique en Haute Savoie, Suisse","isPartOf":{"@id":"https:\/\/www.tamtamsn.com\/location\/#website"},"primaryImageOfPage":{"@id":"https:\/\/www.tamtamsn.com\/location\/produit\/micro-instrument-shure-ksm137\/#primaryimage"},"image":{"@id":"https:\/\/www.tamtamsn.com\/location\/produit\/micro-instrument-shure-ksm137\/#primaryimage"},"thumbnailUrl":"https:\/\/www.tamtamsn.com\/location\/wp-content\/uploads\/sites\/3\/2020\/05\/50529-50529-media_photo-rsh-ksm137-sl.png","datePublished":"2020-05-25T22:43:24+00:00","dateModified":"2025-02-28T11:25:33+00:00","description":"Location de micros pour votre \u00e9v\u00e9nement entre Annemasse, Evian et Gen\u00e8ve. Location de Mat\u00e9riel de Sonorisation, Eclairage et Vid\u00e9o en Haute-Savoie","breadcrumb":{"@id":"https:\/\/www.tamtamsn.com\/location\/produit\/micro-instrument-shure-ksm137\/#breadcrumb"},"inLanguage":"fr-FR","potentialAction":[{"@type":"ReadAction","target":["https:\/\/www.tamtamsn.com\/location\/produit\/micro-instrument-shure-ksm137\/"]}]},{"@type":"ImageObject","inLanguage":"fr-FR","@id":"https:\/\/www.tamtamsn.com\/location\/produit\/micro-instrument-shure-ksm137\/#primaryimage","url":"https:\/\/www.tamtamsn.com\/location\/wp-content\/uploads\/sites\/3\/2020\/05\/50529-50529-media_photo-rsh-ksm137-sl.png","contentUrl":"https:\/\/www.tamtamsn.com\/location\/wp-content\/uploads\/sites\/3\/2020\/05\/50529-50529-media_photo-rsh-ksm137-sl.png","width":200,"height":200},{"@type":"BreadcrumbList","@id":"https:\/\/www.tamtamsn.com\/location\/produit\/micro-instrument-shure-ksm137\/#breadcrumb","itemListElement":[{"@type":"ListItem","position":1,"name":"Catalogue de Location de Mat\u00e9riel de Sonorisation, Eclairage &amp; Vid\u00e9o en Haute-Savoie","item":"https:\/\/www.tamtamsn.com\/location\/"},{"@type":"ListItem","position":2,"name":"Notre Catalogue Location en ligne","item":"https:\/\/www.tamtamsn.com\/location\/catalogue-en-ligne-location-sonorisation-eclairage-video\/"},{"@type":"ListItem","position":3,"name":"location micro","item":"https:\/\/www.tamtamsn.com\/location\/etiquette-produit\/location-micro\/"},{"@type":"ListItem","position":4,"name":"Micro filaire instrument Shure KSM137"}]},{"@type":"WebSite","@id":"https:\/\/www.tamtamsn.com\/location\/#website","url":"https:\/\/www.tamtamsn.com\/location\/","name":"TAMTAM Annemasse - Espace Location","description":"Location de mat\u00e9riel de Sonorisation, Eclairage et Vid\u00e9o \u00e0 Annemasse, Haute-Savoie et sur le Bassin Genevois","publisher":{"@id":"https:\/\/www.tamtamsn.com\/location\/#organization"},"potentialAction":[{"@type":"SearchAction","target":{"@type":"EntryPoint","urlTemplate":"https:\/\/www.tamtamsn.com\/location\/?s={search_term_string}"},"query-input":{"@type":"PropertyValueSpecification","valueRequired":true,"valueName":"search_term_string"}}],"inLanguage":"fr-FR"},{"@type":"Organization","@id":"https:\/\/www.tamtamsn.com\/location\/#organization","name":"TAMTAM","url":"https:\/\/www.tamtamsn.com\/location\/","logo":{"@type":"ImageObject","inLanguage":"fr-FR","@id":"https:\/\/www.tamtamsn.com\/location\/#\/schema\/logo\/image\/","url":"","contentUrl":"","caption":"TAMTAM"},"image":{"@id":"https:\/\/www.tamtamsn.com\/location\/#\/schema\/logo\/image\/"},"sameAs":["https:\/\/www.facebook.com\/tamtam74100"]}]}},"jetpack_sharing_enabled":true,"_links":{"self":[{"href":"https:\/\/www.tamtamsn.com\/location\/wp-json\/wp\/v2\/product\/3783","targetHints":{"allow":["GET"]}}],"collection":[{"href":"https:\/\/www.tamtamsn.com\/location\/wp-json\/wp\/v2\/product"}],"about":[{"href":"https:\/\/www.tamtamsn.com\/location\/wp-json\/wp\/v2\/types\/product"}],"wp:featuredmedia":[{"embeddable":true,"href":"https:\/\/www.tamtamsn.com\/location\/wp-json\/wp\/v2\/media\/4808"}],"wp:attachment":[{"href":"https:\/\/www.tamtamsn.com\/location\/wp-json\/wp\/v2\/media?parent=3783"}],"wp:term":[{"taxonomy":"product_brand","embeddable":true,"href":"https:\/\/www.tamtamsn.com\/location\/wp-json\/wp\/v2\/product_brand?post=3783"},{"taxonomy":"product_cat","embeddable":true,"href":"https:\/\/www.tamtamsn.com\/location\/wp-json\/wp\/v2\/product_cat?post=3783"},{"taxonomy":"product_tag","embeddable":true,"href":"https:\/\/www.tamtamsn.com\/location\/wp-json\/wp\/v2\/product_tag?post=3783"}],"curies":[{"name":"wp","href":"https:\/\/api.w.org\/{rel}","templated":true}]}}