{"id":3738,"date":"2020-05-11T16:27:08","date_gmt":"2020-05-11T14:27:08","guid":{"rendered":"https:\/\/www.tamtamsn.com\/location\/?post_type=product&#038;p=3738"},"modified":"2025-08-13T15:41:42","modified_gmt":"2025-08-13T13:41:42","slug":"pack-6-projecteurs-a-led-sans-fil-freedom-4x10w","status":"publish","type":"product","link":"https:\/\/www.tamtamsn.com\/location\/produit\/pack-6-projecteurs-a-led-sans-fil-freedom-4x10w\/","title":{"rendered":"Pack de 6x Projecteurs \u00e0 LED sans Fil Freedom 40W"},"content":{"rendered":"<p><strong>Pack location de 6x Projecteurs \u00e0 LED sans fil, Puissant, sur Batterie ou Secteur, de 40W\u00a0RGB+W+UV pour r\u00e9aliser une d\u00e9coration lumineuse du\u00a0lieu\u00a0de votre \u00e9v\u00e8nement!!!<\/strong><\/p>\n<p><em><strong>Simple d&rsquo;utilisation, tr\u00e8s rapide \u00e0 installer!<\/strong><\/em><br \/>\nUne fois pos\u00e9, avec sa t\u00e9l\u00e9commande, vous pourrez choisir parmi toutes les couleurs de l&rsquo;arc-en-ciel mais \u00e9galement travailler avec les couleurs Pastels et UV&#8230;<br \/>\n<em>Grace \u00e0 sa transmission Sans-fil, il vous suffit de piloter le premier projecteur\u00a0et tous les autres suivent!<\/em><\/p>\n<p><span style=\"text-decoration: underline;\"><strong>Caract\u00e9ristiques Techniques:<\/strong><\/span><\/p>\n<ul>\n<li>Projecteur \u00e0 LEDs sur batterie<\/li>\n<li>Type de LED : RGB + Ambre + White + UV<\/li>\n<li>Nombre de LED : 4 x 10W (2A)<\/li>\n<li>Canaux DMX : 6, 8 ou 12<\/li>\n<li>Contr\u00f4le Infrarouge : avec t\u00e9l\u00e9commande incluse<\/li>\n<li>Angle du faisceau : 23\u00b0<\/li>\n<li>Angle de couverture : 34\u00b0<\/li>\n<li>LUX : 1 372@ 2m<\/li>\n<li>Temps d&rsquo;utilisation maximum en couleur unique : 20 heures<\/li>\n<li>Temps d&rsquo;utilisation maximum sur batterie en mode rotation de couleurs : 8 heures<\/li>\n<li>Temps de recharge : 6 heures<\/li>\n<li>Fonctionne au rythme de la musique<\/li>\n<li>Poids : 2.9 kg<\/li>\n<li>Dimensions : 13,8cm x 14,5cm x 18,4cm<\/li>\n<\/ul>\n<p>&nbsp;<\/p>\n<p style=\"text-align: center;\"><b>Retrouvez tout notre catalogue de <a href=\"https:\/\/www.tamtamsn.com\/location\/categorie-produit\/eclairage\/\">location d&rsquo;Eclairage en Haute-Savoie.<\/a><\/b><\/p>\n<p>&nbsp;<\/p>\n<p style=\"text-align: center;\"><strong>Le Produit est \u00e9galement disponible \u00e0 la Vente:<\/strong><br \/>\nAchetez un <a href=\"https:\/\/www.tamtamsn.com\/categorie-produit\/eclairage\/projecteur-led\/\">Projecteur CHAUVET Freedom<\/a> dans votre magasin d&rsquo;Annemasse<\/p>\n","protected":false},"excerpt":{"rendered":"<ul>\n<li>Pack 6x Projecteurs \u00e0 LEDs 40W sur batterie:\u00a0RGB + Ambre + White + UV<\/li>\n<li>LUX : 1 372@ 2m<\/li>\n<li>Temps d&rsquo;utilisation maximum : 20 heures<\/li>\n<\/ul>\n","protected":false},"featured_media":3807,"template":"","meta":[],"product_brand":[],"product_cat":[553,559,1514],"product_tag":[1018,1020,1047,1048,1046,1049],"class_list":{"0":"post-3738","1":"product","2":"type-product","3":"status-publish","4":"has-post-thumbnail","6":"product_cat-eclairage-light-oeuvre","7":"product_cat-nos-packs-lumiere","8":"product_cat-projecteur-colorisation","9":"product_tag-location-jeux-de-lumiere","10":"product_tag-location-par-led","11":"product_tag-location-projecteur","12":"product_tag-location-projecteur-autonome","13":"product_tag-location-projecteur-led","14":"product_tag-location-projecteur-sans-fils","15":"pa_marque-chauvet","17":"first","18":"instock","19":"sale","20":"taxable","21":"shipping-taxable","22":"purchasable","23":"product-type-simple"},"yoast_head":"<!-- This site is optimized with the Yoast SEO Premium plugin v27.4 (Yoast SEO v27.6) - https:\/\/yoast.com\/product\/yoast-seo-premium-wordpress\/ -->\n<title>Location de Pack de 6x Projecteurs \u00e0 LED sans Fil Freedom 40W - TAMTAM Annemasse<\/title>\n<meta name=\"description\" content=\"Location de Pack de 6x Projecteurs \u00e0 LED sans Fil Freedom 40W pour votre \u00e9v\u00e9nement entre Annemasse, Gen\u00e8ve, Bonneville, Annecy, Thonon, Evian. Location de Mat\u00e9riel de Sonorisation, Eclairage et Vid\u00e9o en Haute-Savoie.\" \/>\n<meta name=\"robots\" content=\"index, follow, max-snippet:-1, max-image-preview:large, max-video-preview:-1\" \/>\n<link rel=\"canonical\" href=\"https:\/\/www.tamtamsn.com\/location\/produit\/pack-6-projecteurs-a-led-sans-fil-freedom-4x10w\/\" \/>\n<meta property=\"og:locale\" content=\"fr_FR\" \/>\n<meta property=\"og:type\" content=\"article\" \/>\n<meta property=\"og:title\" content=\"Pack de 6x Projecteurs \u00e0 LED sans Fil Freedom 40W\" \/>\n<meta property=\"og:description\" content=\"Pack 6x Projecteurs \u00e0 LEDs 40W sur batterie:\u00a0RGB + Ambre + White + UV  LUX : 1 372@ 2m  Temps d&#039;utilisation maximum : 20 heures\" \/>\n<meta property=\"og:url\" content=\"https:\/\/www.tamtamsn.com\/location\/produit\/pack-6-projecteurs-a-led-sans-fil-freedom-4x10w\/\" \/>\n<meta property=\"og:site_name\" content=\"TAMTAM Annemasse - Espace Location\" \/>\n<meta property=\"article:publisher\" content=\"https:\/\/www.facebook.com\/tamtam74100\" \/>\n<meta property=\"article:modified_time\" content=\"2025-08-13T13:41:42+00:00\" \/>\n<meta property=\"og:image\" content=\"https:\/\/www.tamtamsn.com\/location\/wp-content\/uploads\/sites\/3\/2020\/05\/Pack-6x-Freedom-Carr\u00e9.jpg\" \/>\n\t<meta property=\"og:image:width\" content=\"800\" \/>\n\t<meta property=\"og:image:height\" content=\"800\" \/>\n\t<meta property=\"og:image:type\" content=\"image\/jpeg\" \/>\n<meta name=\"twitter:card\" content=\"summary_large_image\" \/>\n<meta name=\"twitter:label1\" content=\"Dur\u00e9e de lecture estim\u00e9e\" \/>\n\t<meta name=\"twitter:data1\" content=\"1 minute\" \/>\n<script type=\"application\/ld+json\" class=\"yoast-schema-graph\">{\"@context\":\"https:\\\/\\\/schema.org\",\"@graph\":[{\"@type\":[\"WebPage\",\"ItemPage\"],\"@id\":\"https:\\\/\\\/www.tamtamsn.com\\\/location\\\/produit\\\/pack-6-projecteurs-a-led-sans-fil-freedom-4x10w\\\/\",\"url\":\"https:\\\/\\\/www.tamtamsn.com\\\/location\\\/produit\\\/pack-6-projecteurs-a-led-sans-fil-freedom-4x10w\\\/\",\"name\":\"Location de Pack de 6x Projecteurs \u00e0 LED sans Fil Freedom 40W - TAMTAM Annemasse\",\"isPartOf\":{\"@id\":\"https:\\\/\\\/www.tamtamsn.com\\\/location\\\/#website\"},\"primaryImageOfPage\":{\"@id\":\"https:\\\/\\\/www.tamtamsn.com\\\/location\\\/produit\\\/pack-6-projecteurs-a-led-sans-fil-freedom-4x10w\\\/#primaryimage\"},\"image\":{\"@id\":\"https:\\\/\\\/www.tamtamsn.com\\\/location\\\/produit\\\/pack-6-projecteurs-a-led-sans-fil-freedom-4x10w\\\/#primaryimage\"},\"thumbnailUrl\":\"https:\\\/\\\/www.tamtamsn.com\\\/location\\\/wp-content\\\/uploads\\\/sites\\\/3\\\/2020\\\/05\\\/Pack-6x-Freedom-Carr\u00e9.jpg\",\"datePublished\":\"2020-05-11T14:27:08+00:00\",\"dateModified\":\"2025-08-13T13:41:42+00:00\",\"description\":\"Location de Pack de 6x Projecteurs \u00e0 LED sans Fil Freedom 40W pour votre \u00e9v\u00e9nement entre Annemasse, Gen\u00e8ve, Bonneville, Annecy, Thonon, Evian. Location de Mat\u00e9riel de Sonorisation, Eclairage et Vid\u00e9o en Haute-Savoie.\",\"breadcrumb\":{\"@id\":\"https:\\\/\\\/www.tamtamsn.com\\\/location\\\/produit\\\/pack-6-projecteurs-a-led-sans-fil-freedom-4x10w\\\/#breadcrumb\"},\"inLanguage\":\"fr-FR\",\"potentialAction\":[{\"@type\":\"ReadAction\",\"target\":[\"https:\\\/\\\/www.tamtamsn.com\\\/location\\\/produit\\\/pack-6-projecteurs-a-led-sans-fil-freedom-4x10w\\\/\"]}]},{\"@type\":\"ImageObject\",\"inLanguage\":\"fr-FR\",\"@id\":\"https:\\\/\\\/www.tamtamsn.com\\\/location\\\/produit\\\/pack-6-projecteurs-a-led-sans-fil-freedom-4x10w\\\/#primaryimage\",\"url\":\"https:\\\/\\\/www.tamtamsn.com\\\/location\\\/wp-content\\\/uploads\\\/sites\\\/3\\\/2020\\\/05\\\/Pack-6x-Freedom-Carr\u00e9.jpg\",\"contentUrl\":\"https:\\\/\\\/www.tamtamsn.com\\\/location\\\/wp-content\\\/uploads\\\/sites\\\/3\\\/2020\\\/05\\\/Pack-6x-Freedom-Carr\u00e9.jpg\",\"width\":800,\"height\":800,\"caption\":\"Location Pack 6x PAR LED CHAUVET Freedom en Haute-Savoie.\"},{\"@type\":\"BreadcrumbList\",\"@id\":\"https:\\\/\\\/www.tamtamsn.com\\\/location\\\/produit\\\/pack-6-projecteurs-a-led-sans-fil-freedom-4x10w\\\/#breadcrumb\",\"itemListElement\":[{\"@type\":\"ListItem\",\"position\":1,\"name\":\"Catalogue de Location de Mat\u00e9riel de Sonorisation, Eclairage &amp; Vid\u00e9o en Haute-Savoie\",\"item\":\"https:\\\/\\\/www.tamtamsn.com\\\/location\\\/\"},{\"@type\":\"ListItem\",\"position\":2,\"name\":\"Notre Catalogue Location en ligne\",\"item\":\"https:\\\/\\\/www.tamtamsn.com\\\/location\\\/catalogue-en-ligne-location-sonorisation-eclairage-video\\\/\"},{\"@type\":\"ListItem\",\"position\":3,\"name\":\"Location Jeux de lumi\u00e8re\",\"item\":\"https:\\\/\\\/www.tamtamsn.com\\\/location\\\/etiquette-produit\\\/location-jeux-de-lumiere\\\/\"},{\"@type\":\"ListItem\",\"position\":4,\"name\":\"Pack de 6x Projecteurs \u00e0 LED sans Fil Freedom 40W\"}]},{\"@type\":\"WebSite\",\"@id\":\"https:\\\/\\\/www.tamtamsn.com\\\/location\\\/#website\",\"url\":\"https:\\\/\\\/www.tamtamsn.com\\\/location\\\/\",\"name\":\"TAMTAM Annemasse - Espace Location\",\"description\":\"Location de mat\u00e9riel de Sonorisation, Eclairage et Vid\u00e9o \u00e0 Annemasse, Haute-Savoie et sur le Bassin Genevois\",\"publisher\":{\"@id\":\"https:\\\/\\\/www.tamtamsn.com\\\/location\\\/#organization\"},\"potentialAction\":[{\"@type\":\"SearchAction\",\"target\":{\"@type\":\"EntryPoint\",\"urlTemplate\":\"https:\\\/\\\/www.tamtamsn.com\\\/location\\\/?s={search_term_string}\"},\"query-input\":{\"@type\":\"PropertyValueSpecification\",\"valueRequired\":true,\"valueName\":\"search_term_string\"}}],\"inLanguage\":\"fr-FR\"},{\"@type\":\"Organization\",\"@id\":\"https:\\\/\\\/www.tamtamsn.com\\\/location\\\/#organization\",\"name\":\"TAMTAM\",\"url\":\"https:\\\/\\\/www.tamtamsn.com\\\/location\\\/\",\"logo\":{\"@type\":\"ImageObject\",\"inLanguage\":\"fr-FR\",\"@id\":\"https:\\\/\\\/www.tamtamsn.com\\\/location\\\/#\\\/schema\\\/logo\\\/image\\\/\",\"url\":\"\",\"contentUrl\":\"\",\"caption\":\"TAMTAM\"},\"image\":{\"@id\":\"https:\\\/\\\/www.tamtamsn.com\\\/location\\\/#\\\/schema\\\/logo\\\/image\\\/\"},\"sameAs\":[\"https:\\\/\\\/www.facebook.com\\\/tamtam74100\"]}]}<\/script>\n<!-- \/ Yoast SEO Premium plugin. -->","yoast_head_json":{"title":"Location de Pack de 6x Projecteurs \u00e0 LED sans Fil Freedom 40W - TAMTAM Annemasse","description":"Location de Pack de 6x Projecteurs \u00e0 LED sans Fil Freedom 40W pour votre \u00e9v\u00e9nement entre Annemasse, Gen\u00e8ve, Bonneville, Annecy, Thonon, Evian. Location de Mat\u00e9riel de Sonorisation, Eclairage et Vid\u00e9o en Haute-Savoie.","robots":{"index":"index","follow":"follow","max-snippet":"max-snippet:-1","max-image-preview":"max-image-preview:large","max-video-preview":"max-video-preview:-1"},"canonical":"https:\/\/www.tamtamsn.com\/location\/produit\/pack-6-projecteurs-a-led-sans-fil-freedom-4x10w\/","og_locale":"fr_FR","og_type":"article","og_title":"Pack de 6x Projecteurs \u00e0 LED sans Fil Freedom 40W","og_description":"Pack 6x Projecteurs \u00e0 LEDs 40W sur batterie:\u00a0RGB + Ambre + White + UV  LUX : 1 372@ 2m  Temps d'utilisation maximum : 20 heures","og_url":"https:\/\/www.tamtamsn.com\/location\/produit\/pack-6-projecteurs-a-led-sans-fil-freedom-4x10w\/","og_site_name":"TAMTAM Annemasse - Espace Location","article_publisher":"https:\/\/www.facebook.com\/tamtam74100","article_modified_time":"2025-08-13T13:41:42+00:00","og_image":[{"width":800,"height":800,"url":"https:\/\/www.tamtamsn.com\/location\/wp-content\/uploads\/sites\/3\/2020\/05\/Pack-6x-Freedom-Carr\u00e9.jpg","type":"image\/jpeg"}],"twitter_card":"summary_large_image","twitter_misc":{"Dur\u00e9e de lecture estim\u00e9e":"1 minute"},"schema":{"@context":"https:\/\/schema.org","@graph":[{"@type":["WebPage","ItemPage"],"@id":"https:\/\/www.tamtamsn.com\/location\/produit\/pack-6-projecteurs-a-led-sans-fil-freedom-4x10w\/","url":"https:\/\/www.tamtamsn.com\/location\/produit\/pack-6-projecteurs-a-led-sans-fil-freedom-4x10w\/","name":"Location de Pack de 6x Projecteurs \u00e0 LED sans Fil Freedom 40W - TAMTAM Annemasse","isPartOf":{"@id":"https:\/\/www.tamtamsn.com\/location\/#website"},"primaryImageOfPage":{"@id":"https:\/\/www.tamtamsn.com\/location\/produit\/pack-6-projecteurs-a-led-sans-fil-freedom-4x10w\/#primaryimage"},"image":{"@id":"https:\/\/www.tamtamsn.com\/location\/produit\/pack-6-projecteurs-a-led-sans-fil-freedom-4x10w\/#primaryimage"},"thumbnailUrl":"https:\/\/www.tamtamsn.com\/location\/wp-content\/uploads\/sites\/3\/2020\/05\/Pack-6x-Freedom-Carr\u00e9.jpg","datePublished":"2020-05-11T14:27:08+00:00","dateModified":"2025-08-13T13:41:42+00:00","description":"Location de Pack de 6x Projecteurs \u00e0 LED sans Fil Freedom 40W pour votre \u00e9v\u00e9nement entre Annemasse, Gen\u00e8ve, Bonneville, Annecy, Thonon, Evian. Location de Mat\u00e9riel de Sonorisation, Eclairage et Vid\u00e9o en Haute-Savoie.","breadcrumb":{"@id":"https:\/\/www.tamtamsn.com\/location\/produit\/pack-6-projecteurs-a-led-sans-fil-freedom-4x10w\/#breadcrumb"},"inLanguage":"fr-FR","potentialAction":[{"@type":"ReadAction","target":["https:\/\/www.tamtamsn.com\/location\/produit\/pack-6-projecteurs-a-led-sans-fil-freedom-4x10w\/"]}]},{"@type":"ImageObject","inLanguage":"fr-FR","@id":"https:\/\/www.tamtamsn.com\/location\/produit\/pack-6-projecteurs-a-led-sans-fil-freedom-4x10w\/#primaryimage","url":"https:\/\/www.tamtamsn.com\/location\/wp-content\/uploads\/sites\/3\/2020\/05\/Pack-6x-Freedom-Carr\u00e9.jpg","contentUrl":"https:\/\/www.tamtamsn.com\/location\/wp-content\/uploads\/sites\/3\/2020\/05\/Pack-6x-Freedom-Carr\u00e9.jpg","width":800,"height":800,"caption":"Location Pack 6x PAR LED CHAUVET Freedom en Haute-Savoie."},{"@type":"BreadcrumbList","@id":"https:\/\/www.tamtamsn.com\/location\/produit\/pack-6-projecteurs-a-led-sans-fil-freedom-4x10w\/#breadcrumb","itemListElement":[{"@type":"ListItem","position":1,"name":"Catalogue de Location de Mat\u00e9riel de Sonorisation, Eclairage &amp; Vid\u00e9o en Haute-Savoie","item":"https:\/\/www.tamtamsn.com\/location\/"},{"@type":"ListItem","position":2,"name":"Notre Catalogue Location en ligne","item":"https:\/\/www.tamtamsn.com\/location\/catalogue-en-ligne-location-sonorisation-eclairage-video\/"},{"@type":"ListItem","position":3,"name":"Location Jeux de lumi\u00e8re","item":"https:\/\/www.tamtamsn.com\/location\/etiquette-produit\/location-jeux-de-lumiere\/"},{"@type":"ListItem","position":4,"name":"Pack de 6x Projecteurs \u00e0 LED sans Fil Freedom 40W"}]},{"@type":"WebSite","@id":"https:\/\/www.tamtamsn.com\/location\/#website","url":"https:\/\/www.tamtamsn.com\/location\/","name":"TAMTAM Annemasse - Espace Location","description":"Location de mat\u00e9riel de Sonorisation, Eclairage et Vid\u00e9o \u00e0 Annemasse, Haute-Savoie et sur le Bassin Genevois","publisher":{"@id":"https:\/\/www.tamtamsn.com\/location\/#organization"},"potentialAction":[{"@type":"SearchAction","target":{"@type":"EntryPoint","urlTemplate":"https:\/\/www.tamtamsn.com\/location\/?s={search_term_string}"},"query-input":{"@type":"PropertyValueSpecification","valueRequired":true,"valueName":"search_term_string"}}],"inLanguage":"fr-FR"},{"@type":"Organization","@id":"https:\/\/www.tamtamsn.com\/location\/#organization","name":"TAMTAM","url":"https:\/\/www.tamtamsn.com\/location\/","logo":{"@type":"ImageObject","inLanguage":"fr-FR","@id":"https:\/\/www.tamtamsn.com\/location\/#\/schema\/logo\/image\/","url":"","contentUrl":"","caption":"TAMTAM"},"image":{"@id":"https:\/\/www.tamtamsn.com\/location\/#\/schema\/logo\/image\/"},"sameAs":["https:\/\/www.facebook.com\/tamtam74100"]}]}},"jetpack_sharing_enabled":true,"_links":{"self":[{"href":"https:\/\/www.tamtamsn.com\/location\/wp-json\/wp\/v2\/product\/3738","targetHints":{"allow":["GET"]}}],"collection":[{"href":"https:\/\/www.tamtamsn.com\/location\/wp-json\/wp\/v2\/product"}],"about":[{"href":"https:\/\/www.tamtamsn.com\/location\/wp-json\/wp\/v2\/types\/product"}],"wp:featuredmedia":[{"embeddable":true,"href":"https:\/\/www.tamtamsn.com\/location\/wp-json\/wp\/v2\/media\/3807"}],"wp:attachment":[{"href":"https:\/\/www.tamtamsn.com\/location\/wp-json\/wp\/v2\/media?parent=3738"}],"wp:term":[{"taxonomy":"product_brand","embeddable":true,"href":"https:\/\/www.tamtamsn.com\/location\/wp-json\/wp\/v2\/product_brand?post=3738"},{"taxonomy":"product_cat","embeddable":true,"href":"https:\/\/www.tamtamsn.com\/location\/wp-json\/wp\/v2\/product_cat?post=3738"},{"taxonomy":"product_tag","embeddable":true,"href":"https:\/\/www.tamtamsn.com\/location\/wp-json\/wp\/v2\/product_tag?post=3738"}],"curies":[{"name":"wp","href":"https:\/\/api.w.org\/{rel}","templated":true}]}}