{"id":3728,"date":"2020-05-10T00:43:32","date_gmt":"2020-05-09T22:43:32","guid":{"rendered":"https:\/\/www.tamtamsn.com\/location\/?post_type=product&#038;p=3728"},"modified":"2022-06-07T13:10:07","modified_gmt":"2022-06-07T11:10:07","slug":"pied-declairage-a-treuil-avec-barre-t","status":"publish","type":"product","link":"https:\/\/www.tamtamsn.com\/location\/produit\/pied-declairage-a-treuil-avec-barre-t\/","title":{"rendered":"Pied d\u2019\u00e9clairage \u00e0 treuil avec barre T"},"content":{"rendered":"<p>Location Pied d\u2019\u00e9clairage \u00e0 treuil avec barre en T pour suspendre des \u00e9clairages.<br \/>\n<em>Id\u00e9al pour suspendre des Flowers, projecteurs PAR LED, etc&#8230;<\/em><\/p>\n<p><span style=\"text-decoration: underline;\"><strong>Caract\u00e9ristiques Techniques:<\/strong><\/span><\/p>\n<ul>\n<li>Hauteur pied: 1,5m \u00e0 3m<\/li>\n<li>Charge maxi: 60kg<\/li>\n<li>Longueur de la barre en T: 1,2m<\/li>\n<\/ul>\n<p>&nbsp;<\/p>\n<p style=\"text-align: center;\"><b>Retrouvez tout notre catalogue de <a href=\"https:\/\/www.tamtamsn.com\/location\/categorie-produit\/structure-scene\/\">location de Structures &amp; Equipements Sc\u00e9nique en Haute-Savoie<\/a>.<\/b><\/p>\n<p style=\"text-align: center;\"><strong>Le Produit est \u00e9galement disponible \u00e0 la Vente:<\/strong><br \/>\nAchetez de la <a href=\"https:\/\/www.tamtamsn.com\/categorie-produit\/eclairage\/\">Structure sc\u00e9nique en aluminium<\/a>\u00a0dans votre magasin d&rsquo;Annemasse<\/p>\n<p style=\"text-align: center;\">\n","protected":false},"excerpt":{"rendered":"<ul>\n<li>Hauteur pied: 1,5m \u00e0 3m<\/li>\n<li>Charge maxi: 60kg<\/li>\n<li>Longueur de la barre en T: 1,2m<\/li>\n<\/ul>\n","protected":false},"featured_media":3730,"template":"","meta":[],"product_brand":[],"product_cat":[554],"product_tag":[1039,1037,1038,1040],"class_list":{"0":"post-3728","1":"product","2":"type-product","3":"status-publish","4":"has-post-thumbnail","6":"product_cat-structure-scene","7":"product_tag-location-pied-a-treuil","8":"product_tag-location-pied-de-lumiere","9":"product_tag-location-pied-en-t","10":"product_tag-location-pied-pour-projecteur","11":"pa_marque-produit-multi-marques","13":"first","14":"instock","15":"taxable","16":"shipping-taxable","17":"purchasable","18":"product-type-simple"},"yoast_head":"<!-- This site is optimized with the Yoast SEO Premium plugin v27.4 (Yoast SEO v27.6) - https:\/\/yoast.com\/product\/yoast-seo-premium-wordpress\/ -->\n<title>Location de Pied d\u2019\u00e9clairage \u00e0 treuil avec barre T - TAMTAM Annemasse<\/title>\n<meta name=\"description\" content=\"Pied \u00e0 treuil avec barre en T pour suspendre des \u00e9clairages. Id\u00e9al pour suspendre des Flowers, PAR LED, etc...\" \/>\n<meta name=\"robots\" content=\"index, follow, max-snippet:-1, max-image-preview:large, max-video-preview:-1\" \/>\n<link rel=\"canonical\" href=\"https:\/\/www.tamtamsn.com\/location\/produit\/pied-declairage-a-treuil-avec-barre-t\/\" \/>\n<meta property=\"og:locale\" content=\"fr_FR\" \/>\n<meta property=\"og:type\" content=\"article\" \/>\n<meta property=\"og:title\" content=\"Pied d\u2019\u00e9clairage \u00e0 treuil avec barre T\" \/>\n<meta property=\"og:description\" content=\"Hauteur pied: 1,5m \u00e0 3m  Charge maxi: 60kg  Longueur de la barre en T: 1,2m\" \/>\n<meta property=\"og:url\" content=\"https:\/\/www.tamtamsn.com\/location\/produit\/pied-declairage-a-treuil-avec-barre-t\/\" \/>\n<meta property=\"og:site_name\" content=\"TAMTAM Annemasse - Espace Location\" \/>\n<meta property=\"article:publisher\" content=\"https:\/\/www.facebook.com\/tamtam74100\" \/>\n<meta property=\"article:modified_time\" content=\"2022-06-07T11:10:07+00:00\" \/>\n<meta property=\"og:image\" content=\"https:\/\/www.tamtamsn.com\/location\/wp-content\/uploads\/sites\/3\/2020\/05\/Pied-declairage-a-treuil-ASD-ALT-300-2.jpg\" \/>\n\t<meta property=\"og:image:width\" content=\"1000\" \/>\n\t<meta property=\"og:image:height\" content=\"1000\" \/>\n\t<meta property=\"og:image:type\" content=\"image\/jpeg\" \/>\n<meta name=\"twitter:card\" content=\"summary_large_image\" \/>\n<meta name=\"twitter:label1\" content=\"Dur\u00e9e de lecture estim\u00e9e\" \/>\n\t<meta name=\"twitter:data1\" content=\"1 minute\" \/>\n<script type=\"application\/ld+json\" class=\"yoast-schema-graph\">{\"@context\":\"https:\\\/\\\/schema.org\",\"@graph\":[{\"@type\":[\"WebPage\",\"ItemPage\"],\"@id\":\"https:\\\/\\\/www.tamtamsn.com\\\/location\\\/produit\\\/pied-declairage-a-treuil-avec-barre-t\\\/\",\"url\":\"https:\\\/\\\/www.tamtamsn.com\\\/location\\\/produit\\\/pied-declairage-a-treuil-avec-barre-t\\\/\",\"name\":\"Location de Pied d\u2019\u00e9clairage \u00e0 treuil avec barre T - TAMTAM Annemasse\",\"isPartOf\":{\"@id\":\"https:\\\/\\\/www.tamtamsn.com\\\/location\\\/#website\"},\"primaryImageOfPage\":{\"@id\":\"https:\\\/\\\/www.tamtamsn.com\\\/location\\\/produit\\\/pied-declairage-a-treuil-avec-barre-t\\\/#primaryimage\"},\"image\":{\"@id\":\"https:\\\/\\\/www.tamtamsn.com\\\/location\\\/produit\\\/pied-declairage-a-treuil-avec-barre-t\\\/#primaryimage\"},\"thumbnailUrl\":\"https:\\\/\\\/www.tamtamsn.com\\\/location\\\/wp-content\\\/uploads\\\/sites\\\/3\\\/2020\\\/05\\\/Pied-declairage-a-treuil-ASD-ALT-300-2.jpg\",\"datePublished\":\"2020-05-09T22:43:32+00:00\",\"dateModified\":\"2022-06-07T11:10:07+00:00\",\"description\":\"Pied \u00e0 treuil avec barre en T pour suspendre des \u00e9clairages. Id\u00e9al pour suspendre des Flowers, PAR LED, etc...\",\"breadcrumb\":{\"@id\":\"https:\\\/\\\/www.tamtamsn.com\\\/location\\\/produit\\\/pied-declairage-a-treuil-avec-barre-t\\\/#breadcrumb\"},\"inLanguage\":\"fr-FR\",\"potentialAction\":[{\"@type\":\"ReadAction\",\"target\":[\"https:\\\/\\\/www.tamtamsn.com\\\/location\\\/produit\\\/pied-declairage-a-treuil-avec-barre-t\\\/\"]}]},{\"@type\":\"ImageObject\",\"inLanguage\":\"fr-FR\",\"@id\":\"https:\\\/\\\/www.tamtamsn.com\\\/location\\\/produit\\\/pied-declairage-a-treuil-avec-barre-t\\\/#primaryimage\",\"url\":\"https:\\\/\\\/www.tamtamsn.com\\\/location\\\/wp-content\\\/uploads\\\/sites\\\/3\\\/2020\\\/05\\\/Pied-declairage-a-treuil-ASD-ALT-300-2.jpg\",\"contentUrl\":\"https:\\\/\\\/www.tamtamsn.com\\\/location\\\/wp-content\\\/uploads\\\/sites\\\/3\\\/2020\\\/05\\\/Pied-declairage-a-treuil-ASD-ALT-300-2.jpg\",\"width\":1000,\"height\":1000,\"caption\":\"Location Pied d'\u00e9clairage \u00e0 treuil ASD ALT 300\"},{\"@type\":\"BreadcrumbList\",\"@id\":\"https:\\\/\\\/www.tamtamsn.com\\\/location\\\/produit\\\/pied-declairage-a-treuil-avec-barre-t\\\/#breadcrumb\",\"itemListElement\":[{\"@type\":\"ListItem\",\"position\":1,\"name\":\"Catalogue de Location de Mat\u00e9riel de Sonorisation, Eclairage &amp; Vid\u00e9o en Haute-Savoie\",\"item\":\"https:\\\/\\\/www.tamtamsn.com\\\/location\\\/\"},{\"@type\":\"ListItem\",\"position\":2,\"name\":\"Notre Catalogue Location en ligne\",\"item\":\"https:\\\/\\\/www.tamtamsn.com\\\/location\\\/catalogue-en-ligne-location-sonorisation-eclairage-video\\\/\"},{\"@type\":\"ListItem\",\"position\":3,\"name\":\"Location pied \u00e0 treuil\",\"item\":\"https:\\\/\\\/www.tamtamsn.com\\\/location\\\/etiquette-produit\\\/location-pied-a-treuil\\\/\"},{\"@type\":\"ListItem\",\"position\":4,\"name\":\"Pied d\u2019\u00e9clairage \u00e0 treuil avec barre T\"}]},{\"@type\":\"WebSite\",\"@id\":\"https:\\\/\\\/www.tamtamsn.com\\\/location\\\/#website\",\"url\":\"https:\\\/\\\/www.tamtamsn.com\\\/location\\\/\",\"name\":\"TAMTAM Annemasse - Espace Location\",\"description\":\"Location de mat\u00e9riel de Sonorisation, Eclairage et Vid\u00e9o \u00e0 Annemasse, Haute-Savoie et sur le Bassin Genevois\",\"publisher\":{\"@id\":\"https:\\\/\\\/www.tamtamsn.com\\\/location\\\/#organization\"},\"potentialAction\":[{\"@type\":\"SearchAction\",\"target\":{\"@type\":\"EntryPoint\",\"urlTemplate\":\"https:\\\/\\\/www.tamtamsn.com\\\/location\\\/?s={search_term_string}\"},\"query-input\":{\"@type\":\"PropertyValueSpecification\",\"valueRequired\":true,\"valueName\":\"search_term_string\"}}],\"inLanguage\":\"fr-FR\"},{\"@type\":\"Organization\",\"@id\":\"https:\\\/\\\/www.tamtamsn.com\\\/location\\\/#organization\",\"name\":\"TAMTAM\",\"url\":\"https:\\\/\\\/www.tamtamsn.com\\\/location\\\/\",\"logo\":{\"@type\":\"ImageObject\",\"inLanguage\":\"fr-FR\",\"@id\":\"https:\\\/\\\/www.tamtamsn.com\\\/location\\\/#\\\/schema\\\/logo\\\/image\\\/\",\"url\":\"\",\"contentUrl\":\"\",\"caption\":\"TAMTAM\"},\"image\":{\"@id\":\"https:\\\/\\\/www.tamtamsn.com\\\/location\\\/#\\\/schema\\\/logo\\\/image\\\/\"},\"sameAs\":[\"https:\\\/\\\/www.facebook.com\\\/tamtam74100\"]}]}<\/script>\n<!-- \/ Yoast SEO Premium plugin. -->","yoast_head_json":{"title":"Location de Pied d\u2019\u00e9clairage \u00e0 treuil avec barre T - TAMTAM Annemasse","description":"Pied \u00e0 treuil avec barre en T pour suspendre des \u00e9clairages. Id\u00e9al pour suspendre des Flowers, PAR LED, etc...","robots":{"index":"index","follow":"follow","max-snippet":"max-snippet:-1","max-image-preview":"max-image-preview:large","max-video-preview":"max-video-preview:-1"},"canonical":"https:\/\/www.tamtamsn.com\/location\/produit\/pied-declairage-a-treuil-avec-barre-t\/","og_locale":"fr_FR","og_type":"article","og_title":"Pied d\u2019\u00e9clairage \u00e0 treuil avec barre T","og_description":"Hauteur pied: 1,5m \u00e0 3m  Charge maxi: 60kg  Longueur de la barre en T: 1,2m","og_url":"https:\/\/www.tamtamsn.com\/location\/produit\/pied-declairage-a-treuil-avec-barre-t\/","og_site_name":"TAMTAM Annemasse - Espace Location","article_publisher":"https:\/\/www.facebook.com\/tamtam74100","article_modified_time":"2022-06-07T11:10:07+00:00","og_image":[{"width":1000,"height":1000,"url":"https:\/\/www.tamtamsn.com\/location\/wp-content\/uploads\/sites\/3\/2020\/05\/Pied-declairage-a-treuil-ASD-ALT-300-2.jpg","type":"image\/jpeg"}],"twitter_card":"summary_large_image","twitter_misc":{"Dur\u00e9e de lecture estim\u00e9e":"1 minute"},"schema":{"@context":"https:\/\/schema.org","@graph":[{"@type":["WebPage","ItemPage"],"@id":"https:\/\/www.tamtamsn.com\/location\/produit\/pied-declairage-a-treuil-avec-barre-t\/","url":"https:\/\/www.tamtamsn.com\/location\/produit\/pied-declairage-a-treuil-avec-barre-t\/","name":"Location de Pied d\u2019\u00e9clairage \u00e0 treuil avec barre T - TAMTAM Annemasse","isPartOf":{"@id":"https:\/\/www.tamtamsn.com\/location\/#website"},"primaryImageOfPage":{"@id":"https:\/\/www.tamtamsn.com\/location\/produit\/pied-declairage-a-treuil-avec-barre-t\/#primaryimage"},"image":{"@id":"https:\/\/www.tamtamsn.com\/location\/produit\/pied-declairage-a-treuil-avec-barre-t\/#primaryimage"},"thumbnailUrl":"https:\/\/www.tamtamsn.com\/location\/wp-content\/uploads\/sites\/3\/2020\/05\/Pied-declairage-a-treuil-ASD-ALT-300-2.jpg","datePublished":"2020-05-09T22:43:32+00:00","dateModified":"2022-06-07T11:10:07+00:00","description":"Pied \u00e0 treuil avec barre en T pour suspendre des \u00e9clairages. Id\u00e9al pour suspendre des Flowers, PAR LED, etc...","breadcrumb":{"@id":"https:\/\/www.tamtamsn.com\/location\/produit\/pied-declairage-a-treuil-avec-barre-t\/#breadcrumb"},"inLanguage":"fr-FR","potentialAction":[{"@type":"ReadAction","target":["https:\/\/www.tamtamsn.com\/location\/produit\/pied-declairage-a-treuil-avec-barre-t\/"]}]},{"@type":"ImageObject","inLanguage":"fr-FR","@id":"https:\/\/www.tamtamsn.com\/location\/produit\/pied-declairage-a-treuil-avec-barre-t\/#primaryimage","url":"https:\/\/www.tamtamsn.com\/location\/wp-content\/uploads\/sites\/3\/2020\/05\/Pied-declairage-a-treuil-ASD-ALT-300-2.jpg","contentUrl":"https:\/\/www.tamtamsn.com\/location\/wp-content\/uploads\/sites\/3\/2020\/05\/Pied-declairage-a-treuil-ASD-ALT-300-2.jpg","width":1000,"height":1000,"caption":"Location Pied d'\u00e9clairage \u00e0 treuil ASD ALT 300"},{"@type":"BreadcrumbList","@id":"https:\/\/www.tamtamsn.com\/location\/produit\/pied-declairage-a-treuil-avec-barre-t\/#breadcrumb","itemListElement":[{"@type":"ListItem","position":1,"name":"Catalogue de Location de Mat\u00e9riel de Sonorisation, Eclairage &amp; Vid\u00e9o en Haute-Savoie","item":"https:\/\/www.tamtamsn.com\/location\/"},{"@type":"ListItem","position":2,"name":"Notre Catalogue Location en ligne","item":"https:\/\/www.tamtamsn.com\/location\/catalogue-en-ligne-location-sonorisation-eclairage-video\/"},{"@type":"ListItem","position":3,"name":"Location pied \u00e0 treuil","item":"https:\/\/www.tamtamsn.com\/location\/etiquette-produit\/location-pied-a-treuil\/"},{"@type":"ListItem","position":4,"name":"Pied d\u2019\u00e9clairage \u00e0 treuil avec barre T"}]},{"@type":"WebSite","@id":"https:\/\/www.tamtamsn.com\/location\/#website","url":"https:\/\/www.tamtamsn.com\/location\/","name":"TAMTAM Annemasse - Espace Location","description":"Location de mat\u00e9riel de Sonorisation, Eclairage et Vid\u00e9o \u00e0 Annemasse, Haute-Savoie et sur le Bassin Genevois","publisher":{"@id":"https:\/\/www.tamtamsn.com\/location\/#organization"},"potentialAction":[{"@type":"SearchAction","target":{"@type":"EntryPoint","urlTemplate":"https:\/\/www.tamtamsn.com\/location\/?s={search_term_string}"},"query-input":{"@type":"PropertyValueSpecification","valueRequired":true,"valueName":"search_term_string"}}],"inLanguage":"fr-FR"},{"@type":"Organization","@id":"https:\/\/www.tamtamsn.com\/location\/#organization","name":"TAMTAM","url":"https:\/\/www.tamtamsn.com\/location\/","logo":{"@type":"ImageObject","inLanguage":"fr-FR","@id":"https:\/\/www.tamtamsn.com\/location\/#\/schema\/logo\/image\/","url":"","contentUrl":"","caption":"TAMTAM"},"image":{"@id":"https:\/\/www.tamtamsn.com\/location\/#\/schema\/logo\/image\/"},"sameAs":["https:\/\/www.facebook.com\/tamtam74100"]}]}},"jetpack_sharing_enabled":true,"_links":{"self":[{"href":"https:\/\/www.tamtamsn.com\/location\/wp-json\/wp\/v2\/product\/3728","targetHints":{"allow":["GET"]}}],"collection":[{"href":"https:\/\/www.tamtamsn.com\/location\/wp-json\/wp\/v2\/product"}],"about":[{"href":"https:\/\/www.tamtamsn.com\/location\/wp-json\/wp\/v2\/types\/product"}],"wp:featuredmedia":[{"embeddable":true,"href":"https:\/\/www.tamtamsn.com\/location\/wp-json\/wp\/v2\/media\/3730"}],"wp:attachment":[{"href":"https:\/\/www.tamtamsn.com\/location\/wp-json\/wp\/v2\/media?parent=3728"}],"wp:term":[{"taxonomy":"product_brand","embeddable":true,"href":"https:\/\/www.tamtamsn.com\/location\/wp-json\/wp\/v2\/product_brand?post=3728"},{"taxonomy":"product_cat","embeddable":true,"href":"https:\/\/www.tamtamsn.com\/location\/wp-json\/wp\/v2\/product_cat?post=3728"},{"taxonomy":"product_tag","embeddable":true,"href":"https:\/\/www.tamtamsn.com\/location\/wp-json\/wp\/v2\/product_tag?post=3728"}],"curies":[{"name":"wp","href":"https:\/\/api.w.org\/{rel}","templated":true}]}}