{"id":2643,"date":"2019-12-19T13:59:49","date_gmt":"2019-12-19T12:59:49","guid":{"rendered":"https:\/\/www.tamtamsn.com\/location\/produit\/station-photobooth-videobooth\/"},"modified":"2022-06-07T13:11:15","modified_gmt":"2022-06-07T11:11:15","slug":"station-photobooth-videobooth","status":"publish","type":"product","link":"https:\/\/www.tamtamsn.com\/location\/produit\/station-photobooth-videobooth\/","title":{"rendered":"Station Photo &#038; VideoBooth FunkyBox Connect\u00e9e"},"content":{"rendered":"<p><iframe loading=\"lazy\" src=\"https:\/\/www.youtube.com\/embed\/GBIrS8uzgfA\" width=\"560\" height=\"315\" frameborder=\"0\" allowfullscreen=\"allowfullscreen\"><\/iframe><\/p>\n<p><strong>Le Must-have pour l\u2019animation de votre \u00e9v\u00e8nement!<\/strong><\/p>\n<p>D\u00e9guis\u00e9 ou pas, photos et vid\u00e9os s\u00e9rieuses ou d\u00e9cal\u00e9es, seul ou \u00e0 plusieurs, le Photo\/Vid\u00e9oBooth est une attraction \u00e0 lui seul et permet \u00e0 vos invit\u00e9s\u00a0d&rsquo;immortaliser leur pr\u00e9sence \u00e0 votre \u00e9v\u00e8nement.<\/p>\n<p>Avec cette <strong>version exclusive du PhotoBooth,<\/strong> vos invit\u00e9s auront la possibilit\u00e9, en plus de faire des photos, d&rsquo;enregistrer de courtes vid\u00e9os de 30&Prime;.<br \/>\n<em><strong>La compilation de ces vid\u00e9os vous offrira Un Souvenir Exceptionnel de votre soir\u00e9e!<\/strong><\/em><\/p>\n<p><strong>\u00c9v\u00e8nements d&rsquo;entreprises, S\u00e9minaires, Cocktails, Mariages&#8230;<\/strong><br \/>\n<em>Exprimez-vous sans limite avec la Station PhotoBooth FunkyBox!<\/em><\/p>\n<p><strong><em>Cheese, Click &amp; Share&#8230;<\/em><\/strong><br \/>\nLe nombre de clich\u00e9s\u00a0est illimit\u00e9, avec une simple connexion internet vos invit\u00e9s pourront recevoir instantan\u00e9ment leur photo par Email, Poster sur Facebook.<br \/>\nAvec la version Imprimante, vos invit\u00e9s pourront \u00e9galement repartira avec leurs\u00a0Meilleurs photos imprim\u00e9es instantan\u00e9ment!<\/p>\n<p>&nbsp;<\/p>\n<p><strong>La location de la Station PhotoBooth, avec\u00a0imprimante, comprend:<\/strong><\/p>\n<ul>\n<li>Appareil Photo professionnel<\/li>\n<li>Ecran tactile personnalisable aux couleurs de votre \u00e9v\u00e8nement<\/li>\n<li>V\u00e9ritable Flash\u00a0Annulaire Macro Professionnel<\/li>\n<li>Nombre de photos Illimit\u00e9<\/li>\n<li>Envoi instantan\u00e9 par Email des photos<em> (Connexion internet n\u00e9cessaire)<\/em><\/li>\n<li>Un Starter-Kit de 10 Accessoires Photo en Carton\u00a0<i>(Emoji, Chapeaux, Moustaches, Lunettes, &#8230;)<\/i><\/li>\n<li>Micro RODE Professionnel<\/li>\n<li>Enregistrement de messages jusqu&rsquo;\u00e0 30sec<\/li>\n<li>R\u00e9ception des fichiers sous 7 jours maximum<\/li>\n<\/ul>\n<p>&nbsp;<\/p>\n<p><strong>Pour les versions avec Imprimante:<\/strong><\/p>\n<ul>\n<li>Imprimante Photo thermique Professionnelle 600dpi<\/li>\n<li>Ajout sur les photos du nom de l&rsquo;\u00e9v\u00e8nement, votre Logo, etc&#8230;<\/li>\n<li>1 \u00e0 4 poses\u00a0par\u00a0photos<\/li>\n<li>400x ou 800x tirages instantan\u00e9s au format 10x15cm ou 5x15cm<\/li>\n<\/ul>\n<p>&nbsp;<\/p>\n<p><b>Les Options, non incluses, disponibles sur demande:\u00a0<\/b><\/p>\n<ul>\n<li>Customisation Graphique compl\u00e8te de vos photos <i>(Ajout d&rsquo;un contour, d\u00e9cor,&#8230;).<\/i><\/li>\n<li>Tirages illimit\u00e9s<\/li>\n<li>Cl\u00e9 4G pour un acc\u00e8s partout<\/li>\n<\/ul>\n<p><span style=\"text-decoration: underline;\"><strong>L&rsquo;ensemble des clich\u00e9s num\u00e9riques vous seront \u00e9galement transmis quelques jours apr\u00e8s l&rsquo;\u00e9v\u00e9nement.<\/strong><\/span><\/p>\n<h3><span style=\"color: #ff0000;\">Nos Locations de PhotoBooth sont sans Flyer, ni Publicit\u00e9s!<\/span><\/h3>\n<p>&nbsp;<\/p>\n<p style=\"text-align: center;\"><strong><a href=\"https:\/\/www.thefunkybox.com\/\" target=\"_blank\" rel=\"noopener noreferrer\">+ d&rsquo;infos sur les Stations PhotoBooth FunkyBox en Haute-Savoie, Savoie, Ain et Gen\u00e8ve?<\/a><\/strong><\/p>\n<p>&nbsp;<\/p>\n<p style=\"text-align: center;\"><strong>Retrouvez tout notre catalogue de <a href=\"https:\/\/www.tamtamsn.com\/location\/categorie-produit\/photobooth\/\">location de Photobooth en Haute-Savoie<\/a>.<\/strong><\/p>\n","protected":false},"excerpt":{"rendered":"<ul>\n<li>Toutes les fonctions de la Station Autonome Connect\u00e9e<\/li>\n<li>Jusqu&rsquo;\u00e0 800x tirages instantan\u00e9s au format 10x15cm ou 5x15cm<\/li>\n<li>Enregistrement de Mini-clip Vid\u00e9o de vos invit\u00e9s<\/li>\n<\/ul>\n","protected":false},"featured_media":2649,"template":"","meta":[],"product_brand":[],"product_cat":[552],"product_tag":[1061,1060,1070,1063,1064,1072,1056,1057,1066,1067,1065,1059,1058,1069,1062,1068,1071],"class_list":{"0":"post-2643","1":"product","2":"type-product","3":"status-publish","4":"has-post-thumbnail","6":"product_cat-photobooth","7":"product_tag-animation-photo","8":"product_tag-animation-photobooth","9":"product_tag-animation-video","10":"product_tag-location-borne-photo","11":"product_tag-location-borne-selfie","12":"product_tag-location-borne-video","13":"product_tag-location-photobooth","14":"product_tag-location-photobooth-autonome","15":"product_tag-location-photobooth-connecte","16":"product_tag-location-photobooth-imprimante","17":"product_tag-location-photomaton","18":"product_tag-location-station-photo","19":"product_tag-location-station-photobooth","20":"product_tag-location-station-video","21":"product_tag-location-studio-photo","22":"product_tag-location-videobooth","23":"product_tag-micro-trottoir","24":"pa_marque-autre-marque","26":"first","27":"instock","28":"taxable","29":"shipping-taxable","30":"purchasable","31":"product-type-variable"},"yoast_head":"<!-- This site is optimized with the Yoast SEO Premium plugin v27.3 (Yoast SEO v27.3) - https:\/\/yoast.com\/product\/yoast-seo-premium-wordpress\/ -->\n<title>Location de PhotoBooth &amp; VideoBooth - TAMTAM Annemasse - Espace Location<\/title>\n<meta name=\"description\" content=\"Location de Station Photo &amp; VideoBooth FunkyBox Connect\u00e9e pour votre \u00e9v\u00e9nement entre Annemasse, Gen\u00e8ve, Bonneville, Annecy, Thonon, Evian. Location de Mat\u00e9riel de Sonorisation, Eclairage et Vid\u00e9o en Haute-Savoie.\" \/>\n<meta name=\"robots\" content=\"index, follow, max-snippet:-1, max-image-preview:large, max-video-preview:-1\" \/>\n<link rel=\"canonical\" href=\"https:\/\/www.tamtamsn.com\/location\/produit\/station-photobooth-videobooth\/\" \/>\n<meta property=\"og:locale\" content=\"fr_FR\" \/>\n<meta property=\"og:type\" content=\"article\" \/>\n<meta property=\"og:title\" content=\"Station Photo &amp; VideoBooth FunkyBox Connect\u00e9e\" \/>\n<meta property=\"og:description\" content=\"Toutes les fonctions de la Station Autonome Connect\u00e9e  Jusqu&#039;\u00e0 800x tirages instantan\u00e9s au format 10x15cm ou 5x15cm  Enregistrement de Mini-clip Vid\u00e9o de vos invit\u00e9s\" \/>\n<meta property=\"og:url\" content=\"https:\/\/www.tamtamsn.com\/location\/produit\/station-photobooth-videobooth\/\" \/>\n<meta property=\"og:site_name\" content=\"TAMTAM Annemasse - Espace Location\" \/>\n<meta property=\"article:publisher\" content=\"https:\/\/www.facebook.com\/tamtam74100\" \/>\n<meta property=\"article:modified_time\" content=\"2022-06-07T11:11:15+00:00\" \/>\n<meta property=\"og:image\" content=\"https:\/\/www.tamtamsn.com\/location\/wp-content\/uploads\/sites\/3\/2019\/12\/Videobooth_micro_2-1.jpg\" \/>\n\t<meta property=\"og:image:width\" content=\"1280\" \/>\n\t<meta property=\"og:image:height\" content=\"800\" \/>\n\t<meta property=\"og:image:type\" content=\"image\/jpeg\" \/>\n<meta name=\"twitter:card\" content=\"summary_large_image\" \/>\n<meta name=\"twitter:label1\" content=\"Dur\u00e9e de lecture estim\u00e9e\" \/>\n\t<meta name=\"twitter:data1\" content=\"2 minutes\" \/>\n<script type=\"application\/ld+json\" class=\"yoast-schema-graph\">{\"@context\":\"https:\\\/\\\/schema.org\",\"@graph\":[{\"@type\":[\"WebPage\",\"ItemPage\"],\"@id\":\"https:\\\/\\\/www.tamtamsn.com\\\/location\\\/produit\\\/station-photobooth-videobooth\\\/\",\"url\":\"https:\\\/\\\/www.tamtamsn.com\\\/location\\\/produit\\\/station-photobooth-videobooth\\\/\",\"name\":\"Location de PhotoBooth & VideoBooth - TAMTAM Annemasse - Espace Location\",\"isPartOf\":{\"@id\":\"https:\\\/\\\/www.tamtamsn.com\\\/location\\\/#website\"},\"primaryImageOfPage\":{\"@id\":\"https:\\\/\\\/www.tamtamsn.com\\\/location\\\/produit\\\/station-photobooth-videobooth\\\/#primaryimage\"},\"image\":{\"@id\":\"https:\\\/\\\/www.tamtamsn.com\\\/location\\\/produit\\\/station-photobooth-videobooth\\\/#primaryimage\"},\"thumbnailUrl\":\"https:\\\/\\\/www.tamtamsn.com\\\/location\\\/wp-content\\\/uploads\\\/sites\\\/3\\\/2019\\\/12\\\/Videobooth_micro_2-1.jpg\",\"datePublished\":\"2019-12-19T12:59:49+00:00\",\"dateModified\":\"2022-06-07T11:11:15+00:00\",\"description\":\"Location de Station Photo & VideoBooth FunkyBox Connect\u00e9e pour votre \u00e9v\u00e9nement entre Annemasse, Gen\u00e8ve, Bonneville, Annecy, Thonon, Evian. Location de Mat\u00e9riel de Sonorisation, Eclairage et Vid\u00e9o en Haute-Savoie.\",\"breadcrumb\":{\"@id\":\"https:\\\/\\\/www.tamtamsn.com\\\/location\\\/produit\\\/station-photobooth-videobooth\\\/#breadcrumb\"},\"inLanguage\":\"fr-FR\",\"potentialAction\":[{\"@type\":\"ReadAction\",\"target\":[\"https:\\\/\\\/www.tamtamsn.com\\\/location\\\/produit\\\/station-photobooth-videobooth\\\/\"]}]},{\"@type\":\"ImageObject\",\"inLanguage\":\"fr-FR\",\"@id\":\"https:\\\/\\\/www.tamtamsn.com\\\/location\\\/produit\\\/station-photobooth-videobooth\\\/#primaryimage\",\"url\":\"https:\\\/\\\/www.tamtamsn.com\\\/location\\\/wp-content\\\/uploads\\\/sites\\\/3\\\/2019\\\/12\\\/Videobooth_micro_2-1.jpg\",\"contentUrl\":\"https:\\\/\\\/www.tamtamsn.com\\\/location\\\/wp-content\\\/uploads\\\/sites\\\/3\\\/2019\\\/12\\\/Videobooth_micro_2-1.jpg\",\"width\":1280,\"height\":800,\"caption\":\"Location Station Photo VideoBooth connect\u00e9e\"},{\"@type\":\"BreadcrumbList\",\"@id\":\"https:\\\/\\\/www.tamtamsn.com\\\/location\\\/produit\\\/station-photobooth-videobooth\\\/#breadcrumb\",\"itemListElement\":[{\"@type\":\"ListItem\",\"position\":1,\"name\":\"Catalogue de Location de Mat\u00e9riel de Sonorisation, Eclairage &amp; Vid\u00e9o en Haute-Savoie\",\"item\":\"https:\\\/\\\/www.tamtamsn.com\\\/location\\\/\"},{\"@type\":\"ListItem\",\"position\":2,\"name\":\"Notre Catalogue Location en ligne\",\"item\":\"https:\\\/\\\/www.tamtamsn.com\\\/location\\\/catalogue-en-ligne-location-sonorisation-eclairage-video\\\/\"},{\"@type\":\"ListItem\",\"position\":3,\"name\":\"Animation Photo\",\"item\":\"https:\\\/\\\/www.tamtamsn.com\\\/location\\\/etiquette-produit\\\/animation-photo\\\/\"},{\"@type\":\"ListItem\",\"position\":4,\"name\":\"Station Photo &#038; VideoBooth FunkyBox Connect\u00e9e\"}]},{\"@type\":\"WebSite\",\"@id\":\"https:\\\/\\\/www.tamtamsn.com\\\/location\\\/#website\",\"url\":\"https:\\\/\\\/www.tamtamsn.com\\\/location\\\/\",\"name\":\"TAMTAM Annemasse - Espace Location\",\"description\":\"Location de mat\u00e9riel de Sonorisation, Eclairage et Vid\u00e9o \u00e0 Annemasse, Haute-Savoie et sur le Bassin Genevois\",\"publisher\":{\"@id\":\"https:\\\/\\\/www.tamtamsn.com\\\/location\\\/#organization\"},\"potentialAction\":[{\"@type\":\"SearchAction\",\"target\":{\"@type\":\"EntryPoint\",\"urlTemplate\":\"https:\\\/\\\/www.tamtamsn.com\\\/location\\\/?s={search_term_string}\"},\"query-input\":{\"@type\":\"PropertyValueSpecification\",\"valueRequired\":true,\"valueName\":\"search_term_string\"}}],\"inLanguage\":\"fr-FR\"},{\"@type\":\"Organization\",\"@id\":\"https:\\\/\\\/www.tamtamsn.com\\\/location\\\/#organization\",\"name\":\"TAMTAM\",\"url\":\"https:\\\/\\\/www.tamtamsn.com\\\/location\\\/\",\"logo\":{\"@type\":\"ImageObject\",\"inLanguage\":\"fr-FR\",\"@id\":\"https:\\\/\\\/www.tamtamsn.com\\\/location\\\/#\\\/schema\\\/logo\\\/image\\\/\",\"url\":\"\",\"contentUrl\":\"\",\"caption\":\"TAMTAM\"},\"image\":{\"@id\":\"https:\\\/\\\/www.tamtamsn.com\\\/location\\\/#\\\/schema\\\/logo\\\/image\\\/\"},\"sameAs\":[\"https:\\\/\\\/www.facebook.com\\\/tamtam74100\"]}]}<\/script>\n<!-- \/ Yoast SEO Premium plugin. -->","yoast_head_json":{"title":"Location de PhotoBooth & VideoBooth - TAMTAM Annemasse - Espace Location","description":"Location de Station Photo & VideoBooth FunkyBox Connect\u00e9e pour votre \u00e9v\u00e9nement entre Annemasse, Gen\u00e8ve, Bonneville, Annecy, Thonon, Evian. Location de Mat\u00e9riel de Sonorisation, Eclairage et Vid\u00e9o en Haute-Savoie.","robots":{"index":"index","follow":"follow","max-snippet":"max-snippet:-1","max-image-preview":"max-image-preview:large","max-video-preview":"max-video-preview:-1"},"canonical":"https:\/\/www.tamtamsn.com\/location\/produit\/station-photobooth-videobooth\/","og_locale":"fr_FR","og_type":"article","og_title":"Station Photo & VideoBooth FunkyBox Connect\u00e9e","og_description":"Toutes les fonctions de la Station Autonome Connect\u00e9e  Jusqu'\u00e0 800x tirages instantan\u00e9s au format 10x15cm ou 5x15cm  Enregistrement de Mini-clip Vid\u00e9o de vos invit\u00e9s","og_url":"https:\/\/www.tamtamsn.com\/location\/produit\/station-photobooth-videobooth\/","og_site_name":"TAMTAM Annemasse - Espace Location","article_publisher":"https:\/\/www.facebook.com\/tamtam74100","article_modified_time":"2022-06-07T11:11:15+00:00","og_image":[{"width":1280,"height":800,"url":"https:\/\/www.tamtamsn.com\/location\/wp-content\/uploads\/sites\/3\/2019\/12\/Videobooth_micro_2-1.jpg","type":"image\/jpeg"}],"twitter_card":"summary_large_image","twitter_misc":{"Dur\u00e9e de lecture estim\u00e9e":"2 minutes"},"schema":{"@context":"https:\/\/schema.org","@graph":[{"@type":["WebPage","ItemPage"],"@id":"https:\/\/www.tamtamsn.com\/location\/produit\/station-photobooth-videobooth\/","url":"https:\/\/www.tamtamsn.com\/location\/produit\/station-photobooth-videobooth\/","name":"Location de PhotoBooth & VideoBooth - TAMTAM Annemasse - Espace Location","isPartOf":{"@id":"https:\/\/www.tamtamsn.com\/location\/#website"},"primaryImageOfPage":{"@id":"https:\/\/www.tamtamsn.com\/location\/produit\/station-photobooth-videobooth\/#primaryimage"},"image":{"@id":"https:\/\/www.tamtamsn.com\/location\/produit\/station-photobooth-videobooth\/#primaryimage"},"thumbnailUrl":"https:\/\/www.tamtamsn.com\/location\/wp-content\/uploads\/sites\/3\/2019\/12\/Videobooth_micro_2-1.jpg","datePublished":"2019-12-19T12:59:49+00:00","dateModified":"2022-06-07T11:11:15+00:00","description":"Location de Station Photo & VideoBooth FunkyBox Connect\u00e9e pour votre \u00e9v\u00e9nement entre Annemasse, Gen\u00e8ve, Bonneville, Annecy, Thonon, Evian. Location de Mat\u00e9riel de Sonorisation, Eclairage et Vid\u00e9o en Haute-Savoie.","breadcrumb":{"@id":"https:\/\/www.tamtamsn.com\/location\/produit\/station-photobooth-videobooth\/#breadcrumb"},"inLanguage":"fr-FR","potentialAction":[{"@type":"ReadAction","target":["https:\/\/www.tamtamsn.com\/location\/produit\/station-photobooth-videobooth\/"]}]},{"@type":"ImageObject","inLanguage":"fr-FR","@id":"https:\/\/www.tamtamsn.com\/location\/produit\/station-photobooth-videobooth\/#primaryimage","url":"https:\/\/www.tamtamsn.com\/location\/wp-content\/uploads\/sites\/3\/2019\/12\/Videobooth_micro_2-1.jpg","contentUrl":"https:\/\/www.tamtamsn.com\/location\/wp-content\/uploads\/sites\/3\/2019\/12\/Videobooth_micro_2-1.jpg","width":1280,"height":800,"caption":"Location Station Photo VideoBooth connect\u00e9e"},{"@type":"BreadcrumbList","@id":"https:\/\/www.tamtamsn.com\/location\/produit\/station-photobooth-videobooth\/#breadcrumb","itemListElement":[{"@type":"ListItem","position":1,"name":"Catalogue de Location de Mat\u00e9riel de Sonorisation, Eclairage &amp; Vid\u00e9o en Haute-Savoie","item":"https:\/\/www.tamtamsn.com\/location\/"},{"@type":"ListItem","position":2,"name":"Notre Catalogue Location en ligne","item":"https:\/\/www.tamtamsn.com\/location\/catalogue-en-ligne-location-sonorisation-eclairage-video\/"},{"@type":"ListItem","position":3,"name":"Animation Photo","item":"https:\/\/www.tamtamsn.com\/location\/etiquette-produit\/animation-photo\/"},{"@type":"ListItem","position":4,"name":"Station Photo &#038; VideoBooth FunkyBox Connect\u00e9e"}]},{"@type":"WebSite","@id":"https:\/\/www.tamtamsn.com\/location\/#website","url":"https:\/\/www.tamtamsn.com\/location\/","name":"TAMTAM Annemasse - Espace Location","description":"Location de mat\u00e9riel de Sonorisation, Eclairage et Vid\u00e9o \u00e0 Annemasse, Haute-Savoie et sur le Bassin Genevois","publisher":{"@id":"https:\/\/www.tamtamsn.com\/location\/#organization"},"potentialAction":[{"@type":"SearchAction","target":{"@type":"EntryPoint","urlTemplate":"https:\/\/www.tamtamsn.com\/location\/?s={search_term_string}"},"query-input":{"@type":"PropertyValueSpecification","valueRequired":true,"valueName":"search_term_string"}}],"inLanguage":"fr-FR"},{"@type":"Organization","@id":"https:\/\/www.tamtamsn.com\/location\/#organization","name":"TAMTAM","url":"https:\/\/www.tamtamsn.com\/location\/","logo":{"@type":"ImageObject","inLanguage":"fr-FR","@id":"https:\/\/www.tamtamsn.com\/location\/#\/schema\/logo\/image\/","url":"","contentUrl":"","caption":"TAMTAM"},"image":{"@id":"https:\/\/www.tamtamsn.com\/location\/#\/schema\/logo\/image\/"},"sameAs":["https:\/\/www.facebook.com\/tamtam74100"]}]}},"jetpack_sharing_enabled":true,"_links":{"self":[{"href":"https:\/\/www.tamtamsn.com\/location\/wp-json\/wp\/v2\/product\/2643","targetHints":{"allow":["GET"]}}],"collection":[{"href":"https:\/\/www.tamtamsn.com\/location\/wp-json\/wp\/v2\/product"}],"about":[{"href":"https:\/\/www.tamtamsn.com\/location\/wp-json\/wp\/v2\/types\/product"}],"wp:featuredmedia":[{"embeddable":true,"href":"https:\/\/www.tamtamsn.com\/location\/wp-json\/wp\/v2\/media\/2649"}],"wp:attachment":[{"href":"https:\/\/www.tamtamsn.com\/location\/wp-json\/wp\/v2\/media?parent=2643"}],"wp:term":[{"taxonomy":"product_brand","embeddable":true,"href":"https:\/\/www.tamtamsn.com\/location\/wp-json\/wp\/v2\/product_brand?post=2643"},{"taxonomy":"product_cat","embeddable":true,"href":"https:\/\/www.tamtamsn.com\/location\/wp-json\/wp\/v2\/product_cat?post=2643"},{"taxonomy":"product_tag","embeddable":true,"href":"https:\/\/www.tamtamsn.com\/location\/wp-json\/wp\/v2\/product_tag?post=2643"}],"curies":[{"name":"wp","href":"https:\/\/api.w.org\/{rel}","templated":true}]}}