{"id":2637,"date":"2019-12-19T13:59:48","date_gmt":"2019-12-19T12:59:48","guid":{"rendered":"https:\/\/www.tamtamsn.com\/location\/produit\/station-photobooth-sans-imprimante\/"},"modified":"2022-06-07T13:11:33","modified_gmt":"2022-06-07T11:11:33","slug":"station-photobooth-sans-imprimante","status":"publish","type":"product","link":"https:\/\/www.tamtamsn.com\/location\/produit\/station-photobooth-sans-imprimante\/","title":{"rendered":"Station PhotoBooth FunkyBox Autonome, Connect\u00e9e"},"content":{"rendered":"<p><iframe loading=\"lazy\" src=\"https:\/\/www.youtube.com\/embed\/hL4DCn9GurE\" width=\"560\" height=\"315\" frameborder=\"0\" allowfullscreen=\"allowfullscreen\"><\/iframe><\/p>\n<p><strong>Le Must-have pour l\u2019animation de votre \u00e9v\u00e8nement!<\/strong><\/p>\n<p>D\u00e9guis\u00e9 ou pas, photos s\u00e9rieuses ou d\u00e9cal\u00e9es, seul ou \u00e0 plusieurs, le PhotoBooth est une attraction \u00e0 lui seul et permet \u00e0 vos invit\u00e9s\u00a0d&rsquo;immortaliser leur pr\u00e9sence \u00e0 votre \u00e9v\u00e8nement.<\/p>\n<p><strong>\u00c9v\u00e8nements d&rsquo;entreprises, S\u00e9minaires, Cocktails, Mariages&#8230;<\/strong><br \/>\n<em>Exprimez-vous sans limite avec la Station PhotoBooth FunkyBox!<\/em><\/p>\n<p><strong><em>Cheese, Click &amp; Share&#8230;<\/em><\/strong><br \/>\nAvec la version\u00a0du\u00a0PhotoBooth\u00a0sans imprimante, le nombre de photos est illimit\u00e9 et avec une simple connexion internet vos invit\u00e9s pourront recevoir instantan\u00e9ment leur photo par Email ou publier sur Facebook!!!<\/p>\n<p><strong>La <a href=\"http:\/\/www.night-system.net\/service-locations-photobooth-videobooth\/\">location de la Station PhotoBooth<\/a>, sans imprimante, comprend:<\/strong><\/p>\n<ul>\n<li>Appareil Photo professionnel<\/li>\n<li>Ecran tactile personnalisable aux couleurs de votre \u00e9v\u00e8nement<\/li>\n<li>V\u00e9ritable Flash Annulaire Macro Professionnel<\/li>\n<li>Nombre de photos Illimit\u00e9<\/li>\n<li>Enregistrement de petits\u00a0Clips\u00a0vid\u00e9o<\/li>\n<li>Envoi instantan\u00e9 par Email des photos<em>\u00a0(Connexion internet n\u00e9cessaire)<\/em><\/li>\n<li>Post Facebook possible<em>\u00a0(Connexion internet n\u00e9cessaire)<\/em><\/li>\n<li>Ajout sur les photos du nom de l&rsquo;\u00e9v\u00e8nement, votre Logo, etc&#8230;<\/li>\n<li>1 \u00e0 4 poses\u00a0par\u00a0photos<\/li>\n<li>Un Starter-Kit de 10 Accessoires Photo en Carton\u00a0<i>(Emoji, Chapeaux, Moustaches, Lunettes, &#8230;)<\/i><\/li>\n<\/ul>\n<p><b>Les Options, non incluses, disponibles sur demande:\u00a0<\/b><\/p>\n<ul>\n<li>Customisation Graphique compl\u00e8te de vos photos\u00a0<i>(Ajout d&rsquo;un contour, d\u00e9cor).<\/i><\/li>\n<li>Cl\u00e9 4G pour un acc\u00e8s partout<\/li>\n<\/ul>\n<p><span style=\"text-decoration: underline;\"><strong>L&rsquo;ensemble des clich\u00e9s vous seront transmis quelques jours apr\u00e8s l&rsquo;\u00e9v\u00e9nement.<\/strong><\/span><\/p>\n<h3><span style=\"color: #ff0001;\">Nos Locations de PhotoBooth sont sans Flyer, ni Publicit\u00e9s!<\/span><\/h3>\n<p>&nbsp;<\/p>\n<p style=\"text-align: center;\"><strong><a href=\"https:\/\/www.thefunkybox.com\/\" target=\"_blank\" rel=\"noopener noreferrer\">+ d&rsquo;infos sur les Stations PhotoBooth FunkyBox en Haute-Savoie, Savoie, Ain et Gen\u00e8ve?<\/a><\/strong><\/p>\n<p>&nbsp;<\/p>\n<p style=\"text-align: center;\"><strong>Retrouvez tout notre catalogue de <a href=\"https:\/\/www.tamtamsn.com\/location\/categorie-produit\/photobooth\/\">location de Photobooth en Haute-Savoie<\/a>.<\/strong><\/p>\n","protected":false},"excerpt":{"rendered":"<ul>\n<li>Station PhotoBooth autonome, connect\u00e9e.<\/li>\n<li>R\u00e9ception instantan\u00e9ment de vos photos par Email<\/li>\n<li>Vos Photos en direct sur l&rsquo;Album en ligne.<\/li>\n<\/ul>\n","protected":false},"featured_media":2294,"template":"","meta":[],"product_brand":[],"product_cat":[552],"product_tag":[1061,1060,1063,1064,1056,1057,1066,1065,1059,1058,1062],"class_list":{"0":"post-2637","1":"product","2":"type-product","3":"status-publish","4":"has-post-thumbnail","6":"product_cat-photobooth","7":"product_tag-animation-photo","8":"product_tag-animation-photobooth","9":"product_tag-location-borne-photo","10":"product_tag-location-borne-selfie","11":"product_tag-location-photobooth","12":"product_tag-location-photobooth-autonome","13":"product_tag-location-photobooth-connecte","14":"product_tag-location-photomaton","15":"product_tag-location-station-photo","16":"product_tag-location-station-photobooth","17":"product_tag-location-studio-photo","18":"pa_marque-autre-marque","20":"first","21":"instock","22":"taxable","23":"shipping-taxable","24":"purchasable","25":"product-type-simple"},"yoast_head":"<!-- This site is optimized with the Yoast SEO Premium plugin v27.3 (Yoast SEO v27.3) - https:\/\/yoast.com\/product\/yoast-seo-premium-wordpress\/ -->\n<title>Location de PhotoBooth Autonome, Connect\u00e9e - TAMTAM Annemasse - Espace Location<\/title>\n<meta name=\"description\" content=\"Location de Station PhotoBooth FunkyBox Autonome, Connect\u00e9e pour votre \u00e9v\u00e9nement entre Annemasse, Gen\u00e8ve, Bonneville, Annecy, Thonon, Evian. Location de Mat\u00e9riel de Sonorisation, Eclairage et Vid\u00e9o en Haute-Savoie.\" \/>\n<meta name=\"robots\" content=\"index, follow, max-snippet:-1, max-image-preview:large, max-video-preview:-1\" \/>\n<link rel=\"canonical\" href=\"https:\/\/www.tamtamsn.com\/location\/produit\/station-photobooth-sans-imprimante\/\" \/>\n<meta property=\"og:locale\" content=\"fr_FR\" \/>\n<meta property=\"og:type\" content=\"article\" \/>\n<meta property=\"og:title\" content=\"Station PhotoBooth FunkyBox Autonome, Connect\u00e9e\" \/>\n<meta property=\"og:description\" content=\"Station PhotoBooth autonome, connect\u00e9e.  R\u00e9ception instantan\u00e9ment de vos photos par Email  Vos Photos en direct sur l&#039;Album en ligne.\" \/>\n<meta property=\"og:url\" content=\"https:\/\/www.tamtamsn.com\/location\/produit\/station-photobooth-sans-imprimante\/\" \/>\n<meta property=\"og:site_name\" content=\"TAMTAM Annemasse - Espace Location\" \/>\n<meta property=\"article:publisher\" content=\"https:\/\/www.facebook.com\/tamtam74100\" \/>\n<meta property=\"article:modified_time\" content=\"2022-06-07T11:11:33+00:00\" \/>\n<meta property=\"og:image\" content=\"https:\/\/www.tamtamsn.com\/location\/wp-content\/uploads\/sites\/3\/2019\/12\/PhotoBooth-1-2.jpg\" \/>\n\t<meta property=\"og:image:width\" content=\"2000\" \/>\n\t<meta property=\"og:image:height\" content=\"1126\" \/>\n\t<meta property=\"og:image:type\" content=\"image\/jpeg\" \/>\n<meta name=\"twitter:card\" content=\"summary_large_image\" \/>\n<meta name=\"twitter:label1\" content=\"Dur\u00e9e de lecture estim\u00e9e\" \/>\n\t<meta name=\"twitter:data1\" content=\"1 minute\" \/>\n<script type=\"application\/ld+json\" class=\"yoast-schema-graph\">{\"@context\":\"https:\\\/\\\/schema.org\",\"@graph\":[{\"@type\":[\"WebPage\",\"ItemPage\"],\"@id\":\"https:\\\/\\\/www.tamtamsn.com\\\/location\\\/produit\\\/station-photobooth-sans-imprimante\\\/\",\"url\":\"https:\\\/\\\/www.tamtamsn.com\\\/location\\\/produit\\\/station-photobooth-sans-imprimante\\\/\",\"name\":\"Location de PhotoBooth Autonome, Connect\u00e9e - TAMTAM Annemasse - Espace Location\",\"isPartOf\":{\"@id\":\"https:\\\/\\\/www.tamtamsn.com\\\/location\\\/#website\"},\"primaryImageOfPage\":{\"@id\":\"https:\\\/\\\/www.tamtamsn.com\\\/location\\\/produit\\\/station-photobooth-sans-imprimante\\\/#primaryimage\"},\"image\":{\"@id\":\"https:\\\/\\\/www.tamtamsn.com\\\/location\\\/produit\\\/station-photobooth-sans-imprimante\\\/#primaryimage\"},\"thumbnailUrl\":\"https:\\\/\\\/www.tamtamsn.com\\\/location\\\/wp-content\\\/uploads\\\/sites\\\/3\\\/2019\\\/12\\\/PhotoBooth-1-2.jpg\",\"datePublished\":\"2019-12-19T12:59:48+00:00\",\"dateModified\":\"2022-06-07T11:11:33+00:00\",\"description\":\"Location de Station PhotoBooth FunkyBox Autonome, Connect\u00e9e pour votre \u00e9v\u00e9nement entre Annemasse, Gen\u00e8ve, Bonneville, Annecy, Thonon, Evian. Location de Mat\u00e9riel de Sonorisation, Eclairage et Vid\u00e9o en Haute-Savoie.\",\"breadcrumb\":{\"@id\":\"https:\\\/\\\/www.tamtamsn.com\\\/location\\\/produit\\\/station-photobooth-sans-imprimante\\\/#breadcrumb\"},\"inLanguage\":\"fr-FR\",\"potentialAction\":[{\"@type\":\"ReadAction\",\"target\":[\"https:\\\/\\\/www.tamtamsn.com\\\/location\\\/produit\\\/station-photobooth-sans-imprimante\\\/\"]}]},{\"@type\":\"ImageObject\",\"inLanguage\":\"fr-FR\",\"@id\":\"https:\\\/\\\/www.tamtamsn.com\\\/location\\\/produit\\\/station-photobooth-sans-imprimante\\\/#primaryimage\",\"url\":\"https:\\\/\\\/www.tamtamsn.com\\\/location\\\/wp-content\\\/uploads\\\/sites\\\/3\\\/2019\\\/12\\\/PhotoBooth-1-2.jpg\",\"contentUrl\":\"https:\\\/\\\/www.tamtamsn.com\\\/location\\\/wp-content\\\/uploads\\\/sites\\\/3\\\/2019\\\/12\\\/PhotoBooth-1-2.jpg\",\"width\":2000,\"height\":1126,\"caption\":\"Location Station PhotoBooth Connect\u00e9e\"},{\"@type\":\"BreadcrumbList\",\"@id\":\"https:\\\/\\\/www.tamtamsn.com\\\/location\\\/produit\\\/station-photobooth-sans-imprimante\\\/#breadcrumb\",\"itemListElement\":[{\"@type\":\"ListItem\",\"position\":1,\"name\":\"Catalogue de Location de Mat\u00e9riel de Sonorisation, Eclairage &amp; Vid\u00e9o en Haute-Savoie\",\"item\":\"https:\\\/\\\/www.tamtamsn.com\\\/location\\\/\"},{\"@type\":\"ListItem\",\"position\":2,\"name\":\"Notre Catalogue Location en ligne\",\"item\":\"https:\\\/\\\/www.tamtamsn.com\\\/location\\\/catalogue-en-ligne-location-sonorisation-eclairage-video\\\/\"},{\"@type\":\"ListItem\",\"position\":3,\"name\":\"Animation Photo\",\"item\":\"https:\\\/\\\/www.tamtamsn.com\\\/location\\\/etiquette-produit\\\/animation-photo\\\/\"},{\"@type\":\"ListItem\",\"position\":4,\"name\":\"Station PhotoBooth FunkyBox Autonome, Connect\u00e9e\"}]},{\"@type\":\"WebSite\",\"@id\":\"https:\\\/\\\/www.tamtamsn.com\\\/location\\\/#website\",\"url\":\"https:\\\/\\\/www.tamtamsn.com\\\/location\\\/\",\"name\":\"TAMTAM Annemasse - Espace Location\",\"description\":\"Location de mat\u00e9riel de Sonorisation, Eclairage et Vid\u00e9o \u00e0 Annemasse, Haute-Savoie et sur le Bassin Genevois\",\"publisher\":{\"@id\":\"https:\\\/\\\/www.tamtamsn.com\\\/location\\\/#organization\"},\"potentialAction\":[{\"@type\":\"SearchAction\",\"target\":{\"@type\":\"EntryPoint\",\"urlTemplate\":\"https:\\\/\\\/www.tamtamsn.com\\\/location\\\/?s={search_term_string}\"},\"query-input\":{\"@type\":\"PropertyValueSpecification\",\"valueRequired\":true,\"valueName\":\"search_term_string\"}}],\"inLanguage\":\"fr-FR\"},{\"@type\":\"Organization\",\"@id\":\"https:\\\/\\\/www.tamtamsn.com\\\/location\\\/#organization\",\"name\":\"TAMTAM\",\"url\":\"https:\\\/\\\/www.tamtamsn.com\\\/location\\\/\",\"logo\":{\"@type\":\"ImageObject\",\"inLanguage\":\"fr-FR\",\"@id\":\"https:\\\/\\\/www.tamtamsn.com\\\/location\\\/#\\\/schema\\\/logo\\\/image\\\/\",\"url\":\"\",\"contentUrl\":\"\",\"caption\":\"TAMTAM\"},\"image\":{\"@id\":\"https:\\\/\\\/www.tamtamsn.com\\\/location\\\/#\\\/schema\\\/logo\\\/image\\\/\"},\"sameAs\":[\"https:\\\/\\\/www.facebook.com\\\/tamtam74100\"]}]}<\/script>\n<!-- \/ Yoast SEO Premium plugin. -->","yoast_head_json":{"title":"Location de PhotoBooth Autonome, Connect\u00e9e - TAMTAM Annemasse - Espace Location","description":"Location de Station PhotoBooth FunkyBox Autonome, Connect\u00e9e pour votre \u00e9v\u00e9nement entre Annemasse, Gen\u00e8ve, Bonneville, Annecy, Thonon, Evian. Location de Mat\u00e9riel de Sonorisation, Eclairage et Vid\u00e9o en Haute-Savoie.","robots":{"index":"index","follow":"follow","max-snippet":"max-snippet:-1","max-image-preview":"max-image-preview:large","max-video-preview":"max-video-preview:-1"},"canonical":"https:\/\/www.tamtamsn.com\/location\/produit\/station-photobooth-sans-imprimante\/","og_locale":"fr_FR","og_type":"article","og_title":"Station PhotoBooth FunkyBox Autonome, Connect\u00e9e","og_description":"Station PhotoBooth autonome, connect\u00e9e.  R\u00e9ception instantan\u00e9ment de vos photos par Email  Vos Photos en direct sur l'Album en ligne.","og_url":"https:\/\/www.tamtamsn.com\/location\/produit\/station-photobooth-sans-imprimante\/","og_site_name":"TAMTAM Annemasse - Espace Location","article_publisher":"https:\/\/www.facebook.com\/tamtam74100","article_modified_time":"2022-06-07T11:11:33+00:00","og_image":[{"width":2000,"height":1126,"url":"https:\/\/www.tamtamsn.com\/location\/wp-content\/uploads\/sites\/3\/2019\/12\/PhotoBooth-1-2.jpg","type":"image\/jpeg"}],"twitter_card":"summary_large_image","twitter_misc":{"Dur\u00e9e de lecture estim\u00e9e":"1 minute"},"schema":{"@context":"https:\/\/schema.org","@graph":[{"@type":["WebPage","ItemPage"],"@id":"https:\/\/www.tamtamsn.com\/location\/produit\/station-photobooth-sans-imprimante\/","url":"https:\/\/www.tamtamsn.com\/location\/produit\/station-photobooth-sans-imprimante\/","name":"Location de PhotoBooth Autonome, Connect\u00e9e - TAMTAM Annemasse - Espace Location","isPartOf":{"@id":"https:\/\/www.tamtamsn.com\/location\/#website"},"primaryImageOfPage":{"@id":"https:\/\/www.tamtamsn.com\/location\/produit\/station-photobooth-sans-imprimante\/#primaryimage"},"image":{"@id":"https:\/\/www.tamtamsn.com\/location\/produit\/station-photobooth-sans-imprimante\/#primaryimage"},"thumbnailUrl":"https:\/\/www.tamtamsn.com\/location\/wp-content\/uploads\/sites\/3\/2019\/12\/PhotoBooth-1-2.jpg","datePublished":"2019-12-19T12:59:48+00:00","dateModified":"2022-06-07T11:11:33+00:00","description":"Location de Station PhotoBooth FunkyBox Autonome, Connect\u00e9e pour votre \u00e9v\u00e9nement entre Annemasse, Gen\u00e8ve, Bonneville, Annecy, Thonon, Evian. Location de Mat\u00e9riel de Sonorisation, Eclairage et Vid\u00e9o en Haute-Savoie.","breadcrumb":{"@id":"https:\/\/www.tamtamsn.com\/location\/produit\/station-photobooth-sans-imprimante\/#breadcrumb"},"inLanguage":"fr-FR","potentialAction":[{"@type":"ReadAction","target":["https:\/\/www.tamtamsn.com\/location\/produit\/station-photobooth-sans-imprimante\/"]}]},{"@type":"ImageObject","inLanguage":"fr-FR","@id":"https:\/\/www.tamtamsn.com\/location\/produit\/station-photobooth-sans-imprimante\/#primaryimage","url":"https:\/\/www.tamtamsn.com\/location\/wp-content\/uploads\/sites\/3\/2019\/12\/PhotoBooth-1-2.jpg","contentUrl":"https:\/\/www.tamtamsn.com\/location\/wp-content\/uploads\/sites\/3\/2019\/12\/PhotoBooth-1-2.jpg","width":2000,"height":1126,"caption":"Location Station PhotoBooth Connect\u00e9e"},{"@type":"BreadcrumbList","@id":"https:\/\/www.tamtamsn.com\/location\/produit\/station-photobooth-sans-imprimante\/#breadcrumb","itemListElement":[{"@type":"ListItem","position":1,"name":"Catalogue de Location de Mat\u00e9riel de Sonorisation, Eclairage &amp; Vid\u00e9o en Haute-Savoie","item":"https:\/\/www.tamtamsn.com\/location\/"},{"@type":"ListItem","position":2,"name":"Notre Catalogue Location en ligne","item":"https:\/\/www.tamtamsn.com\/location\/catalogue-en-ligne-location-sonorisation-eclairage-video\/"},{"@type":"ListItem","position":3,"name":"Animation Photo","item":"https:\/\/www.tamtamsn.com\/location\/etiquette-produit\/animation-photo\/"},{"@type":"ListItem","position":4,"name":"Station PhotoBooth FunkyBox Autonome, Connect\u00e9e"}]},{"@type":"WebSite","@id":"https:\/\/www.tamtamsn.com\/location\/#website","url":"https:\/\/www.tamtamsn.com\/location\/","name":"TAMTAM Annemasse - Espace Location","description":"Location de mat\u00e9riel de Sonorisation, Eclairage et Vid\u00e9o \u00e0 Annemasse, Haute-Savoie et sur le Bassin Genevois","publisher":{"@id":"https:\/\/www.tamtamsn.com\/location\/#organization"},"potentialAction":[{"@type":"SearchAction","target":{"@type":"EntryPoint","urlTemplate":"https:\/\/www.tamtamsn.com\/location\/?s={search_term_string}"},"query-input":{"@type":"PropertyValueSpecification","valueRequired":true,"valueName":"search_term_string"}}],"inLanguage":"fr-FR"},{"@type":"Organization","@id":"https:\/\/www.tamtamsn.com\/location\/#organization","name":"TAMTAM","url":"https:\/\/www.tamtamsn.com\/location\/","logo":{"@type":"ImageObject","inLanguage":"fr-FR","@id":"https:\/\/www.tamtamsn.com\/location\/#\/schema\/logo\/image\/","url":"","contentUrl":"","caption":"TAMTAM"},"image":{"@id":"https:\/\/www.tamtamsn.com\/location\/#\/schema\/logo\/image\/"},"sameAs":["https:\/\/www.facebook.com\/tamtam74100"]}]}},"jetpack_sharing_enabled":true,"_links":{"self":[{"href":"https:\/\/www.tamtamsn.com\/location\/wp-json\/wp\/v2\/product\/2637","targetHints":{"allow":["GET"]}}],"collection":[{"href":"https:\/\/www.tamtamsn.com\/location\/wp-json\/wp\/v2\/product"}],"about":[{"href":"https:\/\/www.tamtamsn.com\/location\/wp-json\/wp\/v2\/types\/product"}],"wp:featuredmedia":[{"embeddable":true,"href":"https:\/\/www.tamtamsn.com\/location\/wp-json\/wp\/v2\/media\/2294"}],"wp:attachment":[{"href":"https:\/\/www.tamtamsn.com\/location\/wp-json\/wp\/v2\/media?parent=2637"}],"wp:term":[{"taxonomy":"product_brand","embeddable":true,"href":"https:\/\/www.tamtamsn.com\/location\/wp-json\/wp\/v2\/product_brand?post=2637"},{"taxonomy":"product_cat","embeddable":true,"href":"https:\/\/www.tamtamsn.com\/location\/wp-json\/wp\/v2\/product_cat?post=2637"},{"taxonomy":"product_tag","embeddable":true,"href":"https:\/\/www.tamtamsn.com\/location\/wp-json\/wp\/v2\/product_tag?post=2637"}],"curies":[{"name":"wp","href":"https:\/\/api.w.org\/{rel}","templated":true}]}}