{"id":2620,"date":"2019-12-19T13:59:46","date_gmt":"2019-12-19T12:59:46","guid":{"rendered":"https:\/\/www.tamtamsn.com\/location\/produit\/triangle-de-lycra-extensible-550cm-x-300cm\/"},"modified":"2025-08-13T15:41:23","modified_gmt":"2025-08-13T13:41:23","slug":"laser-spectrum-1500-rgb","status":"publish","type":"product","link":"https:\/\/www.tamtamsn.com\/location\/produit\/laser-spectrum-1500-rgb\/","title":{"rendered":"Laser d&rsquo;animation SPECTRUM 1500 RGB"},"content":{"rendered":"<h2>Sp\u00e9cifications compl\u00e9mentaires:<\/h2>\n<div class=\"product attribute a_specs_complement\">\n<div class=\"value\">Sources lumineuses :<br \/>\n&#8211; 1 x Laser rouge 380mW\/638nm<br \/>\n&#8211; 1 x Laser vert 290mW\/520nm<\/div>\n<div class=\"value\">&#8211; 1 x Laser bleu 800mW\/450nm<\/div>\n<div class=\"value\">&#8211; Laser Classe 4 avec cl\u00e9 de s\u00e9curit\u00e9 et connecteur interlock<br \/>\n&#8211; Conforme \u00e0 la norme europ\u00e9enne EN60825-1:2014<br \/>\n&#8211; Motorisation des miroirs : scanner 20Kpps<br \/>\n&#8211; Nombre de programmes internes : 2000<br \/>\n&#8211; Modes : Auto, Musical et DMX<br \/>\n&#8211; Nombre de canaux DMX : 6 ou 34<br \/>\n&#8211; Entr\u00e9e\/sortie DMX : XLR 3 points<br \/>\n&#8211; Interface ILDA : entr\u00e9e\/sortie<br \/>\n&#8211; Ch\u00e2ssis : aluminium<br \/>\n&#8211; Syst\u00e8me de refroidissement : ventilateur<br \/>\n&#8211; Tension d&rsquo;alimentation : 100-240V 50\/60 Hz<br \/>\n&#8211; Consommation \u00e9lectrique\u00a0: 50W<br \/>\n&#8211; Poids et dimensions\u00a0: 2,25 kg, 260 x 260 x 150 mm<br \/>\n&#8211; Indice de protection : IP20 (usage en int\u00e9rieur)<br \/>\n&#8211; Livr\u00e9 avec c\u00e2ble d\u2019alimentation, lyre d\u2019accroche et \u00e9lingue de s\u00e9curit\u00e9<\/div>\n<\/div>\n","protected":false},"excerpt":{"rendered":"<h2><span style=\"color: #333333; font-size: 14px;\">Le SPECTRUM1500RGB propose 3 LASERS (rouge, vert et bleu) \u00e0 moduler au gr\u00e9 de vos envies gr\u00e2ce aux 2000 effets d&rsquo;animation internes : tunnel, vague, motifs g\u00e9om\u00e9triques, graphiques et bien d&rsquo;autres encore.<\/span><\/h2>\n<div class=\"product attribute description\">\n<div class=\"value\">\n<p>Les LASERS peuvent \u00e9voluer selon un mode musical, automatique ou DMX, avec 11 canaux DMX \u00e0 disposition.<\/p>\n<\/div>\n<\/div>\n","protected":false},"featured_media":4824,"template":"","meta":[],"product_brand":[],"product_cat":[553,1516],"product_tag":[1021],"class_list":{"0":"post-2620","1":"product","2":"type-product","3":"status-publish","4":"has-post-thumbnail","6":"product_cat-eclairage-light-oeuvre","7":"product_cat-laser","8":"product_tag-location-laser","10":"first","11":"instock","12":"taxable","13":"shipping-taxable","14":"purchasable","15":"product-type-simple"},"yoast_head":"<!-- This site is optimized with the Yoast SEO Premium plugin v27.3 (Yoast SEO v27.3) - https:\/\/yoast.com\/product\/yoast-seo-premium-wordpress\/ -->\n<title>Location de laser rgb TAMTAM Annemasse, Evian, Chamonix<\/title>\n<meta name=\"description\" content=\"Location de laser pour votre \u00e9v\u00e9nement entre Annemasse, Gen\u00e8ve, Annecy, Thonon, Evian. Location de Mat\u00e9riel de Sonorisation, Eclairage en Haute-Savoie.\" \/>\n<meta name=\"robots\" content=\"index, follow, max-snippet:-1, max-image-preview:large, max-video-preview:-1\" \/>\n<link rel=\"canonical\" href=\"https:\/\/www.tamtamsn.com\/location\/produit\/laser-spectrum-1500-rgb\/\" \/>\n<meta property=\"og:locale\" content=\"fr_FR\" \/>\n<meta property=\"og:type\" content=\"article\" \/>\n<meta property=\"og:title\" content=\"Laser d&#039;animation SPECTRUM 1500 RGB\" \/>\n<meta property=\"og:description\" content=\"Le SPECTRUM1500RGB propose 3 LASERS (rouge, vert et bleu) \u00e0 moduler au gr\u00e9 de vos envies gr\u00e2ce aux 2000 effets d&#039;animation internes : tunnel, vague, motifs g\u00e9om\u00e9triques, graphiques et bien d&#039;autres encore.    Les LASERS peuvent \u00e9voluer selon un mode musical, automatique ou DMX, avec 11 canaux DMX \u00e0 disposition.\" \/>\n<meta property=\"og:url\" content=\"https:\/\/www.tamtamsn.com\/location\/produit\/laser-spectrum-1500-rgb\/\" \/>\n<meta property=\"og:site_name\" content=\"TAMTAM Annemasse - Espace Location\" \/>\n<meta property=\"article:publisher\" content=\"https:\/\/www.facebook.com\/tamtam74100\" \/>\n<meta property=\"article:modified_time\" content=\"2025-08-13T13:41:23+00:00\" \/>\n<meta property=\"og:image\" content=\"https:\/\/www.tamtamsn.com\/location\/wp-content\/uploads\/sites\/3\/2019\/12\/563896-563896-media_photo2-lal-spectrum1500rgb-2.png\" \/>\n\t<meta property=\"og:image:width\" content=\"648\" \/>\n\t<meta property=\"og:image:height\" content=\"1000\" \/>\n\t<meta property=\"og:image:type\" content=\"image\/png\" \/>\n<meta name=\"twitter:card\" content=\"summary_large_image\" \/>\n<meta name=\"twitter:label1\" content=\"Dur\u00e9e de lecture estim\u00e9e\" \/>\n\t<meta name=\"twitter:data1\" content=\"1 minute\" \/>\n<script type=\"application\/ld+json\" class=\"yoast-schema-graph\">{\"@context\":\"https:\\\/\\\/schema.org\",\"@graph\":[{\"@type\":[\"WebPage\",\"ItemPage\"],\"@id\":\"https:\\\/\\\/www.tamtamsn.com\\\/location\\\/produit\\\/laser-spectrum-1500-rgb\\\/\",\"url\":\"https:\\\/\\\/www.tamtamsn.com\\\/location\\\/produit\\\/laser-spectrum-1500-rgb\\\/\",\"name\":\"Location de laser rgb TAMTAM Annemasse, Evian, Chamonix\",\"isPartOf\":{\"@id\":\"https:\\\/\\\/www.tamtamsn.com\\\/location\\\/#website\"},\"primaryImageOfPage\":{\"@id\":\"https:\\\/\\\/www.tamtamsn.com\\\/location\\\/produit\\\/laser-spectrum-1500-rgb\\\/#primaryimage\"},\"image\":{\"@id\":\"https:\\\/\\\/www.tamtamsn.com\\\/location\\\/produit\\\/laser-spectrum-1500-rgb\\\/#primaryimage\"},\"thumbnailUrl\":\"https:\\\/\\\/www.tamtamsn.com\\\/location\\\/wp-content\\\/uploads\\\/sites\\\/3\\\/2019\\\/12\\\/563896-563896-media_photo2-lal-spectrum1500rgb-2.png\",\"datePublished\":\"2019-12-19T12:59:46+00:00\",\"dateModified\":\"2025-08-13T13:41:23+00:00\",\"description\":\"Location de laser pour votre \u00e9v\u00e9nement entre Annemasse, Gen\u00e8ve, Annecy, Thonon, Evian. Location de Mat\u00e9riel de Sonorisation, Eclairage en Haute-Savoie.\",\"breadcrumb\":{\"@id\":\"https:\\\/\\\/www.tamtamsn.com\\\/location\\\/produit\\\/laser-spectrum-1500-rgb\\\/#breadcrumb\"},\"inLanguage\":\"fr-FR\",\"potentialAction\":[{\"@type\":\"ReadAction\",\"target\":[\"https:\\\/\\\/www.tamtamsn.com\\\/location\\\/produit\\\/laser-spectrum-1500-rgb\\\/\"]}]},{\"@type\":\"ImageObject\",\"inLanguage\":\"fr-FR\",\"@id\":\"https:\\\/\\\/www.tamtamsn.com\\\/location\\\/produit\\\/laser-spectrum-1500-rgb\\\/#primaryimage\",\"url\":\"https:\\\/\\\/www.tamtamsn.com\\\/location\\\/wp-content\\\/uploads\\\/sites\\\/3\\\/2019\\\/12\\\/563896-563896-media_photo2-lal-spectrum1500rgb-2.png\",\"contentUrl\":\"https:\\\/\\\/www.tamtamsn.com\\\/location\\\/wp-content\\\/uploads\\\/sites\\\/3\\\/2019\\\/12\\\/563896-563896-media_photo2-lal-spectrum1500rgb-2.png\",\"width\":648,\"height\":1000},{\"@type\":\"BreadcrumbList\",\"@id\":\"https:\\\/\\\/www.tamtamsn.com\\\/location\\\/produit\\\/laser-spectrum-1500-rgb\\\/#breadcrumb\",\"itemListElement\":[{\"@type\":\"ListItem\",\"position\":1,\"name\":\"Catalogue de Location de Mat\u00e9riel de Sonorisation, Eclairage &amp; Vid\u00e9o en Haute-Savoie\",\"item\":\"https:\\\/\\\/www.tamtamsn.com\\\/location\\\/\"},{\"@type\":\"ListItem\",\"position\":2,\"name\":\"Notre Catalogue Location en ligne\",\"item\":\"https:\\\/\\\/www.tamtamsn.com\\\/location\\\/catalogue-en-ligne-location-sonorisation-eclairage-video\\\/\"},{\"@type\":\"ListItem\",\"position\":3,\"name\":\"Location Laser\",\"item\":\"https:\\\/\\\/www.tamtamsn.com\\\/location\\\/etiquette-produit\\\/location-laser\\\/\"},{\"@type\":\"ListItem\",\"position\":4,\"name\":\"Laser d&rsquo;animation SPECTRUM 1500 RGB\"}]},{\"@type\":\"WebSite\",\"@id\":\"https:\\\/\\\/www.tamtamsn.com\\\/location\\\/#website\",\"url\":\"https:\\\/\\\/www.tamtamsn.com\\\/location\\\/\",\"name\":\"TAMTAM Annemasse - Espace Location\",\"description\":\"Location de mat\u00e9riel de Sonorisation, Eclairage et Vid\u00e9o \u00e0 Annemasse, Haute-Savoie et sur le Bassin Genevois\",\"publisher\":{\"@id\":\"https:\\\/\\\/www.tamtamsn.com\\\/location\\\/#organization\"},\"potentialAction\":[{\"@type\":\"SearchAction\",\"target\":{\"@type\":\"EntryPoint\",\"urlTemplate\":\"https:\\\/\\\/www.tamtamsn.com\\\/location\\\/?s={search_term_string}\"},\"query-input\":{\"@type\":\"PropertyValueSpecification\",\"valueRequired\":true,\"valueName\":\"search_term_string\"}}],\"inLanguage\":\"fr-FR\"},{\"@type\":\"Organization\",\"@id\":\"https:\\\/\\\/www.tamtamsn.com\\\/location\\\/#organization\",\"name\":\"TAMTAM\",\"url\":\"https:\\\/\\\/www.tamtamsn.com\\\/location\\\/\",\"logo\":{\"@type\":\"ImageObject\",\"inLanguage\":\"fr-FR\",\"@id\":\"https:\\\/\\\/www.tamtamsn.com\\\/location\\\/#\\\/schema\\\/logo\\\/image\\\/\",\"url\":\"\",\"contentUrl\":\"\",\"caption\":\"TAMTAM\"},\"image\":{\"@id\":\"https:\\\/\\\/www.tamtamsn.com\\\/location\\\/#\\\/schema\\\/logo\\\/image\\\/\"},\"sameAs\":[\"https:\\\/\\\/www.facebook.com\\\/tamtam74100\"]}]}<\/script>\n<!-- \/ Yoast SEO Premium plugin. -->","yoast_head_json":{"title":"Location de laser rgb TAMTAM Annemasse, Evian, Chamonix","description":"Location de laser pour votre \u00e9v\u00e9nement entre Annemasse, Gen\u00e8ve, Annecy, Thonon, Evian. Location de Mat\u00e9riel de Sonorisation, Eclairage en Haute-Savoie.","robots":{"index":"index","follow":"follow","max-snippet":"max-snippet:-1","max-image-preview":"max-image-preview:large","max-video-preview":"max-video-preview:-1"},"canonical":"https:\/\/www.tamtamsn.com\/location\/produit\/laser-spectrum-1500-rgb\/","og_locale":"fr_FR","og_type":"article","og_title":"Laser d'animation SPECTRUM 1500 RGB","og_description":"Le SPECTRUM1500RGB propose 3 LASERS (rouge, vert et bleu) \u00e0 moduler au gr\u00e9 de vos envies gr\u00e2ce aux 2000 effets d'animation internes : tunnel, vague, motifs g\u00e9om\u00e9triques, graphiques et bien d'autres encore.    Les LASERS peuvent \u00e9voluer selon un mode musical, automatique ou DMX, avec 11 canaux DMX \u00e0 disposition.","og_url":"https:\/\/www.tamtamsn.com\/location\/produit\/laser-spectrum-1500-rgb\/","og_site_name":"TAMTAM Annemasse - Espace Location","article_publisher":"https:\/\/www.facebook.com\/tamtam74100","article_modified_time":"2025-08-13T13:41:23+00:00","og_image":[{"width":648,"height":1000,"url":"https:\/\/www.tamtamsn.com\/location\/wp-content\/uploads\/sites\/3\/2019\/12\/563896-563896-media_photo2-lal-spectrum1500rgb-2.png","type":"image\/png"}],"twitter_card":"summary_large_image","twitter_misc":{"Dur\u00e9e de lecture estim\u00e9e":"1 minute"},"schema":{"@context":"https:\/\/schema.org","@graph":[{"@type":["WebPage","ItemPage"],"@id":"https:\/\/www.tamtamsn.com\/location\/produit\/laser-spectrum-1500-rgb\/","url":"https:\/\/www.tamtamsn.com\/location\/produit\/laser-spectrum-1500-rgb\/","name":"Location de laser rgb TAMTAM Annemasse, Evian, Chamonix","isPartOf":{"@id":"https:\/\/www.tamtamsn.com\/location\/#website"},"primaryImageOfPage":{"@id":"https:\/\/www.tamtamsn.com\/location\/produit\/laser-spectrum-1500-rgb\/#primaryimage"},"image":{"@id":"https:\/\/www.tamtamsn.com\/location\/produit\/laser-spectrum-1500-rgb\/#primaryimage"},"thumbnailUrl":"https:\/\/www.tamtamsn.com\/location\/wp-content\/uploads\/sites\/3\/2019\/12\/563896-563896-media_photo2-lal-spectrum1500rgb-2.png","datePublished":"2019-12-19T12:59:46+00:00","dateModified":"2025-08-13T13:41:23+00:00","description":"Location de laser pour votre \u00e9v\u00e9nement entre Annemasse, Gen\u00e8ve, Annecy, Thonon, Evian. Location de Mat\u00e9riel de Sonorisation, Eclairage en Haute-Savoie.","breadcrumb":{"@id":"https:\/\/www.tamtamsn.com\/location\/produit\/laser-spectrum-1500-rgb\/#breadcrumb"},"inLanguage":"fr-FR","potentialAction":[{"@type":"ReadAction","target":["https:\/\/www.tamtamsn.com\/location\/produit\/laser-spectrum-1500-rgb\/"]}]},{"@type":"ImageObject","inLanguage":"fr-FR","@id":"https:\/\/www.tamtamsn.com\/location\/produit\/laser-spectrum-1500-rgb\/#primaryimage","url":"https:\/\/www.tamtamsn.com\/location\/wp-content\/uploads\/sites\/3\/2019\/12\/563896-563896-media_photo2-lal-spectrum1500rgb-2.png","contentUrl":"https:\/\/www.tamtamsn.com\/location\/wp-content\/uploads\/sites\/3\/2019\/12\/563896-563896-media_photo2-lal-spectrum1500rgb-2.png","width":648,"height":1000},{"@type":"BreadcrumbList","@id":"https:\/\/www.tamtamsn.com\/location\/produit\/laser-spectrum-1500-rgb\/#breadcrumb","itemListElement":[{"@type":"ListItem","position":1,"name":"Catalogue de Location de Mat\u00e9riel de Sonorisation, Eclairage &amp; Vid\u00e9o en Haute-Savoie","item":"https:\/\/www.tamtamsn.com\/location\/"},{"@type":"ListItem","position":2,"name":"Notre Catalogue Location en ligne","item":"https:\/\/www.tamtamsn.com\/location\/catalogue-en-ligne-location-sonorisation-eclairage-video\/"},{"@type":"ListItem","position":3,"name":"Location Laser","item":"https:\/\/www.tamtamsn.com\/location\/etiquette-produit\/location-laser\/"},{"@type":"ListItem","position":4,"name":"Laser d&rsquo;animation SPECTRUM 1500 RGB"}]},{"@type":"WebSite","@id":"https:\/\/www.tamtamsn.com\/location\/#website","url":"https:\/\/www.tamtamsn.com\/location\/","name":"TAMTAM Annemasse - Espace Location","description":"Location de mat\u00e9riel de Sonorisation, Eclairage et Vid\u00e9o \u00e0 Annemasse, Haute-Savoie et sur le Bassin Genevois","publisher":{"@id":"https:\/\/www.tamtamsn.com\/location\/#organization"},"potentialAction":[{"@type":"SearchAction","target":{"@type":"EntryPoint","urlTemplate":"https:\/\/www.tamtamsn.com\/location\/?s={search_term_string}"},"query-input":{"@type":"PropertyValueSpecification","valueRequired":true,"valueName":"search_term_string"}}],"inLanguage":"fr-FR"},{"@type":"Organization","@id":"https:\/\/www.tamtamsn.com\/location\/#organization","name":"TAMTAM","url":"https:\/\/www.tamtamsn.com\/location\/","logo":{"@type":"ImageObject","inLanguage":"fr-FR","@id":"https:\/\/www.tamtamsn.com\/location\/#\/schema\/logo\/image\/","url":"","contentUrl":"","caption":"TAMTAM"},"image":{"@id":"https:\/\/www.tamtamsn.com\/location\/#\/schema\/logo\/image\/"},"sameAs":["https:\/\/www.facebook.com\/tamtam74100"]}]}},"jetpack_sharing_enabled":true,"_links":{"self":[{"href":"https:\/\/www.tamtamsn.com\/location\/wp-json\/wp\/v2\/product\/2620","targetHints":{"allow":["GET"]}}],"collection":[{"href":"https:\/\/www.tamtamsn.com\/location\/wp-json\/wp\/v2\/product"}],"about":[{"href":"https:\/\/www.tamtamsn.com\/location\/wp-json\/wp\/v2\/types\/product"}],"wp:featuredmedia":[{"embeddable":true,"href":"https:\/\/www.tamtamsn.com\/location\/wp-json\/wp\/v2\/media\/4824"}],"wp:attachment":[{"href":"https:\/\/www.tamtamsn.com\/location\/wp-json\/wp\/v2\/media?parent=2620"}],"wp:term":[{"taxonomy":"product_brand","embeddable":true,"href":"https:\/\/www.tamtamsn.com\/location\/wp-json\/wp\/v2\/product_brand?post=2620"},{"taxonomy":"product_cat","embeddable":true,"href":"https:\/\/www.tamtamsn.com\/location\/wp-json\/wp\/v2\/product_cat?post=2620"},{"taxonomy":"product_tag","embeddable":true,"href":"https:\/\/www.tamtamsn.com\/location\/wp-json\/wp\/v2\/product_tag?post=2620"}],"curies":[{"name":"wp","href":"https:\/\/api.w.org\/{rel}","templated":true}]}}