{"id":2614,"date":"2019-12-19T13:59:45","date_gmt":"2019-12-19T12:59:45","guid":{"rendered":"https:\/\/www.tamtamsn.com\/location\/produit\/carre-de-lycra-extensible-300cm-x-300cm\/"},"modified":"2025-08-13T15:41:57","modified_gmt":"2025-08-13T13:41:57","slug":"laser-rgb-cs1000-rgb","status":"publish","type":"product","link":"https:\/\/www.tamtamsn.com\/location\/produit\/laser-rgb-cs1000-rgb\/","title":{"rendered":"LaserWorld CS1000 RGB"},"content":{"rendered":"<p>Laserworld CS-1000RGB:<\/p>\n<ul>\n<li>Rouge : 200 mW \/ 650 nm<\/li>\n<li>Vert : 70 mW \/ 520 nm<\/li>\n<li>Bleu : 530 mW \/ 450 nm<\/li>\n<li>R\u00e9glages via menu : affichage digital avec diverses options de r\u00e9glage.<\/li>\n<li>Potentiom\u00e8tres de r\u00e9glages pour taille X\/Y<\/li>\n<li>Contr\u00f4les : auto, musique, DMX, ILDA, ma\u00eetre-esclave<\/li>\n<li>Sp\u00e9cifications du faisceau : environ 4 mm \/ 1.1 mrad<\/li>\n<li>Vitesse de balayage jusqu&rsquo; 28 kpps 8\u00b0<\/li>\n<li>\u00a0IP4X Laser classe 4 Accessoires : cable d&rsquo;alimentation, manuel, interlock, interrupteur cl<\/li>\n<li>Dimensions : 220 x 150 x 116 mm<\/li>\n<li>Consommation \u00e9lectrique : 20 W<\/li>\n<li>Alimentation : 85V &#8211; 250V CA<\/li>\n<\/ul>\n","protected":false},"excerpt":{"rendered":"<p>Le Laserworld CS-1000RGB est un syst\u00e8me d&rsquo;\u00e9clairage laser dynamique et polyvalent, id\u00e9al pour les spectacles live, les discoth\u00e8ques et les installations lumineuses professionnelles. Avec des sources laser rouge, vert et bleu, ce laser classe 4 produit une vari\u00e9t\u00e9 d&rsquo;effets colores et captivants, contr\u00f4lables via divers modes tels que auto, musique, DMX, ILDA et ma\u00eetre-esclave. Les r\u00e9glages pr\u00e9cis de la taille X\/Y, une vitesse de balayage jusqu&rsquo; 28 kpps, et un indice de protection IP4X font du CS-1000RGB MK4 un outil fiable et spectaculaire pour tout concepteur d&rsquo;\u00e9clairage. Les accessoires inclus et les options de s\u00e9curit\u00e9 avanc\u00e9s garantissent une installation et une utilisation faciles, faisant de ce laser une solution exceptionnelle pour enrichir tout \u00e9v\u00e8nement avec des visuels \u00e9poustouflants.<\/p>\n","protected":false},"featured_media":4829,"template":"","meta":[],"product_brand":[],"product_cat":[553,1516],"product_tag":[],"class_list":{"0":"post-2614","1":"product","2":"type-product","3":"status-publish","4":"has-post-thumbnail","6":"product_cat-eclairage-light-oeuvre","7":"product_cat-laser","9":"first","10":"instock","11":"taxable","12":"shipping-taxable","13":"purchasable","14":"product-type-simple"},"yoast_head":"<!-- This site is optimized with the Yoast SEO Premium plugin v27.3 (Yoast SEO v27.3) - https:\/\/yoast.com\/product\/yoast-seo-premium-wordpress\/ -->\n<title>Location de Laser RGB TAMTAM Annemasse<\/title>\n<meta name=\"description\" content=\"Location de laser pour votre \u00e9v\u00e9nement entre Annemasse, Gen\u00e8ve, Annecy, Thonon, Evian. Location de Mat\u00e9riel de Sonorisation, Eclairage en Haute-Savoie.\" \/>\n<meta name=\"robots\" content=\"index, follow, max-snippet:-1, max-image-preview:large, max-video-preview:-1\" \/>\n<link rel=\"canonical\" href=\"https:\/\/www.tamtamsn.com\/location\/produit\/laser-rgb-cs1000-rgb\/\" \/>\n<meta property=\"og:locale\" content=\"fr_FR\" \/>\n<meta property=\"og:type\" content=\"article\" \/>\n<meta property=\"og:title\" content=\"LaserWorld CS1000 RGB\" \/>\n<meta property=\"og:description\" content=\"Le Laserworld CS-1000RGB est un syst\u00e8me d&#039;\u00e9clairage laser dynamique et polyvalent, id\u00e9al pour les spectacles live, les discoth\u00e8ques et les installations lumineuses professionnelles. Avec des sources laser rouge, vert et bleu, ce laser classe 4 produit une vari\u00e9t\u00e9 d&#039;effets colores et captivants, contr\u00f4lables via divers modes tels que auto, musique, DMX, ILDA et ma\u00eetre-esclave. Les r\u00e9glages pr\u00e9cis de la taille X\/Y, une vitesse de balayage jusqu&#039; 28 kpps, et un indice de protection IP4X font du CS-1000RGB MK4 un outil fiable et spectaculaire pour tout concepteur d&#039;\u00e9clairage. Les accessoires inclus et les options de s\u00e9curit\u00e9 avanc\u00e9s garantissent une installation et une utilisation faciles, faisant de ce laser une solution exceptionnelle pour enrichir tout \u00e9v\u00e8nement avec des visuels \u00e9poustouflants.\" \/>\n<meta property=\"og:url\" content=\"https:\/\/www.tamtamsn.com\/location\/produit\/laser-rgb-cs1000-rgb\/\" \/>\n<meta property=\"og:site_name\" content=\"TAMTAM Annemasse - Espace Location\" \/>\n<meta property=\"article:publisher\" content=\"https:\/\/www.facebook.com\/tamtam74100\" \/>\n<meta property=\"article:modified_time\" content=\"2025-08-13T13:41:57+00:00\" \/>\n<meta property=\"og:image\" content=\"https:\/\/www.tamtamsn.com\/location\/wp-content\/uploads\/sites\/3\/2019\/12\/91693_1.jpg\" \/>\n\t<meta property=\"og:image:width\" content=\"450\" \/>\n\t<meta property=\"og:image:height\" content=\"450\" \/>\n\t<meta property=\"og:image:type\" content=\"image\/jpeg\" \/>\n<meta name=\"twitter:card\" content=\"summary_large_image\" \/>\n<meta name=\"twitter:label1\" content=\"Dur\u00e9e de lecture estim\u00e9e\" \/>\n\t<meta name=\"twitter:data1\" content=\"1 minute\" \/>\n<script type=\"application\/ld+json\" class=\"yoast-schema-graph\">{\"@context\":\"https:\\\/\\\/schema.org\",\"@graph\":[{\"@type\":[\"WebPage\",\"ItemPage\"],\"@id\":\"https:\\\/\\\/www.tamtamsn.com\\\/location\\\/produit\\\/laser-rgb-cs1000-rgb\\\/\",\"url\":\"https:\\\/\\\/www.tamtamsn.com\\\/location\\\/produit\\\/laser-rgb-cs1000-rgb\\\/\",\"name\":\"Location de Laser RGB TAMTAM Annemasse\",\"isPartOf\":{\"@id\":\"https:\\\/\\\/www.tamtamsn.com\\\/location\\\/#website\"},\"primaryImageOfPage\":{\"@id\":\"https:\\\/\\\/www.tamtamsn.com\\\/location\\\/produit\\\/laser-rgb-cs1000-rgb\\\/#primaryimage\"},\"image\":{\"@id\":\"https:\\\/\\\/www.tamtamsn.com\\\/location\\\/produit\\\/laser-rgb-cs1000-rgb\\\/#primaryimage\"},\"thumbnailUrl\":\"https:\\\/\\\/www.tamtamsn.com\\\/location\\\/wp-content\\\/uploads\\\/sites\\\/3\\\/2019\\\/12\\\/91693_1.jpg\",\"datePublished\":\"2019-12-19T12:59:45+00:00\",\"dateModified\":\"2025-08-13T13:41:57+00:00\",\"description\":\"Location de laser pour votre \u00e9v\u00e9nement entre Annemasse, Gen\u00e8ve, Annecy, Thonon, Evian. Location de Mat\u00e9riel de Sonorisation, Eclairage en Haute-Savoie.\",\"breadcrumb\":{\"@id\":\"https:\\\/\\\/www.tamtamsn.com\\\/location\\\/produit\\\/laser-rgb-cs1000-rgb\\\/#breadcrumb\"},\"inLanguage\":\"fr-FR\",\"potentialAction\":[{\"@type\":\"ReadAction\",\"target\":[\"https:\\\/\\\/www.tamtamsn.com\\\/location\\\/produit\\\/laser-rgb-cs1000-rgb\\\/\"]}]},{\"@type\":\"ImageObject\",\"inLanguage\":\"fr-FR\",\"@id\":\"https:\\\/\\\/www.tamtamsn.com\\\/location\\\/produit\\\/laser-rgb-cs1000-rgb\\\/#primaryimage\",\"url\":\"https:\\\/\\\/www.tamtamsn.com\\\/location\\\/wp-content\\\/uploads\\\/sites\\\/3\\\/2019\\\/12\\\/91693_1.jpg\",\"contentUrl\":\"https:\\\/\\\/www.tamtamsn.com\\\/location\\\/wp-content\\\/uploads\\\/sites\\\/3\\\/2019\\\/12\\\/91693_1.jpg\",\"width\":450,\"height\":450},{\"@type\":\"BreadcrumbList\",\"@id\":\"https:\\\/\\\/www.tamtamsn.com\\\/location\\\/produit\\\/laser-rgb-cs1000-rgb\\\/#breadcrumb\",\"itemListElement\":[{\"@type\":\"ListItem\",\"position\":1,\"name\":\"Catalogue de Location de Mat\u00e9riel de Sonorisation, Eclairage &amp; Vid\u00e9o en Haute-Savoie\",\"item\":\"https:\\\/\\\/www.tamtamsn.com\\\/location\\\/\"},{\"@type\":\"ListItem\",\"position\":2,\"name\":\"Notre Catalogue Location en ligne\",\"item\":\"https:\\\/\\\/www.tamtamsn.com\\\/location\\\/catalogue-en-ligne-location-sonorisation-eclairage-video\\\/\"},{\"@type\":\"ListItem\",\"position\":3,\"name\":\"LaserWorld CS1000 RGB\"}]},{\"@type\":\"WebSite\",\"@id\":\"https:\\\/\\\/www.tamtamsn.com\\\/location\\\/#website\",\"url\":\"https:\\\/\\\/www.tamtamsn.com\\\/location\\\/\",\"name\":\"TAMTAM Annemasse - Espace Location\",\"description\":\"Location de mat\u00e9riel de Sonorisation, Eclairage et Vid\u00e9o \u00e0 Annemasse, Haute-Savoie et sur le Bassin Genevois\",\"publisher\":{\"@id\":\"https:\\\/\\\/www.tamtamsn.com\\\/location\\\/#organization\"},\"potentialAction\":[{\"@type\":\"SearchAction\",\"target\":{\"@type\":\"EntryPoint\",\"urlTemplate\":\"https:\\\/\\\/www.tamtamsn.com\\\/location\\\/?s={search_term_string}\"},\"query-input\":{\"@type\":\"PropertyValueSpecification\",\"valueRequired\":true,\"valueName\":\"search_term_string\"}}],\"inLanguage\":\"fr-FR\"},{\"@type\":\"Organization\",\"@id\":\"https:\\\/\\\/www.tamtamsn.com\\\/location\\\/#organization\",\"name\":\"TAMTAM\",\"url\":\"https:\\\/\\\/www.tamtamsn.com\\\/location\\\/\",\"logo\":{\"@type\":\"ImageObject\",\"inLanguage\":\"fr-FR\",\"@id\":\"https:\\\/\\\/www.tamtamsn.com\\\/location\\\/#\\\/schema\\\/logo\\\/image\\\/\",\"url\":\"\",\"contentUrl\":\"\",\"caption\":\"TAMTAM\"},\"image\":{\"@id\":\"https:\\\/\\\/www.tamtamsn.com\\\/location\\\/#\\\/schema\\\/logo\\\/image\\\/\"},\"sameAs\":[\"https:\\\/\\\/www.facebook.com\\\/tamtam74100\"]}]}<\/script>\n<!-- \/ Yoast SEO Premium plugin. -->","yoast_head_json":{"title":"Location de Laser RGB TAMTAM Annemasse","description":"Location de laser pour votre \u00e9v\u00e9nement entre Annemasse, Gen\u00e8ve, Annecy, Thonon, Evian. Location de Mat\u00e9riel de Sonorisation, Eclairage en Haute-Savoie.","robots":{"index":"index","follow":"follow","max-snippet":"max-snippet:-1","max-image-preview":"max-image-preview:large","max-video-preview":"max-video-preview:-1"},"canonical":"https:\/\/www.tamtamsn.com\/location\/produit\/laser-rgb-cs1000-rgb\/","og_locale":"fr_FR","og_type":"article","og_title":"LaserWorld CS1000 RGB","og_description":"Le Laserworld CS-1000RGB est un syst\u00e8me d'\u00e9clairage laser dynamique et polyvalent, id\u00e9al pour les spectacles live, les discoth\u00e8ques et les installations lumineuses professionnelles. Avec des sources laser rouge, vert et bleu, ce laser classe 4 produit une vari\u00e9t\u00e9 d'effets colores et captivants, contr\u00f4lables via divers modes tels que auto, musique, DMX, ILDA et ma\u00eetre-esclave. Les r\u00e9glages pr\u00e9cis de la taille X\/Y, une vitesse de balayage jusqu' 28 kpps, et un indice de protection IP4X font du CS-1000RGB MK4 un outil fiable et spectaculaire pour tout concepteur d'\u00e9clairage. Les accessoires inclus et les options de s\u00e9curit\u00e9 avanc\u00e9s garantissent une installation et une utilisation faciles, faisant de ce laser une solution exceptionnelle pour enrichir tout \u00e9v\u00e8nement avec des visuels \u00e9poustouflants.","og_url":"https:\/\/www.tamtamsn.com\/location\/produit\/laser-rgb-cs1000-rgb\/","og_site_name":"TAMTAM Annemasse - Espace Location","article_publisher":"https:\/\/www.facebook.com\/tamtam74100","article_modified_time":"2025-08-13T13:41:57+00:00","og_image":[{"width":450,"height":450,"url":"https:\/\/www.tamtamsn.com\/location\/wp-content\/uploads\/sites\/3\/2019\/12\/91693_1.jpg","type":"image\/jpeg"}],"twitter_card":"summary_large_image","twitter_misc":{"Dur\u00e9e de lecture estim\u00e9e":"1 minute"},"schema":{"@context":"https:\/\/schema.org","@graph":[{"@type":["WebPage","ItemPage"],"@id":"https:\/\/www.tamtamsn.com\/location\/produit\/laser-rgb-cs1000-rgb\/","url":"https:\/\/www.tamtamsn.com\/location\/produit\/laser-rgb-cs1000-rgb\/","name":"Location de Laser RGB TAMTAM Annemasse","isPartOf":{"@id":"https:\/\/www.tamtamsn.com\/location\/#website"},"primaryImageOfPage":{"@id":"https:\/\/www.tamtamsn.com\/location\/produit\/laser-rgb-cs1000-rgb\/#primaryimage"},"image":{"@id":"https:\/\/www.tamtamsn.com\/location\/produit\/laser-rgb-cs1000-rgb\/#primaryimage"},"thumbnailUrl":"https:\/\/www.tamtamsn.com\/location\/wp-content\/uploads\/sites\/3\/2019\/12\/91693_1.jpg","datePublished":"2019-12-19T12:59:45+00:00","dateModified":"2025-08-13T13:41:57+00:00","description":"Location de laser pour votre \u00e9v\u00e9nement entre Annemasse, Gen\u00e8ve, Annecy, Thonon, Evian. Location de Mat\u00e9riel de Sonorisation, Eclairage en Haute-Savoie.","breadcrumb":{"@id":"https:\/\/www.tamtamsn.com\/location\/produit\/laser-rgb-cs1000-rgb\/#breadcrumb"},"inLanguage":"fr-FR","potentialAction":[{"@type":"ReadAction","target":["https:\/\/www.tamtamsn.com\/location\/produit\/laser-rgb-cs1000-rgb\/"]}]},{"@type":"ImageObject","inLanguage":"fr-FR","@id":"https:\/\/www.tamtamsn.com\/location\/produit\/laser-rgb-cs1000-rgb\/#primaryimage","url":"https:\/\/www.tamtamsn.com\/location\/wp-content\/uploads\/sites\/3\/2019\/12\/91693_1.jpg","contentUrl":"https:\/\/www.tamtamsn.com\/location\/wp-content\/uploads\/sites\/3\/2019\/12\/91693_1.jpg","width":450,"height":450},{"@type":"BreadcrumbList","@id":"https:\/\/www.tamtamsn.com\/location\/produit\/laser-rgb-cs1000-rgb\/#breadcrumb","itemListElement":[{"@type":"ListItem","position":1,"name":"Catalogue de Location de Mat\u00e9riel de Sonorisation, Eclairage &amp; Vid\u00e9o en Haute-Savoie","item":"https:\/\/www.tamtamsn.com\/location\/"},{"@type":"ListItem","position":2,"name":"Notre Catalogue Location en ligne","item":"https:\/\/www.tamtamsn.com\/location\/catalogue-en-ligne-location-sonorisation-eclairage-video\/"},{"@type":"ListItem","position":3,"name":"LaserWorld CS1000 RGB"}]},{"@type":"WebSite","@id":"https:\/\/www.tamtamsn.com\/location\/#website","url":"https:\/\/www.tamtamsn.com\/location\/","name":"TAMTAM Annemasse - Espace Location","description":"Location de mat\u00e9riel de Sonorisation, Eclairage et Vid\u00e9o \u00e0 Annemasse, Haute-Savoie et sur le Bassin Genevois","publisher":{"@id":"https:\/\/www.tamtamsn.com\/location\/#organization"},"potentialAction":[{"@type":"SearchAction","target":{"@type":"EntryPoint","urlTemplate":"https:\/\/www.tamtamsn.com\/location\/?s={search_term_string}"},"query-input":{"@type":"PropertyValueSpecification","valueRequired":true,"valueName":"search_term_string"}}],"inLanguage":"fr-FR"},{"@type":"Organization","@id":"https:\/\/www.tamtamsn.com\/location\/#organization","name":"TAMTAM","url":"https:\/\/www.tamtamsn.com\/location\/","logo":{"@type":"ImageObject","inLanguage":"fr-FR","@id":"https:\/\/www.tamtamsn.com\/location\/#\/schema\/logo\/image\/","url":"","contentUrl":"","caption":"TAMTAM"},"image":{"@id":"https:\/\/www.tamtamsn.com\/location\/#\/schema\/logo\/image\/"},"sameAs":["https:\/\/www.facebook.com\/tamtam74100"]}]}},"jetpack_sharing_enabled":true,"_links":{"self":[{"href":"https:\/\/www.tamtamsn.com\/location\/wp-json\/wp\/v2\/product\/2614","targetHints":{"allow":["GET"]}}],"collection":[{"href":"https:\/\/www.tamtamsn.com\/location\/wp-json\/wp\/v2\/product"}],"about":[{"href":"https:\/\/www.tamtamsn.com\/location\/wp-json\/wp\/v2\/types\/product"}],"wp:featuredmedia":[{"embeddable":true,"href":"https:\/\/www.tamtamsn.com\/location\/wp-json\/wp\/v2\/media\/4829"}],"wp:attachment":[{"href":"https:\/\/www.tamtamsn.com\/location\/wp-json\/wp\/v2\/media?parent=2614"}],"wp:term":[{"taxonomy":"product_brand","embeddable":true,"href":"https:\/\/www.tamtamsn.com\/location\/wp-json\/wp\/v2\/product_brand?post=2614"},{"taxonomy":"product_cat","embeddable":true,"href":"https:\/\/www.tamtamsn.com\/location\/wp-json\/wp\/v2\/product_cat?post=2614"},{"taxonomy":"product_tag","embeddable":true,"href":"https:\/\/www.tamtamsn.com\/location\/wp-json\/wp\/v2\/product_tag?post=2614"}],"curies":[{"name":"wp","href":"https:\/\/api.w.org\/{rel}","templated":true}]}}