{"id":2597,"date":"2025-02-28T13:59:44","date_gmt":"2025-02-28T12:59:44","guid":{"rendered":"https:\/\/www.tamtamsn.com\/location\/produit\/pupitre-de-conference-plexiglas-oslo-equipe\/"},"modified":"2025-02-28T16:26:02","modified_gmt":"2025-02-28T15:26:02","slug":"epson-eb-w-28","status":"publish","type":"product","link":"https:\/\/www.tamtamsn.com\/location\/produit\/epson-eb-w-28\/","title":{"rendered":"Videoprojecteur Epson EB-W28"},"content":{"rendered":"<div class=\"technical-specifications__category\">\n<h4 class=\"technical-specifications__category-name\">Image<\/h4>\n<div class=\"technical-specifications__category-specifications\">\n<div class=\"technical-specifications__specification\">\n<h5 class=\"technical-specifications__specification-heading\">Luminosit\u00e9 couleur<\/h5>\n<p><span class=\"technical-specifications__specification-value\">3.000\u00a0lumen- 2.100\u00a0lumen(\u00e9conomie)<\/span><\/p>\n<\/div>\n<div class=\"technical-specifications__specification\">\n<h5 class=\"technical-specifications__specification-heading\">Sortie lumi\u00e8re blanche<\/h5>\n<p><span class=\"technical-specifications__specification-value\">3.000\u00a0lumen &#8211; 2.100\u00a0lumen(\u00e9conomie) conform\u00e9ment \u00e0 la norme ISO 21118:2012<\/span><\/p>\n<\/div>\n<div class=\"technical-specifications__specification\">\n<h5 class=\"technical-specifications__specification-heading\">R\u00e9solution<\/h5>\n<p><span class=\"technical-specifications__specification-value\">WXGA\u00a02<\/span><\/p>\n<\/div>\n<div class=\"technical-specifications__specification\">\n<h5 class=\"technical-specifications__specification-heading\">Rapport hauteur\/largeur<\/h5>\n<p><span class=\"technical-specifications__specification-value\">16:10<\/span><\/p>\n<\/div>\n<div class=\"technical-specifications__specification\">\n<h5 class=\"technical-specifications__specification-heading\">Rapport de contraste<\/h5>\n<p><span class=\"technical-specifications__specification-value\">10.000: 1<\/span><\/p>\n<\/div>\n<div class=\"technical-specifications__specification\">\n<h5 class=\"technical-specifications__specification-heading\">Lampe<\/h5>\n<p><span class=\"technical-specifications__specification-value\">200\u00a0W, 5.000\u00a0h\u00a0Long\u00e9vit\u00e9, 6.000\u00a0h\u00a0Long\u00e9vit\u00e9\u00a0(en mode \u00e9conomique)<\/span><\/p>\n<\/div>\n<div class=\"technical-specifications__specification\">\n<h5 class=\"technical-specifications__specification-heading\">Correction Keystone<\/h5>\n<p><span class=\"technical-specifications__specification-value\">Automatique vertical\u00a0: \u00b130\u00a0\u00b0, Manuel horizontal \u00b130\u00a0\u00b0<\/span><\/p>\n<\/div>\n<div class=\"technical-specifications__specification\">\n<h5 class=\"technical-specifications__specification-heading\">Traitement vid\u00e9o<\/h5>\n<p><span class=\"technical-specifications__specification-value\">10\u00a0Bits<\/span><\/p>\n<\/div>\n<div class=\"technical-specifications__specification\">\n<h5 class=\"technical-specifications__specification-heading\">Fr\u00e9quence de rafra\u00eechissement vertical 2D<\/h5>\n<p><span class=\"technical-specifications__specification-value\">50\u00a0Hz &#8211; 85\u00a0Hz<\/span><\/p>\n<\/div>\n<div class=\"technical-specifications__specification\">\n<h5 class=\"technical-specifications__specification-heading\">Reproduction des couleurs<\/h5>\n<p><span class=\"technical-specifications__specification-value\">jusqu&rsquo;\u00e0 1,07\u00a0milliards de couleurs<\/span><\/p>\n<\/div>\n<\/div>\n<\/div>\n<div class=\"technical-specifications__category\">\n<h4 class=\"technical-specifications__category-name\">Objectif<\/h4>\n<div class=\"technical-specifications__category-specifications\">\n<div class=\"technical-specifications__specification\">\n<h5 class=\"technical-specifications__specification-heading\">Rapport de projection<\/h5>\n<p><span class=\"technical-specifications__specification-value\">1,30 &#8211; 1,56:1<\/span><\/p>\n<\/div>\n<div class=\"technical-specifications__specification\">\n<h5 class=\"technical-specifications__specification-heading\">Zoom<\/h5>\n<p><span class=\"technical-specifications__specification-value\">Manual, Factor:1,2<\/span><\/p>\n<\/div>\n<div class=\"technical-specifications__specification\">\n<h5 class=\"technical-specifications__specification-heading\">Objectif<\/h5>\n<p><span class=\"technical-specifications__specification-value\">Optique<\/span><\/p>\n<\/div>\n<div class=\"technical-specifications__specification\">\n<h5 class=\"technical-specifications__specification-heading\">Taille de l&rsquo;image<\/h5>\n<p><span class=\"technical-specifications__specification-value\">33\u00a0pouces &#8211; 320\u00a0pouces<\/span><\/p>\n<\/div>\n<div class=\"technical-specifications__specification\">\n<h5 class=\"technical-specifications__specification-heading\">Distance de projection Large\/T\u00e9l\u00e9<\/h5>\n<p><span class=\"technical-specifications__specification-value\">1,68\u00a0a &#8211; 2,02\u00a0a ( 60\u00a0pouce\u00e9cran<\/span><\/p>\n<\/div>\n<div class=\"technical-specifications__specification\">\n<h5 class=\"technical-specifications__specification-heading\">Nombre d&rsquo;ouverture de l&rsquo;objectif de projection<\/h5>\n<p><span class=\"technical-specifications__specification-value\">1,58 &#8211; 1,72<\/span><\/p>\n<\/div>\n<div class=\"technical-specifications__specification\">\n<h5 class=\"technical-specifications__specification-heading\">Distance focale<\/h5>\n<p><span class=\"technical-specifications__specification-value\">16,9\u00a0mm &#8211; 20,28\u00a0mm<\/span><\/p>\n<\/div>\n<div class=\"technical-specifications__specification\">\n<h5 class=\"technical-specifications__specification-heading\">Focale<\/h5>\n<p><span class=\"technical-specifications__specification-value\">Manuel<\/span><\/p>\n<\/div>\n<div class=\"technical-specifications__specification\">\n<h5 class=\"technical-specifications__specification-heading\">Offset<\/h5>\n<p><span class=\"technical-specifications__specification-value\">10: 1<\/span><\/p>\n<\/div>\n<\/div>\n<\/div>\n","protected":false},"excerpt":{"rendered":"<h5><\/h5>\n<h5 class=\"technical-specifications__specification-heading\">Syst\u00e8me de projection<\/h5>\n<p><span class=\"technical-specifications__specification-value\">Technologie 3LCD, Obturateur RVB \u00e0 cristaux liquides<\/span><\/p>\n<h5 class=\"technical-specifications__specification-heading\">Luminosit\u00e9 couleur<\/h5>\n<p><span class=\"technical-specifications__specification-value\">3.000\u00a0lumen- 2.100\u00a0lumen(\u00e9conomie)<\/span><\/p>\n<h5 class=\"technical-specifications__specification-heading\">Connexions<\/h5>\n<p><span class=\"technical-specifications__specification-value\">USB\u00a02.0-A, USB\u00a02.0, R\u00e9seau local sans fil IEEE\u00a0802.11b\/g\/n (WiFi 4) (en option), Entr\u00e9e VGA, Entr\u00e9e HDMI, Entr\u00e9e composite, Entr\u00e9e composante, Entr\u00e9e S-vid\u00e9o, Entr\u00e9e RVB, MHL, C\u00e2ble RCA de sortie audio<\/span><\/p>\n","protected":false},"featured_media":4841,"template":"","meta":[],"product_brand":[],"product_cat":[555],"product_tag":[1510],"class_list":{"0":"post-2597","1":"product","2":"type-product","3":"status-publish","4":"has-post-thumbnail","6":"product_cat-video","7":"product_tag-videoprojecteur","9":"first","10":"instock","11":"taxable","12":"shipping-taxable","13":"purchasable","14":"product-type-simple"},"yoast_head":"<!-- This site is optimized with the Yoast SEO Premium plugin v27.3 (Yoast SEO v27.3) - https:\/\/yoast.com\/product\/yoast-seo-premium-wordpress\/ -->\n<title>Location de Videoprojecteur Epson EB-W28 - TAMTAM Annemasse<\/title>\n<meta name=\"description\" content=\"Location de vid\u00e9oprojecteur pour votre \u00e9v\u00e9nement entre Annemasse, Annecy, Evian. Location de Mat\u00e9riel de Sonorisation, Eclairage et Vid\u00e9o en Haute-Savoie.\" \/>\n<meta name=\"robots\" content=\"index, follow, max-snippet:-1, max-image-preview:large, max-video-preview:-1\" \/>\n<link rel=\"canonical\" href=\"https:\/\/www.tamtamsn.com\/location\/produit\/epson-eb-w-28\/\" \/>\n<meta property=\"og:locale\" content=\"fr_FR\" \/>\n<meta property=\"og:type\" content=\"article\" \/>\n<meta property=\"og:title\" content=\"Videoprojecteur Epson EB-W28\" \/>\n<meta property=\"og:description\" content=\"Syst\u00e8me de projection Technologie 3LCD, Obturateur RVB \u00e0 cristaux liquides Luminosit\u00e9 couleur 3.000\u00a0lumen- 2.100\u00a0lumen(\u00e9conomie) Connexions USB\u00a02.0-A, USB\u00a02.0, R\u00e9seau local sans fil IEEE\u00a0802.11b\/g\/n (WiFi 4) (en option), Entr\u00e9e VGA, Entr\u00e9e HDMI, Entr\u00e9e composite, Entr\u00e9e composante, Entr\u00e9e S-vid\u00e9o, Entr\u00e9e RVB, MHL, C\u00e2ble RCA de sortie audio\" \/>\n<meta property=\"og:url\" content=\"https:\/\/www.tamtamsn.com\/location\/produit\/epson-eb-w-28\/\" \/>\n<meta property=\"og:site_name\" content=\"TAMTAM Annemasse - Espace Location\" \/>\n<meta property=\"article:publisher\" content=\"https:\/\/www.facebook.com\/tamtam74100\" \/>\n<meta property=\"article:modified_time\" content=\"2025-02-28T15:26:02+00:00\" \/>\n<meta property=\"og:image\" content=\"https:\/\/www.tamtamsn.com\/location\/wp-content\/uploads\/sites\/3\/2019\/12\/s-l400.jpg\" \/>\n\t<meta property=\"og:image:width\" content=\"400\" \/>\n\t<meta property=\"og:image:height\" content=\"300\" \/>\n\t<meta property=\"og:image:type\" content=\"image\/jpeg\" \/>\n<meta name=\"twitter:card\" content=\"summary_large_image\" \/>\n<meta name=\"twitter:label1\" content=\"Dur\u00e9e de lecture estim\u00e9e\" \/>\n\t<meta name=\"twitter:data1\" content=\"1 minute\" \/>\n<script type=\"application\/ld+json\" class=\"yoast-schema-graph\">{\"@context\":\"https:\\\/\\\/schema.org\",\"@graph\":[{\"@type\":[\"WebPage\",\"ItemPage\"],\"@id\":\"https:\\\/\\\/www.tamtamsn.com\\\/location\\\/produit\\\/epson-eb-w-28\\\/\",\"url\":\"https:\\\/\\\/www.tamtamsn.com\\\/location\\\/produit\\\/epson-eb-w-28\\\/\",\"name\":\"Location de Videoprojecteur Epson EB-W28 - TAMTAM Annemasse\",\"isPartOf\":{\"@id\":\"https:\\\/\\\/www.tamtamsn.com\\\/location\\\/#website\"},\"primaryImageOfPage\":{\"@id\":\"https:\\\/\\\/www.tamtamsn.com\\\/location\\\/produit\\\/epson-eb-w-28\\\/#primaryimage\"},\"image\":{\"@id\":\"https:\\\/\\\/www.tamtamsn.com\\\/location\\\/produit\\\/epson-eb-w-28\\\/#primaryimage\"},\"thumbnailUrl\":\"https:\\\/\\\/www.tamtamsn.com\\\/location\\\/wp-content\\\/uploads\\\/sites\\\/3\\\/2019\\\/12\\\/s-l400.jpg\",\"datePublished\":\"2025-02-28T12:59:44+00:00\",\"dateModified\":\"2025-02-28T15:26:02+00:00\",\"description\":\"Location de vid\u00e9oprojecteur pour votre \u00e9v\u00e9nement entre Annemasse, Annecy, Evian. Location de Mat\u00e9riel de Sonorisation, Eclairage et Vid\u00e9o en Haute-Savoie.\",\"breadcrumb\":{\"@id\":\"https:\\\/\\\/www.tamtamsn.com\\\/location\\\/produit\\\/epson-eb-w-28\\\/#breadcrumb\"},\"inLanguage\":\"fr-FR\",\"potentialAction\":[{\"@type\":\"ReadAction\",\"target\":[\"https:\\\/\\\/www.tamtamsn.com\\\/location\\\/produit\\\/epson-eb-w-28\\\/\"]}]},{\"@type\":\"ImageObject\",\"inLanguage\":\"fr-FR\",\"@id\":\"https:\\\/\\\/www.tamtamsn.com\\\/location\\\/produit\\\/epson-eb-w-28\\\/#primaryimage\",\"url\":\"https:\\\/\\\/www.tamtamsn.com\\\/location\\\/wp-content\\\/uploads\\\/sites\\\/3\\\/2019\\\/12\\\/s-l400.jpg\",\"contentUrl\":\"https:\\\/\\\/www.tamtamsn.com\\\/location\\\/wp-content\\\/uploads\\\/sites\\\/3\\\/2019\\\/12\\\/s-l400.jpg\",\"width\":400,\"height\":300},{\"@type\":\"BreadcrumbList\",\"@id\":\"https:\\\/\\\/www.tamtamsn.com\\\/location\\\/produit\\\/epson-eb-w-28\\\/#breadcrumb\",\"itemListElement\":[{\"@type\":\"ListItem\",\"position\":1,\"name\":\"Catalogue de Location de Mat\u00e9riel de Sonorisation, Eclairage &amp; Vid\u00e9o en Haute-Savoie\",\"item\":\"https:\\\/\\\/www.tamtamsn.com\\\/location\\\/\"},{\"@type\":\"ListItem\",\"position\":2,\"name\":\"Notre Catalogue Location en ligne\",\"item\":\"https:\\\/\\\/www.tamtamsn.com\\\/location\\\/catalogue-en-ligne-location-sonorisation-eclairage-video\\\/\"},{\"@type\":\"ListItem\",\"position\":3,\"name\":\"videoprojecteur\",\"item\":\"https:\\\/\\\/www.tamtamsn.com\\\/location\\\/etiquette-produit\\\/videoprojecteur\\\/\"},{\"@type\":\"ListItem\",\"position\":4,\"name\":\"Videoprojecteur Epson EB-W28\"}]},{\"@type\":\"WebSite\",\"@id\":\"https:\\\/\\\/www.tamtamsn.com\\\/location\\\/#website\",\"url\":\"https:\\\/\\\/www.tamtamsn.com\\\/location\\\/\",\"name\":\"TAMTAM Annemasse - Espace Location\",\"description\":\"Location de mat\u00e9riel de Sonorisation, Eclairage et Vid\u00e9o \u00e0 Annemasse, Haute-Savoie et sur le Bassin Genevois\",\"publisher\":{\"@id\":\"https:\\\/\\\/www.tamtamsn.com\\\/location\\\/#organization\"},\"potentialAction\":[{\"@type\":\"SearchAction\",\"target\":{\"@type\":\"EntryPoint\",\"urlTemplate\":\"https:\\\/\\\/www.tamtamsn.com\\\/location\\\/?s={search_term_string}\"},\"query-input\":{\"@type\":\"PropertyValueSpecification\",\"valueRequired\":true,\"valueName\":\"search_term_string\"}}],\"inLanguage\":\"fr-FR\"},{\"@type\":\"Organization\",\"@id\":\"https:\\\/\\\/www.tamtamsn.com\\\/location\\\/#organization\",\"name\":\"TAMTAM\",\"url\":\"https:\\\/\\\/www.tamtamsn.com\\\/location\\\/\",\"logo\":{\"@type\":\"ImageObject\",\"inLanguage\":\"fr-FR\",\"@id\":\"https:\\\/\\\/www.tamtamsn.com\\\/location\\\/#\\\/schema\\\/logo\\\/image\\\/\",\"url\":\"\",\"contentUrl\":\"\",\"caption\":\"TAMTAM\"},\"image\":{\"@id\":\"https:\\\/\\\/www.tamtamsn.com\\\/location\\\/#\\\/schema\\\/logo\\\/image\\\/\"},\"sameAs\":[\"https:\\\/\\\/www.facebook.com\\\/tamtam74100\"]}]}<\/script>\n<!-- \/ Yoast SEO Premium plugin. -->","yoast_head_json":{"title":"Location de Videoprojecteur Epson EB-W28 - TAMTAM Annemasse","description":"Location de vid\u00e9oprojecteur pour votre \u00e9v\u00e9nement entre Annemasse, Annecy, Evian. Location de Mat\u00e9riel de Sonorisation, Eclairage et Vid\u00e9o en Haute-Savoie.","robots":{"index":"index","follow":"follow","max-snippet":"max-snippet:-1","max-image-preview":"max-image-preview:large","max-video-preview":"max-video-preview:-1"},"canonical":"https:\/\/www.tamtamsn.com\/location\/produit\/epson-eb-w-28\/","og_locale":"fr_FR","og_type":"article","og_title":"Videoprojecteur Epson EB-W28","og_description":"Syst\u00e8me de projection Technologie 3LCD, Obturateur RVB \u00e0 cristaux liquides Luminosit\u00e9 couleur 3.000\u00a0lumen- 2.100\u00a0lumen(\u00e9conomie) Connexions USB\u00a02.0-A, USB\u00a02.0, R\u00e9seau local sans fil IEEE\u00a0802.11b\/g\/n (WiFi 4) (en option), Entr\u00e9e VGA, Entr\u00e9e HDMI, Entr\u00e9e composite, Entr\u00e9e composante, Entr\u00e9e S-vid\u00e9o, Entr\u00e9e RVB, MHL, C\u00e2ble RCA de sortie audio","og_url":"https:\/\/www.tamtamsn.com\/location\/produit\/epson-eb-w-28\/","og_site_name":"TAMTAM Annemasse - Espace Location","article_publisher":"https:\/\/www.facebook.com\/tamtam74100","article_modified_time":"2025-02-28T15:26:02+00:00","og_image":[{"width":400,"height":300,"url":"https:\/\/www.tamtamsn.com\/location\/wp-content\/uploads\/sites\/3\/2019\/12\/s-l400.jpg","type":"image\/jpeg"}],"twitter_card":"summary_large_image","twitter_misc":{"Dur\u00e9e de lecture estim\u00e9e":"1 minute"},"schema":{"@context":"https:\/\/schema.org","@graph":[{"@type":["WebPage","ItemPage"],"@id":"https:\/\/www.tamtamsn.com\/location\/produit\/epson-eb-w-28\/","url":"https:\/\/www.tamtamsn.com\/location\/produit\/epson-eb-w-28\/","name":"Location de Videoprojecteur Epson EB-W28 - TAMTAM Annemasse","isPartOf":{"@id":"https:\/\/www.tamtamsn.com\/location\/#website"},"primaryImageOfPage":{"@id":"https:\/\/www.tamtamsn.com\/location\/produit\/epson-eb-w-28\/#primaryimage"},"image":{"@id":"https:\/\/www.tamtamsn.com\/location\/produit\/epson-eb-w-28\/#primaryimage"},"thumbnailUrl":"https:\/\/www.tamtamsn.com\/location\/wp-content\/uploads\/sites\/3\/2019\/12\/s-l400.jpg","datePublished":"2025-02-28T12:59:44+00:00","dateModified":"2025-02-28T15:26:02+00:00","description":"Location de vid\u00e9oprojecteur pour votre \u00e9v\u00e9nement entre Annemasse, Annecy, Evian. Location de Mat\u00e9riel de Sonorisation, Eclairage et Vid\u00e9o en Haute-Savoie.","breadcrumb":{"@id":"https:\/\/www.tamtamsn.com\/location\/produit\/epson-eb-w-28\/#breadcrumb"},"inLanguage":"fr-FR","potentialAction":[{"@type":"ReadAction","target":["https:\/\/www.tamtamsn.com\/location\/produit\/epson-eb-w-28\/"]}]},{"@type":"ImageObject","inLanguage":"fr-FR","@id":"https:\/\/www.tamtamsn.com\/location\/produit\/epson-eb-w-28\/#primaryimage","url":"https:\/\/www.tamtamsn.com\/location\/wp-content\/uploads\/sites\/3\/2019\/12\/s-l400.jpg","contentUrl":"https:\/\/www.tamtamsn.com\/location\/wp-content\/uploads\/sites\/3\/2019\/12\/s-l400.jpg","width":400,"height":300},{"@type":"BreadcrumbList","@id":"https:\/\/www.tamtamsn.com\/location\/produit\/epson-eb-w-28\/#breadcrumb","itemListElement":[{"@type":"ListItem","position":1,"name":"Catalogue de Location de Mat\u00e9riel de Sonorisation, Eclairage &amp; Vid\u00e9o en Haute-Savoie","item":"https:\/\/www.tamtamsn.com\/location\/"},{"@type":"ListItem","position":2,"name":"Notre Catalogue Location en ligne","item":"https:\/\/www.tamtamsn.com\/location\/catalogue-en-ligne-location-sonorisation-eclairage-video\/"},{"@type":"ListItem","position":3,"name":"videoprojecteur","item":"https:\/\/www.tamtamsn.com\/location\/etiquette-produit\/videoprojecteur\/"},{"@type":"ListItem","position":4,"name":"Videoprojecteur Epson EB-W28"}]},{"@type":"WebSite","@id":"https:\/\/www.tamtamsn.com\/location\/#website","url":"https:\/\/www.tamtamsn.com\/location\/","name":"TAMTAM Annemasse - Espace Location","description":"Location de mat\u00e9riel de Sonorisation, Eclairage et Vid\u00e9o \u00e0 Annemasse, Haute-Savoie et sur le Bassin Genevois","publisher":{"@id":"https:\/\/www.tamtamsn.com\/location\/#organization"},"potentialAction":[{"@type":"SearchAction","target":{"@type":"EntryPoint","urlTemplate":"https:\/\/www.tamtamsn.com\/location\/?s={search_term_string}"},"query-input":{"@type":"PropertyValueSpecification","valueRequired":true,"valueName":"search_term_string"}}],"inLanguage":"fr-FR"},{"@type":"Organization","@id":"https:\/\/www.tamtamsn.com\/location\/#organization","name":"TAMTAM","url":"https:\/\/www.tamtamsn.com\/location\/","logo":{"@type":"ImageObject","inLanguage":"fr-FR","@id":"https:\/\/www.tamtamsn.com\/location\/#\/schema\/logo\/image\/","url":"","contentUrl":"","caption":"TAMTAM"},"image":{"@id":"https:\/\/www.tamtamsn.com\/location\/#\/schema\/logo\/image\/"},"sameAs":["https:\/\/www.facebook.com\/tamtam74100"]}]}},"jetpack_sharing_enabled":true,"_links":{"self":[{"href":"https:\/\/www.tamtamsn.com\/location\/wp-json\/wp\/v2\/product\/2597","targetHints":{"allow":["GET"]}}],"collection":[{"href":"https:\/\/www.tamtamsn.com\/location\/wp-json\/wp\/v2\/product"}],"about":[{"href":"https:\/\/www.tamtamsn.com\/location\/wp-json\/wp\/v2\/types\/product"}],"wp:featuredmedia":[{"embeddable":true,"href":"https:\/\/www.tamtamsn.com\/location\/wp-json\/wp\/v2\/media\/4841"}],"wp:attachment":[{"href":"https:\/\/www.tamtamsn.com\/location\/wp-json\/wp\/v2\/media?parent=2597"}],"wp:term":[{"taxonomy":"product_brand","embeddable":true,"href":"https:\/\/www.tamtamsn.com\/location\/wp-json\/wp\/v2\/product_brand?post=2597"},{"taxonomy":"product_cat","embeddable":true,"href":"https:\/\/www.tamtamsn.com\/location\/wp-json\/wp\/v2\/product_cat?post=2597"},{"taxonomy":"product_tag","embeddable":true,"href":"https:\/\/www.tamtamsn.com\/location\/wp-json\/wp\/v2\/product_tag?post=2597"}],"curies":[{"name":"wp","href":"https:\/\/api.w.org\/{rel}","templated":true}]}}