{"id":2594,"date":"2025-02-28T13:59:43","date_gmt":"2025-02-28T12:59:43","guid":{"rendered":"https:\/\/www.tamtamsn.com\/location\/produit\/pupitre-de-conference-plexiglas-oslo\/"},"modified":"2025-02-28T16:27:42","modified_gmt":"2025-02-28T15:27:42","slug":"epson-eb-z8355w","status":"publish","type":"product","link":"https:\/\/www.tamtamsn.com\/location\/produit\/epson-eb-z8355w\/","title":{"rendered":"Videoprojecteur Epson EB-Z8355W"},"content":{"rendered":"<h4 class=\"technical-specifications__category-name\">Image<\/h4>\n<div class=\"technical-specifications__category-specifications\">\n<div class=\"technical-specifications__specification\">\n<h5 class=\"technical-specifications__specification-heading\">Luminosit\u00e9 couleur<\/h5>\n<p><span class=\"technical-specifications__specification-value\">8.500\u00a0lumen- 6.500\u00a0lumen(\u00e9conomie)<\/span><\/p>\n<\/div>\n<div class=\"technical-specifications__specification\">\n<p><span style=\"color: #767676; font-size: 0.8125rem; font-weight: 800; letter-spacing: 0.15em; text-transform: uppercase;\">R\u00e9solution<\/span><\/p>\n<\/div>\n<div class=\"technical-specifications__specification\">\n<p><span class=\"technical-specifications__specification-value\">WXGA\u00a02<\/span><\/p>\n<\/div>\n<div class=\"technical-specifications__specification\">\n<h5 class=\"technical-specifications__specification-heading\">Resolution Enhancement<\/h5>\n<p><span class=\"technical-specifications__specification-value\">Full HD<\/span><\/p>\n<\/div>\n<div class=\"technical-specifications__specification\">\n<h5 class=\"technical-specifications__specification-heading\">Rapport de contraste<\/h5>\n<p><span class=\"technical-specifications__specification-value\">5.000: 1<\/span><\/p>\n<\/div>\n<div class=\"technical-specifications__specification\">\n<h5 class=\"technical-specifications__specification-heading\">Correction Keystone<\/h5>\n<p><span class=\"technical-specifications__specification-value\">Manuel vertical : \u00b130 \u00b0, Manuel horizontal \u00b120 \u00b0<\/span><\/p>\n<\/div>\n<div>\n<h4 class=\"technical-specifications__category-name\">Informations g\u00e9n\u00e9rales<\/h4>\n<div class=\"technical-specifications__category-specifications\">\n<div class=\"technical-specifications__specification\">\n<h5 class=\"technical-specifications__specification-heading\">Power consumption<\/h5>\n<p><span class=\"technical-specifications__specification-value\">950\u00a0W\u00a0(Normal Peak-mode),\u00a0790\u00a0W\u00a0(Eco Peak-Mode),\u00a00,5\u00a0W\u00a0(Energy saving standby)<\/span><\/p>\n<\/div>\n<div class=\"technical-specifications__specification\">\n<h5 class=\"technical-specifications__specification-heading\">Gamme de tension\/ Fr\u00e9quence nominale<\/h5>\n<p><span class=\"technical-specifications__specification-value\">AC 100 V &#8211; 240 V, 50 Hz &#8211; 60 Hz<\/span><\/p>\n<\/div>\n<div class=\"technical-specifications__specification\">\n<h5 class=\"technical-specifications__specification-heading\">Dimensions du produit<\/h5>\n<p><span class=\"technical-specifications__specification-value\">534\u200e\u00a0x\u00a0734\u00a0x\u00a0167\u00a0mm\u00a0(Largeur x Profondeur x Hauteur)<\/span><\/p>\n<\/div>\n<div class=\"technical-specifications__specification\">\n<h5 class=\"technical-specifications__specification-heading\">Poids du produit<\/h5>\n<p><span class=\"technical-specifications__specification-value\">22 kg<\/span><\/p>\n<\/div>\n<div class=\"technical-specifications__specification\">\n<h5 class=\"technical-specifications__specification-heading\">Temp\u00e9rature<\/h5>\n<p><span class=\"technical-specifications__specification-value\">Stockage\u00a0-10\u00b0C &#8211; 60\u00b0C<\/span><\/p>\n<\/div>\n<\/div>\n<\/div>\n<\/div>\n","protected":false},"excerpt":{"rendered":"<p>Le mod\u00e8le EB-Z8355W, l&rsquo;un des plus lumineux de la gamme de produits Epson, est particuli\u00e8rement bien adapt\u00e9 au march\u00e9 exigeant de la location ; il a \u00e9t\u00e9 con\u00e7u pour un usage en e-cin\u00e9ma, en salles de concert ou dans des entreprises organisant des conf\u00e9rences qui n\u00e9cessitent la location d&rsquo;un \u00e9quipement sp\u00e9cialis\u00e9.<\/p>\n<p>Rapport de projection: 1.71 &#8211; 2.78:1<\/p>\n","protected":false},"featured_media":4843,"template":"","meta":[],"product_brand":[],"product_cat":[555],"product_tag":[1510],"class_list":{"0":"post-2594","1":"product","2":"type-product","3":"status-publish","4":"has-post-thumbnail","6":"product_cat-video","7":"product_tag-videoprojecteur","9":"first","10":"instock","11":"taxable","12":"shipping-taxable","13":"purchasable","14":"product-type-simple"},"yoast_head":"<!-- This site is optimized with the Yoast SEO Premium plugin v27.3 (Yoast SEO v27.3) - https:\/\/yoast.com\/product\/yoast-seo-premium-wordpress\/ -->\n<title>Location de videoprojecteur TAMTAM Annemasse<\/title>\n<meta name=\"description\" content=\"Location de videoprojecteur pour votre \u00e9v\u00e9nement entre Annemasse, Gen\u00e8ve, Evian. Location de Mat\u00e9riel de Sonorisation, Eclairage et Vid\u00e9o en Haute-Savoie.\" \/>\n<meta name=\"robots\" content=\"index, follow, max-snippet:-1, max-image-preview:large, max-video-preview:-1\" \/>\n<link rel=\"canonical\" href=\"https:\/\/www.tamtamsn.com\/location\/produit\/epson-eb-z8355w\/\" \/>\n<meta property=\"og:locale\" content=\"fr_FR\" \/>\n<meta property=\"og:type\" content=\"article\" \/>\n<meta property=\"og:title\" content=\"Videoprojecteur Epson EB-Z8355W\" \/>\n<meta property=\"og:description\" content=\"Le mod\u00e8le EB-Z8355W, l&#039;un des plus lumineux de la gamme de produits Epson, est particuli\u00e8rement bien adapt\u00e9 au march\u00e9 exigeant de la location ; il a \u00e9t\u00e9 con\u00e7u pour un usage en e-cin\u00e9ma, en salles de concert ou dans des entreprises organisant des conf\u00e9rences qui n\u00e9cessitent la location d&#039;un \u00e9quipement sp\u00e9cialis\u00e9.  Rapport de projection: 1.71 - 2.78:1\" \/>\n<meta property=\"og:url\" content=\"https:\/\/www.tamtamsn.com\/location\/produit\/epson-eb-z8355w\/\" \/>\n<meta property=\"og:site_name\" content=\"TAMTAM Annemasse - Espace Location\" \/>\n<meta property=\"article:publisher\" content=\"https:\/\/www.facebook.com\/tamtam74100\" \/>\n<meta property=\"article:modified_time\" content=\"2025-02-28T15:27:42+00:00\" \/>\n<meta property=\"og:image\" content=\"https:\/\/www.tamtamsn.com\/location\/wp-content\/uploads\/sites\/3\/2019\/12\/31rPOB8o4YL._AC_UF10001000_QL80_.jpg\" \/>\n\t<meta property=\"og:image:width\" content=\"1000\" \/>\n\t<meta property=\"og:image:height\" content=\"412\" \/>\n\t<meta property=\"og:image:type\" content=\"image\/jpeg\" \/>\n<meta name=\"twitter:card\" content=\"summary_large_image\" \/>\n<meta name=\"twitter:label1\" content=\"Dur\u00e9e de lecture estim\u00e9e\" \/>\n\t<meta name=\"twitter:data1\" content=\"1 minute\" \/>\n<script type=\"application\/ld+json\" class=\"yoast-schema-graph\">{\"@context\":\"https:\\\/\\\/schema.org\",\"@graph\":[{\"@type\":[\"WebPage\",\"ItemPage\"],\"@id\":\"https:\\\/\\\/www.tamtamsn.com\\\/location\\\/produit\\\/epson-eb-z8355w\\\/\",\"url\":\"https:\\\/\\\/www.tamtamsn.com\\\/location\\\/produit\\\/epson-eb-z8355w\\\/\",\"name\":\"Location de videoprojecteur TAMTAM Annemasse\",\"isPartOf\":{\"@id\":\"https:\\\/\\\/www.tamtamsn.com\\\/location\\\/#website\"},\"primaryImageOfPage\":{\"@id\":\"https:\\\/\\\/www.tamtamsn.com\\\/location\\\/produit\\\/epson-eb-z8355w\\\/#primaryimage\"},\"image\":{\"@id\":\"https:\\\/\\\/www.tamtamsn.com\\\/location\\\/produit\\\/epson-eb-z8355w\\\/#primaryimage\"},\"thumbnailUrl\":\"https:\\\/\\\/www.tamtamsn.com\\\/location\\\/wp-content\\\/uploads\\\/sites\\\/3\\\/2019\\\/12\\\/31rPOB8o4YL._AC_UF10001000_QL80_.jpg\",\"datePublished\":\"2025-02-28T12:59:43+00:00\",\"dateModified\":\"2025-02-28T15:27:42+00:00\",\"description\":\"Location de videoprojecteur pour votre \u00e9v\u00e9nement entre Annemasse, Gen\u00e8ve, Evian. Location de Mat\u00e9riel de Sonorisation, Eclairage et Vid\u00e9o en Haute-Savoie.\",\"breadcrumb\":{\"@id\":\"https:\\\/\\\/www.tamtamsn.com\\\/location\\\/produit\\\/epson-eb-z8355w\\\/#breadcrumb\"},\"inLanguage\":\"fr-FR\",\"potentialAction\":[{\"@type\":\"ReadAction\",\"target\":[\"https:\\\/\\\/www.tamtamsn.com\\\/location\\\/produit\\\/epson-eb-z8355w\\\/\"]}]},{\"@type\":\"ImageObject\",\"inLanguage\":\"fr-FR\",\"@id\":\"https:\\\/\\\/www.tamtamsn.com\\\/location\\\/produit\\\/epson-eb-z8355w\\\/#primaryimage\",\"url\":\"https:\\\/\\\/www.tamtamsn.com\\\/location\\\/wp-content\\\/uploads\\\/sites\\\/3\\\/2019\\\/12\\\/31rPOB8o4YL._AC_UF10001000_QL80_.jpg\",\"contentUrl\":\"https:\\\/\\\/www.tamtamsn.com\\\/location\\\/wp-content\\\/uploads\\\/sites\\\/3\\\/2019\\\/12\\\/31rPOB8o4YL._AC_UF10001000_QL80_.jpg\",\"width\":1000,\"height\":412},{\"@type\":\"BreadcrumbList\",\"@id\":\"https:\\\/\\\/www.tamtamsn.com\\\/location\\\/produit\\\/epson-eb-z8355w\\\/#breadcrumb\",\"itemListElement\":[{\"@type\":\"ListItem\",\"position\":1,\"name\":\"Catalogue de Location de Mat\u00e9riel de Sonorisation, Eclairage &amp; Vid\u00e9o en Haute-Savoie\",\"item\":\"https:\\\/\\\/www.tamtamsn.com\\\/location\\\/\"},{\"@type\":\"ListItem\",\"position\":2,\"name\":\"Notre Catalogue Location en ligne\",\"item\":\"https:\\\/\\\/www.tamtamsn.com\\\/location\\\/catalogue-en-ligne-location-sonorisation-eclairage-video\\\/\"},{\"@type\":\"ListItem\",\"position\":3,\"name\":\"videoprojecteur\",\"item\":\"https:\\\/\\\/www.tamtamsn.com\\\/location\\\/etiquette-produit\\\/videoprojecteur\\\/\"},{\"@type\":\"ListItem\",\"position\":4,\"name\":\"Videoprojecteur Epson EB-Z8355W\"}]},{\"@type\":\"WebSite\",\"@id\":\"https:\\\/\\\/www.tamtamsn.com\\\/location\\\/#website\",\"url\":\"https:\\\/\\\/www.tamtamsn.com\\\/location\\\/\",\"name\":\"TAMTAM Annemasse - Espace Location\",\"description\":\"Location de mat\u00e9riel de Sonorisation, Eclairage et Vid\u00e9o \u00e0 Annemasse, Haute-Savoie et sur le Bassin Genevois\",\"publisher\":{\"@id\":\"https:\\\/\\\/www.tamtamsn.com\\\/location\\\/#organization\"},\"potentialAction\":[{\"@type\":\"SearchAction\",\"target\":{\"@type\":\"EntryPoint\",\"urlTemplate\":\"https:\\\/\\\/www.tamtamsn.com\\\/location\\\/?s={search_term_string}\"},\"query-input\":{\"@type\":\"PropertyValueSpecification\",\"valueRequired\":true,\"valueName\":\"search_term_string\"}}],\"inLanguage\":\"fr-FR\"},{\"@type\":\"Organization\",\"@id\":\"https:\\\/\\\/www.tamtamsn.com\\\/location\\\/#organization\",\"name\":\"TAMTAM\",\"url\":\"https:\\\/\\\/www.tamtamsn.com\\\/location\\\/\",\"logo\":{\"@type\":\"ImageObject\",\"inLanguage\":\"fr-FR\",\"@id\":\"https:\\\/\\\/www.tamtamsn.com\\\/location\\\/#\\\/schema\\\/logo\\\/image\\\/\",\"url\":\"\",\"contentUrl\":\"\",\"caption\":\"TAMTAM\"},\"image\":{\"@id\":\"https:\\\/\\\/www.tamtamsn.com\\\/location\\\/#\\\/schema\\\/logo\\\/image\\\/\"},\"sameAs\":[\"https:\\\/\\\/www.facebook.com\\\/tamtam74100\"]}]}<\/script>\n<!-- \/ Yoast SEO Premium plugin. -->","yoast_head_json":{"title":"Location de videoprojecteur TAMTAM Annemasse","description":"Location de videoprojecteur pour votre \u00e9v\u00e9nement entre Annemasse, Gen\u00e8ve, Evian. Location de Mat\u00e9riel de Sonorisation, Eclairage et Vid\u00e9o en Haute-Savoie.","robots":{"index":"index","follow":"follow","max-snippet":"max-snippet:-1","max-image-preview":"max-image-preview:large","max-video-preview":"max-video-preview:-1"},"canonical":"https:\/\/www.tamtamsn.com\/location\/produit\/epson-eb-z8355w\/","og_locale":"fr_FR","og_type":"article","og_title":"Videoprojecteur Epson EB-Z8355W","og_description":"Le mod\u00e8le EB-Z8355W, l'un des plus lumineux de la gamme de produits Epson, est particuli\u00e8rement bien adapt\u00e9 au march\u00e9 exigeant de la location ; il a \u00e9t\u00e9 con\u00e7u pour un usage en e-cin\u00e9ma, en salles de concert ou dans des entreprises organisant des conf\u00e9rences qui n\u00e9cessitent la location d'un \u00e9quipement sp\u00e9cialis\u00e9.  Rapport de projection: 1.71 - 2.78:1","og_url":"https:\/\/www.tamtamsn.com\/location\/produit\/epson-eb-z8355w\/","og_site_name":"TAMTAM Annemasse - Espace Location","article_publisher":"https:\/\/www.facebook.com\/tamtam74100","article_modified_time":"2025-02-28T15:27:42+00:00","og_image":[{"width":1000,"height":412,"url":"https:\/\/www.tamtamsn.com\/location\/wp-content\/uploads\/sites\/3\/2019\/12\/31rPOB8o4YL._AC_UF10001000_QL80_.jpg","type":"image\/jpeg"}],"twitter_card":"summary_large_image","twitter_misc":{"Dur\u00e9e de lecture estim\u00e9e":"1 minute"},"schema":{"@context":"https:\/\/schema.org","@graph":[{"@type":["WebPage","ItemPage"],"@id":"https:\/\/www.tamtamsn.com\/location\/produit\/epson-eb-z8355w\/","url":"https:\/\/www.tamtamsn.com\/location\/produit\/epson-eb-z8355w\/","name":"Location de videoprojecteur TAMTAM Annemasse","isPartOf":{"@id":"https:\/\/www.tamtamsn.com\/location\/#website"},"primaryImageOfPage":{"@id":"https:\/\/www.tamtamsn.com\/location\/produit\/epson-eb-z8355w\/#primaryimage"},"image":{"@id":"https:\/\/www.tamtamsn.com\/location\/produit\/epson-eb-z8355w\/#primaryimage"},"thumbnailUrl":"https:\/\/www.tamtamsn.com\/location\/wp-content\/uploads\/sites\/3\/2019\/12\/31rPOB8o4YL._AC_UF10001000_QL80_.jpg","datePublished":"2025-02-28T12:59:43+00:00","dateModified":"2025-02-28T15:27:42+00:00","description":"Location de videoprojecteur pour votre \u00e9v\u00e9nement entre Annemasse, Gen\u00e8ve, Evian. Location de Mat\u00e9riel de Sonorisation, Eclairage et Vid\u00e9o en Haute-Savoie.","breadcrumb":{"@id":"https:\/\/www.tamtamsn.com\/location\/produit\/epson-eb-z8355w\/#breadcrumb"},"inLanguage":"fr-FR","potentialAction":[{"@type":"ReadAction","target":["https:\/\/www.tamtamsn.com\/location\/produit\/epson-eb-z8355w\/"]}]},{"@type":"ImageObject","inLanguage":"fr-FR","@id":"https:\/\/www.tamtamsn.com\/location\/produit\/epson-eb-z8355w\/#primaryimage","url":"https:\/\/www.tamtamsn.com\/location\/wp-content\/uploads\/sites\/3\/2019\/12\/31rPOB8o4YL._AC_UF10001000_QL80_.jpg","contentUrl":"https:\/\/www.tamtamsn.com\/location\/wp-content\/uploads\/sites\/3\/2019\/12\/31rPOB8o4YL._AC_UF10001000_QL80_.jpg","width":1000,"height":412},{"@type":"BreadcrumbList","@id":"https:\/\/www.tamtamsn.com\/location\/produit\/epson-eb-z8355w\/#breadcrumb","itemListElement":[{"@type":"ListItem","position":1,"name":"Catalogue de Location de Mat\u00e9riel de Sonorisation, Eclairage &amp; Vid\u00e9o en Haute-Savoie","item":"https:\/\/www.tamtamsn.com\/location\/"},{"@type":"ListItem","position":2,"name":"Notre Catalogue Location en ligne","item":"https:\/\/www.tamtamsn.com\/location\/catalogue-en-ligne-location-sonorisation-eclairage-video\/"},{"@type":"ListItem","position":3,"name":"videoprojecteur","item":"https:\/\/www.tamtamsn.com\/location\/etiquette-produit\/videoprojecteur\/"},{"@type":"ListItem","position":4,"name":"Videoprojecteur Epson EB-Z8355W"}]},{"@type":"WebSite","@id":"https:\/\/www.tamtamsn.com\/location\/#website","url":"https:\/\/www.tamtamsn.com\/location\/","name":"TAMTAM Annemasse - Espace Location","description":"Location de mat\u00e9riel de Sonorisation, Eclairage et Vid\u00e9o \u00e0 Annemasse, Haute-Savoie et sur le Bassin Genevois","publisher":{"@id":"https:\/\/www.tamtamsn.com\/location\/#organization"},"potentialAction":[{"@type":"SearchAction","target":{"@type":"EntryPoint","urlTemplate":"https:\/\/www.tamtamsn.com\/location\/?s={search_term_string}"},"query-input":{"@type":"PropertyValueSpecification","valueRequired":true,"valueName":"search_term_string"}}],"inLanguage":"fr-FR"},{"@type":"Organization","@id":"https:\/\/www.tamtamsn.com\/location\/#organization","name":"TAMTAM","url":"https:\/\/www.tamtamsn.com\/location\/","logo":{"@type":"ImageObject","inLanguage":"fr-FR","@id":"https:\/\/www.tamtamsn.com\/location\/#\/schema\/logo\/image\/","url":"","contentUrl":"","caption":"TAMTAM"},"image":{"@id":"https:\/\/www.tamtamsn.com\/location\/#\/schema\/logo\/image\/"},"sameAs":["https:\/\/www.facebook.com\/tamtam74100"]}]}},"jetpack_sharing_enabled":true,"_links":{"self":[{"href":"https:\/\/www.tamtamsn.com\/location\/wp-json\/wp\/v2\/product\/2594","targetHints":{"allow":["GET"]}}],"collection":[{"href":"https:\/\/www.tamtamsn.com\/location\/wp-json\/wp\/v2\/product"}],"about":[{"href":"https:\/\/www.tamtamsn.com\/location\/wp-json\/wp\/v2\/types\/product"}],"wp:featuredmedia":[{"embeddable":true,"href":"https:\/\/www.tamtamsn.com\/location\/wp-json\/wp\/v2\/media\/4843"}],"wp:attachment":[{"href":"https:\/\/www.tamtamsn.com\/location\/wp-json\/wp\/v2\/media?parent=2594"}],"wp:term":[{"taxonomy":"product_brand","embeddable":true,"href":"https:\/\/www.tamtamsn.com\/location\/wp-json\/wp\/v2\/product_brand?post=2594"},{"taxonomy":"product_cat","embeddable":true,"href":"https:\/\/www.tamtamsn.com\/location\/wp-json\/wp\/v2\/product_cat?post=2594"},{"taxonomy":"product_tag","embeddable":true,"href":"https:\/\/www.tamtamsn.com\/location\/wp-json\/wp\/v2\/product_tag?post=2594"}],"curies":[{"name":"wp","href":"https:\/\/api.w.org\/{rel}","templated":true}]}}