{"id":2592,"date":"2025-02-28T13:59:43","date_gmt":"2025-02-28T12:59:43","guid":{"rendered":"https:\/\/www.tamtamsn.com\/location\/produit\/mange-debout-slide-up\/"},"modified":"2025-02-28T16:31:25","modified_gmt":"2025-02-28T15:31:25","slug":"tv-65-pouces","status":"publish","type":"product","link":"https:\/\/www.tamtamsn.com\/location\/produit\/tv-65-pouces\/","title":{"rendered":"Ecran Moniteur 65UH5J-H 65&Prime; UHD 4K \/ 500cd\/m2 \/ 24\/7"},"content":{"rendered":"<div class=\"c-compare-selling__group-head title\">\n<div class=\"cmp-title\" data-cmp-data-layer=\"\">\n<h3 class=\"cmp-title__text\">Toutes les caract\u00e9ristiques:<\/h3>\n<\/div>\n<\/div>\n<div class=\"c-compare-selling__spec\">\n<div class=\"c-compare-selling__table\">\n<div class=\"c-compare-selling__table-head text\">\n<h4 class=\"cmp-text\" data-cmp-data-layer=\"\">PANNEAU<\/h4>\n<\/div>\n<ul class=\"c-compare-selling__spec-list\">\n<li class=\"text c-compare-selling__item\">\n<div class=\"cmp-text c-compare-selling__spec-name\">\n<p>Taille de l\u2019\u00e9cran (pouces)<\/p>\n<\/div>\n<div class=\"cmp-text c-compare-selling__spec-desc\">\n<p>65<\/p>\n<\/div>\n<\/li>\n<li class=\"text c-compare-selling__item\">\n<div class=\"cmp-text c-compare-selling__spec-name\">\n<p>Technologie de dalle<\/p>\n<\/div>\n<div class=\"cmp-text c-compare-selling__spec-desc\">\n<p>IPS<\/p>\n<\/div>\n<\/li>\n<li class=\"text c-compare-selling__item\">\n<div class=\"cmp-text c-compare-selling__spec-name\">\n<p>Unit\u00e9 de r\u00e9tro\u00e9clairage Type<\/p>\n<\/div>\n<div class=\"cmp-text c-compare-selling__spec-desc\">\n<p>Bord<\/p>\n<\/div>\n<\/li>\n<li class=\"text c-compare-selling__item\">\n<div class=\"cmp-text c-compare-selling__spec-name\">\n<p>Rapport d\u2019aspect<\/p>\n<\/div>\n<div class=\"cmp-text c-compare-selling__spec-desc\">\n<p>16:9<\/p>\n<\/div>\n<\/li>\n<li class=\"text c-compare-selling__item\">\n<div class=\"cmp-text c-compare-selling__spec-name\">\n<p>R\u00e9solution d\u2019origine<\/p>\n<\/div>\n<div class=\"cmp-text c-compare-selling__spec-desc\">\n<p>3840 x 2160 (UHD)<\/p>\n<\/div>\n<\/li>\n<li class=\"text c-compare-selling__item\">\n<div class=\"cmp-text c-compare-selling__spec-name\">\n<p>Taux de rafra\u00eechissement<\/p>\n<\/div>\n<div class=\"cmp-text c-compare-selling__spec-desc\">\n<p>60 Hz<\/p>\n<\/div>\n<\/li>\n<li class=\"text c-compare-selling__item\">\n<div class=\"cmp-text c-compare-selling__spec-name\">\n<p>Luminosit\u00e9<\/p>\n<\/div>\n<div class=\"cmp-text c-compare-selling__spec-desc\">\n<p>500nit (Typ.)<\/p>\n<\/div>\n<\/li>\n<li class=\"text c-compare-selling__item\">\n<div class=\"cmp-text c-compare-selling__spec-name\">\n<p>Rapport de contraste<\/p>\n<\/div>\n<div class=\"cmp-text c-compare-selling__spec-desc\">\n<p>1,100:1<\/p>\n<\/div>\n<div class=\"cmp-text c-compare-selling__spec-name\"><\/div>\n<\/li>\n<li class=\"text c-compare-selling__item\">\n<div class=\"cmp-text c-compare-selling__spec-name\">\n<p>Gamme de couleurs<\/p>\n<\/div>\n<div class=\"cmp-text c-compare-selling__spec-desc\">\n<p>BT709 95%<\/p>\n<\/div>\n<\/li>\n<li class=\"text c-compare-selling__item\">\n<div class=\"cmp-text c-compare-selling__spec-name\">\n<p>Angle de vision (H x V)<\/p>\n<\/div>\n<div class=\"cmp-text c-compare-selling__spec-desc\">\n<p>178\u00ba x 178\u00ba<\/p>\n<\/div>\n<\/li>\n<li class=\"text c-compare-selling__item\">\n<div class=\"cmp-text c-compare-selling__spec-name\">\n<p>Profondeur des couleurs (nombre de couleurs)<\/p>\n<\/div>\n<div class=\"cmp-text c-compare-selling__spec-desc\">\n<p>1,07 milliard de couleurs<\/p>\n<\/div>\n<\/li>\n<li class=\"text c-compare-selling__item\">\n<div class=\"cmp-text c-compare-selling__spec-name\">\n<p>Temps de r\u00e9ponse<\/p>\n<\/div>\n<div class=\"cmp-text c-compare-selling__spec-desc\">\n<p>8ms (G to G)<\/p>\n<\/div>\n<\/li>\n<\/ul>\n<\/div>\n<div class=\"c-compare-selling__table\">\n<div class=\"c-compare-selling__table-head text\">\n<h4 class=\"cmp-text\" data-cmp-data-layer=\"\">CONNECTIVITE<\/h4>\n<\/div>\n<ul class=\"c-compare-selling__spec-list\">\n<li class=\"text c-compare-selling__item\">\n<div class=\"cmp-text c-compare-selling__spec-name\">\n<p>Entr\u00e9e HDMI<\/p>\n<\/div>\n<div class=\"cmp-text c-compare-selling__spec-desc\">\n<p>OUI (3ea)<\/p>\n<\/div>\n<\/li>\n<li class=\"text c-compare-selling__item\">\n<div class=\"cmp-text c-compare-selling__spec-name\">\n<p>Entr\u00e9e HDMI (HDCP ver.)<\/p>\n<\/div>\n<div class=\"cmp-text c-compare-selling__spec-desc\">\n<p>2.2\/1.4<\/p>\n<\/div>\n<\/li>\n<li class=\"text c-compare-selling__item\">\n<div class=\"cmp-text c-compare-selling__spec-name\">\n<p>Entr\u00e9e DP<\/p>\n<\/div>\n<div class=\"cmp-text c-compare-selling__spec-desc\">\n<p>OUI (HDCP 2.2\/1.3)<\/p>\n<\/div>\n<\/li>\n<li class=\"text c-compare-selling__item\">\n<div class=\"cmp-text c-compare-selling__spec-name\">\n<p>Entr\u00e9e DVI-D<\/p>\n<\/div>\n<div class=\"cmp-text c-compare-selling__spec-desc\">\n<p>OUI (HDCP 1.4)<\/p>\n<\/div>\n<\/li>\n<li class=\"text c-compare-selling__item\">\n<div class=\"cmp-text c-compare-selling__spec-name\">\n<p>Entr\u00e9e RGB<\/p>\n<\/div>\n<div class=\"cmp-text c-compare-selling__spec-desc\">\n<p>NON<\/p>\n<\/div>\n<\/li>\n<li class=\"text c-compare-selling__item\">\n<div class=\"cmp-text c-compare-selling__spec-name\">\n<p>Entr\u00e9e audio<\/p>\n<\/div>\n<div class=\"cmp-text c-compare-selling__spec-desc\">\n<p>OUI<\/p>\n<\/div>\n<\/li>\n<li class=\"text c-compare-selling__item\">\n<div class=\"cmp-text c-compare-selling__spec-name\">\n<p>Entr\u00e9e RS232C<\/p>\n<\/div>\n<div class=\"cmp-text c-compare-selling__spec-desc\">\n<p>OUI<\/p>\n<\/div>\n<\/li>\n<li class=\"text c-compare-selling__item\">\n<div class=\"cmp-text c-compare-selling__spec-name\">\n<p>Entr\u00e9e RJ45 (LAN)<\/p>\n<\/div>\n<div class=\"cmp-text c-compare-selling__spec-desc\">\n<p>OUI (1ea)<\/p>\n<\/div>\n<\/li>\n<li class=\"text c-compare-selling__item\">\n<div class=\"cmp-text c-compare-selling__spec-name\">\n<p>Entr\u00e9e IR<\/p>\n<\/div>\n<div class=\"cmp-text c-compare-selling__spec-desc\">\n<p>OUI<\/p>\n<\/div>\n<\/li>\n<li class=\"text c-compare-selling__item\">\n<div class=\"cmp-text c-compare-selling__spec-name\">\n<p>Entr\u00e9e USB<\/p>\n<\/div>\n<div class=\"cmp-text c-compare-selling__spec-desc\">\n<p>USB 2.0 Type\u00a0A (1ea)<\/p>\n<\/div>\n<\/li>\n<li class=\"text c-compare-selling__item\">\n<div class=\"cmp-text c-compare-selling__spec-name\">\n<p>Sortie HDMI<\/p>\n<\/div>\n<div class=\"cmp-text c-compare-selling__spec-desc\">\n<p>OUI<\/p>\n<\/div>\n<div class=\"cmp-text c-compare-selling__spec-name\"><\/div>\n<\/li>\n<li class=\"text c-compare-selling__item\">\n<div class=\"cmp-text c-compare-selling__spec-name\">\n<p>Sortie audio<\/p>\n<\/div>\n<div class=\"cmp-text c-compare-selling__spec-desc\">\n<p>OUI<\/p>\n<\/div>\n<div class=\"cmp-text c-compare-selling__spec-name\"><\/div>\n<\/li>\n<li class=\"text c-compare-selling__item\">\n<div class=\"cmp-text c-compare-selling__spec-name\">\n<p>Sortie de haut-parleur externe<\/p>\n<\/div>\n<div class=\"cmp-text c-compare-selling__spec-desc\">\n<p>NON<\/p>\n<\/div>\n<\/li>\n<li class=\"text c-compare-selling__item\">\n<div class=\"cmp-text c-compare-selling__spec-name\">\n<p>Sortie RS232C<\/p>\n<\/div>\n<div class=\"cmp-text c-compare-selling__spec-desc\">\n<p>OUI<\/p>\n<\/div>\n<div class=\"cmp-text c-compare-selling__spec-name\"><\/div>\n<div class=\"cmp-text c-compare-selling__spec-name\"><\/div>\n<\/li>\n<li class=\"text c-compare-selling__item\">\n<div class=\"cmp-text c-compare-selling__spec-name\">\n<p>Configuration en s\u00e9rie<\/p>\n<\/div>\n<div class=\"cmp-text c-compare-selling__spec-desc\">\n<p>Entr\u00e9e\u00a0: HDMI, DP \/ Sortie\u00a0: HDMI<\/p>\n<\/div>\n<\/li>\n<\/ul>\n<\/div>\n<div class=\"c-compare-selling__table\">\n<div class=\"c-compare-selling__table-head text\">\n<h4 class=\"cmp-text\" data-cmp-data-layer=\"\">CARACT\u00c9RISTIQUES MECANIQUES<\/h4>\n<\/div>\n<ul class=\"c-compare-selling__spec-list\">\n<li class=\"text c-compare-selling__item\">\n<div class=\"cmp-text c-compare-selling__spec-name\">\n<p>Couleur du cadre<\/p>\n<\/div>\n<div class=\"cmp-text c-compare-selling__spec-desc\">\n<p>Black<\/p>\n<\/div>\n<\/li>\n<li class=\"text c-compare-selling__item\">\n<div class=\"cmp-text c-compare-selling__spec-name\">\n<p>Largeur de bord<\/p>\n<\/div>\n<div class=\"cmp-text c-compare-selling__spec-desc\">\n<p>T\/R\/L: 9.9mm, B: 14.4mm<\/p>\n<\/div>\n<\/li>\n<li class=\"text c-compare-selling__item\">\n<div class=\"cmp-text c-compare-selling__spec-name\">\n<p>Poids (T\u00eate)<\/p>\n<\/div>\n<div class=\"cmp-text c-compare-selling__spec-desc\">\n<p>28.2Kg<\/p>\n<\/div>\n<div class=\"cmp-text c-compare-selling__spec-name\"><\/div>\n<\/li>\n<li class=\"text c-compare-selling__item\">\n<div class=\"cmp-text c-compare-selling__spec-name\">\n<p>Dimensions de l\u2019\u00e9cran (L x H x P)<\/p>\n<\/div>\n<div class=\"cmp-text c-compare-selling__spec-desc\">\n<p>1453.3 x 844.0 x 39.9mm (with LG Logo)<\/p>\n<\/div>\n<div class=\"cmp-text c-compare-selling__spec-name\"><\/div>\n<div class=\"cmp-text c-compare-selling__spec-name\"><\/div>\n<\/li>\n<li class=\"text c-compare-selling__item\">\n<div class=\"cmp-text c-compare-selling__spec-name\">\n<p>Interface de montage standard VESA<\/p>\n<\/div>\n<div class=\"cmp-text c-compare-selling__spec-desc\">\n<p>300\u00a0x\u00a0300\u00a0mm<\/p>\n<\/div>\n<\/li>\n<\/ul>\n<\/div>\n<div class=\"c-compare-selling__table\">\n<div class=\"c-compare-selling__table-head text\">\n<h4 class=\"cmp-text\" data-cmp-data-layer=\"\">FONCTIONNALIT\u00c9 &#8211; MAT\u00c9RIEL<\/h4>\n<\/div>\n<ul class=\"c-compare-selling__spec-list\">\n<li class=\"text c-compare-selling__item\">\n<div class=\"cmp-text c-compare-selling__spec-name\">\n<p>M\u00e9moire interne (eMMC)<\/p>\n<\/div>\n<div class=\"cmp-text c-compare-selling__spec-desc\">\n<p>16\u00a0Go<\/p>\n<\/div>\n<\/li>\n<\/ul>\n<\/div>\n<div class=\"c-compare-selling__table\">\n<ul class=\"c-compare-selling__spec-list\">\n<li class=\"text c-compare-selling__item\">\n<div class=\"cmp-text c-compare-selling__spec-name\">\n<p>Ver. OS (webOS)<\/p>\n<\/div>\n<div class=\"cmp-text c-compare-selling__spec-desc\">\n<p>webOS 6.0<\/p>\n<\/div>\n<\/li>\n<li class=\"text c-compare-selling__item\">CONDITIONS ENVIRONNEMENTALES\n<div class=\"cmp-text c-compare-selling__spec-name\"><\/div>\n<\/li>\n<\/ul>\n<\/div>\n<div class=\"c-compare-selling__table\">\n<ul class=\"c-compare-selling__spec-list\">\n<li class=\"text c-compare-selling__item\">\n<div class=\"cmp-text c-compare-selling__spec-name\">\n<p>Temp\u00e9rature de fonctionnement<\/p>\n<\/div>\n<div class=\"cmp-text c-compare-selling__spec-desc\">\n<p>0 \u00b0C to 40 \u00b0C<\/p>\n<\/div>\n<\/li>\n<li class=\"text c-compare-selling__item\">\n<div class=\"cmp-text c-compare-selling__spec-name\">\n<p>Humidit\u00e9 de fonctionnement<\/p>\n<\/div>\n<div class=\"cmp-text c-compare-selling__spec-desc\">\n<p>10 % to 80 %<\/p>\n<\/div>\n<\/li>\n<\/ul>\n<\/div>\n<div class=\"c-compare-selling__table\">\n<div class=\"c-compare-selling__table-head text\">\n<h4 class=\"cmp-text\" data-cmp-data-layer=\"\">POWER<\/h4>\n<\/div>\n<ul class=\"c-compare-selling__spec-list\">\n<li class=\"text c-compare-selling__item\">\n<div class=\"cmp-text c-compare-selling__spec-name\">\n<p>Alimentation \u00e9lectrique<\/p>\n<\/div>\n<div class=\"cmp-text c-compare-selling__spec-desc\">\n<p>AC 100-240V~, 50\/60Hz<\/p>\n<\/div>\n<\/li>\n<li class=\"text c-compare-selling__item\">\n<div class=\"cmp-text c-compare-selling__spec-name\">\n<p>Type d\u2019alimentation<\/p>\n<\/div>\n<div class=\"cmp-text c-compare-selling__spec-desc\">\n<p>Alimentation int\u00e9gr\u00e9e<\/p>\n<\/div>\n<\/li>\n<\/ul>\n<\/div>\n<div class=\"c-compare-selling__table\">\n<div class=\"c-compare-selling__table-head text\"><\/div>\n<\/div>\n<div class=\"c-compare-selling__table\">\n<div class=\"c-compare-selling__table-head text\">\n<h4 class=\"cmp-text\" data-cmp-data-layer=\"\">SON<\/h4>\n<\/div>\n<ul class=\"c-compare-selling__spec-list\">\n<li class=\"text c-compare-selling__item\">\n<div class=\"cmp-text c-compare-selling__spec-name\">\n<p>Haut-parleur (int\u00e9gr\u00e9)<\/p>\n<\/div>\n<div class=\"cmp-text c-compare-selling__spec-desc\">\n<p>OUI (10W x 2)<\/p>\n<\/div>\n<div class=\"cmp-text c-compare-selling__spec-name\"><\/div>\n<\/li>\n<\/ul>\n<\/div>\n<div class=\"c-compare-selling__table\">\n<div class=\"c-compare-selling__table-head text\"><\/div>\n<\/div>\n<\/div>\n","protected":false},"excerpt":{"rendered":"<p class=\"tit\">Fonctionnalit\u00e9s principales<\/p>\n<ul id=\"keyFeatureList\" class=\"c-list c-list--single-column on\" role=\"list\" aria-expanded=\"true\">\n<li class=\"c-list__item\" role=\"listitem\"><span class=\"font-w-normal-16 font-m-normal-14\">Luminosit\u00e9 (Typ.)\u00a0: 500\u00a0cd\/m\u00b2<\/span><\/li>\n<li class=\"c-list__item\" role=\"listitem\"><span class=\"font-w-normal-16 font-m-normal-14\">Traitement de la dalle : Haze 28 %<\/span><\/li>\n<li class=\"c-list__item\" role=\"listitem\"><span class=\"font-w-normal-16 font-m-normal-14\">Bord\u00a0: 9,9\u00a0mm (H\/D\/G), 14.4\u00a0mm (B)<\/span><\/li>\n<li class=\"c-list__item\" role=\"listitem\"><span class=\"font-w-normal-16 font-m-normal-14\">Profondeur\u00a0: 39,9\u00a0mm<\/span><\/li>\n<li class=\"c-list__item\" role=\"listitem\"><span class=\"font-w-normal-16 font-m-normal-14\">Interface : HDMI(3)\/ DP\/ DVI-D\/ USB 2.0\/ RS232C\/ RJ45\/ Audio\/ IR<\/span><\/li>\n<li class=\"c-list__item\" role=\"listitem\"><span class=\"font-w-normal-16 font-m-normal-14\">Haut-parleur int\u00e9gr\u00e9<\/span><\/li>\n<\/ul>\n","protected":false},"featured_media":4837,"template":"","meta":[],"product_brand":[],"product_cat":[555],"product_tag":[1509],"class_list":{"0":"post-2592","1":"product","2":"type-product","3":"status-publish","4":"has-post-thumbnail","6":"product_cat-video","7":"product_tag-moniteur","9":"first","10":"instock","11":"taxable","12":"shipping-taxable","13":"purchasable","14":"product-type-simple"},"yoast_head":"<!-- This site is optimized with the Yoast SEO Premium plugin v27.3 (Yoast SEO v27.3) - https:\/\/yoast.com\/product\/yoast-seo-premium-wordpress\/ -->\n<title>Location de moniteur et ecran TAMTAM Annemasse<\/title>\n<meta name=\"description\" content=\"Location de moniteur tv pour votre \u00e9v\u00e9nement entre Annemasse, Gen\u00e8ve, Evian. Location de Mat\u00e9riel de Sonorisation, Eclairage et Vid\u00e9o en Haute-Savoie.\" \/>\n<meta name=\"robots\" content=\"index, follow, max-snippet:-1, max-image-preview:large, max-video-preview:-1\" \/>\n<link rel=\"canonical\" href=\"https:\/\/www.tamtamsn.com\/location\/produit\/tv-65-pouces\/\" \/>\n<meta property=\"og:locale\" content=\"fr_FR\" \/>\n<meta property=\"og:type\" content=\"article\" \/>\n<meta property=\"og:title\" content=\"Ecran Moniteur 65UH5J-H 65&quot; UHD 4K \/ 500cd\/m2 \/ 24\/7\" \/>\n<meta property=\"og:description\" content=\"Fonctionnalit\u00e9s principales    Luminosit\u00e9 (Typ.)\u00a0: 500\u00a0cd\/m\u00b2  Traitement de la dalle : Haze 28 %  Bord\u00a0: 9,9\u00a0mm (H\/D\/G), 14.4\u00a0mm (B)  Profondeur\u00a0: 39,9\u00a0mm  Interface : HDMI(3)\/ DP\/ DVI-D\/ USB 2.0\/ RS232C\/ RJ45\/ Audio\/ IR  Haut-parleur int\u00e9gr\u00e9\" \/>\n<meta property=\"og:url\" content=\"https:\/\/www.tamtamsn.com\/location\/produit\/tv-65-pouces\/\" \/>\n<meta property=\"og:site_name\" content=\"TAMTAM Annemasse - Espace Location\" \/>\n<meta property=\"article:publisher\" content=\"https:\/\/www.facebook.com\/tamtam74100\" \/>\n<meta property=\"article:modified_time\" content=\"2025-02-28T15:31:25+00:00\" \/>\n<meta property=\"og:image\" content=\"https:\/\/www.tamtamsn.com\/location\/wp-content\/uploads\/sites\/3\/2019\/12\/D-65UH5J-H_LG_HD02.jpg\" \/>\n\t<meta property=\"og:image:width\" content=\"1600\" \/>\n\t<meta property=\"og:image:height\" content=\"1600\" \/>\n\t<meta property=\"og:image:type\" content=\"image\/jpeg\" \/>\n<meta name=\"twitter:card\" content=\"summary_large_image\" \/>\n<meta name=\"twitter:label1\" content=\"Dur\u00e9e de lecture estim\u00e9e\" \/>\n\t<meta name=\"twitter:data1\" content=\"2 minutes\" \/>\n<script type=\"application\/ld+json\" class=\"yoast-schema-graph\">{\"@context\":\"https:\\\/\\\/schema.org\",\"@graph\":[{\"@type\":[\"WebPage\",\"ItemPage\"],\"@id\":\"https:\\\/\\\/www.tamtamsn.com\\\/location\\\/produit\\\/tv-65-pouces\\\/\",\"url\":\"https:\\\/\\\/www.tamtamsn.com\\\/location\\\/produit\\\/tv-65-pouces\\\/\",\"name\":\"Location de moniteur et ecran TAMTAM Annemasse\",\"isPartOf\":{\"@id\":\"https:\\\/\\\/www.tamtamsn.com\\\/location\\\/#website\"},\"primaryImageOfPage\":{\"@id\":\"https:\\\/\\\/www.tamtamsn.com\\\/location\\\/produit\\\/tv-65-pouces\\\/#primaryimage\"},\"image\":{\"@id\":\"https:\\\/\\\/www.tamtamsn.com\\\/location\\\/produit\\\/tv-65-pouces\\\/#primaryimage\"},\"thumbnailUrl\":\"https:\\\/\\\/www.tamtamsn.com\\\/location\\\/wp-content\\\/uploads\\\/sites\\\/3\\\/2019\\\/12\\\/D-65UH5J-H_LG_HD02.jpg\",\"datePublished\":\"2025-02-28T12:59:43+00:00\",\"dateModified\":\"2025-02-28T15:31:25+00:00\",\"description\":\"Location de moniteur tv pour votre \u00e9v\u00e9nement entre Annemasse, Gen\u00e8ve, Evian. Location de Mat\u00e9riel de Sonorisation, Eclairage et Vid\u00e9o en Haute-Savoie.\",\"breadcrumb\":{\"@id\":\"https:\\\/\\\/www.tamtamsn.com\\\/location\\\/produit\\\/tv-65-pouces\\\/#breadcrumb\"},\"inLanguage\":\"fr-FR\",\"potentialAction\":[{\"@type\":\"ReadAction\",\"target\":[\"https:\\\/\\\/www.tamtamsn.com\\\/location\\\/produit\\\/tv-65-pouces\\\/\"]}]},{\"@type\":\"ImageObject\",\"inLanguage\":\"fr-FR\",\"@id\":\"https:\\\/\\\/www.tamtamsn.com\\\/location\\\/produit\\\/tv-65-pouces\\\/#primaryimage\",\"url\":\"https:\\\/\\\/www.tamtamsn.com\\\/location\\\/wp-content\\\/uploads\\\/sites\\\/3\\\/2019\\\/12\\\/D-65UH5J-H_LG_HD02.jpg\",\"contentUrl\":\"https:\\\/\\\/www.tamtamsn.com\\\/location\\\/wp-content\\\/uploads\\\/sites\\\/3\\\/2019\\\/12\\\/D-65UH5J-H_LG_HD02.jpg\",\"width\":1600,\"height\":1600},{\"@type\":\"BreadcrumbList\",\"@id\":\"https:\\\/\\\/www.tamtamsn.com\\\/location\\\/produit\\\/tv-65-pouces\\\/#breadcrumb\",\"itemListElement\":[{\"@type\":\"ListItem\",\"position\":1,\"name\":\"Catalogue de Location de Mat\u00e9riel de Sonorisation, Eclairage &amp; Vid\u00e9o en Haute-Savoie\",\"item\":\"https:\\\/\\\/www.tamtamsn.com\\\/location\\\/\"},{\"@type\":\"ListItem\",\"position\":2,\"name\":\"Notre Catalogue Location en ligne\",\"item\":\"https:\\\/\\\/www.tamtamsn.com\\\/location\\\/catalogue-en-ligne-location-sonorisation-eclairage-video\\\/\"},{\"@type\":\"ListItem\",\"position\":3,\"name\":\"moniteur\",\"item\":\"https:\\\/\\\/www.tamtamsn.com\\\/location\\\/etiquette-produit\\\/moniteur\\\/\"},{\"@type\":\"ListItem\",\"position\":4,\"name\":\"Ecran Moniteur 65UH5J-H 65&Prime; UHD 4K \\\/ 500cd\\\/m2 \\\/ 24\\\/7\"}]},{\"@type\":\"WebSite\",\"@id\":\"https:\\\/\\\/www.tamtamsn.com\\\/location\\\/#website\",\"url\":\"https:\\\/\\\/www.tamtamsn.com\\\/location\\\/\",\"name\":\"TAMTAM Annemasse - Espace Location\",\"description\":\"Location de mat\u00e9riel de Sonorisation, Eclairage et Vid\u00e9o \u00e0 Annemasse, Haute-Savoie et sur le Bassin Genevois\",\"publisher\":{\"@id\":\"https:\\\/\\\/www.tamtamsn.com\\\/location\\\/#organization\"},\"potentialAction\":[{\"@type\":\"SearchAction\",\"target\":{\"@type\":\"EntryPoint\",\"urlTemplate\":\"https:\\\/\\\/www.tamtamsn.com\\\/location\\\/?s={search_term_string}\"},\"query-input\":{\"@type\":\"PropertyValueSpecification\",\"valueRequired\":true,\"valueName\":\"search_term_string\"}}],\"inLanguage\":\"fr-FR\"},{\"@type\":\"Organization\",\"@id\":\"https:\\\/\\\/www.tamtamsn.com\\\/location\\\/#organization\",\"name\":\"TAMTAM\",\"url\":\"https:\\\/\\\/www.tamtamsn.com\\\/location\\\/\",\"logo\":{\"@type\":\"ImageObject\",\"inLanguage\":\"fr-FR\",\"@id\":\"https:\\\/\\\/www.tamtamsn.com\\\/location\\\/#\\\/schema\\\/logo\\\/image\\\/\",\"url\":\"\",\"contentUrl\":\"\",\"caption\":\"TAMTAM\"},\"image\":{\"@id\":\"https:\\\/\\\/www.tamtamsn.com\\\/location\\\/#\\\/schema\\\/logo\\\/image\\\/\"},\"sameAs\":[\"https:\\\/\\\/www.facebook.com\\\/tamtam74100\"]}]}<\/script>\n<!-- \/ Yoast SEO Premium plugin. -->","yoast_head_json":{"title":"Location de moniteur et ecran TAMTAM Annemasse","description":"Location de moniteur tv pour votre \u00e9v\u00e9nement entre Annemasse, Gen\u00e8ve, Evian. Location de Mat\u00e9riel de Sonorisation, Eclairage et Vid\u00e9o en Haute-Savoie.","robots":{"index":"index","follow":"follow","max-snippet":"max-snippet:-1","max-image-preview":"max-image-preview:large","max-video-preview":"max-video-preview:-1"},"canonical":"https:\/\/www.tamtamsn.com\/location\/produit\/tv-65-pouces\/","og_locale":"fr_FR","og_type":"article","og_title":"Ecran Moniteur 65UH5J-H 65\" UHD 4K \/ 500cd\/m2 \/ 24\/7","og_description":"Fonctionnalit\u00e9s principales    Luminosit\u00e9 (Typ.)\u00a0: 500\u00a0cd\/m\u00b2  Traitement de la dalle : Haze 28 %  Bord\u00a0: 9,9\u00a0mm (H\/D\/G), 14.4\u00a0mm (B)  Profondeur\u00a0: 39,9\u00a0mm  Interface : HDMI(3)\/ DP\/ DVI-D\/ USB 2.0\/ RS232C\/ RJ45\/ Audio\/ IR  Haut-parleur int\u00e9gr\u00e9","og_url":"https:\/\/www.tamtamsn.com\/location\/produit\/tv-65-pouces\/","og_site_name":"TAMTAM Annemasse - Espace Location","article_publisher":"https:\/\/www.facebook.com\/tamtam74100","article_modified_time":"2025-02-28T15:31:25+00:00","og_image":[{"width":1600,"height":1600,"url":"https:\/\/www.tamtamsn.com\/location\/wp-content\/uploads\/sites\/3\/2019\/12\/D-65UH5J-H_LG_HD02.jpg","type":"image\/jpeg"}],"twitter_card":"summary_large_image","twitter_misc":{"Dur\u00e9e de lecture estim\u00e9e":"2 minutes"},"schema":{"@context":"https:\/\/schema.org","@graph":[{"@type":["WebPage","ItemPage"],"@id":"https:\/\/www.tamtamsn.com\/location\/produit\/tv-65-pouces\/","url":"https:\/\/www.tamtamsn.com\/location\/produit\/tv-65-pouces\/","name":"Location de moniteur et ecran TAMTAM Annemasse","isPartOf":{"@id":"https:\/\/www.tamtamsn.com\/location\/#website"},"primaryImageOfPage":{"@id":"https:\/\/www.tamtamsn.com\/location\/produit\/tv-65-pouces\/#primaryimage"},"image":{"@id":"https:\/\/www.tamtamsn.com\/location\/produit\/tv-65-pouces\/#primaryimage"},"thumbnailUrl":"https:\/\/www.tamtamsn.com\/location\/wp-content\/uploads\/sites\/3\/2019\/12\/D-65UH5J-H_LG_HD02.jpg","datePublished":"2025-02-28T12:59:43+00:00","dateModified":"2025-02-28T15:31:25+00:00","description":"Location de moniteur tv pour votre \u00e9v\u00e9nement entre Annemasse, Gen\u00e8ve, Evian. Location de Mat\u00e9riel de Sonorisation, Eclairage et Vid\u00e9o en Haute-Savoie.","breadcrumb":{"@id":"https:\/\/www.tamtamsn.com\/location\/produit\/tv-65-pouces\/#breadcrumb"},"inLanguage":"fr-FR","potentialAction":[{"@type":"ReadAction","target":["https:\/\/www.tamtamsn.com\/location\/produit\/tv-65-pouces\/"]}]},{"@type":"ImageObject","inLanguage":"fr-FR","@id":"https:\/\/www.tamtamsn.com\/location\/produit\/tv-65-pouces\/#primaryimage","url":"https:\/\/www.tamtamsn.com\/location\/wp-content\/uploads\/sites\/3\/2019\/12\/D-65UH5J-H_LG_HD02.jpg","contentUrl":"https:\/\/www.tamtamsn.com\/location\/wp-content\/uploads\/sites\/3\/2019\/12\/D-65UH5J-H_LG_HD02.jpg","width":1600,"height":1600},{"@type":"BreadcrumbList","@id":"https:\/\/www.tamtamsn.com\/location\/produit\/tv-65-pouces\/#breadcrumb","itemListElement":[{"@type":"ListItem","position":1,"name":"Catalogue de Location de Mat\u00e9riel de Sonorisation, Eclairage &amp; Vid\u00e9o en Haute-Savoie","item":"https:\/\/www.tamtamsn.com\/location\/"},{"@type":"ListItem","position":2,"name":"Notre Catalogue Location en ligne","item":"https:\/\/www.tamtamsn.com\/location\/catalogue-en-ligne-location-sonorisation-eclairage-video\/"},{"@type":"ListItem","position":3,"name":"moniteur","item":"https:\/\/www.tamtamsn.com\/location\/etiquette-produit\/moniteur\/"},{"@type":"ListItem","position":4,"name":"Ecran Moniteur 65UH5J-H 65&Prime; UHD 4K \/ 500cd\/m2 \/ 24\/7"}]},{"@type":"WebSite","@id":"https:\/\/www.tamtamsn.com\/location\/#website","url":"https:\/\/www.tamtamsn.com\/location\/","name":"TAMTAM Annemasse - Espace Location","description":"Location de mat\u00e9riel de Sonorisation, Eclairage et Vid\u00e9o \u00e0 Annemasse, Haute-Savoie et sur le Bassin Genevois","publisher":{"@id":"https:\/\/www.tamtamsn.com\/location\/#organization"},"potentialAction":[{"@type":"SearchAction","target":{"@type":"EntryPoint","urlTemplate":"https:\/\/www.tamtamsn.com\/location\/?s={search_term_string}"},"query-input":{"@type":"PropertyValueSpecification","valueRequired":true,"valueName":"search_term_string"}}],"inLanguage":"fr-FR"},{"@type":"Organization","@id":"https:\/\/www.tamtamsn.com\/location\/#organization","name":"TAMTAM","url":"https:\/\/www.tamtamsn.com\/location\/","logo":{"@type":"ImageObject","inLanguage":"fr-FR","@id":"https:\/\/www.tamtamsn.com\/location\/#\/schema\/logo\/image\/","url":"","contentUrl":"","caption":"TAMTAM"},"image":{"@id":"https:\/\/www.tamtamsn.com\/location\/#\/schema\/logo\/image\/"},"sameAs":["https:\/\/www.facebook.com\/tamtam74100"]}]}},"jetpack_sharing_enabled":true,"_links":{"self":[{"href":"https:\/\/www.tamtamsn.com\/location\/wp-json\/wp\/v2\/product\/2592","targetHints":{"allow":["GET"]}}],"collection":[{"href":"https:\/\/www.tamtamsn.com\/location\/wp-json\/wp\/v2\/product"}],"about":[{"href":"https:\/\/www.tamtamsn.com\/location\/wp-json\/wp\/v2\/types\/product"}],"wp:featuredmedia":[{"embeddable":true,"href":"https:\/\/www.tamtamsn.com\/location\/wp-json\/wp\/v2\/media\/4837"}],"wp:attachment":[{"href":"https:\/\/www.tamtamsn.com\/location\/wp-json\/wp\/v2\/media?parent=2592"}],"wp:term":[{"taxonomy":"product_brand","embeddable":true,"href":"https:\/\/www.tamtamsn.com\/location\/wp-json\/wp\/v2\/product_brand?post=2592"},{"taxonomy":"product_cat","embeddable":true,"href":"https:\/\/www.tamtamsn.com\/location\/wp-json\/wp\/v2\/product_cat?post=2592"},{"taxonomy":"product_tag","embeddable":true,"href":"https:\/\/www.tamtamsn.com\/location\/wp-json\/wp\/v2\/product_tag?post=2592"}],"curies":[{"name":"wp","href":"https:\/\/api.w.org\/{rel}","templated":true}]}}