{"id":2587,"date":"2025-02-28T13:42:42","date_gmt":"2025-02-28T12:42:42","guid":{"rendered":"https:\/\/www.tamtamsn.com\/location\/produit\/pack-ordinateur-sunlite\/"},"modified":"2025-08-13T15:36:54","modified_gmt":"2025-08-13T13:36:54","slug":"chauvet-stick-freedom","status":"publish","type":"product","link":"https:\/\/www.tamtamsn.com\/location\/produit\/chauvet-stick-freedom\/","title":{"rendered":"Chauvet Stick Freedom"},"content":{"rendered":"<p class=\"p1\"><span style=\"color: #666666; font-size: 1.25rem;\">Caract\u00e9ristiques techniques<\/span><\/p>\n<div class=\"specs box\">\n<ul class=\"list fontface\">\n<li><span class=\"fontface bold\">Canaux DMX:<\/span>\u00a03, 8, 48 ou 50<\/li>\n<li><span class=\"fontface bold\">Source lumineuse:<\/span>\u00a032 SMD LED (tricolore RGB) 0,2 W (50 mA) par ampoule, dur\u00e9e de vie de 50 000 heures<\/li>\n<li><span class=\"fontface bold\">Fr\u00e9quence stroboscopique:<\/span>\u00a00 \u00e0 30 Hz<\/li>\n<li><span class=\"fontface bold\">Temps d\u2019utilisation maximum:<\/span>(tout allum\u00e9): jusqu&rsquo;\u00e0 6,5 heures<\/li>\n<li><span class=\"fontface bold\">Temps de recharge:<\/span>4,5 heures<\/li>\n<li><span class=\"fontface bold\">Angle de couverture:<\/span>360\u00b0<\/li>\n<li><span class=\"fontface bold\">Tension d&rsquo;entr\u00e9e:<\/span>15 VDC, 800 mA (alimentation externe: 100 \u00e0 240 VCA, 50\/60 Hz)<\/li>\n<li><span class=\"fontface bold\">Puissance et intensit\u00e9:<\/span>35 W, 0,05 A \u00e0 120 V, 60 Hz<br \/>\n35 W, 0,03 A \u00e0 230 V, 50 Hz<\/li>\n<li><span class=\"fontface bold\">Poids:<\/span>\u00a07,5 kg (16,4 livres)<\/li>\n<li><span class=\"fontface bold\">Dimensions: <\/span>Unit\u00e9 avec base : 161 x 161 x 1550 mm (6,3 x 6,3 x 61 po)<\/li>\n<li><span class=\"fontface bold\">Homologations: <\/span>CE, FCC<\/li>\n<li><span class=\"fontface bold\">Contr\u00f4leurs en option:<\/span>\u00a0IRC-6<\/li>\n<li><span class=\"fontface bold\">Taille de la sacoche:<\/span>\u00a01535 x 65 x 220 mm (60,4 x 2,6 x 8,7 po)<\/li>\n<\/ul>\n<\/div>\n","protected":false},"excerpt":{"rendered":"<p class=\"p1\"><span class=\"s1\">Le pack Freedom Stick\u00a0<\/span>comprend :4\u00a0<a target=\"_blank\" rel=\"noopener noreferrer\">Freedom Sticks<\/a>, 1 chargeur multiple, 1\u00a0<a href=\"https:\/\/fr.chauvetdj.com\/products\/irc-6\/\" target=\"_blank\" rel=\"noopener noreferrer\">t\u00e9l\u00e9commande IRC-6<\/a>\u00a0et 1 sacoche de transport.<\/p>\n<p class=\"p1\">Freedom Stick est un luminaire \u00e0 LED RGB sur pied qui poss\u00e8de une fonction de mappage par points programmable. Unique et polyvalent, il vous permet d\u2019exprimer toute votre cr\u00e9ativit\u00e9. Ce projecteur sur batterie dispose d\u2019un r\u00e9cepteur D-Fi int\u00e9gr\u00e9 qui lui permet d\u2019\u00eatre plac\u00e9 n\u2019importe o\u00f9. Cette barre se pr\u00eate \u00e9galement tr\u00e8s bien pour \u00e9clairer une structure. La base en m\u00e9tal amovible permet de les installer sur des structures (pinces vendues s\u00e9par\u00e9ment). Des programmes d\u2019automatisation d\u00e9finis par l\u2019utilisateur permettent de cr\u00e9er des mod\u00e8les complexes en quelques secondes. Le contr\u00f4le des programmes auto et son se fait en modes DMX et Ma\u00eetre\/Esclave sans fil, ou via la t\u00e9l\u00e9commande\u00a0<a href=\"https:\/\/fr.chauvetdj.com\/products\/irc-6\/\" target=\"_blank\" rel=\"noopener noreferrer\">IRC-6<\/a>.<\/p>\n","protected":false},"featured_media":4820,"template":"","meta":[],"product_brand":[],"product_cat":[553,1517,1514],"product_tag":[1018],"class_list":{"0":"post-2587","1":"product","2":"type-product","3":"status-publish","4":"has-post-thumbnail","6":"product_cat-eclairage-light-oeuvre","7":"product_cat-effet-animation","8":"product_cat-projecteur-colorisation","9":"product_tag-location-jeux-de-lumiere","11":"first","12":"instock","13":"taxable","14":"shipping-taxable","15":"purchasable","16":"product-type-simple"},"yoast_head":"<!-- This site is optimized with the Yoast SEO Premium plugin v27.3 (Yoast SEO v27.3) - https:\/\/yoast.com\/product\/yoast-seo-premium-wordpress\/ -->\n<title>Location de projecteur rvb stick freedom TAMTAM Annemasse<\/title>\n<meta name=\"description\" content=\"Location de projecteurs pour votre \u00e9v\u00e9nement entre Annemasse, Gen\u00e8ve, Annecy, Evian. Location de Mat\u00e9riel de Sonorisation, Eclairage en Haute-Savoie.\" \/>\n<meta name=\"robots\" content=\"index, follow, max-snippet:-1, max-image-preview:large, max-video-preview:-1\" \/>\n<link rel=\"canonical\" href=\"https:\/\/www.tamtamsn.com\/location\/produit\/chauvet-stick-freedom\/\" \/>\n<meta property=\"og:locale\" content=\"fr_FR\" \/>\n<meta property=\"og:type\" content=\"article\" \/>\n<meta property=\"og:title\" content=\"Chauvet Stick Freedom\" \/>\n<meta property=\"og:description\" content=\"Le pack Freedom Stick\u00a0comprend :4\u00a0Freedom Sticks, 1 chargeur multiple, 1\u00a0t\u00e9l\u00e9commande IRC-6\u00a0et 1 sacoche de transport. Freedom Stick est un luminaire \u00e0 LED RGB sur pied qui poss\u00e8de une fonction de mappage par points programmable. Unique et polyvalent, il vous permet d\u2019exprimer toute votre cr\u00e9ativit\u00e9. Ce projecteur sur batterie dispose d\u2019un r\u00e9cepteur D-Fi int\u00e9gr\u00e9 qui lui permet d\u2019\u00eatre plac\u00e9 n\u2019importe o\u00f9. Cette barre se pr\u00eate \u00e9galement tr\u00e8s bien pour \u00e9clairer une structure. La base en m\u00e9tal amovible permet de les installer sur des structures (pinces vendues s\u00e9par\u00e9ment). Des programmes d\u2019automatisation d\u00e9finis par l\u2019utilisateur permettent de cr\u00e9er des mod\u00e8les complexes en quelques secondes. Le contr\u00f4le des programmes auto et son se fait en modes DMX et Ma\u00eetre\/Esclave sans fil, ou via la t\u00e9l\u00e9commande\u00a0IRC-6.\" \/>\n<meta property=\"og:url\" content=\"https:\/\/www.tamtamsn.com\/location\/produit\/chauvet-stick-freedom\/\" \/>\n<meta property=\"og:site_name\" content=\"TAMTAM Annemasse - Espace Location\" \/>\n<meta property=\"article:publisher\" content=\"https:\/\/www.facebook.com\/tamtam74100\" \/>\n<meta property=\"article:modified_time\" content=\"2025-08-13T13:36:54+00:00\" \/>\n<meta property=\"og:image\" content=\"https:\/\/www.tamtamsn.com\/location\/wp-content\/uploads\/sites\/3\/2019\/12\/Freedom-Stick-Pack-FRONT.jpg\" \/>\n\t<meta property=\"og:image:width\" content=\"600\" \/>\n\t<meta property=\"og:image:height\" content=\"800\" \/>\n\t<meta property=\"og:image:type\" content=\"image\/jpeg\" \/>\n<meta name=\"twitter:card\" content=\"summary_large_image\" \/>\n<meta name=\"twitter:label1\" content=\"Dur\u00e9e de lecture estim\u00e9e\" \/>\n\t<meta name=\"twitter:data1\" content=\"1 minute\" \/>\n<script type=\"application\/ld+json\" class=\"yoast-schema-graph\">{\"@context\":\"https:\\\/\\\/schema.org\",\"@graph\":[{\"@type\":[\"WebPage\",\"ItemPage\"],\"@id\":\"https:\\\/\\\/www.tamtamsn.com\\\/location\\\/produit\\\/chauvet-stick-freedom\\\/\",\"url\":\"https:\\\/\\\/www.tamtamsn.com\\\/location\\\/produit\\\/chauvet-stick-freedom\\\/\",\"name\":\"Location de projecteur rvb stick freedom TAMTAM Annemasse\",\"isPartOf\":{\"@id\":\"https:\\\/\\\/www.tamtamsn.com\\\/location\\\/#website\"},\"primaryImageOfPage\":{\"@id\":\"https:\\\/\\\/www.tamtamsn.com\\\/location\\\/produit\\\/chauvet-stick-freedom\\\/#primaryimage\"},\"image\":{\"@id\":\"https:\\\/\\\/www.tamtamsn.com\\\/location\\\/produit\\\/chauvet-stick-freedom\\\/#primaryimage\"},\"thumbnailUrl\":\"https:\\\/\\\/www.tamtamsn.com\\\/location\\\/wp-content\\\/uploads\\\/sites\\\/3\\\/2019\\\/12\\\/Freedom-Stick-Pack-FRONT.jpg\",\"datePublished\":\"2025-02-28T12:42:42+00:00\",\"dateModified\":\"2025-08-13T13:36:54+00:00\",\"description\":\"Location de projecteurs pour votre \u00e9v\u00e9nement entre Annemasse, Gen\u00e8ve, Annecy, Evian. Location de Mat\u00e9riel de Sonorisation, Eclairage en Haute-Savoie.\",\"breadcrumb\":{\"@id\":\"https:\\\/\\\/www.tamtamsn.com\\\/location\\\/produit\\\/chauvet-stick-freedom\\\/#breadcrumb\"},\"inLanguage\":\"fr-FR\",\"potentialAction\":[{\"@type\":\"ReadAction\",\"target\":[\"https:\\\/\\\/www.tamtamsn.com\\\/location\\\/produit\\\/chauvet-stick-freedom\\\/\"]}]},{\"@type\":\"ImageObject\",\"inLanguage\":\"fr-FR\",\"@id\":\"https:\\\/\\\/www.tamtamsn.com\\\/location\\\/produit\\\/chauvet-stick-freedom\\\/#primaryimage\",\"url\":\"https:\\\/\\\/www.tamtamsn.com\\\/location\\\/wp-content\\\/uploads\\\/sites\\\/3\\\/2019\\\/12\\\/Freedom-Stick-Pack-FRONT.jpg\",\"contentUrl\":\"https:\\\/\\\/www.tamtamsn.com\\\/location\\\/wp-content\\\/uploads\\\/sites\\\/3\\\/2019\\\/12\\\/Freedom-Stick-Pack-FRONT.jpg\",\"width\":600,\"height\":800},{\"@type\":\"BreadcrumbList\",\"@id\":\"https:\\\/\\\/www.tamtamsn.com\\\/location\\\/produit\\\/chauvet-stick-freedom\\\/#breadcrumb\",\"itemListElement\":[{\"@type\":\"ListItem\",\"position\":1,\"name\":\"Catalogue de Location de Mat\u00e9riel de Sonorisation, Eclairage &amp; Vid\u00e9o en Haute-Savoie\",\"item\":\"https:\\\/\\\/www.tamtamsn.com\\\/location\\\/\"},{\"@type\":\"ListItem\",\"position\":2,\"name\":\"Notre Catalogue Location en ligne\",\"item\":\"https:\\\/\\\/www.tamtamsn.com\\\/location\\\/catalogue-en-ligne-location-sonorisation-eclairage-video\\\/\"},{\"@type\":\"ListItem\",\"position\":3,\"name\":\"Location Jeux de lumi\u00e8re\",\"item\":\"https:\\\/\\\/www.tamtamsn.com\\\/location\\\/etiquette-produit\\\/location-jeux-de-lumiere\\\/\"},{\"@type\":\"ListItem\",\"position\":4,\"name\":\"Chauvet Stick Freedom\"}]},{\"@type\":\"WebSite\",\"@id\":\"https:\\\/\\\/www.tamtamsn.com\\\/location\\\/#website\",\"url\":\"https:\\\/\\\/www.tamtamsn.com\\\/location\\\/\",\"name\":\"TAMTAM Annemasse - Espace Location\",\"description\":\"Location de mat\u00e9riel de Sonorisation, Eclairage et Vid\u00e9o \u00e0 Annemasse, Haute-Savoie et sur le Bassin Genevois\",\"publisher\":{\"@id\":\"https:\\\/\\\/www.tamtamsn.com\\\/location\\\/#organization\"},\"potentialAction\":[{\"@type\":\"SearchAction\",\"target\":{\"@type\":\"EntryPoint\",\"urlTemplate\":\"https:\\\/\\\/www.tamtamsn.com\\\/location\\\/?s={search_term_string}\"},\"query-input\":{\"@type\":\"PropertyValueSpecification\",\"valueRequired\":true,\"valueName\":\"search_term_string\"}}],\"inLanguage\":\"fr-FR\"},{\"@type\":\"Organization\",\"@id\":\"https:\\\/\\\/www.tamtamsn.com\\\/location\\\/#organization\",\"name\":\"TAMTAM\",\"url\":\"https:\\\/\\\/www.tamtamsn.com\\\/location\\\/\",\"logo\":{\"@type\":\"ImageObject\",\"inLanguage\":\"fr-FR\",\"@id\":\"https:\\\/\\\/www.tamtamsn.com\\\/location\\\/#\\\/schema\\\/logo\\\/image\\\/\",\"url\":\"\",\"contentUrl\":\"\",\"caption\":\"TAMTAM\"},\"image\":{\"@id\":\"https:\\\/\\\/www.tamtamsn.com\\\/location\\\/#\\\/schema\\\/logo\\\/image\\\/\"},\"sameAs\":[\"https:\\\/\\\/www.facebook.com\\\/tamtam74100\"]}]}<\/script>\n<!-- \/ Yoast SEO Premium plugin. -->","yoast_head_json":{"title":"Location de projecteur rvb stick freedom TAMTAM Annemasse","description":"Location de projecteurs pour votre \u00e9v\u00e9nement entre Annemasse, Gen\u00e8ve, Annecy, Evian. Location de Mat\u00e9riel de Sonorisation, Eclairage en Haute-Savoie.","robots":{"index":"index","follow":"follow","max-snippet":"max-snippet:-1","max-image-preview":"max-image-preview:large","max-video-preview":"max-video-preview:-1"},"canonical":"https:\/\/www.tamtamsn.com\/location\/produit\/chauvet-stick-freedom\/","og_locale":"fr_FR","og_type":"article","og_title":"Chauvet Stick Freedom","og_description":"Le pack Freedom Stick\u00a0comprend :4\u00a0Freedom Sticks, 1 chargeur multiple, 1\u00a0t\u00e9l\u00e9commande IRC-6\u00a0et 1 sacoche de transport. Freedom Stick est un luminaire \u00e0 LED RGB sur pied qui poss\u00e8de une fonction de mappage par points programmable. Unique et polyvalent, il vous permet d\u2019exprimer toute votre cr\u00e9ativit\u00e9. Ce projecteur sur batterie dispose d\u2019un r\u00e9cepteur D-Fi int\u00e9gr\u00e9 qui lui permet d\u2019\u00eatre plac\u00e9 n\u2019importe o\u00f9. Cette barre se pr\u00eate \u00e9galement tr\u00e8s bien pour \u00e9clairer une structure. La base en m\u00e9tal amovible permet de les installer sur des structures (pinces vendues s\u00e9par\u00e9ment). Des programmes d\u2019automatisation d\u00e9finis par l\u2019utilisateur permettent de cr\u00e9er des mod\u00e8les complexes en quelques secondes. Le contr\u00f4le des programmes auto et son se fait en modes DMX et Ma\u00eetre\/Esclave sans fil, ou via la t\u00e9l\u00e9commande\u00a0IRC-6.","og_url":"https:\/\/www.tamtamsn.com\/location\/produit\/chauvet-stick-freedom\/","og_site_name":"TAMTAM Annemasse - Espace Location","article_publisher":"https:\/\/www.facebook.com\/tamtam74100","article_modified_time":"2025-08-13T13:36:54+00:00","og_image":[{"width":600,"height":800,"url":"https:\/\/www.tamtamsn.com\/location\/wp-content\/uploads\/sites\/3\/2019\/12\/Freedom-Stick-Pack-FRONT.jpg","type":"image\/jpeg"}],"twitter_card":"summary_large_image","twitter_misc":{"Dur\u00e9e de lecture estim\u00e9e":"1 minute"},"schema":{"@context":"https:\/\/schema.org","@graph":[{"@type":["WebPage","ItemPage"],"@id":"https:\/\/www.tamtamsn.com\/location\/produit\/chauvet-stick-freedom\/","url":"https:\/\/www.tamtamsn.com\/location\/produit\/chauvet-stick-freedom\/","name":"Location de projecteur rvb stick freedom TAMTAM Annemasse","isPartOf":{"@id":"https:\/\/www.tamtamsn.com\/location\/#website"},"primaryImageOfPage":{"@id":"https:\/\/www.tamtamsn.com\/location\/produit\/chauvet-stick-freedom\/#primaryimage"},"image":{"@id":"https:\/\/www.tamtamsn.com\/location\/produit\/chauvet-stick-freedom\/#primaryimage"},"thumbnailUrl":"https:\/\/www.tamtamsn.com\/location\/wp-content\/uploads\/sites\/3\/2019\/12\/Freedom-Stick-Pack-FRONT.jpg","datePublished":"2025-02-28T12:42:42+00:00","dateModified":"2025-08-13T13:36:54+00:00","description":"Location de projecteurs pour votre \u00e9v\u00e9nement entre Annemasse, Gen\u00e8ve, Annecy, Evian. Location de Mat\u00e9riel de Sonorisation, Eclairage en Haute-Savoie.","breadcrumb":{"@id":"https:\/\/www.tamtamsn.com\/location\/produit\/chauvet-stick-freedom\/#breadcrumb"},"inLanguage":"fr-FR","potentialAction":[{"@type":"ReadAction","target":["https:\/\/www.tamtamsn.com\/location\/produit\/chauvet-stick-freedom\/"]}]},{"@type":"ImageObject","inLanguage":"fr-FR","@id":"https:\/\/www.tamtamsn.com\/location\/produit\/chauvet-stick-freedom\/#primaryimage","url":"https:\/\/www.tamtamsn.com\/location\/wp-content\/uploads\/sites\/3\/2019\/12\/Freedom-Stick-Pack-FRONT.jpg","contentUrl":"https:\/\/www.tamtamsn.com\/location\/wp-content\/uploads\/sites\/3\/2019\/12\/Freedom-Stick-Pack-FRONT.jpg","width":600,"height":800},{"@type":"BreadcrumbList","@id":"https:\/\/www.tamtamsn.com\/location\/produit\/chauvet-stick-freedom\/#breadcrumb","itemListElement":[{"@type":"ListItem","position":1,"name":"Catalogue de Location de Mat\u00e9riel de Sonorisation, Eclairage &amp; Vid\u00e9o en Haute-Savoie","item":"https:\/\/www.tamtamsn.com\/location\/"},{"@type":"ListItem","position":2,"name":"Notre Catalogue Location en ligne","item":"https:\/\/www.tamtamsn.com\/location\/catalogue-en-ligne-location-sonorisation-eclairage-video\/"},{"@type":"ListItem","position":3,"name":"Location Jeux de lumi\u00e8re","item":"https:\/\/www.tamtamsn.com\/location\/etiquette-produit\/location-jeux-de-lumiere\/"},{"@type":"ListItem","position":4,"name":"Chauvet Stick Freedom"}]},{"@type":"WebSite","@id":"https:\/\/www.tamtamsn.com\/location\/#website","url":"https:\/\/www.tamtamsn.com\/location\/","name":"TAMTAM Annemasse - Espace Location","description":"Location de mat\u00e9riel de Sonorisation, Eclairage et Vid\u00e9o \u00e0 Annemasse, Haute-Savoie et sur le Bassin Genevois","publisher":{"@id":"https:\/\/www.tamtamsn.com\/location\/#organization"},"potentialAction":[{"@type":"SearchAction","target":{"@type":"EntryPoint","urlTemplate":"https:\/\/www.tamtamsn.com\/location\/?s={search_term_string}"},"query-input":{"@type":"PropertyValueSpecification","valueRequired":true,"valueName":"search_term_string"}}],"inLanguage":"fr-FR"},{"@type":"Organization","@id":"https:\/\/www.tamtamsn.com\/location\/#organization","name":"TAMTAM","url":"https:\/\/www.tamtamsn.com\/location\/","logo":{"@type":"ImageObject","inLanguage":"fr-FR","@id":"https:\/\/www.tamtamsn.com\/location\/#\/schema\/logo\/image\/","url":"","contentUrl":"","caption":"TAMTAM"},"image":{"@id":"https:\/\/www.tamtamsn.com\/location\/#\/schema\/logo\/image\/"},"sameAs":["https:\/\/www.facebook.com\/tamtam74100"]}]}},"jetpack_sharing_enabled":true,"_links":{"self":[{"href":"https:\/\/www.tamtamsn.com\/location\/wp-json\/wp\/v2\/product\/2587","targetHints":{"allow":["GET"]}}],"collection":[{"href":"https:\/\/www.tamtamsn.com\/location\/wp-json\/wp\/v2\/product"}],"about":[{"href":"https:\/\/www.tamtamsn.com\/location\/wp-json\/wp\/v2\/types\/product"}],"wp:featuredmedia":[{"embeddable":true,"href":"https:\/\/www.tamtamsn.com\/location\/wp-json\/wp\/v2\/media\/4820"}],"wp:attachment":[{"href":"https:\/\/www.tamtamsn.com\/location\/wp-json\/wp\/v2\/media?parent=2587"}],"wp:term":[{"taxonomy":"product_brand","embeddable":true,"href":"https:\/\/www.tamtamsn.com\/location\/wp-json\/wp\/v2\/product_brand?post=2587"},{"taxonomy":"product_cat","embeddable":true,"href":"https:\/\/www.tamtamsn.com\/location\/wp-json\/wp\/v2\/product_cat?post=2587"},{"taxonomy":"product_tag","embeddable":true,"href":"https:\/\/www.tamtamsn.com\/location\/wp-json\/wp\/v2\/product_tag?post=2587"}],"curies":[{"name":"wp","href":"https:\/\/api.w.org\/{rel}","templated":true}]}}