{"id":2567,"date":"2019-12-19T13:59:41","date_gmt":"2019-12-19T12:59:41","guid":{"rendered":"https:\/\/www.tamtamsn.com\/location\/produit\/pied-de-micro-perche-km\/"},"modified":"2025-08-13T15:42:21","modified_gmt":"2025-08-13T13:42:21","slug":"cob-plano-jbsystems","status":"publish","type":"product","link":"https:\/\/www.tamtamsn.com\/location\/produit\/cob-plano-jbsystems\/","title":{"rendered":"Projecteur COB Plano JB Systems"},"content":{"rendered":"<p>&nbsp;<\/p>\n<p>Diff\u00e9rents modes de fonctionnement\u00a0:<\/p>\n<p>&nbsp;<\/p>\n<ul>\n<li style=\"list-style-type: none;\">\n<ul>\n<li><strong>Autonome avec la t\u00e9l\u00e9commande infrarouge\u00a0:<\/strong>\u00a0motifs de couleurs synchronis\u00e9es automatiques ou selon le rythme.<\/li>\n<li><strong>Mode ma\u00eetre\/esclave\u00a0:<\/strong>\u00a0plusieurs projecteurs peuvent \u00eatre connect\u00e9s les uns aux autres pour obtenir de merveilleux spectacles de lumi\u00e8re synchronis\u00e9e avec la musique et pr\u00e9programm\u00e9e.<\/li>\n<li><strong>Command\u00e9s par DMX\u00a0:<\/strong>diff\u00e9rents modes de canaux avec s\u00e9lection de programme et commande RVB individuelle.<\/li>\n<li>Utilisable avec le contr\u00f4leur simple<strong>\u00a0LEDCON-02 Mk2\u00a0<\/strong>!<\/li>\n<\/ul>\n<\/li>\n<\/ul>\n","protected":false},"excerpt":{"rendered":"<div class=\"main-container col1-layout\">\n<div class=\"main container\">\n<div class=\"inner-container\">\n<div class=\"col-main\">\n<div class=\"product-view nested-container\">\n<div class=\"box-additional grid12-9\">\n<div class=\"box-collateral collateral-container box-tabs\">\n<div id=\"product-tabs\" class=\"gen-tabs gen-tabs--style1\">\n<div class=\"tabs-panels\">\n<div class=\"panel\">\n<div class=\"std\"><\/div>\n<\/div>\n<\/div>\n<\/div>\n<\/div>\n<\/div>\n<div class=\"box-additional box-sidebar custom-sidebar-right grid12-3\">\n<div class=\"inner\">\n<div class=\"box-collateral box-related\">\n<div class=\"block block-related block-related-thumbnails\">\n<div class=\"itemslider-wrapper itemslider-related-wrapper slider-arrows1 slider-arrows1-pos-top-right slider-pagination1\">\n<div id=\"itemslider-related-multi\" class=\"itemslider owl-carousel owl-theme\">\n<div class=\"owl-controls clickable\">\n<div class=\"owl-buttons\">\n<div class=\"owl-prev\">\n<ul>\n<li>Projecteur lumineux COB tr\u00e8s compact \u00e0 \u00e9conomie d&rsquo;\u00e9nergie\u00a0!<\/li>\n<li>Aucune LED \u00e0 part\u00a0: \u00e9quip\u00e9 d&rsquo;une LED COB 36W qui garantit un assortiment de couleur parfait et semblable \u00e0 une ampoule traditionnelle\u00a0!<\/li>\n<li>Deux angles de projection diff\u00e9rents\u00a0: Angle large de 100\u00b0 ou de 15\u00b0 seulement lors de l&rsquo;utilisation de la lentille incluse.<\/li>\n<li>T\u00e9l\u00e9commande infrarouge incluse\u00a0: aucun contr\u00f4leur complexe n\u00e9cessaire, parfait pour les DJ\u00a0!<\/li>\n<li>Parfait pour les applications mobiles\u00a0: consommation d&rsquo;\u00e9nergie tr\u00e8s faible et encombrement minimal<\/li>\n<li>Plusieurs utilisations possibles\u00a0: Discoth\u00e8ques, DJ, compagnies de location, etc.<\/li>\n<li>Fonctions de gradation 0-100% et stroboscope ultrarapide (pas besoin de stroboscopes suppl\u00e9mentaires\u00a0!)<\/li>\n<li>Afficheur \u00e0 LEDs lumineuses sur 4 caract\u00e8res pour une navigation par menu simple<\/li>\n<li>Support double\u00a0: installation simple comme projecteur au sol\u00a0!<\/li>\n<li>Montable aussi \u00e0 l&rsquo;int\u00e9rieur d&rsquo;une poutre QUATTRO 290 ALU, une fois la poutre install\u00e9e\u00a0!<\/li>\n<\/ul>\n<\/div>\n<div class=\"owl-next\"><\/div>\n<\/div>\n<\/div>\n<\/div>\n<\/div>\n<\/div>\n<\/div>\n<\/div>\n<\/div>\n<div class=\"box-additional grid12-9\"><\/div>\n<\/div>\n<\/div>\n<div class=\"postscript\"><\/div>\n<\/div>\n<\/div>\n<div class=\"main-bottom-container\"><\/div>\n<\/div>\n<div class=\"footer-container\">\n<div class=\"footer-container2\">\n<div class=\"footer-container3\">\n<div class=\"footer-top-container section-container\">\n<div class=\"footer-top footer container\">\n<div class=\"inner-container\">\n<div class=\"section clearer\">\n<div class=\"item\">\n<div class=\"grid12-3\"><\/div>\n<\/div>\n<\/div>\n<\/div>\n<\/div>\n<\/div>\n<\/div>\n<\/div>\n<\/div>\n","protected":false},"featured_media":4854,"template":"","meta":[],"product_brand":[],"product_cat":[553,1514],"product_tag":[1047],"class_list":{"0":"post-2567","1":"product","2":"type-product","3":"status-publish","4":"has-post-thumbnail","6":"product_cat-eclairage-light-oeuvre","7":"product_cat-projecteur-colorisation","8":"product_tag-location-projecteur","10":"first","11":"instock","12":"taxable","13":"shipping-taxable","14":"purchasable","15":"product-type-simple"},"yoast_head":"<!-- This site is optimized with the Yoast SEO Premium plugin v27.4 (Yoast SEO v27.6) - https:\/\/yoast.com\/product\/yoast-seo-premium-wordpress\/ -->\n<title>Location de projecteur led TAMTAM Annemasse<\/title>\n<meta name=\"description\" content=\"Location de projecteur led pour votre \u00e9v\u00e9nement entre Annemasse, Gen\u00e8ve, Evian. Location de Mat\u00e9riel de Sonorisation, Eclairage et Vid\u00e9o en Haute-Savoie.\" \/>\n<meta name=\"robots\" content=\"index, follow, max-snippet:-1, max-image-preview:large, max-video-preview:-1\" \/>\n<link rel=\"canonical\" href=\"https:\/\/www.tamtamsn.com\/location\/produit\/cob-plano-jbsystems\/\" \/>\n<meta property=\"og:locale\" content=\"fr_FR\" \/>\n<meta property=\"og:type\" content=\"article\" \/>\n<meta property=\"og:title\" content=\"Projecteur COB Plano JB Systems\" \/>\n<meta property=\"og:description\" content=\"Projecteur lumineux COB tr\u00e8s compact \u00e0 \u00e9conomie d&#039;\u00e9nergie\u00a0!  Aucune LED \u00e0 part\u00a0: \u00e9quip\u00e9 d&#039;une LED COB 36W qui garantit un assortiment de couleur parfait et semblable \u00e0 une ampoule traditionnelle\u00a0!  Deux angles de projection diff\u00e9rents\u00a0: Angle large de 100\u00b0 ou de 15\u00b0 seulement lors de l&#039;utilisation de la lentille incluse.  T\u00e9l\u00e9commande infrarouge incluse\u00a0: aucun contr\u00f4leur complexe n\u00e9cessaire, parfait pour les DJ\u00a0!  Parfait pour les applications mobiles\u00a0: consommation d&#039;\u00e9nergie tr\u00e8s faible et encombrement minimal  Plusieurs utilisations possibles\u00a0: Discoth\u00e8ques, DJ, compagnies de location, etc.  Fonctions de gradation 0-100% et stroboscope ultrarapide (pas besoin de stroboscopes suppl\u00e9mentaires\u00a0!)  Afficheur \u00e0 LEDs lumineuses sur 4 caract\u00e8res pour une navigation par menu simple  Support double\u00a0: installation simple comme projecteur au sol\u00a0!  Montable aussi \u00e0 l&#039;int\u00e9rieur d&#039;une poutre QUATTRO 290 ALU, une fois la poutre install\u00e9e\u00a0!\" \/>\n<meta property=\"og:url\" content=\"https:\/\/www.tamtamsn.com\/location\/produit\/cob-plano-jbsystems\/\" \/>\n<meta property=\"og:site_name\" content=\"TAMTAM Annemasse - Espace Location\" \/>\n<meta property=\"article:publisher\" content=\"https:\/\/www.facebook.com\/tamtam74100\" \/>\n<meta property=\"article:modified_time\" content=\"2025-08-13T13:42:21+00:00\" \/>\n<meta property=\"og:image\" content=\"https:\/\/www.tamtamsn.com\/location\/wp-content\/uploads\/sites\/3\/2019\/12\/cob-plano-jb-systems-2.jpg\" \/>\n\t<meta property=\"og:image:width\" content=\"452\" \/>\n\t<meta property=\"og:image:height\" content=\"584\" \/>\n\t<meta property=\"og:image:type\" content=\"image\/jpeg\" \/>\n<meta name=\"twitter:card\" content=\"summary_large_image\" \/>\n<meta name=\"twitter:label1\" content=\"Dur\u00e9e de lecture estim\u00e9e\" \/>\n\t<meta name=\"twitter:data1\" content=\"1 minute\" \/>\n<script type=\"application\/ld+json\" class=\"yoast-schema-graph\">{\"@context\":\"https:\\\/\\\/schema.org\",\"@graph\":[{\"@type\":[\"WebPage\",\"ItemPage\"],\"@id\":\"https:\\\/\\\/www.tamtamsn.com\\\/location\\\/produit\\\/cob-plano-jbsystems\\\/\",\"url\":\"https:\\\/\\\/www.tamtamsn.com\\\/location\\\/produit\\\/cob-plano-jbsystems\\\/\",\"name\":\"Location de projecteur led TAMTAM Annemasse\",\"isPartOf\":{\"@id\":\"https:\\\/\\\/www.tamtamsn.com\\\/location\\\/#website\"},\"primaryImageOfPage\":{\"@id\":\"https:\\\/\\\/www.tamtamsn.com\\\/location\\\/produit\\\/cob-plano-jbsystems\\\/#primaryimage\"},\"image\":{\"@id\":\"https:\\\/\\\/www.tamtamsn.com\\\/location\\\/produit\\\/cob-plano-jbsystems\\\/#primaryimage\"},\"thumbnailUrl\":\"https:\\\/\\\/www.tamtamsn.com\\\/location\\\/wp-content\\\/uploads\\\/sites\\\/3\\\/2019\\\/12\\\/cob-plano-jb-systems-2.jpg\",\"datePublished\":\"2019-12-19T12:59:41+00:00\",\"dateModified\":\"2025-08-13T13:42:21+00:00\",\"description\":\"Location de projecteur led pour votre \u00e9v\u00e9nement entre Annemasse, Gen\u00e8ve, Evian. Location de Mat\u00e9riel de Sonorisation, Eclairage et Vid\u00e9o en Haute-Savoie.\",\"breadcrumb\":{\"@id\":\"https:\\\/\\\/www.tamtamsn.com\\\/location\\\/produit\\\/cob-plano-jbsystems\\\/#breadcrumb\"},\"inLanguage\":\"fr-FR\",\"potentialAction\":[{\"@type\":\"ReadAction\",\"target\":[\"https:\\\/\\\/www.tamtamsn.com\\\/location\\\/produit\\\/cob-plano-jbsystems\\\/\"]}]},{\"@type\":\"ImageObject\",\"inLanguage\":\"fr-FR\",\"@id\":\"https:\\\/\\\/www.tamtamsn.com\\\/location\\\/produit\\\/cob-plano-jbsystems\\\/#primaryimage\",\"url\":\"https:\\\/\\\/www.tamtamsn.com\\\/location\\\/wp-content\\\/uploads\\\/sites\\\/3\\\/2019\\\/12\\\/cob-plano-jb-systems-2.jpg\",\"contentUrl\":\"https:\\\/\\\/www.tamtamsn.com\\\/location\\\/wp-content\\\/uploads\\\/sites\\\/3\\\/2019\\\/12\\\/cob-plano-jb-systems-2.jpg\",\"width\":452,\"height\":584},{\"@type\":\"BreadcrumbList\",\"@id\":\"https:\\\/\\\/www.tamtamsn.com\\\/location\\\/produit\\\/cob-plano-jbsystems\\\/#breadcrumb\",\"itemListElement\":[{\"@type\":\"ListItem\",\"position\":1,\"name\":\"Catalogue de Location de Mat\u00e9riel de Sonorisation, Eclairage &amp; Vid\u00e9o en Haute-Savoie\",\"item\":\"https:\\\/\\\/www.tamtamsn.com\\\/location\\\/\"},{\"@type\":\"ListItem\",\"position\":2,\"name\":\"Notre Catalogue Location en ligne\",\"item\":\"https:\\\/\\\/www.tamtamsn.com\\\/location\\\/catalogue-en-ligne-location-sonorisation-eclairage-video\\\/\"},{\"@type\":\"ListItem\",\"position\":3,\"name\":\"Location Projecteur\",\"item\":\"https:\\\/\\\/www.tamtamsn.com\\\/location\\\/etiquette-produit\\\/location-projecteur\\\/\"},{\"@type\":\"ListItem\",\"position\":4,\"name\":\"Projecteur COB Plano JB Systems\"}]},{\"@type\":\"WebSite\",\"@id\":\"https:\\\/\\\/www.tamtamsn.com\\\/location\\\/#website\",\"url\":\"https:\\\/\\\/www.tamtamsn.com\\\/location\\\/\",\"name\":\"TAMTAM Annemasse - Espace Location\",\"description\":\"Location de mat\u00e9riel de Sonorisation, Eclairage et Vid\u00e9o \u00e0 Annemasse, Haute-Savoie et sur le Bassin Genevois\",\"publisher\":{\"@id\":\"https:\\\/\\\/www.tamtamsn.com\\\/location\\\/#organization\"},\"potentialAction\":[{\"@type\":\"SearchAction\",\"target\":{\"@type\":\"EntryPoint\",\"urlTemplate\":\"https:\\\/\\\/www.tamtamsn.com\\\/location\\\/?s={search_term_string}\"},\"query-input\":{\"@type\":\"PropertyValueSpecification\",\"valueRequired\":true,\"valueName\":\"search_term_string\"}}],\"inLanguage\":\"fr-FR\"},{\"@type\":\"Organization\",\"@id\":\"https:\\\/\\\/www.tamtamsn.com\\\/location\\\/#organization\",\"name\":\"TAMTAM\",\"url\":\"https:\\\/\\\/www.tamtamsn.com\\\/location\\\/\",\"logo\":{\"@type\":\"ImageObject\",\"inLanguage\":\"fr-FR\",\"@id\":\"https:\\\/\\\/www.tamtamsn.com\\\/location\\\/#\\\/schema\\\/logo\\\/image\\\/\",\"url\":\"\",\"contentUrl\":\"\",\"caption\":\"TAMTAM\"},\"image\":{\"@id\":\"https:\\\/\\\/www.tamtamsn.com\\\/location\\\/#\\\/schema\\\/logo\\\/image\\\/\"},\"sameAs\":[\"https:\\\/\\\/www.facebook.com\\\/tamtam74100\"]}]}<\/script>\n<!-- \/ Yoast SEO Premium plugin. -->","yoast_head_json":{"title":"Location de projecteur led TAMTAM Annemasse","description":"Location de projecteur led pour votre \u00e9v\u00e9nement entre Annemasse, Gen\u00e8ve, Evian. Location de Mat\u00e9riel de Sonorisation, Eclairage et Vid\u00e9o en Haute-Savoie.","robots":{"index":"index","follow":"follow","max-snippet":"max-snippet:-1","max-image-preview":"max-image-preview:large","max-video-preview":"max-video-preview:-1"},"canonical":"https:\/\/www.tamtamsn.com\/location\/produit\/cob-plano-jbsystems\/","og_locale":"fr_FR","og_type":"article","og_title":"Projecteur COB Plano JB Systems","og_description":"Projecteur lumineux COB tr\u00e8s compact \u00e0 \u00e9conomie d'\u00e9nergie\u00a0!  Aucune LED \u00e0 part\u00a0: \u00e9quip\u00e9 d'une LED COB 36W qui garantit un assortiment de couleur parfait et semblable \u00e0 une ampoule traditionnelle\u00a0!  Deux angles de projection diff\u00e9rents\u00a0: Angle large de 100\u00b0 ou de 15\u00b0 seulement lors de l'utilisation de la lentille incluse.  T\u00e9l\u00e9commande infrarouge incluse\u00a0: aucun contr\u00f4leur complexe n\u00e9cessaire, parfait pour les DJ\u00a0!  Parfait pour les applications mobiles\u00a0: consommation d'\u00e9nergie tr\u00e8s faible et encombrement minimal  Plusieurs utilisations possibles\u00a0: Discoth\u00e8ques, DJ, compagnies de location, etc.  Fonctions de gradation 0-100% et stroboscope ultrarapide (pas besoin de stroboscopes suppl\u00e9mentaires\u00a0!)  Afficheur \u00e0 LEDs lumineuses sur 4 caract\u00e8res pour une navigation par menu simple  Support double\u00a0: installation simple comme projecteur au sol\u00a0!  Montable aussi \u00e0 l'int\u00e9rieur d'une poutre QUATTRO 290 ALU, une fois la poutre install\u00e9e\u00a0!","og_url":"https:\/\/www.tamtamsn.com\/location\/produit\/cob-plano-jbsystems\/","og_site_name":"TAMTAM Annemasse - Espace Location","article_publisher":"https:\/\/www.facebook.com\/tamtam74100","article_modified_time":"2025-08-13T13:42:21+00:00","og_image":[{"width":452,"height":584,"url":"https:\/\/www.tamtamsn.com\/location\/wp-content\/uploads\/sites\/3\/2019\/12\/cob-plano-jb-systems-2.jpg","type":"image\/jpeg"}],"twitter_card":"summary_large_image","twitter_misc":{"Dur\u00e9e de lecture estim\u00e9e":"1 minute"},"schema":{"@context":"https:\/\/schema.org","@graph":[{"@type":["WebPage","ItemPage"],"@id":"https:\/\/www.tamtamsn.com\/location\/produit\/cob-plano-jbsystems\/","url":"https:\/\/www.tamtamsn.com\/location\/produit\/cob-plano-jbsystems\/","name":"Location de projecteur led TAMTAM Annemasse","isPartOf":{"@id":"https:\/\/www.tamtamsn.com\/location\/#website"},"primaryImageOfPage":{"@id":"https:\/\/www.tamtamsn.com\/location\/produit\/cob-plano-jbsystems\/#primaryimage"},"image":{"@id":"https:\/\/www.tamtamsn.com\/location\/produit\/cob-plano-jbsystems\/#primaryimage"},"thumbnailUrl":"https:\/\/www.tamtamsn.com\/location\/wp-content\/uploads\/sites\/3\/2019\/12\/cob-plano-jb-systems-2.jpg","datePublished":"2019-12-19T12:59:41+00:00","dateModified":"2025-08-13T13:42:21+00:00","description":"Location de projecteur led pour votre \u00e9v\u00e9nement entre Annemasse, Gen\u00e8ve, Evian. Location de Mat\u00e9riel de Sonorisation, Eclairage et Vid\u00e9o en Haute-Savoie.","breadcrumb":{"@id":"https:\/\/www.tamtamsn.com\/location\/produit\/cob-plano-jbsystems\/#breadcrumb"},"inLanguage":"fr-FR","potentialAction":[{"@type":"ReadAction","target":["https:\/\/www.tamtamsn.com\/location\/produit\/cob-plano-jbsystems\/"]}]},{"@type":"ImageObject","inLanguage":"fr-FR","@id":"https:\/\/www.tamtamsn.com\/location\/produit\/cob-plano-jbsystems\/#primaryimage","url":"https:\/\/www.tamtamsn.com\/location\/wp-content\/uploads\/sites\/3\/2019\/12\/cob-plano-jb-systems-2.jpg","contentUrl":"https:\/\/www.tamtamsn.com\/location\/wp-content\/uploads\/sites\/3\/2019\/12\/cob-plano-jb-systems-2.jpg","width":452,"height":584},{"@type":"BreadcrumbList","@id":"https:\/\/www.tamtamsn.com\/location\/produit\/cob-plano-jbsystems\/#breadcrumb","itemListElement":[{"@type":"ListItem","position":1,"name":"Catalogue de Location de Mat\u00e9riel de Sonorisation, Eclairage &amp; Vid\u00e9o en Haute-Savoie","item":"https:\/\/www.tamtamsn.com\/location\/"},{"@type":"ListItem","position":2,"name":"Notre Catalogue Location en ligne","item":"https:\/\/www.tamtamsn.com\/location\/catalogue-en-ligne-location-sonorisation-eclairage-video\/"},{"@type":"ListItem","position":3,"name":"Location Projecteur","item":"https:\/\/www.tamtamsn.com\/location\/etiquette-produit\/location-projecteur\/"},{"@type":"ListItem","position":4,"name":"Projecteur COB Plano JB Systems"}]},{"@type":"WebSite","@id":"https:\/\/www.tamtamsn.com\/location\/#website","url":"https:\/\/www.tamtamsn.com\/location\/","name":"TAMTAM Annemasse - Espace Location","description":"Location de mat\u00e9riel de Sonorisation, Eclairage et Vid\u00e9o \u00e0 Annemasse, Haute-Savoie et sur le Bassin Genevois","publisher":{"@id":"https:\/\/www.tamtamsn.com\/location\/#organization"},"potentialAction":[{"@type":"SearchAction","target":{"@type":"EntryPoint","urlTemplate":"https:\/\/www.tamtamsn.com\/location\/?s={search_term_string}"},"query-input":{"@type":"PropertyValueSpecification","valueRequired":true,"valueName":"search_term_string"}}],"inLanguage":"fr-FR"},{"@type":"Organization","@id":"https:\/\/www.tamtamsn.com\/location\/#organization","name":"TAMTAM","url":"https:\/\/www.tamtamsn.com\/location\/","logo":{"@type":"ImageObject","inLanguage":"fr-FR","@id":"https:\/\/www.tamtamsn.com\/location\/#\/schema\/logo\/image\/","url":"","contentUrl":"","caption":"TAMTAM"},"image":{"@id":"https:\/\/www.tamtamsn.com\/location\/#\/schema\/logo\/image\/"},"sameAs":["https:\/\/www.facebook.com\/tamtam74100"]}]}},"jetpack_sharing_enabled":true,"_links":{"self":[{"href":"https:\/\/www.tamtamsn.com\/location\/wp-json\/wp\/v2\/product\/2567","targetHints":{"allow":["GET"]}}],"collection":[{"href":"https:\/\/www.tamtamsn.com\/location\/wp-json\/wp\/v2\/product"}],"about":[{"href":"https:\/\/www.tamtamsn.com\/location\/wp-json\/wp\/v2\/types\/product"}],"wp:featuredmedia":[{"embeddable":true,"href":"https:\/\/www.tamtamsn.com\/location\/wp-json\/wp\/v2\/media\/4854"}],"wp:attachment":[{"href":"https:\/\/www.tamtamsn.com\/location\/wp-json\/wp\/v2\/media?parent=2567"}],"wp:term":[{"taxonomy":"product_brand","embeddable":true,"href":"https:\/\/www.tamtamsn.com\/location\/wp-json\/wp\/v2\/product_brand?post=2567"},{"taxonomy":"product_cat","embeddable":true,"href":"https:\/\/www.tamtamsn.com\/location\/wp-json\/wp\/v2\/product_cat?post=2567"},{"taxonomy":"product_tag","embeddable":true,"href":"https:\/\/www.tamtamsn.com\/location\/wp-json\/wp\/v2\/product_tag?post=2567"}],"curies":[{"name":"wp","href":"https:\/\/api.w.org\/{rel}","templated":true}]}}