{"id":2547,"date":"2019-12-19T13:59:39","date_gmt":"2019-12-19T12:59:39","guid":{"rendered":"https:\/\/www.tamtamsn.com\/location\/produit\/systeme-qsc-k12-k-sub-4000w\/"},"modified":"2025-08-14T12:45:47","modified_gmt":"2025-08-14T10:45:47","slug":"systeme-rcf-932-a-rcf-8003","status":"publish","type":"product","link":"https:\/\/www.tamtamsn.com\/location\/produit\/systeme-rcf-932-a-rcf-8003\/","title":{"rendered":"Syst\u00e8me Son RCF 932 A + Caissons RCF 708AS"},"content":{"rendered":"<p>La location du Syst\u00e8me Son amplifi\u00e9 RCF 932 A + Caissons RCF 708AS, est un syst\u00e8me complet de 2x 2000w, qui inclus:<\/p>\n<ul>\n<li>2x\u00a0<a href=\"https:\/\/www.tamtamsn.com\/location\/produit\/enceinte-amplifiee-qsc-k12\/\">Enceintes amplifi\u00e9es RCF 932 A<\/a><br \/>\n<em>Enceinte amplifi\u00e9e de 1000W<\/em><\/li>\n<li>2x caisson de bass RCF 708AS<br \/>\nCaisson de basses amplifi\u00e9 de 1400W<\/li>\n<li>2x Barres de couplage T\u00eate\/Caisson<\/li>\n<\/ul>\n<p><em>La 932 A de RCF est sans doute une des meilleurs r\u00e9f\u00e9rences du march\u00e9 en terme d&rsquo;enceinte amplifi\u00e9e.<br \/>\nAccompagn\u00e9e de son SUB, ce Syst\u00e8me complet vous offrira un son parfait pour tous vos \u00e9v\u00e9nements.<\/em><\/p>\n<p><span style=\"text-decoration: underline;\"><strong>Caract\u00e9ristiques Techniques:<\/strong><\/span><\/p>\n<ul>\n<li><strong><b>Puissance de l&rsquo;enceinte<\/b>:<\/strong>\u00a01000 W RMS Classe D<\/li>\n<li><b>Maximum SPL @ 1 m <strong> de l&rsquo;enceinte<\/strong>:<\/b> 132 dB SPL de cr\u00eate \u00e0 1 m<\/li>\n<li><b>Dispersion:<\/b> 100\u00b0X60\u00b0<\/li>\n<li><strong>Moteur compression <b>de l&rsquo;enceinte<\/b>:<\/strong> 3\u00a0\u00bb<\/li>\n<li><strong>Woofer <b>de l&rsquo;enceinte<\/b>:<\/strong>\u00a012&Prime;<\/li>\n<li><b>Puissance du Caisson: <\/b>1400 W<\/li>\n<li><b>Maximum SPL @ 1 m du Caisson:\u00a0<\/b>133 dB SPL<\/li>\n<li><strong>Woofer <b>du Caisson<\/b>:<\/strong> 18&Prime; avec bobine 4&Prime;<\/li>\n<li><b>R\u00e9ponse en fr\u00e9quences\u00a0 : <\/b>35 Hz &#8211; 120Hz<\/li>\n<li>1x Entr\u00e9e Line sur Combo XLR\/Jack<\/li>\n<li>1x Entr\u00e9e Line sur Combo XLR\/Jack<\/li>\n<\/ul>\n<p>&nbsp;<\/p>\n<div class=\"foule_icone icone_text\" style=\"text-align: center;\"><img decoding=\"async\" data-attachment-id=\"3726\" data-permalink=\"https:\/\/www.tamtamsn.com\/location\/?attachment_id=3726\" data-orig-file=\"https:\/\/www.tamtamsn.com\/location\/wp-content\/uploads\/sites\/3\/2020\/05\/Foule_icone.png\" data-orig-size=\"383,187\" data-comments-opened=\"1\" data-image-meta=\"{&quot;aperture&quot;:&quot;0&quot;,&quot;credit&quot;:&quot;&quot;,&quot;camera&quot;:&quot;&quot;,&quot;caption&quot;:&quot;&quot;,&quot;created_timestamp&quot;:&quot;0&quot;,&quot;copyright&quot;:&quot;&quot;,&quot;focal_length&quot;:&quot;0&quot;,&quot;iso&quot;:&quot;0&quot;,&quot;shutter_speed&quot;:&quot;0&quot;,&quot;title&quot;:&quot;&quot;,&quot;orientation&quot;:&quot;0&quot;}\" data-image-title=\"Foule icone\" data-image-description=\"&lt;p&gt;Foule icone&lt;\/p&gt;\n\" data-image-caption=\"&lt;p&gt;Foule icone&lt;\/p&gt;\n\" data-medium-file=\"https:\/\/www.tamtamsn.com\/location\/wp-content\/uploads\/sites\/3\/2020\/05\/Foule_icone-300x146.png\" data-large-file=\"https:\/\/www.tamtamsn.com\/location\/wp-content\/uploads\/sites\/3\/2020\/05\/Foule_icone.png\" class=\"alignnone wp-image-3726\" src=\"https:\/\/www.tamtamsn.com\/location\/wp-content\/uploads\/sites\/3\/2020\/05\/Foule_icone.png\" alt=\"Nbr de Personnes\" width=\"270\" height=\"132\" srcset=\"https:\/\/www.tamtamsn.com\/location\/wp-content\/uploads\/sites\/3\/2020\/05\/Foule_icone.png 383w, https:\/\/www.tamtamsn.com\/location\/wp-content\/uploads\/sites\/3\/2020\/05\/Foule_icone-300x146.png 300w, https:\/\/www.tamtamsn.com\/location\/wp-content\/uploads\/sites\/3\/2020\/05\/Foule_icone-150x73.png 150w, https:\/\/www.tamtamsn.com\/location\/wp-content\/uploads\/sites\/3\/2020\/05\/Foule_icone-64x31.png 64w\" sizes=\"(max-width: 270px) 100vw, 270px\" \/><strong>Id\u00e9al pour vos \u00e9v\u00e9nements jusqu&rsquo;\u00e0 300 personnes.<\/strong><\/div>\n<p style=\"text-align: center;\"><b>Retrouvez tout notre catalogue de <a href=\"https:\/\/www.tamtamsn.com\/location\/categorie-produit\/sonorisation\/\">location de Sonorisation en Haute-Savoie<\/a>.<\/b><\/p>\n<p style=\"text-align: center;\">\n","protected":false},"excerpt":{"rendered":"<ul>\n<li>Syst\u00e8me complet de 2x 2000w<\/li>\n<li>2x Enceintes amplifi\u00e9es RCF 932 A<\/li>\n<li>2x Caisson de basses amplifi\u00e9s RCF 708AS<\/li>\n<\/ul>\n","protected":false},"featured_media":4389,"template":"","meta":[],"product_brand":[],"product_cat":[551,558,556],"product_tag":[1115,1116,1490,1108,1112,1167,1157,1158],"class_list":{"0":"post-2547","1":"product","2":"type-product","3":"status-publish","4":"has-post-thumbnail","6":"product_cat-enceinte","7":"product_cat-nos-packs-son","8":"product_cat-tous-nos-packs","9":"product_tag-location-caisson-de-basses","10":"product_tag-location-caisson-de-basses-amplifie","11":"product_tag-location-caisson-de-basses-rcf","12":"product_tag-location-enceinte","13":"product_tag-location-enceinte-amplifiee","14":"product_tag-location-enceinte-rcf","15":"product_tag-location-pack-enceintes","16":"product_tag-location-pack-enceintes-caissons","17":"pa_marque-rcf","19":"first","20":"instock","21":"taxable","22":"shipping-taxable","23":"purchasable","24":"product-type-simple"},"yoast_head":"<!-- This site is optimized with the Yoast SEO Premium plugin v27.3 (Yoast SEO v27.3) - https:\/\/yoast.com\/product\/yoast-seo-premium-wordpress\/ -->\n<title>Location de RCF 932 A + Caissons 8003 - TAMTAM Annemasse<\/title>\n<meta name=\"description\" content=\"Location de Syst\u00e8me Son RCF 932 A + Caissons RCF 708AS pour votre \u00e9v\u00e9nement entre Annemasse, Bonneville, Annecy. Location de Mat\u00e9riel de Sonorisation, Eclairage et Vid\u00e9o en Haute-Savoie.\" \/>\n<meta name=\"robots\" content=\"index, follow, max-snippet:-1, max-image-preview:large, max-video-preview:-1\" \/>\n<link rel=\"canonical\" href=\"https:\/\/www.tamtamsn.com\/location\/produit\/systeme-rcf-932-a-rcf-8003\/\" \/>\n<meta property=\"og:locale\" content=\"fr_FR\" \/>\n<meta property=\"og:type\" content=\"article\" \/>\n<meta property=\"og:title\" content=\"Syst\u00e8me Son RCF 932 A + Caissons RCF 708AS\" \/>\n<meta property=\"og:description\" content=\"Syst\u00e8me complet de 2x 2000w  2x Enceintes amplifi\u00e9es RCF 932 A  2x Caisson de basses amplifi\u00e9s RCF 708AS\" \/>\n<meta property=\"og:url\" content=\"https:\/\/www.tamtamsn.com\/location\/produit\/systeme-rcf-932-a-rcf-8003\/\" \/>\n<meta property=\"og:site_name\" content=\"TAMTAM Annemasse - Espace Location\" \/>\n<meta property=\"article:publisher\" content=\"https:\/\/www.facebook.com\/tamtam74100\" \/>\n<meta property=\"article:modified_time\" content=\"2025-08-14T10:45:47+00:00\" \/>\n<meta property=\"og:image\" content=\"https:\/\/www.tamtamsn.com\/location\/wp-content\/uploads\/sites\/3\/2019\/12\/RCF-932-A-8003.jpg\" \/>\n\t<meta property=\"og:image:width\" content=\"1080\" \/>\n\t<meta property=\"og:image:height\" content=\"1080\" \/>\n\t<meta property=\"og:image:type\" content=\"image\/jpeg\" \/>\n<meta name=\"twitter:card\" content=\"summary_large_image\" \/>\n<meta name=\"twitter:label1\" content=\"Dur\u00e9e de lecture estim\u00e9e\" \/>\n\t<meta name=\"twitter:data1\" content=\"2 minutes\" \/>\n<script type=\"application\/ld+json\" class=\"yoast-schema-graph\">{\"@context\":\"https:\\\/\\\/schema.org\",\"@graph\":[{\"@type\":[\"WebPage\",\"ItemPage\"],\"@id\":\"https:\\\/\\\/www.tamtamsn.com\\\/location\\\/produit\\\/systeme-rcf-932-a-rcf-8003\\\/\",\"url\":\"https:\\\/\\\/www.tamtamsn.com\\\/location\\\/produit\\\/systeme-rcf-932-a-rcf-8003\\\/\",\"name\":\"Location de RCF 932 A + Caissons 8003 - TAMTAM Annemasse\",\"isPartOf\":{\"@id\":\"https:\\\/\\\/www.tamtamsn.com\\\/location\\\/#website\"},\"primaryImageOfPage\":{\"@id\":\"https:\\\/\\\/www.tamtamsn.com\\\/location\\\/produit\\\/systeme-rcf-932-a-rcf-8003\\\/#primaryimage\"},\"image\":{\"@id\":\"https:\\\/\\\/www.tamtamsn.com\\\/location\\\/produit\\\/systeme-rcf-932-a-rcf-8003\\\/#primaryimage\"},\"thumbnailUrl\":\"https:\\\/\\\/www.tamtamsn.com\\\/location\\\/wp-content\\\/uploads\\\/sites\\\/3\\\/2019\\\/12\\\/RCF-932-A-8003.jpg\",\"datePublished\":\"2019-12-19T12:59:39+00:00\",\"dateModified\":\"2025-08-14T10:45:47+00:00\",\"description\":\"Location de Syst\u00e8me Son RCF 932 A + Caissons RCF 708AS pour votre \u00e9v\u00e9nement entre Annemasse, Bonneville, Annecy. Location de Mat\u00e9riel de Sonorisation, Eclairage et Vid\u00e9o en Haute-Savoie.\",\"breadcrumb\":{\"@id\":\"https:\\\/\\\/www.tamtamsn.com\\\/location\\\/produit\\\/systeme-rcf-932-a-rcf-8003\\\/#breadcrumb\"},\"inLanguage\":\"fr-FR\",\"potentialAction\":[{\"@type\":\"ReadAction\",\"target\":[\"https:\\\/\\\/www.tamtamsn.com\\\/location\\\/produit\\\/systeme-rcf-932-a-rcf-8003\\\/\"]}]},{\"@type\":\"ImageObject\",\"inLanguage\":\"fr-FR\",\"@id\":\"https:\\\/\\\/www.tamtamsn.com\\\/location\\\/produit\\\/systeme-rcf-932-a-rcf-8003\\\/#primaryimage\",\"url\":\"https:\\\/\\\/www.tamtamsn.com\\\/location\\\/wp-content\\\/uploads\\\/sites\\\/3\\\/2019\\\/12\\\/RCF-932-A-8003.jpg\",\"contentUrl\":\"https:\\\/\\\/www.tamtamsn.com\\\/location\\\/wp-content\\\/uploads\\\/sites\\\/3\\\/2019\\\/12\\\/RCF-932-A-8003.jpg\",\"width\":1080,\"height\":1080,\"caption\":\"pack rcf\"},{\"@type\":\"BreadcrumbList\",\"@id\":\"https:\\\/\\\/www.tamtamsn.com\\\/location\\\/produit\\\/systeme-rcf-932-a-rcf-8003\\\/#breadcrumb\",\"itemListElement\":[{\"@type\":\"ListItem\",\"position\":1,\"name\":\"Catalogue de Location de Mat\u00e9riel de Sonorisation, Eclairage &amp; Vid\u00e9o en Haute-Savoie\",\"item\":\"https:\\\/\\\/www.tamtamsn.com\\\/location\\\/\"},{\"@type\":\"ListItem\",\"position\":2,\"name\":\"Notre Catalogue Location en ligne\",\"item\":\"https:\\\/\\\/www.tamtamsn.com\\\/location\\\/catalogue-en-ligne-location-sonorisation-eclairage-video\\\/\"},{\"@type\":\"ListItem\",\"position\":3,\"name\":\"Location Caisson de basses\",\"item\":\"https:\\\/\\\/www.tamtamsn.com\\\/location\\\/etiquette-produit\\\/location-caisson-de-basses\\\/\"},{\"@type\":\"ListItem\",\"position\":4,\"name\":\"Syst\u00e8me Son RCF 932 A + Caissons RCF 708AS\"}]},{\"@type\":\"WebSite\",\"@id\":\"https:\\\/\\\/www.tamtamsn.com\\\/location\\\/#website\",\"url\":\"https:\\\/\\\/www.tamtamsn.com\\\/location\\\/\",\"name\":\"TAMTAM Annemasse - Espace Location\",\"description\":\"Location de mat\u00e9riel de Sonorisation, Eclairage et Vid\u00e9o \u00e0 Annemasse, Haute-Savoie et sur le Bassin Genevois\",\"publisher\":{\"@id\":\"https:\\\/\\\/www.tamtamsn.com\\\/location\\\/#organization\"},\"potentialAction\":[{\"@type\":\"SearchAction\",\"target\":{\"@type\":\"EntryPoint\",\"urlTemplate\":\"https:\\\/\\\/www.tamtamsn.com\\\/location\\\/?s={search_term_string}\"},\"query-input\":{\"@type\":\"PropertyValueSpecification\",\"valueRequired\":true,\"valueName\":\"search_term_string\"}}],\"inLanguage\":\"fr-FR\"},{\"@type\":\"Organization\",\"@id\":\"https:\\\/\\\/www.tamtamsn.com\\\/location\\\/#organization\",\"name\":\"TAMTAM\",\"url\":\"https:\\\/\\\/www.tamtamsn.com\\\/location\\\/\",\"logo\":{\"@type\":\"ImageObject\",\"inLanguage\":\"fr-FR\",\"@id\":\"https:\\\/\\\/www.tamtamsn.com\\\/location\\\/#\\\/schema\\\/logo\\\/image\\\/\",\"url\":\"\",\"contentUrl\":\"\",\"caption\":\"TAMTAM\"},\"image\":{\"@id\":\"https:\\\/\\\/www.tamtamsn.com\\\/location\\\/#\\\/schema\\\/logo\\\/image\\\/\"},\"sameAs\":[\"https:\\\/\\\/www.facebook.com\\\/tamtam74100\"]}]}<\/script>\n<!-- \/ Yoast SEO Premium plugin. -->","yoast_head_json":{"title":"Location de RCF 932 A + Caissons 8003 - TAMTAM Annemasse","description":"Location de Syst\u00e8me Son RCF 932 A + Caissons RCF 708AS pour votre \u00e9v\u00e9nement entre Annemasse, Bonneville, Annecy. Location de Mat\u00e9riel de Sonorisation, Eclairage et Vid\u00e9o en Haute-Savoie.","robots":{"index":"index","follow":"follow","max-snippet":"max-snippet:-1","max-image-preview":"max-image-preview:large","max-video-preview":"max-video-preview:-1"},"canonical":"https:\/\/www.tamtamsn.com\/location\/produit\/systeme-rcf-932-a-rcf-8003\/","og_locale":"fr_FR","og_type":"article","og_title":"Syst\u00e8me Son RCF 932 A + Caissons RCF 708AS","og_description":"Syst\u00e8me complet de 2x 2000w  2x Enceintes amplifi\u00e9es RCF 932 A  2x Caisson de basses amplifi\u00e9s RCF 708AS","og_url":"https:\/\/www.tamtamsn.com\/location\/produit\/systeme-rcf-932-a-rcf-8003\/","og_site_name":"TAMTAM Annemasse - Espace Location","article_publisher":"https:\/\/www.facebook.com\/tamtam74100","article_modified_time":"2025-08-14T10:45:47+00:00","og_image":[{"width":1080,"height":1080,"url":"https:\/\/www.tamtamsn.com\/location\/wp-content\/uploads\/sites\/3\/2019\/12\/RCF-932-A-8003.jpg","type":"image\/jpeg"}],"twitter_card":"summary_large_image","twitter_misc":{"Dur\u00e9e de lecture estim\u00e9e":"2 minutes"},"schema":{"@context":"https:\/\/schema.org","@graph":[{"@type":["WebPage","ItemPage"],"@id":"https:\/\/www.tamtamsn.com\/location\/produit\/systeme-rcf-932-a-rcf-8003\/","url":"https:\/\/www.tamtamsn.com\/location\/produit\/systeme-rcf-932-a-rcf-8003\/","name":"Location de RCF 932 A + Caissons 8003 - TAMTAM Annemasse","isPartOf":{"@id":"https:\/\/www.tamtamsn.com\/location\/#website"},"primaryImageOfPage":{"@id":"https:\/\/www.tamtamsn.com\/location\/produit\/systeme-rcf-932-a-rcf-8003\/#primaryimage"},"image":{"@id":"https:\/\/www.tamtamsn.com\/location\/produit\/systeme-rcf-932-a-rcf-8003\/#primaryimage"},"thumbnailUrl":"https:\/\/www.tamtamsn.com\/location\/wp-content\/uploads\/sites\/3\/2019\/12\/RCF-932-A-8003.jpg","datePublished":"2019-12-19T12:59:39+00:00","dateModified":"2025-08-14T10:45:47+00:00","description":"Location de Syst\u00e8me Son RCF 932 A + Caissons RCF 708AS pour votre \u00e9v\u00e9nement entre Annemasse, Bonneville, Annecy. Location de Mat\u00e9riel de Sonorisation, Eclairage et Vid\u00e9o en Haute-Savoie.","breadcrumb":{"@id":"https:\/\/www.tamtamsn.com\/location\/produit\/systeme-rcf-932-a-rcf-8003\/#breadcrumb"},"inLanguage":"fr-FR","potentialAction":[{"@type":"ReadAction","target":["https:\/\/www.tamtamsn.com\/location\/produit\/systeme-rcf-932-a-rcf-8003\/"]}]},{"@type":"ImageObject","inLanguage":"fr-FR","@id":"https:\/\/www.tamtamsn.com\/location\/produit\/systeme-rcf-932-a-rcf-8003\/#primaryimage","url":"https:\/\/www.tamtamsn.com\/location\/wp-content\/uploads\/sites\/3\/2019\/12\/RCF-932-A-8003.jpg","contentUrl":"https:\/\/www.tamtamsn.com\/location\/wp-content\/uploads\/sites\/3\/2019\/12\/RCF-932-A-8003.jpg","width":1080,"height":1080,"caption":"pack rcf"},{"@type":"BreadcrumbList","@id":"https:\/\/www.tamtamsn.com\/location\/produit\/systeme-rcf-932-a-rcf-8003\/#breadcrumb","itemListElement":[{"@type":"ListItem","position":1,"name":"Catalogue de Location de Mat\u00e9riel de Sonorisation, Eclairage &amp; Vid\u00e9o en Haute-Savoie","item":"https:\/\/www.tamtamsn.com\/location\/"},{"@type":"ListItem","position":2,"name":"Notre Catalogue Location en ligne","item":"https:\/\/www.tamtamsn.com\/location\/catalogue-en-ligne-location-sonorisation-eclairage-video\/"},{"@type":"ListItem","position":3,"name":"Location Caisson de basses","item":"https:\/\/www.tamtamsn.com\/location\/etiquette-produit\/location-caisson-de-basses\/"},{"@type":"ListItem","position":4,"name":"Syst\u00e8me Son RCF 932 A + Caissons RCF 708AS"}]},{"@type":"WebSite","@id":"https:\/\/www.tamtamsn.com\/location\/#website","url":"https:\/\/www.tamtamsn.com\/location\/","name":"TAMTAM Annemasse - Espace Location","description":"Location de mat\u00e9riel de Sonorisation, Eclairage et Vid\u00e9o \u00e0 Annemasse, Haute-Savoie et sur le Bassin Genevois","publisher":{"@id":"https:\/\/www.tamtamsn.com\/location\/#organization"},"potentialAction":[{"@type":"SearchAction","target":{"@type":"EntryPoint","urlTemplate":"https:\/\/www.tamtamsn.com\/location\/?s={search_term_string}"},"query-input":{"@type":"PropertyValueSpecification","valueRequired":true,"valueName":"search_term_string"}}],"inLanguage":"fr-FR"},{"@type":"Organization","@id":"https:\/\/www.tamtamsn.com\/location\/#organization","name":"TAMTAM","url":"https:\/\/www.tamtamsn.com\/location\/","logo":{"@type":"ImageObject","inLanguage":"fr-FR","@id":"https:\/\/www.tamtamsn.com\/location\/#\/schema\/logo\/image\/","url":"","contentUrl":"","caption":"TAMTAM"},"image":{"@id":"https:\/\/www.tamtamsn.com\/location\/#\/schema\/logo\/image\/"},"sameAs":["https:\/\/www.facebook.com\/tamtam74100"]}]}},"jetpack_sharing_enabled":true,"_links":{"self":[{"href":"https:\/\/www.tamtamsn.com\/location\/wp-json\/wp\/v2\/product\/2547","targetHints":{"allow":["GET"]}}],"collection":[{"href":"https:\/\/www.tamtamsn.com\/location\/wp-json\/wp\/v2\/product"}],"about":[{"href":"https:\/\/www.tamtamsn.com\/location\/wp-json\/wp\/v2\/types\/product"}],"wp:featuredmedia":[{"embeddable":true,"href":"https:\/\/www.tamtamsn.com\/location\/wp-json\/wp\/v2\/media\/4389"}],"wp:attachment":[{"href":"https:\/\/www.tamtamsn.com\/location\/wp-json\/wp\/v2\/media?parent=2547"}],"wp:term":[{"taxonomy":"product_brand","embeddable":true,"href":"https:\/\/www.tamtamsn.com\/location\/wp-json\/wp\/v2\/product_brand?post=2547"},{"taxonomy":"product_cat","embeddable":true,"href":"https:\/\/www.tamtamsn.com\/location\/wp-json\/wp\/v2\/product_cat?post=2547"},{"taxonomy":"product_tag","embeddable":true,"href":"https:\/\/www.tamtamsn.com\/location\/wp-json\/wp\/v2\/product_tag?post=2547"}],"curies":[{"name":"wp","href":"https:\/\/api.w.org\/{rel}","templated":true}]}}