{"id":2534,"date":"2019-12-19T13:59:37","date_gmt":"2019-12-19T12:59:37","guid":{"rendered":"https:\/\/www.tamtamsn.com\/location\/produit\/cube-led-slide-50cm-table-basse\/"},"modified":"2025-08-13T15:42:33","modified_gmt":"2025-08-13T13:42:33","slug":"bti-blizzard-wash1","status":"publish","type":"product","link":"https:\/\/www.tamtamsn.com\/location\/produit\/bti-blizzard-wash1\/","title":{"rendered":"BTI-BLIZZARD WASH1"},"content":{"rendered":"<ul>\n<li>Lyre WASH extr\u00eamement compacte et puissante, \u00e9quip\u00e9e de 7 LED RGBL OSRAM\u00ae 40W<\/li>\n<li><strong>Protection IP65 et fonctionnement silencieux<\/strong>\u00a0: parfait pour l&rsquo;ext\u00e9rieur et l&rsquo;int\u00e9rieur !<\/li>\n<li>L&rsquo;utilisation de LIME au lieu de blanc offre une palette de couleurs plus large et un blanc parfait avec un IRC \u00e9lev\u00e9<\/li>\n<li>Diff\u00e9rents pr\u00e9r\u00e9glages CCT \u00ab\u00a0Hi-CRI\u00a0\u00bb de 1800K \u00e0 10000K<\/li>\n<li>Zoom motoris\u00e9 de 4\u00b0 \u00e0 42\u00b0 (3,5\u00b0 en mode ultra \u00e9troit)<\/li>\n<li>Rendement lumineux (\u00e0 pleine puissance) :\n<ul>\n<li>16600 lux @ 5m (3,5\u00b0 ultra \u00e9troit)<\/li>\n<li>338 lux @ 5m (42\u00b0)<\/li>\n<\/ul>\n<\/li>\n<li>Contr\u00f4le de couleurs et de gradation 16 bits<\/li>\n<li>Contr\u00f4le en anneau : contr\u00f4le individuel pour le pixel central et l&rsquo;anneau ext\u00e9rieur<\/li>\n<li>Bague RGB halo avec de jolis effets int\u00e9gr\u00e9s pour le spectacle<\/li>\n<li>6 modes DMX : de 18 \u00e0 24 Canaux<\/li>\n<li>Entr\u00e9es\/sorties XLR 3 et 5 broches Seetronic IP65 pour une flexibilit\u00e9 maximale dans un environnement professionnel<\/li>\n<li>Entr\u00e9es\/sorties d&rsquo;alimentation Seetronic IP65 : jusqu&rsquo;\u00e0 16A peuvent \u00eatre encha\u00een\u00e9es pour une installation facile (compatible PowerCON TRUE-1)<\/li>\n<li>Pour une installation rapide, deux supports om\u00e9ga sont inclus<\/li>\n<li>Poids tr\u00e8s faible : seulement 10kg !<\/li>\n<li>Batterie de sauvegarde en option : les r\u00e9glages peuvent \u00eatre effectu\u00e9s sans brancher l&rsquo;appareil sur le secteur<\/li>\n<li>Module optionnel pour DMX sans fil disponible (W-DMX Sweden)<\/li>\n<li>100% Compatible avec le mod\u00e8le pr\u00e9c\u00e9dent BTX-BLIZZARD WASH1, seul le nom a chang\u00e9.<\/li>\n<\/ul>\n","protected":false},"excerpt":{"rendered":"<p>Lyre WASH extr\u00eamement compacte et puissante, \u00e9quip\u00e9e de 7 LED RGBL OSRAM\u00ae 40W Protection IP65 et fonctionnement silencieux\u00a0: parfait pour l&rsquo;ext\u00e9rieur et l&rsquo;int\u00e9rieur ! L&rsquo;utilisation de LIME au lieu de blanc offre une palette de couleurs plus large et un blanc parfait avec un IRC \u00e9lev\u00e9 Diff\u00e9rents pr\u00e9r\u00e9glages CCT \u00ab\u00a0Hi-CRI\u00a0\u00bb de 1800K \u00e0 10000K Zoom [&hellip;]<\/p>\n","protected":false},"featured_media":4952,"template":"","meta":[],"product_brand":[],"product_cat":[553,1515],"product_tag":[1416,1511],"class_list":{"0":"post-2534","1":"product","2":"type-product","3":"status-publish","4":"has-post-thumbnail","6":"product_cat-eclairage-light-oeuvre","7":"product_cat-location-de-lyres-led-sur-la-haute-savoie-et-la-suisse","8":"product_tag-location-lyre","9":"product_tag-wash","11":"first","12":"instock","13":"taxable","14":"shipping-taxable","15":"purchasable","16":"product-type-simple"},"yoast_head":"<!-- This site is optimized with the Yoast SEO Premium plugin v27.4 (Yoast SEO v27.6) - https:\/\/yoast.com\/product\/yoast-seo-premium-wordpress\/ -->\n<title>Location de lyre wash TAMTAM Annemasse<\/title>\n<meta name=\"description\" content=\"Location de lyre wash pour votre \u00e9v\u00e9nement entre Annemasse, Gen\u00e8ve, Thonon, Evian. Location de Mat\u00e9riel de Sonorisation, Eclairage et Vid\u00e9o en Haute-Savoie.\" \/>\n<meta name=\"robots\" content=\"index, follow, max-snippet:-1, max-image-preview:large, max-video-preview:-1\" \/>\n<link rel=\"canonical\" href=\"https:\/\/www.tamtamsn.com\/location\/produit\/bti-blizzard-wash1\/\" \/>\n<meta property=\"og:locale\" content=\"fr_FR\" \/>\n<meta property=\"og:type\" content=\"article\" \/>\n<meta property=\"og:title\" content=\"BTI-BLIZZARD WASH1\" \/>\n<meta property=\"og:description\" content=\"Lyre WASH extr\u00eamement compacte et puissante, \u00e9quip\u00e9e de 7 LED RGBL OSRAM\u00ae 40W Protection IP65 et fonctionnement silencieux\u00a0: parfait pour l&#039;ext\u00e9rieur et\" \/>\n<meta property=\"og:url\" content=\"https:\/\/www.tamtamsn.com\/location\/produit\/bti-blizzard-wash1\/\" \/>\n<meta property=\"og:site_name\" content=\"TAMTAM Annemasse - Espace Location\" \/>\n<meta property=\"article:publisher\" content=\"https:\/\/www.facebook.com\/tamtam74100\" \/>\n<meta property=\"article:modified_time\" content=\"2025-08-13T13:42:33+00:00\" \/>\n<meta property=\"og:image\" content=\"https:\/\/www.tamtamsn.com\/location\/wp-content\/uploads\/sites\/3\/2019\/12\/Briteq-Blizzard-Wash1-Blue.jpg\" \/>\n\t<meta property=\"og:image:width\" content=\"1600\" \/>\n\t<meta property=\"og:image:height\" content=\"1600\" \/>\n\t<meta property=\"og:image:type\" content=\"image\/jpeg\" \/>\n<meta name=\"twitter:card\" content=\"summary_large_image\" \/>\n<meta name=\"twitter:label1\" content=\"Dur\u00e9e de lecture estim\u00e9e\" \/>\n\t<meta name=\"twitter:data1\" content=\"2 minutes\" \/>\n<script type=\"application\/ld+json\" class=\"yoast-schema-graph\">{\"@context\":\"https:\\\/\\\/schema.org\",\"@graph\":[{\"@type\":[\"WebPage\",\"ItemPage\"],\"@id\":\"https:\\\/\\\/www.tamtamsn.com\\\/location\\\/produit\\\/bti-blizzard-wash1\\\/\",\"url\":\"https:\\\/\\\/www.tamtamsn.com\\\/location\\\/produit\\\/bti-blizzard-wash1\\\/\",\"name\":\"Location de lyre wash TAMTAM Annemasse\",\"isPartOf\":{\"@id\":\"https:\\\/\\\/www.tamtamsn.com\\\/location\\\/#website\"},\"primaryImageOfPage\":{\"@id\":\"https:\\\/\\\/www.tamtamsn.com\\\/location\\\/produit\\\/bti-blizzard-wash1\\\/#primaryimage\"},\"image\":{\"@id\":\"https:\\\/\\\/www.tamtamsn.com\\\/location\\\/produit\\\/bti-blizzard-wash1\\\/#primaryimage\"},\"thumbnailUrl\":\"https:\\\/\\\/www.tamtamsn.com\\\/location\\\/wp-content\\\/uploads\\\/sites\\\/3\\\/2019\\\/12\\\/Briteq-Blizzard-Wash1-Blue.jpg\",\"datePublished\":\"2019-12-19T12:59:37+00:00\",\"dateModified\":\"2025-08-13T13:42:33+00:00\",\"description\":\"Location de lyre wash pour votre \u00e9v\u00e9nement entre Annemasse, Gen\u00e8ve, Thonon, Evian. Location de Mat\u00e9riel de Sonorisation, Eclairage et Vid\u00e9o en Haute-Savoie.\",\"breadcrumb\":{\"@id\":\"https:\\\/\\\/www.tamtamsn.com\\\/location\\\/produit\\\/bti-blizzard-wash1\\\/#breadcrumb\"},\"inLanguage\":\"fr-FR\",\"potentialAction\":[{\"@type\":\"ReadAction\",\"target\":[\"https:\\\/\\\/www.tamtamsn.com\\\/location\\\/produit\\\/bti-blizzard-wash1\\\/\"]}]},{\"@type\":\"ImageObject\",\"inLanguage\":\"fr-FR\",\"@id\":\"https:\\\/\\\/www.tamtamsn.com\\\/location\\\/produit\\\/bti-blizzard-wash1\\\/#primaryimage\",\"url\":\"https:\\\/\\\/www.tamtamsn.com\\\/location\\\/wp-content\\\/uploads\\\/sites\\\/3\\\/2019\\\/12\\\/Briteq-Blizzard-Wash1-Blue.jpg\",\"contentUrl\":\"https:\\\/\\\/www.tamtamsn.com\\\/location\\\/wp-content\\\/uploads\\\/sites\\\/3\\\/2019\\\/12\\\/Briteq-Blizzard-Wash1-Blue.jpg\",\"width\":1600,\"height\":1600},{\"@type\":\"BreadcrumbList\",\"@id\":\"https:\\\/\\\/www.tamtamsn.com\\\/location\\\/produit\\\/bti-blizzard-wash1\\\/#breadcrumb\",\"itemListElement\":[{\"@type\":\"ListItem\",\"position\":1,\"name\":\"Catalogue de Location de Mat\u00e9riel de Sonorisation, Eclairage &amp; Vid\u00e9o en Haute-Savoie\",\"item\":\"https:\\\/\\\/www.tamtamsn.com\\\/location\\\/\"},{\"@type\":\"ListItem\",\"position\":2,\"name\":\"Notre Catalogue Location en ligne\",\"item\":\"https:\\\/\\\/www.tamtamsn.com\\\/location\\\/catalogue-en-ligne-location-sonorisation-eclairage-video\\\/\"},{\"@type\":\"ListItem\",\"position\":3,\"name\":\"Location Lyre\",\"item\":\"https:\\\/\\\/www.tamtamsn.com\\\/location\\\/etiquette-produit\\\/location-lyre\\\/\"},{\"@type\":\"ListItem\",\"position\":4,\"name\":\"BTI-BLIZZARD WASH1\"}]},{\"@type\":\"WebSite\",\"@id\":\"https:\\\/\\\/www.tamtamsn.com\\\/location\\\/#website\",\"url\":\"https:\\\/\\\/www.tamtamsn.com\\\/location\\\/\",\"name\":\"TAMTAM Annemasse - Espace Location\",\"description\":\"Location de mat\u00e9riel de Sonorisation, Eclairage et Vid\u00e9o \u00e0 Annemasse, Haute-Savoie et sur le Bassin Genevois\",\"publisher\":{\"@id\":\"https:\\\/\\\/www.tamtamsn.com\\\/location\\\/#organization\"},\"potentialAction\":[{\"@type\":\"SearchAction\",\"target\":{\"@type\":\"EntryPoint\",\"urlTemplate\":\"https:\\\/\\\/www.tamtamsn.com\\\/location\\\/?s={search_term_string}\"},\"query-input\":{\"@type\":\"PropertyValueSpecification\",\"valueRequired\":true,\"valueName\":\"search_term_string\"}}],\"inLanguage\":\"fr-FR\"},{\"@type\":\"Organization\",\"@id\":\"https:\\\/\\\/www.tamtamsn.com\\\/location\\\/#organization\",\"name\":\"TAMTAM\",\"url\":\"https:\\\/\\\/www.tamtamsn.com\\\/location\\\/\",\"logo\":{\"@type\":\"ImageObject\",\"inLanguage\":\"fr-FR\",\"@id\":\"https:\\\/\\\/www.tamtamsn.com\\\/location\\\/#\\\/schema\\\/logo\\\/image\\\/\",\"url\":\"\",\"contentUrl\":\"\",\"caption\":\"TAMTAM\"},\"image\":{\"@id\":\"https:\\\/\\\/www.tamtamsn.com\\\/location\\\/#\\\/schema\\\/logo\\\/image\\\/\"},\"sameAs\":[\"https:\\\/\\\/www.facebook.com\\\/tamtam74100\"]}]}<\/script>\n<!-- \/ Yoast SEO Premium plugin. -->","yoast_head_json":{"title":"Location de lyre wash TAMTAM Annemasse","description":"Location de lyre wash pour votre \u00e9v\u00e9nement entre Annemasse, Gen\u00e8ve, Thonon, Evian. Location de Mat\u00e9riel de Sonorisation, Eclairage et Vid\u00e9o en Haute-Savoie.","robots":{"index":"index","follow":"follow","max-snippet":"max-snippet:-1","max-image-preview":"max-image-preview:large","max-video-preview":"max-video-preview:-1"},"canonical":"https:\/\/www.tamtamsn.com\/location\/produit\/bti-blizzard-wash1\/","og_locale":"fr_FR","og_type":"article","og_title":"BTI-BLIZZARD WASH1","og_description":"Lyre WASH extr\u00eamement compacte et puissante, \u00e9quip\u00e9e de 7 LED RGBL OSRAM\u00ae 40W Protection IP65 et fonctionnement silencieux\u00a0: parfait pour l'ext\u00e9rieur et","og_url":"https:\/\/www.tamtamsn.com\/location\/produit\/bti-blizzard-wash1\/","og_site_name":"TAMTAM Annemasse - Espace Location","article_publisher":"https:\/\/www.facebook.com\/tamtam74100","article_modified_time":"2025-08-13T13:42:33+00:00","og_image":[{"width":1600,"height":1600,"url":"https:\/\/www.tamtamsn.com\/location\/wp-content\/uploads\/sites\/3\/2019\/12\/Briteq-Blizzard-Wash1-Blue.jpg","type":"image\/jpeg"}],"twitter_card":"summary_large_image","twitter_misc":{"Dur\u00e9e de lecture estim\u00e9e":"2 minutes"},"schema":{"@context":"https:\/\/schema.org","@graph":[{"@type":["WebPage","ItemPage"],"@id":"https:\/\/www.tamtamsn.com\/location\/produit\/bti-blizzard-wash1\/","url":"https:\/\/www.tamtamsn.com\/location\/produit\/bti-blizzard-wash1\/","name":"Location de lyre wash TAMTAM Annemasse","isPartOf":{"@id":"https:\/\/www.tamtamsn.com\/location\/#website"},"primaryImageOfPage":{"@id":"https:\/\/www.tamtamsn.com\/location\/produit\/bti-blizzard-wash1\/#primaryimage"},"image":{"@id":"https:\/\/www.tamtamsn.com\/location\/produit\/bti-blizzard-wash1\/#primaryimage"},"thumbnailUrl":"https:\/\/www.tamtamsn.com\/location\/wp-content\/uploads\/sites\/3\/2019\/12\/Briteq-Blizzard-Wash1-Blue.jpg","datePublished":"2019-12-19T12:59:37+00:00","dateModified":"2025-08-13T13:42:33+00:00","description":"Location de lyre wash pour votre \u00e9v\u00e9nement entre Annemasse, Gen\u00e8ve, Thonon, Evian. Location de Mat\u00e9riel de Sonorisation, Eclairage et Vid\u00e9o en Haute-Savoie.","breadcrumb":{"@id":"https:\/\/www.tamtamsn.com\/location\/produit\/bti-blizzard-wash1\/#breadcrumb"},"inLanguage":"fr-FR","potentialAction":[{"@type":"ReadAction","target":["https:\/\/www.tamtamsn.com\/location\/produit\/bti-blizzard-wash1\/"]}]},{"@type":"ImageObject","inLanguage":"fr-FR","@id":"https:\/\/www.tamtamsn.com\/location\/produit\/bti-blizzard-wash1\/#primaryimage","url":"https:\/\/www.tamtamsn.com\/location\/wp-content\/uploads\/sites\/3\/2019\/12\/Briteq-Blizzard-Wash1-Blue.jpg","contentUrl":"https:\/\/www.tamtamsn.com\/location\/wp-content\/uploads\/sites\/3\/2019\/12\/Briteq-Blizzard-Wash1-Blue.jpg","width":1600,"height":1600},{"@type":"BreadcrumbList","@id":"https:\/\/www.tamtamsn.com\/location\/produit\/bti-blizzard-wash1\/#breadcrumb","itemListElement":[{"@type":"ListItem","position":1,"name":"Catalogue de Location de Mat\u00e9riel de Sonorisation, Eclairage &amp; Vid\u00e9o en Haute-Savoie","item":"https:\/\/www.tamtamsn.com\/location\/"},{"@type":"ListItem","position":2,"name":"Notre Catalogue Location en ligne","item":"https:\/\/www.tamtamsn.com\/location\/catalogue-en-ligne-location-sonorisation-eclairage-video\/"},{"@type":"ListItem","position":3,"name":"Location Lyre","item":"https:\/\/www.tamtamsn.com\/location\/etiquette-produit\/location-lyre\/"},{"@type":"ListItem","position":4,"name":"BTI-BLIZZARD WASH1"}]},{"@type":"WebSite","@id":"https:\/\/www.tamtamsn.com\/location\/#website","url":"https:\/\/www.tamtamsn.com\/location\/","name":"TAMTAM Annemasse - Espace Location","description":"Location de mat\u00e9riel de Sonorisation, Eclairage et Vid\u00e9o \u00e0 Annemasse, Haute-Savoie et sur le Bassin Genevois","publisher":{"@id":"https:\/\/www.tamtamsn.com\/location\/#organization"},"potentialAction":[{"@type":"SearchAction","target":{"@type":"EntryPoint","urlTemplate":"https:\/\/www.tamtamsn.com\/location\/?s={search_term_string}"},"query-input":{"@type":"PropertyValueSpecification","valueRequired":true,"valueName":"search_term_string"}}],"inLanguage":"fr-FR"},{"@type":"Organization","@id":"https:\/\/www.tamtamsn.com\/location\/#organization","name":"TAMTAM","url":"https:\/\/www.tamtamsn.com\/location\/","logo":{"@type":"ImageObject","inLanguage":"fr-FR","@id":"https:\/\/www.tamtamsn.com\/location\/#\/schema\/logo\/image\/","url":"","contentUrl":"","caption":"TAMTAM"},"image":{"@id":"https:\/\/www.tamtamsn.com\/location\/#\/schema\/logo\/image\/"},"sameAs":["https:\/\/www.facebook.com\/tamtam74100"]}]}},"jetpack_sharing_enabled":true,"_links":{"self":[{"href":"https:\/\/www.tamtamsn.com\/location\/wp-json\/wp\/v2\/product\/2534","targetHints":{"allow":["GET"]}}],"collection":[{"href":"https:\/\/www.tamtamsn.com\/location\/wp-json\/wp\/v2\/product"}],"about":[{"href":"https:\/\/www.tamtamsn.com\/location\/wp-json\/wp\/v2\/types\/product"}],"wp:featuredmedia":[{"embeddable":true,"href":"https:\/\/www.tamtamsn.com\/location\/wp-json\/wp\/v2\/media\/4952"}],"wp:attachment":[{"href":"https:\/\/www.tamtamsn.com\/location\/wp-json\/wp\/v2\/media?parent=2534"}],"wp:term":[{"taxonomy":"product_brand","embeddable":true,"href":"https:\/\/www.tamtamsn.com\/location\/wp-json\/wp\/v2\/product_brand?post=2534"},{"taxonomy":"product_cat","embeddable":true,"href":"https:\/\/www.tamtamsn.com\/location\/wp-json\/wp\/v2\/product_cat?post=2534"},{"taxonomy":"product_tag","embeddable":true,"href":"https:\/\/www.tamtamsn.com\/location\/wp-json\/wp\/v2\/product_tag?post=2534"}],"curies":[{"name":"wp","href":"https:\/\/api.w.org\/{rel}","templated":true}]}}