{"id":2425,"date":"2019-12-19T13:59:28","date_gmt":"2019-12-19T12:59:28","guid":{"rendered":"https:\/\/www.tamtamsn.com\/location\/produit\/micro-fil-shure-sm58\/"},"modified":"2025-10-22T17:03:13","modified_gmt":"2025-10-22T15:03:13","slug":"barwash1812pix-ip","status":"publish","type":"product","link":"https:\/\/www.tamtamsn.com\/location\/produit\/barwash1812pix-ip\/","title":{"rendered":"BARWASH1812PIX-IP"},"content":{"rendered":"<p>&#8211; Cat\u00e9gorie : Barre LED<\/p>\n<p>&#8211; Indice de protection (IP) : IP65<\/p>\n<p>&#8211; Type d&rsquo;usage : Soir\u00e9e, Ev\u00e8nement, Sc\u00e8ne<\/p>\n<p>&#8211; Specs compl\u00e9mentaires :<\/p>\n<p>&#8211; Sources lumineuses : 18 x LED 12W RGBW avec contr\u00f4le PIXEL<\/p>\n<p>&#8211; Contr\u00f4le Pixel autorisant un pilotage LED par LED pour des effets de chenillards et d&rsquo;animations impressionnants<\/p>\n<p>&#8211; Modes : Auto, ma\u00eetre\/esclave et DMX<\/p>\n<p>&#8211; Nombre de canaux DMX : 4, 10, 72 ou 78<\/p>\n<p>&#8211; Entr\u00e9e\/sortie DMX : XLR 3 points<\/p>\n<p>&#8211; Affichage : \u00e9cran LCD avec 4 boutons de commande<\/p>\n<p>&#8211; Ch\u00e2ssis : alliage d&rsquo;aluminium<\/p>\n<p>&#8211; Tension d&rsquo;alimentation : 90-240V 50\/60 Hz<\/p>\n<p>&#8211; Consommation \u00e9lectrique\u00a0: 220W<\/p>\n<p>&#8211; Poids et dimensions\u00a0: 6,2 kg, 1000 x 129 x 72 mm<\/p>\n<p>&#8211; Indice de protection : IP65 (usage en ext\u00e9rieur)<\/p>\n<p>&#8211; Livr\u00e9 avec un c\u00e2ble d\u2019alimentation<\/p>\n<p style=\"text-align: center;\"><strong>Le Produit est \u00e9galement disponible \u00e0 la Vente:<\/strong><\/p>\n","protected":false},"excerpt":{"rendered":"<p>&#8211; Cat\u00e9gorie : Barre LED &#8211; Indice de protection (IP) : IP65 &#8211; Type d&rsquo;usage : Soir\u00e9e, Ev\u00e8nement, Sc\u00e8ne &#8211; Specs compl\u00e9mentaires : &#8211; Sources lumineuses : 18 x LED 12W RGBW avec contr\u00f4le PIXEL &#8211; Contr\u00f4le Pixel autorisant un pilotage LED par LED pour des effets de chenillards et d&rsquo;animations impressionnants &#8211; Modes : [&hellip;]<\/p>\n","protected":false},"featured_media":4962,"template":"","meta":[],"product_brand":[1500],"product_cat":[553,1514],"product_tag":[1457,1460,1458,1459],"class_list":{"0":"post-2425","1":"product","2":"type-product","3":"status-publish","4":"has-post-thumbnail","6":"product_brand-shure","7":"product_cat-eclairage-light-oeuvre","8":"product_cat-projecteur-colorisation","9":"product_tag-micro","10":"product_tag-micro-fil","11":"product_tag-shure","12":"product_tag-sm58","13":"pa_marque-shure","15":"first","16":"instock","17":"taxable","18":"shipping-taxable","19":"purchasable","20":"product-type-simple"},"yoast_head":"<!-- This site is optimized with the Yoast SEO Premium plugin v27.4 (Yoast SEO v27.4) - https:\/\/yoast.com\/product\/yoast-seo-premium-wordpress\/ -->\n<title>Location de barre wash ip65 TAMTAM Annemasse<\/title>\n<meta name=\"description\" content=\"Location de barre wash ip65 pour votre \u00e9v\u00e9nement entre Annemasse, Gen\u00e8ve, Annecy, Evian. Location de Mat\u00e9riel de Sonorisation.\" \/>\n<meta name=\"robots\" content=\"index, follow, max-snippet:-1, max-image-preview:large, max-video-preview:-1\" \/>\n<link rel=\"canonical\" href=\"https:\/\/www.tamtamsn.com\/location\/produit\/barwash1812pix-ip\/\" \/>\n<meta property=\"og:locale\" content=\"fr_FR\" \/>\n<meta property=\"og:type\" content=\"article\" \/>\n<meta property=\"og:title\" content=\"BARWASH1812PIX-IP\" \/>\n<meta property=\"og:description\" content=\"- Cat\u00e9gorie : Barre LED - Indice de protection (IP) : IP65 - Type d&#039;usage : Soir\u00e9e, Ev\u00e8nement, Sc\u00e8ne - Specs compl\u00e9mentaires : - Sources lumineuses : 18 x\" \/>\n<meta property=\"og:url\" content=\"https:\/\/www.tamtamsn.com\/location\/produit\/barwash1812pix-ip\/\" \/>\n<meta property=\"og:site_name\" content=\"TAMTAM Annemasse - Espace Location\" \/>\n<meta property=\"article:publisher\" content=\"https:\/\/www.facebook.com\/tamtam74100\" \/>\n<meta property=\"article:modified_time\" content=\"2025-10-22T15:03:13+00:00\" \/>\n<meta property=\"og:image\" content=\"https:\/\/www.tamtamsn.com\/location\/wp-content\/uploads\/sites\/3\/2019\/12\/598650-598650-media_photo6-lap-barwash1812pix-ip-06.png\" \/>\n\t<meta property=\"og:image:width\" content=\"200\" \/>\n\t<meta property=\"og:image:height\" content=\"200\" \/>\n\t<meta property=\"og:image:type\" content=\"image\/png\" \/>\n<meta name=\"twitter:card\" content=\"summary_large_image\" \/>\n<meta name=\"twitter:label1\" content=\"Dur\u00e9e de lecture estim\u00e9e\" \/>\n\t<meta name=\"twitter:data1\" content=\"1 minute\" \/>\n<script type=\"application\/ld+json\" class=\"yoast-schema-graph\">{\"@context\":\"https:\\\/\\\/schema.org\",\"@graph\":[{\"@type\":[\"WebPage\",\"ItemPage\"],\"@id\":\"https:\\\/\\\/www.tamtamsn.com\\\/location\\\/produit\\\/barwash1812pix-ip\\\/\",\"url\":\"https:\\\/\\\/www.tamtamsn.com\\\/location\\\/produit\\\/barwash1812pix-ip\\\/\",\"name\":\"Location de barre wash ip65 TAMTAM Annemasse\",\"isPartOf\":{\"@id\":\"https:\\\/\\\/www.tamtamsn.com\\\/location\\\/#website\"},\"primaryImageOfPage\":{\"@id\":\"https:\\\/\\\/www.tamtamsn.com\\\/location\\\/produit\\\/barwash1812pix-ip\\\/#primaryimage\"},\"image\":{\"@id\":\"https:\\\/\\\/www.tamtamsn.com\\\/location\\\/produit\\\/barwash1812pix-ip\\\/#primaryimage\"},\"thumbnailUrl\":\"https:\\\/\\\/www.tamtamsn.com\\\/location\\\/wp-content\\\/uploads\\\/sites\\\/3\\\/2019\\\/12\\\/598650-598650-media_photo6-lap-barwash1812pix-ip-06.png\",\"datePublished\":\"2019-12-19T12:59:28+00:00\",\"dateModified\":\"2025-10-22T15:03:13+00:00\",\"description\":\"Location de barre wash ip65 pour votre \u00e9v\u00e9nement entre Annemasse, Gen\u00e8ve, Annecy, Evian. Location de Mat\u00e9riel de Sonorisation.\",\"breadcrumb\":{\"@id\":\"https:\\\/\\\/www.tamtamsn.com\\\/location\\\/produit\\\/barwash1812pix-ip\\\/#breadcrumb\"},\"inLanguage\":\"fr-FR\",\"potentialAction\":[{\"@type\":\"ReadAction\",\"target\":[\"https:\\\/\\\/www.tamtamsn.com\\\/location\\\/produit\\\/barwash1812pix-ip\\\/\"]}]},{\"@type\":\"ImageObject\",\"inLanguage\":\"fr-FR\",\"@id\":\"https:\\\/\\\/www.tamtamsn.com\\\/location\\\/produit\\\/barwash1812pix-ip\\\/#primaryimage\",\"url\":\"https:\\\/\\\/www.tamtamsn.com\\\/location\\\/wp-content\\\/uploads\\\/sites\\\/3\\\/2019\\\/12\\\/598650-598650-media_photo6-lap-barwash1812pix-ip-06.png\",\"contentUrl\":\"https:\\\/\\\/www.tamtamsn.com\\\/location\\\/wp-content\\\/uploads\\\/sites\\\/3\\\/2019\\\/12\\\/598650-598650-media_photo6-lap-barwash1812pix-ip-06.png\",\"width\":200,\"height\":200},{\"@type\":\"BreadcrumbList\",\"@id\":\"https:\\\/\\\/www.tamtamsn.com\\\/location\\\/produit\\\/barwash1812pix-ip\\\/#breadcrumb\",\"itemListElement\":[{\"@type\":\"ListItem\",\"position\":1,\"name\":\"Catalogue de Location de Mat\u00e9riel de Sonorisation, Eclairage &amp; Vid\u00e9o en Haute-Savoie\",\"item\":\"https:\\\/\\\/www.tamtamsn.com\\\/location\\\/\"},{\"@type\":\"ListItem\",\"position\":2,\"name\":\"Notre Catalogue Location en ligne\",\"item\":\"https:\\\/\\\/www.tamtamsn.com\\\/location\\\/catalogue-en-ligne-location-sonorisation-eclairage-video\\\/\"},{\"@type\":\"ListItem\",\"position\":3,\"name\":\"Micro\",\"item\":\"https:\\\/\\\/www.tamtamsn.com\\\/location\\\/etiquette-produit\\\/micro\\\/\"},{\"@type\":\"ListItem\",\"position\":4,\"name\":\"BARWASH1812PIX-IP\"}]},{\"@type\":\"WebSite\",\"@id\":\"https:\\\/\\\/www.tamtamsn.com\\\/location\\\/#website\",\"url\":\"https:\\\/\\\/www.tamtamsn.com\\\/location\\\/\",\"name\":\"TAMTAM Annemasse - Espace Location\",\"description\":\"Location de mat\u00e9riel de Sonorisation, Eclairage et Vid\u00e9o \u00e0 Annemasse, Haute-Savoie et sur le Bassin Genevois\",\"publisher\":{\"@id\":\"https:\\\/\\\/www.tamtamsn.com\\\/location\\\/#organization\"},\"potentialAction\":[{\"@type\":\"SearchAction\",\"target\":{\"@type\":\"EntryPoint\",\"urlTemplate\":\"https:\\\/\\\/www.tamtamsn.com\\\/location\\\/?s={search_term_string}\"},\"query-input\":{\"@type\":\"PropertyValueSpecification\",\"valueRequired\":true,\"valueName\":\"search_term_string\"}}],\"inLanguage\":\"fr-FR\"},{\"@type\":\"Organization\",\"@id\":\"https:\\\/\\\/www.tamtamsn.com\\\/location\\\/#organization\",\"name\":\"TAMTAM\",\"url\":\"https:\\\/\\\/www.tamtamsn.com\\\/location\\\/\",\"logo\":{\"@type\":\"ImageObject\",\"inLanguage\":\"fr-FR\",\"@id\":\"https:\\\/\\\/www.tamtamsn.com\\\/location\\\/#\\\/schema\\\/logo\\\/image\\\/\",\"url\":\"\",\"contentUrl\":\"\",\"caption\":\"TAMTAM\"},\"image\":{\"@id\":\"https:\\\/\\\/www.tamtamsn.com\\\/location\\\/#\\\/schema\\\/logo\\\/image\\\/\"},\"sameAs\":[\"https:\\\/\\\/www.facebook.com\\\/tamtam74100\"]}]}<\/script>\n<!-- \/ Yoast SEO Premium plugin. -->","yoast_head_json":{"title":"Location de barre wash ip65 TAMTAM Annemasse","description":"Location de barre wash ip65 pour votre \u00e9v\u00e9nement entre Annemasse, Gen\u00e8ve, Annecy, Evian. Location de Mat\u00e9riel de Sonorisation.","robots":{"index":"index","follow":"follow","max-snippet":"max-snippet:-1","max-image-preview":"max-image-preview:large","max-video-preview":"max-video-preview:-1"},"canonical":"https:\/\/www.tamtamsn.com\/location\/produit\/barwash1812pix-ip\/","og_locale":"fr_FR","og_type":"article","og_title":"BARWASH1812PIX-IP","og_description":"- Cat\u00e9gorie : Barre LED - Indice de protection (IP) : IP65 - Type d'usage : Soir\u00e9e, Ev\u00e8nement, Sc\u00e8ne - Specs compl\u00e9mentaires : - Sources lumineuses : 18 x","og_url":"https:\/\/www.tamtamsn.com\/location\/produit\/barwash1812pix-ip\/","og_site_name":"TAMTAM Annemasse - Espace Location","article_publisher":"https:\/\/www.facebook.com\/tamtam74100","article_modified_time":"2025-10-22T15:03:13+00:00","og_image":[{"width":200,"height":200,"url":"https:\/\/www.tamtamsn.com\/location\/wp-content\/uploads\/sites\/3\/2019\/12\/598650-598650-media_photo6-lap-barwash1812pix-ip-06.png","type":"image\/png"}],"twitter_card":"summary_large_image","twitter_misc":{"Dur\u00e9e de lecture estim\u00e9e":"1 minute"},"schema":{"@context":"https:\/\/schema.org","@graph":[{"@type":["WebPage","ItemPage"],"@id":"https:\/\/www.tamtamsn.com\/location\/produit\/barwash1812pix-ip\/","url":"https:\/\/www.tamtamsn.com\/location\/produit\/barwash1812pix-ip\/","name":"Location de barre wash ip65 TAMTAM Annemasse","isPartOf":{"@id":"https:\/\/www.tamtamsn.com\/location\/#website"},"primaryImageOfPage":{"@id":"https:\/\/www.tamtamsn.com\/location\/produit\/barwash1812pix-ip\/#primaryimage"},"image":{"@id":"https:\/\/www.tamtamsn.com\/location\/produit\/barwash1812pix-ip\/#primaryimage"},"thumbnailUrl":"https:\/\/www.tamtamsn.com\/location\/wp-content\/uploads\/sites\/3\/2019\/12\/598650-598650-media_photo6-lap-barwash1812pix-ip-06.png","datePublished":"2019-12-19T12:59:28+00:00","dateModified":"2025-10-22T15:03:13+00:00","description":"Location de barre wash ip65 pour votre \u00e9v\u00e9nement entre Annemasse, Gen\u00e8ve, Annecy, Evian. Location de Mat\u00e9riel de Sonorisation.","breadcrumb":{"@id":"https:\/\/www.tamtamsn.com\/location\/produit\/barwash1812pix-ip\/#breadcrumb"},"inLanguage":"fr-FR","potentialAction":[{"@type":"ReadAction","target":["https:\/\/www.tamtamsn.com\/location\/produit\/barwash1812pix-ip\/"]}]},{"@type":"ImageObject","inLanguage":"fr-FR","@id":"https:\/\/www.tamtamsn.com\/location\/produit\/barwash1812pix-ip\/#primaryimage","url":"https:\/\/www.tamtamsn.com\/location\/wp-content\/uploads\/sites\/3\/2019\/12\/598650-598650-media_photo6-lap-barwash1812pix-ip-06.png","contentUrl":"https:\/\/www.tamtamsn.com\/location\/wp-content\/uploads\/sites\/3\/2019\/12\/598650-598650-media_photo6-lap-barwash1812pix-ip-06.png","width":200,"height":200},{"@type":"BreadcrumbList","@id":"https:\/\/www.tamtamsn.com\/location\/produit\/barwash1812pix-ip\/#breadcrumb","itemListElement":[{"@type":"ListItem","position":1,"name":"Catalogue de Location de Mat\u00e9riel de Sonorisation, Eclairage &amp; Vid\u00e9o en Haute-Savoie","item":"https:\/\/www.tamtamsn.com\/location\/"},{"@type":"ListItem","position":2,"name":"Notre Catalogue Location en ligne","item":"https:\/\/www.tamtamsn.com\/location\/catalogue-en-ligne-location-sonorisation-eclairage-video\/"},{"@type":"ListItem","position":3,"name":"Micro","item":"https:\/\/www.tamtamsn.com\/location\/etiquette-produit\/micro\/"},{"@type":"ListItem","position":4,"name":"BARWASH1812PIX-IP"}]},{"@type":"WebSite","@id":"https:\/\/www.tamtamsn.com\/location\/#website","url":"https:\/\/www.tamtamsn.com\/location\/","name":"TAMTAM Annemasse - Espace Location","description":"Location de mat\u00e9riel de Sonorisation, Eclairage et Vid\u00e9o \u00e0 Annemasse, Haute-Savoie et sur le Bassin Genevois","publisher":{"@id":"https:\/\/www.tamtamsn.com\/location\/#organization"},"potentialAction":[{"@type":"SearchAction","target":{"@type":"EntryPoint","urlTemplate":"https:\/\/www.tamtamsn.com\/location\/?s={search_term_string}"},"query-input":{"@type":"PropertyValueSpecification","valueRequired":true,"valueName":"search_term_string"}}],"inLanguage":"fr-FR"},{"@type":"Organization","@id":"https:\/\/www.tamtamsn.com\/location\/#organization","name":"TAMTAM","url":"https:\/\/www.tamtamsn.com\/location\/","logo":{"@type":"ImageObject","inLanguage":"fr-FR","@id":"https:\/\/www.tamtamsn.com\/location\/#\/schema\/logo\/image\/","url":"","contentUrl":"","caption":"TAMTAM"},"image":{"@id":"https:\/\/www.tamtamsn.com\/location\/#\/schema\/logo\/image\/"},"sameAs":["https:\/\/www.facebook.com\/tamtam74100"]}]}},"jetpack_sharing_enabled":true,"_links":{"self":[{"href":"https:\/\/www.tamtamsn.com\/location\/wp-json\/wp\/v2\/product\/2425","targetHints":{"allow":["GET"]}}],"collection":[{"href":"https:\/\/www.tamtamsn.com\/location\/wp-json\/wp\/v2\/product"}],"about":[{"href":"https:\/\/www.tamtamsn.com\/location\/wp-json\/wp\/v2\/types\/product"}],"wp:featuredmedia":[{"embeddable":true,"href":"https:\/\/www.tamtamsn.com\/location\/wp-json\/wp\/v2\/media\/4962"}],"wp:attachment":[{"href":"https:\/\/www.tamtamsn.com\/location\/wp-json\/wp\/v2\/media?parent=2425"}],"wp:term":[{"taxonomy":"product_brand","embeddable":true,"href":"https:\/\/www.tamtamsn.com\/location\/wp-json\/wp\/v2\/product_brand?post=2425"},{"taxonomy":"product_cat","embeddable":true,"href":"https:\/\/www.tamtamsn.com\/location\/wp-json\/wp\/v2\/product_cat?post=2425"},{"taxonomy":"product_tag","embeddable":true,"href":"https:\/\/www.tamtamsn.com\/location\/wp-json\/wp\/v2\/product_tag?post=2425"}],"curies":[{"name":"wp","href":"https:\/\/api.w.org\/{rel}","templated":true}]}}