{"id":2311,"date":"2019-12-19T13:59:18","date_gmt":"2019-12-19T12:59:18","guid":{"rendered":"https:\/\/www.tamtamsn.com\/location\/produit\/projecteur-led-licialed\/"},"modified":"2025-08-13T15:44:13","modified_gmt":"2025-08-13T13:44:13","slug":"projecteur-led-licialed","status":"publish","type":"product","link":"https:\/\/www.tamtamsn.com\/location\/produit\/projecteur-led-licialed\/","title":{"rendered":"Projecteur \u00e0 LED 21W LiciaLed avec Tubes Diffusant"},"content":{"rendered":"<p><strong>Plus qu&rsquo;un simple projecteur, le LiciaLed est un v\u00e9ritable Luminaire de 2m de haut, pour l&rsquo;\u00e9v\u00e8nementiel&#8230; Disponible en location chez TAMTAM.<\/strong><br \/>\n<em>Sa particularit\u00e9, <span style=\"text-decoration: underline;\">son tube d\u00e9montable<\/span>, permet une \u00ab\u00a0projection\u00a0\u00bb horizontale\u00a0de la lumi\u00e8re!<\/em><\/p>\n<p>Id\u00e9ale pour la\u00a0mise en lumi\u00e8re d&rsquo;une salle avec un plafond bas, l&rsquo;\u00e9clairage d&rsquo;un chemin ou tout simple en \u00e9l\u00e9ment d\u00e9coration&#8230;<\/p>\n<p><span style=\"text-decoration: underline;\"><strong>Caract\u00e9ristiques Techniques:<\/strong><\/span><\/p>\n<ul>\n<li>Projecteur \u00e0 LEDs<\/li>\n<li>Type de LED : RGB<\/li>\n<li>Nombre de LED : 7\u00a0x 3W<\/li>\n<li>Etanche<\/li>\n<li>Fonctionne en DMX, Automatique ou au rythme de la musique<\/li>\n<li>Poids : 4,5 kg<\/li>\n<li>Dimensions : 150mm x 150mm x 1900mm<\/li>\n<\/ul>\n<p>&nbsp;<\/p>\n<p style=\"text-align: center;\"><b>Retrouvez tout notre catalogue de <a href=\"https:\/\/www.tamtamsn.com\/location\/categorie-produit\/eclairage\/\">location d&rsquo;Eclairage en Haute-Savoie.<\/a><\/b><\/p>\n<p>&nbsp;<\/p>\n<p style=\"text-align: center;\"><strong>Le Produit est \u00e9galement disponible \u00e0 la Vente:<\/strong><br \/>\nAchetez un <a href=\"https:\/\/www.tamtamsn.com\/categorie-produit\/eclairage\/projecteur-led\/\">Projecteur LiciaLED<\/a> dans votre magasin d&rsquo;Annemasse<\/p>\n<p style=\"text-align: center;\">\n","protected":false},"excerpt":{"rendered":"<ul>\n<li>Projecteur \u00e0 LEDs 21W RGB<\/li>\n<li>Hauteur totale: 190cm<\/li>\n<li>Projection horizontale de la lumi\u00e8re<\/li>\n<\/ul>\n","protected":false},"featured_media":2313,"template":"","meta":[],"product_brand":[],"product_cat":[553,1514],"product_tag":[1080,1077,1079,1076,1078,1020,1047,1052,1050,1046],"class_list":{"0":"post-2311","1":"product","2":"type-product","3":"status-publish","4":"has-post-thumbnail","6":"product_cat-eclairage-light-oeuvre","7":"product_cat-projecteur-colorisation","8":"product_tag-location-eventkolor","9":"product_tag-location-liciakolor","10":"product_tag-location-liciakolor-starway","11":"product_tag-location-licialed","12":"product_tag-location-licialed-magnum","13":"product_tag-location-par-led","14":"product_tag-location-projecteur","15":"product_tag-location-projecteur-decoratif","16":"product_tag-location-projecteur-decoration","17":"product_tag-location-projecteur-led","18":"pa_marque-starway","20":"first","21":"instock","22":"taxable","23":"shipping-taxable","24":"purchasable","25":"product-type-simple"},"yoast_head":"<!-- This site is optimized with the Yoast SEO Premium plugin v27.4 (Yoast SEO v27.4) - https:\/\/yoast.com\/product\/yoast-seo-premium-wordpress\/ -->\n<title>Location de Projecteur \u00e0 LED 21W LiciaLed avec Tubes Diffusant - TAMTAM Annemasse<\/title>\n<meta name=\"description\" content=\"Location de Projecteur \u00e0 LED 21W LiciaLed avec Tubes Diffusant pour votre \u00e9v\u00e9nement entre Annemasse, Gen\u00e8ve, Bonneville, Annecy, Thonon, Evian. Location de Mat\u00e9riel de Sonorisation, Eclairage et Vid\u00e9o en Haute-Savoie.\" \/>\n<meta name=\"robots\" content=\"index, follow, max-snippet:-1, max-image-preview:large, max-video-preview:-1\" \/>\n<link rel=\"canonical\" href=\"https:\/\/www.tamtamsn.com\/location\/produit\/projecteur-led-licialed\/\" \/>\n<meta property=\"og:locale\" content=\"fr_FR\" \/>\n<meta property=\"og:type\" content=\"article\" \/>\n<meta property=\"og:title\" content=\"Projecteur \u00e0 LED 21W LiciaLed avec Tubes Diffusant\" \/>\n<meta property=\"og:description\" content=\"Projecteur \u00e0 LEDs 21W RGB  Hauteur totale: 190cm  Projection horizontale de la lumi\u00e8re\" \/>\n<meta property=\"og:url\" content=\"https:\/\/www.tamtamsn.com\/location\/produit\/projecteur-led-licialed\/\" \/>\n<meta property=\"og:site_name\" content=\"TAMTAM Annemasse - Espace Location\" \/>\n<meta property=\"article:publisher\" content=\"https:\/\/www.facebook.com\/tamtam74100\" \/>\n<meta property=\"article:modified_time\" content=\"2025-08-13T13:44:13+00:00\" \/>\n<meta property=\"og:image\" content=\"https:\/\/www.tamtamsn.com\/location\/wp-content\/uploads\/sites\/3\/2019\/12\/43-Projecteur-a-LED-LiciaLed-avec-Tubes-Diffusant-190cm-scaled.jpg\" \/>\n\t<meta property=\"og:image:width\" content=\"2848\" \/>\n\t<meta property=\"og:image:height\" content=\"4288\" \/>\n\t<meta property=\"og:image:type\" content=\"image\/jpeg\" \/>\n<meta name=\"twitter:card\" content=\"summary_large_image\" \/>\n<meta name=\"twitter:label1\" content=\"Dur\u00e9e de lecture estim\u00e9e\" \/>\n\t<meta name=\"twitter:data1\" content=\"1 minute\" \/>\n<script type=\"application\/ld+json\" class=\"yoast-schema-graph\">{\"@context\":\"https:\\\/\\\/schema.org\",\"@graph\":[{\"@type\":[\"WebPage\",\"ItemPage\"],\"@id\":\"https:\\\/\\\/www.tamtamsn.com\\\/location\\\/produit\\\/projecteur-led-licialed\\\/\",\"url\":\"https:\\\/\\\/www.tamtamsn.com\\\/location\\\/produit\\\/projecteur-led-licialed\\\/\",\"name\":\"Location de Projecteur \u00e0 LED 21W LiciaLed avec Tubes Diffusant - TAMTAM Annemasse\",\"isPartOf\":{\"@id\":\"https:\\\/\\\/www.tamtamsn.com\\\/location\\\/#website\"},\"primaryImageOfPage\":{\"@id\":\"https:\\\/\\\/www.tamtamsn.com\\\/location\\\/produit\\\/projecteur-led-licialed\\\/#primaryimage\"},\"image\":{\"@id\":\"https:\\\/\\\/www.tamtamsn.com\\\/location\\\/produit\\\/projecteur-led-licialed\\\/#primaryimage\"},\"thumbnailUrl\":\"https:\\\/\\\/www.tamtamsn.com\\\/location\\\/wp-content\\\/uploads\\\/sites\\\/3\\\/2019\\\/12\\\/43-Projecteur-a-LED-LiciaLed-avec-Tubes-Diffusant-190cm-scaled.jpg\",\"datePublished\":\"2019-12-19T12:59:18+00:00\",\"dateModified\":\"2025-08-13T13:44:13+00:00\",\"description\":\"Location de Projecteur \u00e0 LED 21W LiciaLed avec Tubes Diffusant pour votre \u00e9v\u00e9nement entre Annemasse, Gen\u00e8ve, Bonneville, Annecy, Thonon, Evian. Location de Mat\u00e9riel de Sonorisation, Eclairage et Vid\u00e9o en Haute-Savoie.\",\"breadcrumb\":{\"@id\":\"https:\\\/\\\/www.tamtamsn.com\\\/location\\\/produit\\\/projecteur-led-licialed\\\/#breadcrumb\"},\"inLanguage\":\"fr-FR\",\"potentialAction\":[{\"@type\":\"ReadAction\",\"target\":[\"https:\\\/\\\/www.tamtamsn.com\\\/location\\\/produit\\\/projecteur-led-licialed\\\/\"]}]},{\"@type\":\"ImageObject\",\"inLanguage\":\"fr-FR\",\"@id\":\"https:\\\/\\\/www.tamtamsn.com\\\/location\\\/produit\\\/projecteur-led-licialed\\\/#primaryimage\",\"url\":\"https:\\\/\\\/www.tamtamsn.com\\\/location\\\/wp-content\\\/uploads\\\/sites\\\/3\\\/2019\\\/12\\\/43-Projecteur-a-LED-LiciaLed-avec-Tubes-Diffusant-190cm-scaled.jpg\",\"contentUrl\":\"https:\\\/\\\/www.tamtamsn.com\\\/location\\\/wp-content\\\/uploads\\\/sites\\\/3\\\/2019\\\/12\\\/43-Projecteur-a-LED-LiciaLed-avec-Tubes-Diffusant-190cm-scaled.jpg\",\"width\":2848,\"height\":4288,\"caption\":\"Location Projecteur \u00e0 LED LiciaLed avec Tubes Diffusant 166cm\"},{\"@type\":\"BreadcrumbList\",\"@id\":\"https:\\\/\\\/www.tamtamsn.com\\\/location\\\/produit\\\/projecteur-led-licialed\\\/#breadcrumb\",\"itemListElement\":[{\"@type\":\"ListItem\",\"position\":1,\"name\":\"Catalogue de Location de Mat\u00e9riel de Sonorisation, Eclairage &amp; Vid\u00e9o en Haute-Savoie\",\"item\":\"https:\\\/\\\/www.tamtamsn.com\\\/location\\\/\"},{\"@type\":\"ListItem\",\"position\":2,\"name\":\"Notre Catalogue Location en ligne\",\"item\":\"https:\\\/\\\/www.tamtamsn.com\\\/location\\\/catalogue-en-ligne-location-sonorisation-eclairage-video\\\/\"},{\"@type\":\"ListItem\",\"position\":3,\"name\":\"Location EventKolor\",\"item\":\"https:\\\/\\\/www.tamtamsn.com\\\/location\\\/etiquette-produit\\\/location-eventkolor\\\/\"},{\"@type\":\"ListItem\",\"position\":4,\"name\":\"Projecteur \u00e0 LED 21W LiciaLed avec Tubes Diffusant\"}]},{\"@type\":\"WebSite\",\"@id\":\"https:\\\/\\\/www.tamtamsn.com\\\/location\\\/#website\",\"url\":\"https:\\\/\\\/www.tamtamsn.com\\\/location\\\/\",\"name\":\"TAMTAM Annemasse - Espace Location\",\"description\":\"Location de mat\u00e9riel de Sonorisation, Eclairage et Vid\u00e9o \u00e0 Annemasse, Haute-Savoie et sur le Bassin Genevois\",\"publisher\":{\"@id\":\"https:\\\/\\\/www.tamtamsn.com\\\/location\\\/#organization\"},\"potentialAction\":[{\"@type\":\"SearchAction\",\"target\":{\"@type\":\"EntryPoint\",\"urlTemplate\":\"https:\\\/\\\/www.tamtamsn.com\\\/location\\\/?s={search_term_string}\"},\"query-input\":{\"@type\":\"PropertyValueSpecification\",\"valueRequired\":true,\"valueName\":\"search_term_string\"}}],\"inLanguage\":\"fr-FR\"},{\"@type\":\"Organization\",\"@id\":\"https:\\\/\\\/www.tamtamsn.com\\\/location\\\/#organization\",\"name\":\"TAMTAM\",\"url\":\"https:\\\/\\\/www.tamtamsn.com\\\/location\\\/\",\"logo\":{\"@type\":\"ImageObject\",\"inLanguage\":\"fr-FR\",\"@id\":\"https:\\\/\\\/www.tamtamsn.com\\\/location\\\/#\\\/schema\\\/logo\\\/image\\\/\",\"url\":\"\",\"contentUrl\":\"\",\"caption\":\"TAMTAM\"},\"image\":{\"@id\":\"https:\\\/\\\/www.tamtamsn.com\\\/location\\\/#\\\/schema\\\/logo\\\/image\\\/\"},\"sameAs\":[\"https:\\\/\\\/www.facebook.com\\\/tamtam74100\"]}]}<\/script>\n<!-- \/ Yoast SEO Premium plugin. -->","yoast_head_json":{"title":"Location de Projecteur \u00e0 LED 21W LiciaLed avec Tubes Diffusant - TAMTAM Annemasse","description":"Location de Projecteur \u00e0 LED 21W LiciaLed avec Tubes Diffusant pour votre \u00e9v\u00e9nement entre Annemasse, Gen\u00e8ve, Bonneville, Annecy, Thonon, Evian. Location de Mat\u00e9riel de Sonorisation, Eclairage et Vid\u00e9o en Haute-Savoie.","robots":{"index":"index","follow":"follow","max-snippet":"max-snippet:-1","max-image-preview":"max-image-preview:large","max-video-preview":"max-video-preview:-1"},"canonical":"https:\/\/www.tamtamsn.com\/location\/produit\/projecteur-led-licialed\/","og_locale":"fr_FR","og_type":"article","og_title":"Projecteur \u00e0 LED 21W LiciaLed avec Tubes Diffusant","og_description":"Projecteur \u00e0 LEDs 21W RGB  Hauteur totale: 190cm  Projection horizontale de la lumi\u00e8re","og_url":"https:\/\/www.tamtamsn.com\/location\/produit\/projecteur-led-licialed\/","og_site_name":"TAMTAM Annemasse - Espace Location","article_publisher":"https:\/\/www.facebook.com\/tamtam74100","article_modified_time":"2025-08-13T13:44:13+00:00","og_image":[{"width":2848,"height":4288,"url":"https:\/\/www.tamtamsn.com\/location\/wp-content\/uploads\/sites\/3\/2019\/12\/43-Projecteur-a-LED-LiciaLed-avec-Tubes-Diffusant-190cm-scaled.jpg","type":"image\/jpeg"}],"twitter_card":"summary_large_image","twitter_misc":{"Dur\u00e9e de lecture estim\u00e9e":"1 minute"},"schema":{"@context":"https:\/\/schema.org","@graph":[{"@type":["WebPage","ItemPage"],"@id":"https:\/\/www.tamtamsn.com\/location\/produit\/projecteur-led-licialed\/","url":"https:\/\/www.tamtamsn.com\/location\/produit\/projecteur-led-licialed\/","name":"Location de Projecteur \u00e0 LED 21W LiciaLed avec Tubes Diffusant - TAMTAM Annemasse","isPartOf":{"@id":"https:\/\/www.tamtamsn.com\/location\/#website"},"primaryImageOfPage":{"@id":"https:\/\/www.tamtamsn.com\/location\/produit\/projecteur-led-licialed\/#primaryimage"},"image":{"@id":"https:\/\/www.tamtamsn.com\/location\/produit\/projecteur-led-licialed\/#primaryimage"},"thumbnailUrl":"https:\/\/www.tamtamsn.com\/location\/wp-content\/uploads\/sites\/3\/2019\/12\/43-Projecteur-a-LED-LiciaLed-avec-Tubes-Diffusant-190cm-scaled.jpg","datePublished":"2019-12-19T12:59:18+00:00","dateModified":"2025-08-13T13:44:13+00:00","description":"Location de Projecteur \u00e0 LED 21W LiciaLed avec Tubes Diffusant pour votre \u00e9v\u00e9nement entre Annemasse, Gen\u00e8ve, Bonneville, Annecy, Thonon, Evian. Location de Mat\u00e9riel de Sonorisation, Eclairage et Vid\u00e9o en Haute-Savoie.","breadcrumb":{"@id":"https:\/\/www.tamtamsn.com\/location\/produit\/projecteur-led-licialed\/#breadcrumb"},"inLanguage":"fr-FR","potentialAction":[{"@type":"ReadAction","target":["https:\/\/www.tamtamsn.com\/location\/produit\/projecteur-led-licialed\/"]}]},{"@type":"ImageObject","inLanguage":"fr-FR","@id":"https:\/\/www.tamtamsn.com\/location\/produit\/projecteur-led-licialed\/#primaryimage","url":"https:\/\/www.tamtamsn.com\/location\/wp-content\/uploads\/sites\/3\/2019\/12\/43-Projecteur-a-LED-LiciaLed-avec-Tubes-Diffusant-190cm-scaled.jpg","contentUrl":"https:\/\/www.tamtamsn.com\/location\/wp-content\/uploads\/sites\/3\/2019\/12\/43-Projecteur-a-LED-LiciaLed-avec-Tubes-Diffusant-190cm-scaled.jpg","width":2848,"height":4288,"caption":"Location Projecteur \u00e0 LED LiciaLed avec Tubes Diffusant 166cm"},{"@type":"BreadcrumbList","@id":"https:\/\/www.tamtamsn.com\/location\/produit\/projecteur-led-licialed\/#breadcrumb","itemListElement":[{"@type":"ListItem","position":1,"name":"Catalogue de Location de Mat\u00e9riel de Sonorisation, Eclairage &amp; Vid\u00e9o en Haute-Savoie","item":"https:\/\/www.tamtamsn.com\/location\/"},{"@type":"ListItem","position":2,"name":"Notre Catalogue Location en ligne","item":"https:\/\/www.tamtamsn.com\/location\/catalogue-en-ligne-location-sonorisation-eclairage-video\/"},{"@type":"ListItem","position":3,"name":"Location EventKolor","item":"https:\/\/www.tamtamsn.com\/location\/etiquette-produit\/location-eventkolor\/"},{"@type":"ListItem","position":4,"name":"Projecteur \u00e0 LED 21W LiciaLed avec Tubes Diffusant"}]},{"@type":"WebSite","@id":"https:\/\/www.tamtamsn.com\/location\/#website","url":"https:\/\/www.tamtamsn.com\/location\/","name":"TAMTAM Annemasse - Espace Location","description":"Location de mat\u00e9riel de Sonorisation, Eclairage et Vid\u00e9o \u00e0 Annemasse, Haute-Savoie et sur le Bassin Genevois","publisher":{"@id":"https:\/\/www.tamtamsn.com\/location\/#organization"},"potentialAction":[{"@type":"SearchAction","target":{"@type":"EntryPoint","urlTemplate":"https:\/\/www.tamtamsn.com\/location\/?s={search_term_string}"},"query-input":{"@type":"PropertyValueSpecification","valueRequired":true,"valueName":"search_term_string"}}],"inLanguage":"fr-FR"},{"@type":"Organization","@id":"https:\/\/www.tamtamsn.com\/location\/#organization","name":"TAMTAM","url":"https:\/\/www.tamtamsn.com\/location\/","logo":{"@type":"ImageObject","inLanguage":"fr-FR","@id":"https:\/\/www.tamtamsn.com\/location\/#\/schema\/logo\/image\/","url":"","contentUrl":"","caption":"TAMTAM"},"image":{"@id":"https:\/\/www.tamtamsn.com\/location\/#\/schema\/logo\/image\/"},"sameAs":["https:\/\/www.facebook.com\/tamtam74100"]}]}},"jetpack_sharing_enabled":true,"_links":{"self":[{"href":"https:\/\/www.tamtamsn.com\/location\/wp-json\/wp\/v2\/product\/2311","targetHints":{"allow":["GET"]}}],"collection":[{"href":"https:\/\/www.tamtamsn.com\/location\/wp-json\/wp\/v2\/product"}],"about":[{"href":"https:\/\/www.tamtamsn.com\/location\/wp-json\/wp\/v2\/types\/product"}],"wp:featuredmedia":[{"embeddable":true,"href":"https:\/\/www.tamtamsn.com\/location\/wp-json\/wp\/v2\/media\/2313"}],"wp:attachment":[{"href":"https:\/\/www.tamtamsn.com\/location\/wp-json\/wp\/v2\/media?parent=2311"}],"wp:term":[{"taxonomy":"product_brand","embeddable":true,"href":"https:\/\/www.tamtamsn.com\/location\/wp-json\/wp\/v2\/product_brand?post=2311"},{"taxonomy":"product_cat","embeddable":true,"href":"https:\/\/www.tamtamsn.com\/location\/wp-json\/wp\/v2\/product_cat?post=2311"},{"taxonomy":"product_tag","embeddable":true,"href":"https:\/\/www.tamtamsn.com\/location\/wp-json\/wp\/v2\/product_tag?post=2311"}],"curies":[{"name":"wp","href":"https:\/\/api.w.org\/{rel}","templated":true}]}}